{"id":92,"date":"2020-04-01T14:11:01","date_gmt":"2020-04-01T14:11:01","guid":{"rendered":"https:\/\/apefadal.es\/?page_id=92"},"modified":"2023-02-08T10:25:46","modified_gmt":"2023-02-08T10:25:46","slug":"02-xxxiii-encuentros","status":"publish","type":"page","link":"https:\/\/apefadal.es\/index.php\/02-xxxiii-encuentros\/","title":{"rendered":"02-XXIII Encuentros"},"content":{"rendered":"\n<h1 class=\"has-text-align-center wp-block-heading\"><strong>\u00abEDUCAR EN LA EQUIDAD ES PREVENIR LA VIOLENCIA DE G\u00c9NERO\u201d<\/strong> <\/h1>\n\n\n\n<h1 class=\"has-text-align-center wp-block-heading\">\u00abXXIII ENCUENTROS L\u00daDICO DEPORTIVOS POR LA IGUALDAD Y LA INTERCULTURALIDAD DE LA COMUNIDAD DE MADRID\u00bb<\/h1>\n\n\n\n<figure class=\"wp-block-gallery aligncenter has-nested-images columns-default is-cropped wp-block-gallery-1 is-layout-flex wp-block-gallery-is-layout-flex\">\n<figure class=\"wp-block-image size-large\"><img loading=\"lazy\" decoding=\"async\" width=\"1024\" height=\"271\" data-id=\"93\" src=\"https:\/\/apefadal.es\/wp-content\/uploads\/2020\/04\/P1000231recortada-1024x271.jpg\" alt=\"\" class=\"wp-image-93\" srcset=\"https:\/\/apefadal.es\/wp-content\/uploads\/2020\/04\/P1000231recortada-1024x271.jpg 1024w, https:\/\/apefadal.es\/wp-content\/uploads\/2020\/04\/P1000231recortada-300x79.jpg 300w, https:\/\/apefadal.es\/wp-content\/uploads\/2020\/04\/P1000231recortada-768x203.jpg 768w, https:\/\/apefadal.es\/wp-content\/uploads\/2020\/04\/P1000231recortada.jpg 1085w\" sizes=\"auto, (max-width: 1024px) 100vw, 1024px\" \/><\/figure>\n<\/figure>\n\n\n\n<div class=\"wp-block-group has-very-dark-gray-color has-pale-cyan-blue-background-color has-text-color has-background\"><div class=\"wp-block-group__inner-container is-layout-flow wp-block-group-is-layout-flow\">\n<div class=\"wp-block-group\"><div class=\"wp-block-group__inner-container is-layout-flow wp-block-group-is-layout-flow\">\n<p class=\"has-text-align-center has-medium-font-size\"><strong>HORAS \/ CR\u00c9DITOS: <\/strong>20H \/ 2 CR\u00c9DITOS<\/p>\n\n\n\n<p class=\"has-text-align-center has-medium-font-size\"><strong>MODALIDAD: <\/strong>PRESENCIAL &#8211; V\u00c1LIDO PARA SEXENIOS<\/p>\n\n\n\n<p class=\"has-text-align-center has-medium-font-size\"><strong>FECHA COMIENZO ACTIVIDAD:<\/strong> 19\/03\/2020<\/p>\n\n\n\n<p class=\"has-text-align-center has-medium-font-size\"><strong>FECHA FIN ACTIVIDAD:<\/strong> 22\/05\/2020<\/p>\n\n\n\n<p class=\"has-text-align-center has-medium-font-size\"><strong>PRECIO:<\/strong> Actividad Subvencionada<\/p>\n<\/div><\/div>\n<\/div><\/div>\n\n\n\n<p class=\"has-text-align-center has-luminous-vivid-orange-color has-text-color has-background has-medium-font-size\" style=\"background-color:#14205c\">FORMULARIO DE INSCRIPCI\u00d3N<\/p>\n\n\n\n<p class=\"has-text-align-center has-medium-font-size\"><strong>OBJETIVOS:<\/strong><\/p>\n\n\n\n<div class=\"wp-block-group has-very-dark-gray-color has-pale-cyan-blue-background-color has-text-color has-background\"><div class=\"wp-block-group__inner-container is-layout-flow wp-block-group-is-layout-flow\">\n<div class=\"wp-block-group\"><div class=\"wp-block-group__inner-container is-layout-flow wp-block-group-is-layout-flow\">\n<figure class=\"wp-block-table\"><table><tbody><tr><td>&#8211; Ampliar la formaci\u00f3n b\u00e1sica del profesorado en el \u00e1rea de Educaci\u00f3n F\u00edsica.<br>&#8211; Conocer y analizar la aplicaci\u00f3n y utilidad de la Gu\u00eda para \u00abUna Educaci\u00f3n F\u00edsica no Sexista\u00bb.<br>&#8211; Conocer nuevos instrumentos para trabajar la Coeducaci\u00f3n, la atenci\u00f3n a la diversidad y la interculturalidad en el \u00e1rea de Educaci\u00f3n F\u00edsica.<br>&#8211; Dar unos conocimientos b\u00e1sicos de actividades l\u00fadicas-recreativas y deportes alternativos, para su aplicaci\u00f3n did\u00e1ctica en el \u00e1rea de Educaci\u00f3n F\u00edsica.<br>&#8211; Promover en el alumnado una actitud de tolerancia y la convicci\u00f3n del enriquecimiento que supone para nuestra cultura, el hecho de convivir con personas de otros lugares y culturas.<br> &#8211; Conocer juegos y pr\u00e1cticas deportivas alternativas que faciliten la ausencia y superaci\u00f3n de ideas sexistas preconcebidas.      &nbsp;   <\/td><\/tr><\/tbody><\/table><\/figure>\n<\/div><\/div>\n<\/div><\/div>\n\n\n\n<p class=\"has-text-align-center has-medium-font-size\"><strong>CONTENIDOS:<\/strong><\/p>\n\n\n\n<div class=\"wp-block-group has-very-dark-gray-color has-pale-cyan-blue-background-color has-text-color has-background\"><div class=\"wp-block-group__inner-container is-layout-flow wp-block-group-is-layout-flow\">\n<figure class=\"wp-block-table\"><table><tbody><tr><td>&#8211; Coeducaci\u00f3n&nbsp; y Educaci\u00f3n F\u00edsica en la LOMCE.<br>Igualdad de Oportunidades entre Hombres y Mujeres.<br>&#8211; Detecci\u00f3n, prevenci\u00f3n y resoluci\u00f3n pac\u00edfica de situaciones conflictivas entre ambos g\u00e9neros.<br>&#8211; Sistema SEXO-G\u00c9NERO. Estereotipos y Educaci\u00f3n.<br>&#8211; Nueva visi\u00f3n de los Deportes tradicionales, NO estereotipados.<br>&#8211; Juegos y Deportes Alternativos.             &nbsp;   <\/td><\/tr><\/tbody><\/table><\/figure>\n<\/div><\/div>\n\n\n\n<p class=\"has-text-align-center has-medium-font-size\"><strong>METODOLOG\u00cdA:<\/strong><\/p>\n\n\n\n<div class=\"wp-block-group has-very-dark-gray-color has-pale-cyan-blue-background-color has-text-color has-background\"><div class=\"wp-block-group__inner-container is-layout-flow wp-block-group-is-layout-flow\">\n<figure class=\"wp-block-table\"><table><tbody><tr><td> Activa,   participativa y colaborativa.        <\/td><\/tr><\/tbody><\/table><\/figure>\n<\/div><\/div>\n\n\n\n<p class=\"has-text-align-center has-medium-font-size\"><strong>PONENTES:<\/strong><\/p>\n\n\n\n<div class=\"wp-block-group has-very-dark-gray-color has-pale-cyan-blue-background-color has-text-color has-background\"><div class=\"wp-block-group__inner-container is-layout-flow wp-block-group-is-layout-flow\">\n<figure class=\"wp-block-table\"><table><tbody><tr><td><strong>Mario Mart\u00ednez Colmenarejo <\/strong><br>Licenciado en Interpretaci\u00f3n en el Teatro del Gesto por la RESAD, Maestro de Educaci\u00f3n F\u00edsica, Core\u00f3grafo de los Encuentros de Coeducaci\u00f3n F\u00edsica de la Comunidad de Madrid, ponente en diversos cursos de malabares, actividades r\u00edtmicas y l\u00fadicas. <\/td><\/tr><\/tbody><\/table><\/figure>\n<\/div><\/div>\n\n\n\n<p class=\"has-text-align-center has-luminous-vivid-orange-color has-text-color has-background has-medium-font-size\" style=\"background-color:#14205c\">FORMULARIO DE INSCRIPCI\u00d3N<\/p>\n","protected":false},"excerpt":{"rendered":"<p>\u00abEDUCAR EN LA EQUIDAD ES PREVENIR LA VIOLENCIA DE G\u00c9NERO\u201d \u00abXXIII ENCUENTROS L\u00daDICO DEPORTIVOS POR LA IGUALDAD Y LA INTERCULTURALIDAD DE LA COMUNIDAD DE MADRID\u00bb HORAS \/ CR\u00c9DITOS: 20H \/ 2 CR\u00c9DITOS MODALIDAD: PRESENCIAL &#8211; V\u00c1LIDO PARA SEXENIOS FECHA COMIENZO ACTIVIDAD: 19\/03\/2020 FECHA FIN ACTIVIDAD: 22\/05\/2020 PRECIO: Actividad Subvencionada FORMULARIO DE INSCRIPCI\u00d3N OBJETIVOS: &#8211; Ampliar&hellip;<\/p>\n","protected":false},"author":1,"featured_media":0,"parent":0,"menu_order":0,"comment_status":"closed","ping_status":"closed","template":"","meta":{"footnotes":""},"class_list":["post-92","page","type-page","status-publish","hentry"],"_links":{"self":[{"href":"https:\/\/apefadal.es\/index.php\/wp-json\/wp\/v2\/pages\/92","targetHints":{"allow":["GET"]}}],"collection":[{"href":"https:\/\/apefadal.es\/index.php\/wp-json\/wp\/v2\/pages"}],"about":[{"href":"https:\/\/apefadal.es\/index.php\/wp-json\/wp\/v2\/types\/page"}],"author":[{"embeddable":true,"href":"https:\/\/apefadal.es\/index.php\/wp-json\/wp\/v2\/users\/1"}],"replies":[{"embeddable":true,"href":"https:\/\/apefadal.es\/index.php\/wp-json\/wp\/v2\/comments?post=92"}],"version-history":[{"count":11,"href":"https:\/\/apefadal.es\/index.php\/wp-json\/wp\/v2\/pages\/92\/revisions"}],"predecessor-version":[{"id":3937,"href":"https:\/\/apefadal.es\/index.php\/wp-json\/wp\/v2\/pages\/92\/revisions\/3937"}],"wp:attachment":[{"href":"https:\/\/apefadal.es\/index.php\/wp-json\/wp\/v2\/media?parent=92"}],"curies":[{"name":"wp","href":"https:\/\/api.w.org\/{rel}","templated":true}]}}