{"id":8241,"date":"2026-02-19T10:51:50","date_gmt":"2026-02-19T10:51:50","guid":{"rendered":"https:\/\/apefadal.es\/?page_id=8241"},"modified":"2026-02-19T10:51:51","modified_gmt":"2026-02-19T10:51:51","slug":"coaching-educativo","status":"publish","type":"page","link":"https:\/\/apefadal.es\/index.php\/coaching-educativo\/","title":{"rendered":"COACHING EDUCATIVO"},"content":{"rendered":"\n<div id=\"section-g-614ooh1\" class=\"wp-block-gutentor-e1 section-g-614ooh1 gutentor-element gutentor-element-advanced-text text-align-center-desktop text-align-center-mobile\"><div class=\"gutentor-text-wrap\"><p class=\"gutentor-text\"><strong><strong><a>COACHING EDUCATIVO: LIDERAZGO Y GESTI\u00d3N DE LA EMERGENCIA EMOCIONAL.<\/a><\/strong><\/strong><\/p><\/div><\/div>\n\n\n\n<section id=\"g-r1zlos1\" class=\"wp-block-gutentor-m5 section-g-r1zlos1 gutentor-module gutentor-module-slider gutentor-slick-a-default-desktop gutentor-module-caption-enabled\"><div class=\"gutentor-module-slider-row\" data-dots=\"false\" data-dotstablet=\"false\" data-dotsmobile=\"false\" data-nextarrow=\"fas fa-angle-right\" data-prevarrow=\"fas fa-angle-left\" data-arrows=\"true\" data-arrowstablet=\"true\" data-arrowsmobile=\"true\" data-fade=\"false\" data-draggable=\"true\" data-infinite=\"true\" data-autoplay=\"true\" data-pauseonfocus=\"true\" data-pauseonhover=\"false\" data-speed=\"300\" data-autoplayspeed=\"10000\" data-arrowspositiondesktop=\"gutentor-slick-a-default-desktop\">\n<div id=\"col-g-jall5ll\" class=\"wp-block-gutentor-m5-col col-g-jall5ll gutentor-slider-item\"><div id=\"section-g-jall5ll\" class=\"section-g-jall5ll gutentor-col-wrap has-image-normal has-custom-bg\"><img decoding=\"async\" src=\"https:\/\/apefadal.es\/wp-content\/uploads\/2026\/02\/libro-2026-scaled.jpg\" alt=\"\" \/><div class=\"gutentor-slider-caption\"><div class=\"grid-container\">\n<div id=\"section-g-iplp51u\" class=\"wp-block-gutentor-e1 section-g-iplp51u gutentor-element gutentor-element-advanced-text\"><div class=\"gutentor-text-wrap\"><p class=\"gutentor-text\">Juntos, Redefiniendo la EF<\/p><\/div><\/div>\n\n\n\n<div id=\"section-g-mw5kl01\" class=\"wp-block-gutentor-e1 section-g-mw5kl01 gutentor-element gutentor-element-advanced-text\"><div class=\"gutentor-text-wrap\"><p class=\"gutentor-text\">\u00danete nosotras para explorar nuevas estrategias pedag\u00f3gicas y aplicaciones de los deportes alternativos.<\/p><\/div><\/div>\n\n\n\n<div id=\"section-g-1us11l5\" class=\"wp-block-gutentor-e2 section-g-1us11l5 gutentor-element gutentor-element-button\"><span class=\"gutentor-button-wrap\"><a class=\"gutentor-button gutentor-block-button gutentor-icon-hide\" href=\"https:\/\/forms.gle\/XKd7FDAam12yMCtZ9\" target=\"_blank\" rel=\" noopener noreferrer\"><i class=\"gutentor-button-icon fas fa-book\"><\/i><span><strong>\u00a1Quiero inscribirme! <\/strong><\/span><\/a><\/span><\/div>\n<\/div><\/div><\/div><\/div>\n\n\n\n<div id=\"col-g-pglv1om\" class=\"wp-block-gutentor-m5-col col-g-pglv1om gutentor-slider-item\"><div id=\"section-g-pglv1om\" class=\"section-g-pglv1om gutentor-col-wrap has-image-normal has-custom-bg\"><img decoding=\"async\" src=\"https:\/\/apefadal.es\/wp-content\/uploads\/2026\/02\/Cerebro-2026-scaled.jpg\" alt=\"\" \/><div class=\"gutentor-slider-caption\"><div class=\"grid-container\">\n<div id=\"section-g-f9f1sca\" class=\"wp-block-gutentor-e1 section-g-f9f1sca gutentor-element gutentor-element-advanced-text\"><div class=\"gutentor-text-wrap\"><p class=\"gutentor-text\">Tu Juego. Tu Regla. Tu Impacto.<\/p><\/div><\/div>\n\n\n\n<div id=\"section-g-t437dxp\" class=\"wp-block-gutentor-e1 section-g-t437dxp gutentor-element gutentor-element-advanced-text\"><div class=\"gutentor-text-wrap\"><p class=\"gutentor-text\">Experimenta las din\u00e1micas que construir\u00e1n el futuro de la Educaci\u00f3n F\u00edsica. Tu creatividad impulsa el cambio.<\/p><\/div><\/div>\n\n\n\n<div id=\"section-g-vjovw8o\" class=\"wp-block-gutentor-e2 section-g-vjovw8o gutentor-element gutentor-element-button button-align-left-desktop\"><span class=\"gutentor-button-wrap\"><a class=\"gutentor-button gutentor-block-button gutentor-icon-hide\" href=\"https:\/\/forms.gle\/XKd7FDAam12yMCtZ9\" target=\"_blank\" rel=\" noopener noreferrer\"><i class=\"gutentor-button-icon fas fa-book\"><\/i><span><strong>\u00a1<strong>Quiero inscribirme! <\/strong><\/strong><\/span><\/a><\/span><\/div>\n<\/div><\/div><\/div><\/div>\n\n\n\n<div id=\"col-g-zq637y7\" class=\"wp-block-gutentor-m5-col col-g-zq637y7 gutentor-slider-item\"><div id=\"section-g-zq637y7\" class=\"section-g-zq637y7 gutentor-col-wrap has-image-normal has-custom-bg\"><img decoding=\"async\" src=\"https:\/\/apefadal.es\/wp-content\/uploads\/2026\/02\/Diagrama-2026-scaled.jpg\" alt=\"\" \/><div class=\"gutentor-slider-caption\"><div class=\"grid-container\">\n<div id=\"section-g-svsvmmx\" class=\"wp-block-gutentor-e1 section-g-svsvmmx gutentor-element gutentor-element-advanced-text\"><div class=\"gutentor-text-wrap\"><p class=\"gutentor-text\"><strong>El Eco de Nuestra Pasi\u00f3n<\/strong><\/p><\/div><\/div>\n\n\n\n<div id=\"section-g-xd1p8h1\" class=\"wp-block-gutentor-e1 section-g-xd1p8h1 gutentor-element gutentor-element-advanced-text\"><div class=\"gutentor-text-wrap\"><p class=\"gutentor-text\">El impacto de nuestras metodolog\u00edas resuena en cada paso y cada movimiento. Lleva la energ\u00eda del juego a tu centro.<\/p><\/div><\/div>\n\n\n\n<div id=\"section-g-q8lh7l1\" class=\"wp-block-gutentor-e2 section-g-q8lh7l1 gutentor-element gutentor-element-button\"><span class=\"gutentor-button-wrap\"><a class=\"gutentor-button gutentor-block-button gutentor-icon-hide\" href=\"https:\/\/forms.gle\/XKd7FDAam12yMCtZ9\" target=\"_blank\" rel=\" noopener noreferrer\"><i class=\"gutentor-button-icon fas fa-book\"><\/i><span><strong>\u00a1<strong>Quiero inscribirme! <\/strong><\/strong><\/span><\/a><\/span><\/div>\n<\/div><\/div><\/div><\/div>\n<\/div><\/section>\n\n\n\n<section id=\"g-7d77677\" class=\"section-g-7d77677 gutentor-module gutentor-module-accordion has-gutentor-overlay\"><div class=\"grid-container\">\n<div id=\"g-stk2pdk\" class=\"wp-block-gutentor-m6-item section-g-stk2pdk gutentor-module gutentor-module-accordion-item\"><div class=\"gutentor-module-accordion-panel g-a-panel-g-7d77677\"><div class=\"gm-ah-g-7d77677 gutentor-module-accordion-item-heading gutentor-module-icon-position-right\"><span class=\"gutentor-module-accordion-panel-handler\" role=\"button\"><span class=\"gutentor-module-accordion-panel-handler-label\">DATOS GENERALES<\/span><span class=\"gutentor-module-accordion-icon\"><i class=\"gm-aio-g-7d77677 gutentor-module-accordion-icon-open fas fa-plus\"><\/i><i class=\"gm-aic-g-7d77677 gutentor-module-accordion-icon-close fas fa-minus\"><\/i><\/span><\/span><\/div><div class=\"gm-ab-g-7d77677 gutentor-module-accordion-body\">\n<div id=\"section-g-75lly1b\" class=\"wp-block-gutentor-e0 section-g-75lly1b gutentor-element gutentor-element-advanced-text\"><div class=\"gutentor-text-wrap\"><p class=\"gutentor-text\"><strong>HORAS \/ CR\u00c9DITOS:&nbsp;<\/strong>10H \/ 1 CR\u00c9DITOS<br><strong>MODALIDAD:&nbsp;<\/strong>PRESENCIAL- V\u00c1LIDO PARA SEXENIOS<br><strong>FECHA COMIENZO ACTIVIDAD:<\/strong>&nbsp;23\/05\/2026<br><strong>FECHA FIN ACTIVIDAD:<\/strong>&nbsp;23\/05\/2026<br><strong>HORARIO DE LA ACTIVIDAD:<\/strong> De 10 a 14h y de 15:30 a 19:30h<br><strong>LUGAR DE REALIZACI\u00d3N:<\/strong>&nbsp;CEIP El Greco &#8211; Madrid<br><strong>PRECIO:<\/strong>&nbsp;Personas asociadas 15,05 \u20acuros, Nuevas socias* 20,05 \u20acuros y no asociadas 40,05 \u20acuros.&nbsp;<\/p><\/div><\/div>\n<\/div><\/div><\/div>\n\n\n\n<div id=\"g-pk621p0\" class=\"wp-block-gutentor-m6-item section-g-pk621p0 gutentor-module gutentor-module-accordion-item\"><div class=\"gutentor-module-accordion-panel g-a-panel-g-7d77677\"><div class=\"gm-ah-g-7d77677 gutentor-module-accordion-item-heading gutentor-module-icon-position-right\"><span class=\"gutentor-module-accordion-panel-handler\" role=\"button\"><span class=\"gutentor-module-accordion-panel-handler-label\">INSCRIPCI\u00d3N Y DISPONIBILIDAD DE PLAZAS<\/span><span class=\"gutentor-module-accordion-icon\"><i class=\"gm-aio-g-7d77677 gutentor-module-accordion-icon-open fas fa-plus\"><\/i><i class=\"gm-aic-g-7d77677 gutentor-module-accordion-icon-close fas fa-minus\"><\/i><\/span><\/span><\/div><div class=\"gm-ab-g-7d77677 gutentor-module-accordion-body\">\n<div id=\"section-g-c1l175u\" class=\"wp-block-gutentor-e0 section-g-c1l175u gutentor-element gutentor-element-advanced-text\"><div class=\"gutentor-text-wrap\"><p class=\"gutentor-text\">Puedes inscribirte a trav\u00e9s del enlace: <a href=\"https:\/\/forms.gle\/XKd7FDAam12yMCtZ9\">https:\/\/forms.gle\/XKd7FDAam12yMCtZ9<\/a><br><br><\/p><\/div><\/div>\n\n\n\n<div id=\"section-g-dsjd1bj\" class=\"wp-block-gutentor-e2 section-g-dsjd1bj gutentor-element gutentor-element-button button-align-center-desktop button-align-center-tablet button-align-center-mobile\"><span class=\"gutentor-button-wrap\"><a class=\"gutentor-button gutentor-block-button gutentor-icon-hide\" href=\"https:\/\/forms.gle\/XKd7FDAam12yMCtZ9\" target=\"_blank\" rel=\" noopener noreferrer\"><i class=\"gutentor-button-icon fas fa-book\"><\/i><span><strong>Formulario de Inscripci\u00f3n<\/strong><\/span><\/a><\/span><\/div>\n\n\n\n<div id=\"section-g-btyna22\" class=\"wp-block-gutentor-e9 section-g-btyna22 gutentor-element gutentor-element-progressbar\"><div class=\"gutentor-element-progressbar-box\"><div class=\"gutentor-element-progressbar-horizontal-wrap\"><span class=\"gutentor-element-progressbar-horizontal default\" data-width=\"100\"><span class=\"gutentor-element-progressbar-text\"><span>Plazas LIBRES 30\/30<\/span><span>100%<\/span><\/span><\/span><\/div><\/div><\/div>\n<\/div><\/div><\/div>\n\n\n\n<div id=\"g-0rre1rd\" class=\"wp-block-gutentor-m6-item section-g-0rre1rd gutentor-module gutentor-module-accordion-item\"><div class=\"gutentor-module-accordion-panel g-a-panel-g-7d77677\"><div class=\"gm-ah-g-7d77677 gutentor-module-accordion-item-heading gutentor-module-icon-position-right\"><span class=\"gutentor-module-accordion-panel-handler\" role=\"button\"><span class=\"gutentor-module-accordion-panel-handler-label\">JUSTIFICACI\u00d3N Y L\u00cdNEAS PRIORITARIAS<\/span><span class=\"gutentor-module-accordion-icon\"><i class=\"gm-aio-g-7d77677 gutentor-module-accordion-icon-open fas fa-plus\"><\/i><i class=\"gm-aic-g-7d77677 gutentor-module-accordion-icon-close fas fa-minus\"><\/i><\/span><\/span><\/div><div class=\"gm-ab-g-7d77677 gutentor-module-accordion-body\">\n<div id=\"section-g-n696kxl\" class=\"wp-block-gutentor-e0 section-g-n696kxl gutentor-element gutentor-element-advanced-text\"><div class=\"gutentor-text-wrap\"><p class=\"gutentor-text\">Este curso se justifica como una respuesta a la necesidad de gestionar la complejidad de las relaciones humanas en el aula. El coaching educativo se presenta no como una receta, sino como una estrategia de actualizaci\u00f3n metodol\u00f3gica para intervenir en el \u00ab\u00c1rea de Vida Emocional Activa\u00bb.<br><br>Mejora de la convivencia: El curso ofrece herramientas para que el docente act\u00fae como facilitador de procesos, identificando las fluctuaciones emocionales del grupo y transform\u00e1ndolas en oportunidades de liderazgo compartido. Al empoderar al docente en habilidades comunicativas, se genera un sistema-clase m\u00e1s resiliente y menos propenso al conflicto.<br>&nbsp;<\/p><\/div><\/div>\n<\/div><\/div><\/div>\n\n\n\n<div id=\"g-27ujjba\" class=\"wp-block-gutentor-m6-item section-g-27ujjba gutentor-module gutentor-module-accordion-item\"><div class=\"gutentor-module-accordion-panel g-a-panel-g-7d77677\"><div class=\"gm-ah-g-7d77677 gutentor-module-accordion-item-heading gutentor-module-icon-position-right\"><span class=\"gutentor-module-accordion-panel-handler\" role=\"button\"><span class=\"gutentor-module-accordion-panel-handler-label\">OBJETIVOS DEL CURSO<\/span><span class=\"gutentor-module-accordion-icon\"><i class=\"gm-aio-g-7d77677 gutentor-module-accordion-icon-open fas fa-plus\"><\/i><i class=\"gm-aic-g-7d77677 gutentor-module-accordion-icon-close fas fa-minus\"><\/i><\/span><\/span><\/div><div class=\"gm-ab-g-7d77677 gutentor-module-accordion-body\">\n<div id=\"section-g-c8leer7\" class=\"wp-block-gutentor-e0 section-g-c8leer7 gutentor-element gutentor-element-advanced-text\"><div class=\"gutentor-text-wrap\"><p class=\"gutentor-text\">Comprender el coaching educativo: Introducir el concepto de coaching educativo y su relevancia en Educaci\u00f3n Infantil, Primaria y Secundaria.<br><br>Desarrollar habilidades pr\u00e1cticas: Equipar a los docentes con herramientas de coaching para fomentar las habilidades sociales y comunicativas.<br><br>Incorporar innovaci\u00f3n metodol\u00f3gica: Ense\u00f1ar estrategias y t\u00e9cnicas de vanguardia relacionadas con el coaching educativo.<br><br>Mejorar el liderazgo docente: Desarrollar habilidades para un liderazgo educativo eficaz a trav\u00e9s del coaching.<br><br>Promover la reflexi\u00f3n-acci\u00f3n: Ayudar a los docentes a evaluar y adaptar sus pr\u00e1cticas docentes a trav\u00e9s de din\u00e1micas de evaluaci\u00f3n innovadoras.<br><br>Conocer el \u00c1rea de Vida Emocional Activa: Implementar un nuevo enfoque curricular a trav\u00e9s del \u00e1rea de Educaci\u00f3n F\u00edsica.<\/p><\/div><\/div>\n<\/div><\/div><\/div>\n\n\n\n<div id=\"g-6ni1nca\" class=\"wp-block-gutentor-m6-item section-g-6ni1nca gutentor-module gutentor-module-accordion-item\"><div class=\"gutentor-module-accordion-panel g-a-panel-g-7d77677\"><div class=\"gm-ah-g-7d77677 gutentor-module-accordion-item-heading gutentor-module-icon-position-right\"><span class=\"gutentor-module-accordion-panel-handler\" role=\"button\"><span class=\"gutentor-module-accordion-panel-handler-label\">CONTENIDOS DEL CURSO<\/span><span class=\"gutentor-module-accordion-icon\"><i class=\"gm-aio-g-7d77677 gutentor-module-accordion-icon-open fas fa-plus\"><\/i><i class=\"gm-aic-g-7d77677 gutentor-module-accordion-icon-close fas fa-minus\"><\/i><\/span><\/span><\/div><div class=\"gm-ab-g-7d77677 gutentor-module-accordion-body\">\n<div id=\"section-g-8io30xv\" class=\"wp-block-gutentor-e0 section-g-8io30xv gutentor-element gutentor-element-advanced-text\"><div class=\"gutentor-text-wrap\"><p class=\"gutentor-text\">1: Fundamentos del coaching educativo <br>2: Liderazgo a trav\u00e9s del coaching educativo <br>3: Din\u00e1micas de evaluaci\u00f3n <br>4: Enfoque curricular: \u00c1rea de Vida Emocional Activa<br>&nbsp;<\/p><\/div><\/div>\n<\/div><\/div><\/div>\n\n\n\n<div id=\"g-bd112fk\" class=\"wp-block-gutentor-m6-item section-g-bd112fk gutentor-module gutentor-module-accordion-item\"><div class=\"gutentor-module-accordion-panel g-a-panel-g-7d77677\"><div class=\"gm-ah-g-7d77677 gutentor-module-accordion-item-heading gutentor-module-icon-position-right\"><span class=\"gutentor-module-accordion-panel-handler\" role=\"button\"><span class=\"gutentor-module-accordion-panel-handler-label\">METODOLOG\u00cdA<\/span><span class=\"gutentor-module-accordion-icon\"><i class=\"gm-aio-g-7d77677 gutentor-module-accordion-icon-open fas fa-plus\"><\/i><i class=\"gm-aic-g-7d77677 gutentor-module-accordion-icon-close fas fa-minus\"><\/i><\/span><\/span><\/div><div class=\"gm-ab-g-7d77677 gutentor-module-accordion-body\">\n<div id=\"section-g-y7s9272\" class=\"wp-block-gutentor-e0 section-g-y7s9272 gutentor-element gutentor-element-advanced-text\"><div class=\"gutentor-text-wrap\"><p class=\"gutentor-text\">Aprendizaje experiencial: actividades pr\u00e1cticas que sumergen a los participantes en aplicaciones de la vida real del coaching.<br><br>Trabajo colaborativo: tareas grupales y aprendizaje en peque\u00f1os grupos para fomentar conexiones profesionales.<br><br>Pr\u00e1ctica reflexiva: Reflexi\u00f3n guiada para vincular experiencias con el coaching educativo.<br><br>Ludificaci\u00f3n: uso de din\u00e1micas l\u00fadicas y atractivas para garantizar la participaci\u00f3n activa.<br>&nbsp;<\/p><\/div><\/div>\n<\/div><\/div><\/div>\n\n\n\n<div id=\"g-pf1pfd3\" class=\"wp-block-gutentor-m6-item section-g-pf1pfd3 gutentor-module gutentor-module-accordion-item\"><div class=\"gutentor-module-accordion-panel g-a-panel-g-7d77677\"><div class=\"gm-ah-g-7d77677 gutentor-module-accordion-item-heading gutentor-module-icon-position-right\"><span class=\"gutentor-module-accordion-panel-handler\" role=\"button\"><span class=\"gutentor-module-accordion-panel-handler-label\">PONENTES<\/span><span class=\"gutentor-module-accordion-icon\"><i class=\"gm-aio-g-7d77677 gutentor-module-accordion-icon-open fas fa-plus\"><\/i><i class=\"gm-aic-g-7d77677 gutentor-module-accordion-icon-close fas fa-minus\"><\/i><\/span><\/span><\/div><div class=\"gm-ab-g-7d77677 gutentor-module-accordion-body\">\n<div id=\"section-g-qji1ltx\" class=\"wp-block-gutentor-e0 section-g-qji1ltx gutentor-element gutentor-element-advanced-text\"><div class=\"gutentor-text-wrap\"><p class=\"gutentor-text\"><strong>Jos\u00e9 \u00c1ngel Lara Peinado. <\/strong><br>Coach profesional especializado en Educaci\u00f3n, maestro de Educaci\u00f3n F\u00edsica y Educaci\u00f3n Primaria.<br><br><strong>Roberto L\u00f3pez Est\u00e9vez<br><\/strong>Coach profesional especializado en Educaci\u00f3n, maestro de Educaci\u00f3n F\u00edsica y Educaci\u00f3n Primaria.<br><\/p><\/div><\/div>\n<\/div><\/div><\/div>\n<\/div><\/section>\n\n\n\n<p><\/p>\n","protected":false},"excerpt":{"rendered":"","protected":false},"author":1,"featured_media":0,"parent":0,"menu_order":0,"comment_status":"closed","ping_status":"closed","template":"template-gutentor-full-width.php","meta":{"footnotes":""},"class_list":["post-8241","page","type-page","status-publish","hentry"],"_links":{"self":[{"href":"https:\/\/apefadal.es\/index.php\/wp-json\/wp\/v2\/pages\/8241","targetHints":{"allow":["GET"]}}],"collection":[{"href":"https:\/\/apefadal.es\/index.php\/wp-json\/wp\/v2\/pages"}],"about":[{"href":"https:\/\/apefadal.es\/index.php\/wp-json\/wp\/v2\/types\/page"}],"author":[{"embeddable":true,"href":"https:\/\/apefadal.es\/index.php\/wp-json\/wp\/v2\/users\/1"}],"replies":[{"embeddable":true,"href":"https:\/\/apefadal.es\/index.php\/wp-json\/wp\/v2\/comments?post=8241"}],"version-history":[{"count":1,"href":"https:\/\/apefadal.es\/index.php\/wp-json\/wp\/v2\/pages\/8241\/revisions"}],"predecessor-version":[{"id":8242,"href":"https:\/\/apefadal.es\/index.php\/wp-json\/wp\/v2\/pages\/8241\/revisions\/8242"}],"wp:attachment":[{"href":"https:\/\/apefadal.es\/index.php\/wp-json\/wp\/v2\/media?parent=8241"}],"curies":[{"name":"wp","href":"https:\/\/api.w.org\/{rel}","templated":true}]}}