{"id":8230,"date":"2026-02-19T10:05:11","date_gmt":"2026-02-19T10:05:11","guid":{"rendered":"https:\/\/apefadal.es\/?page_id=8230"},"modified":"2026-02-19T14:33:07","modified_gmt":"2026-02-19T14:33:07","slug":"vuelos-emergentes","status":"publish","type":"page","link":"https:\/\/apefadal.es\/index.php\/vuelos-emergentes\/","title":{"rendered":"Vuelos Emergentes."},"content":{"rendered":"\n<div id=\"section-g-614ooh1\" class=\"wp-block-gutentor-e1 section-g-614ooh1 gutentor-element gutentor-element-advanced-text text-align-center-desktop text-align-center-mobile\"><div class=\"gutentor-text-wrap\"><p class=\"gutentor-text\"><strong><strong>Vuelos emergentes:<\/strong><br><strong>Autoorganizaci\u00f3n y coeducaci\u00f3n con frisbee.<\/strong><\/strong><\/p><\/div><\/div>\n\n\n\n<section id=\"g-r1zlos1\" class=\"wp-block-gutentor-m5 section-g-r1zlos1 gutentor-module gutentor-module-slider gutentor-slick-a-default-desktop gutentor-module-caption-enabled\"><div class=\"gutentor-module-slider-row\" data-dots=\"false\" data-dotstablet=\"false\" data-dotsmobile=\"false\" data-nextarrow=\"fas fa-angle-right\" data-prevarrow=\"fas fa-angle-left\" data-arrows=\"true\" data-arrowstablet=\"true\" data-arrowsmobile=\"true\" data-fade=\"false\" data-draggable=\"true\" data-infinite=\"true\" data-autoplay=\"true\" data-pauseonfocus=\"true\" data-pauseonhover=\"false\" data-speed=\"300\" data-autoplayspeed=\"10000\" data-arrowspositiondesktop=\"gutentor-slick-a-default-desktop\">\n<div id=\"col-g-jall5ll\" class=\"wp-block-gutentor-m5-col col-g-jall5ll gutentor-slider-item\"><div id=\"section-g-jall5ll\" class=\"section-g-jall5ll gutentor-col-wrap has-image-normal has-custom-bg\"><img decoding=\"async\" src=\"https:\/\/apefadal.es\/wp-content\/uploads\/2026\/02\/kanjam-2026-scaled.jpg\" alt=\"\" \/><div class=\"gutentor-slider-caption\"><div class=\"grid-container\">\n<div id=\"section-g-iplp51u\" class=\"wp-block-gutentor-e1 section-g-iplp51u gutentor-element gutentor-element-advanced-text\"><div class=\"gutentor-text-wrap\"><p class=\"gutentor-text\">Juntos, Redefiniendo la EF<\/p><\/div><\/div>\n\n\n\n<div id=\"section-g-mw5kl01\" class=\"wp-block-gutentor-e1 section-g-mw5kl01 gutentor-element gutentor-element-advanced-text\"><div class=\"gutentor-text-wrap\"><p class=\"gutentor-text\">\u00danete nosotras para explorar nuevas estrategias pedag\u00f3gicas y aplicaciones de los deportes alternativos.<\/p><\/div><\/div>\n\n\n\n<div id=\"section-g-1us11l5\" class=\"wp-block-gutentor-e2 section-g-1us11l5 gutentor-element gutentor-element-button\"><span class=\"gutentor-button-wrap\"><a class=\"gutentor-button gutentor-block-button gutentor-icon-hide\" href=\"https:\/\/forms.gle\/DXcCkKd9q9BN4oHZ9\" target=\"_blank\" rel=\" noopener noreferrer\"><i class=\"gutentor-button-icon fas fa-book\"><\/i><span><strong>\u00a1Quiero inscribirme! <\/strong><\/span><\/a><\/span><\/div>\n<\/div><\/div><\/div><\/div>\n\n\n\n<div id=\"col-g-pglv1om\" class=\"wp-block-gutentor-m5-col col-g-pglv1om gutentor-slider-item\"><div id=\"section-g-pglv1om\" class=\"section-g-pglv1om gutentor-col-wrap has-image-normal has-custom-bg\"><img decoding=\"async\" src=\"https:\/\/apefadal.es\/wp-content\/uploads\/2026\/02\/discgolf-2026-scaled.jpg\" alt=\"\" \/><div class=\"gutentor-slider-caption\"><div class=\"grid-container\">\n<div id=\"section-g-f9f1sca\" class=\"wp-block-gutentor-e1 section-g-f9f1sca gutentor-element gutentor-element-advanced-text\"><div class=\"gutentor-text-wrap\"><p class=\"gutentor-text\">Tu Juego. Tu Regla. Tu Impacto.<\/p><\/div><\/div>\n\n\n\n<div id=\"section-g-t437dxp\" class=\"wp-block-gutentor-e1 section-g-t437dxp gutentor-element gutentor-element-advanced-text\"><div class=\"gutentor-text-wrap\"><p class=\"gutentor-text\">Experimenta las din\u00e1micas que construir\u00e1n el futuro de la Educaci\u00f3n F\u00edsica. Tu creatividad impulsa el cambio.<\/p><\/div><\/div>\n\n\n\n<div id=\"section-g-vjovw8o\" class=\"wp-block-gutentor-e2 section-g-vjovw8o gutentor-element gutentor-element-button button-align-left-desktop\"><span class=\"gutentor-button-wrap\"><a class=\"gutentor-button gutentor-block-button gutentor-icon-hide\" href=\"https:\/\/forms.gle\/DXcCkKd9q9BN4oHZ9\" target=\"_blank\" rel=\" noopener noreferrer\"><i class=\"gutentor-button-icon fas fa-book\"><\/i><span><strong>\u00a1<strong>Quiero inscribirme! <\/strong><\/strong><\/span><\/a><\/span><\/div>\n<\/div><\/div><\/div><\/div>\n\n\n\n<div id=\"col-g-zq637y7\" class=\"wp-block-gutentor-m5-col col-g-zq637y7 gutentor-slider-item\"><div id=\"section-g-zq637y7\" class=\"section-g-zq637y7 gutentor-col-wrap has-image-normal has-custom-bg\"><img decoding=\"async\" src=\"https:\/\/apefadal.es\/wp-content\/uploads\/2026\/02\/Frisbee-2026-scaled.jpg\" alt=\"\" \/><div class=\"gutentor-slider-caption\"><div class=\"grid-container\">\n<div id=\"section-g-svsvmmx\" class=\"wp-block-gutentor-e1 section-g-svsvmmx gutentor-element gutentor-element-advanced-text\"><div class=\"gutentor-text-wrap\"><p class=\"gutentor-text\"><strong>El Eco de Nuestra Pasi\u00f3n<\/strong><\/p><\/div><\/div>\n\n\n\n<div id=\"section-g-xd1p8h1\" class=\"wp-block-gutentor-e1 section-g-xd1p8h1 gutentor-element gutentor-element-advanced-text\"><div class=\"gutentor-text-wrap\"><p class=\"gutentor-text\">El impacto de nuestras metodolog\u00edas resuena en cada paso y cada movimiento. Lleva la energ\u00eda del juego a tu centro.<\/p><\/div><\/div>\n\n\n\n<div id=\"section-g-q8lh7l1\" class=\"wp-block-gutentor-e2 section-g-q8lh7l1 gutentor-element gutentor-element-button\"><span class=\"gutentor-button-wrap\"><a class=\"gutentor-button gutentor-block-button gutentor-icon-hide\" href=\"https:\/\/forms.gle\/DXcCkKd9q9BN4oHZ9\" target=\"_blank\" rel=\" noopener noreferrer\"><i class=\"gutentor-button-icon fas fa-book\"><\/i><span><strong>\u00a1<strong>Quiero inscribirme! <\/strong><\/strong><\/span><\/a><\/span><\/div>\n<\/div><\/div><\/div><\/div>\n<\/div><\/section>\n\n\n\n<section id=\"g-7d77677\" class=\"section-g-7d77677 gutentor-module gutentor-module-accordion has-gutentor-overlay\"><div class=\"grid-container\">\n<div id=\"g-stk2pdk\" class=\"wp-block-gutentor-m6-item section-g-stk2pdk gutentor-module gutentor-module-accordion-item\"><div class=\"gutentor-module-accordion-panel g-a-panel-g-7d77677\"><div class=\"gm-ah-g-7d77677 gutentor-module-accordion-item-heading gutentor-module-icon-position-right\"><span class=\"gutentor-module-accordion-panel-handler\" role=\"button\"><span class=\"gutentor-module-accordion-panel-handler-label\">DATOS GENERALES<\/span><span class=\"gutentor-module-accordion-icon\"><i class=\"gm-aio-g-7d77677 gutentor-module-accordion-icon-open fas fa-plus\"><\/i><i class=\"gm-aic-g-7d77677 gutentor-module-accordion-icon-close fas fa-minus\"><\/i><\/span><\/span><\/div><div class=\"gm-ab-g-7d77677 gutentor-module-accordion-body\">\n<div id=\"section-g-75lly1b\" class=\"wp-block-gutentor-e0 section-g-75lly1b gutentor-element gutentor-element-advanced-text\"><div class=\"gutentor-text-wrap\"><p class=\"gutentor-text\"><strong>HORAS \/ CR\u00c9DITOS:&nbsp;<\/strong>10H \/ 1 CR\u00c9DITOS<br><strong>MODALIDAD:&nbsp;<\/strong>PRESENCIAL- V\u00c1LIDO PARA SEXENIOS<br><strong>FECHA COMIENZO ACTIVIDAD:<\/strong>&nbsp;9\/05\/2026<br><strong>FECHA FIN ACTIVIDAD:<\/strong>&nbsp;9\/05\/2026<br><strong>HORARIO DE LA ACTIVIDAD:<\/strong> De 10 a 14h y de 15:30 a 19:30h<br><strong>LUGAR DE REALIZACI\u00d3N:<\/strong>&nbsp;Parque de Polvoranca \u2013 Alcorc\u00f3n \/ Legan\u00e9s<br><strong>PRECIO:<\/strong>&nbsp;Personas asociadas 45,04 \u20acuros, Nuevas socias* 50,04 \u20acuros y no asociadas 70,04 \u20acuros.&nbsp;<\/p><\/div><\/div>\n<\/div><\/div><\/div>\n\n\n\n<div id=\"g-pk621p0\" class=\"wp-block-gutentor-m6-item section-g-pk621p0 gutentor-module gutentor-module-accordion-item\"><div class=\"gutentor-module-accordion-panel g-a-panel-g-7d77677\"><div class=\"gm-ah-g-7d77677 gutentor-module-accordion-item-heading gutentor-module-icon-position-right\"><span class=\"gutentor-module-accordion-panel-handler\" role=\"button\"><span class=\"gutentor-module-accordion-panel-handler-label\">INSCRIPCI\u00d3N Y DISPONIBILIDAD DE PLAZAS<\/span><span class=\"gutentor-module-accordion-icon\"><i class=\"gm-aio-g-7d77677 gutentor-module-accordion-icon-open fas fa-plus\"><\/i><i class=\"gm-aic-g-7d77677 gutentor-module-accordion-icon-close fas fa-minus\"><\/i><\/span><\/span><\/div><div class=\"gm-ab-g-7d77677 gutentor-module-accordion-body\">\n<div id=\"section-g-c1l175u\" class=\"wp-block-gutentor-e0 section-g-c1l175u gutentor-element gutentor-element-advanced-text\"><div class=\"gutentor-text-wrap\"><p class=\"gutentor-text\">Puedes inscribirte a trav\u00e9s del enlace: <a href=\"https:\/\/forms.gle\/DXcCkKd9q9BN4oHZ9\">https:\/\/forms.gle\/DXcCkKd9q9BN4oHZ9<\/a><br><br><\/p><\/div><\/div>\n\n\n\n<div id=\"section-g-dsjd1bj\" class=\"wp-block-gutentor-e2 section-g-dsjd1bj gutentor-element gutentor-element-button button-align-center-desktop button-align-center-tablet button-align-center-mobile\"><span class=\"gutentor-button-wrap\"><a class=\"gutentor-button gutentor-block-button gutentor-icon-hide\" href=\"https:\/\/forms.gle\/DXcCkKd9q9BN4oHZ9\" target=\"_blank\" rel=\" noopener noreferrer\"><i class=\"gutentor-button-icon fas fa-book\"><\/i><span><strong>Formulario de Inscripci\u00f3n<\/strong><\/span><\/a><\/span><\/div>\n\n\n\n<div id=\"section-g-btyna22\" class=\"wp-block-gutentor-e9 section-g-btyna22 gutentor-element gutentor-element-progressbar\"><div class=\"gutentor-element-progressbar-box\"><div class=\"gutentor-element-progressbar-horizontal-wrap\"><span class=\"gutentor-element-progressbar-horizontal default\" data-width=\"100\"><span class=\"gutentor-element-progressbar-text\"><span>Plazas LIBRES 30\/30<\/span><span>100%<\/span><\/span><\/span><\/div><\/div><\/div>\n<\/div><\/div><\/div>\n\n\n\n<div id=\"g-0rre1rd\" class=\"wp-block-gutentor-m6-item section-g-0rre1rd gutentor-module gutentor-module-accordion-item\"><div class=\"gutentor-module-accordion-panel g-a-panel-g-7d77677\"><div class=\"gm-ah-g-7d77677 gutentor-module-accordion-item-heading gutentor-module-icon-position-right\"><span class=\"gutentor-module-accordion-panel-handler\" role=\"button\"><span class=\"gutentor-module-accordion-panel-handler-label\">JUSTIFICACI\u00d3N Y L\u00cdNEAS PRIORITARIAS<\/span><span class=\"gutentor-module-accordion-icon\"><i class=\"gm-aio-g-7d77677 gutentor-module-accordion-icon-open fas fa-plus\"><\/i><i class=\"gm-aic-g-7d77677 gutentor-module-accordion-icon-close fas fa-minus\"><\/i><\/span><\/span><\/div><div class=\"gm-ab-g-7d77677 gutentor-module-accordion-body\">\n<div id=\"section-g-n696kxl\" class=\"wp-block-gutentor-e0 section-g-n696kxl gutentor-element gutentor-element-advanced-text\"><div class=\"gutentor-text-wrap\"><p class=\"gutentor-text\">A nivel global, la cultura del juego evoluciona como un <strong>sistema abierto<\/strong>, influenciada tanto por la narrativa creativa como por la hibridaci\u00f3n de l\u00f3gicas deportivas. En este contexto, el presente curso re\u00fane un conglomerado de modalidades emergentes con <strong>disco volador<\/strong> que funcionan como <strong>atractores de innovaci\u00f3n<\/strong> en el panorama europeo. Estas pr\u00e1cticas no son solo actividades l\u00fadicas, sino herramientas de <strong>ingenier\u00eda pedag\u00f3gica<\/strong> dise\u00f1adas para transformar el patio en un espacio de igualdad y participaci\u00f3n activa.<br><br>Atendemos espec\u00edficamente a la l\u00ednea prioritaria:<br><strong>Actualizaci\u00f3n e innovaci\u00f3n metodol\u00f3gica:<\/strong> Implementamos un cambio de paradigma hacia la <strong>pedagog\u00eda del caos<\/strong> y la <strong>desdeportivizaci\u00f3n<\/strong>. Al introducir materiales con trayectorias no lineales y reglas flexibles, obligamos al sistema-aula a abandonar patrones de juego estereotipados, permitiendo que las soluciones t\u00e9cnicas y t\u00e1cticas emerjan de la <strong>autoorganizaci\u00f3n<\/strong> del alumnado en microgrupos.<br>&nbsp;<br><strong>Enfoques Tem\u00e1ticos Vinculados<\/strong><br><strong>Mejora de la convivencia:<\/strong> El disco volador, especialmente en modalidades como el <em>Ultimate<\/em> (con su principio de <em>Spirit of the Game<\/em>), act\u00faa como un regulador natural de tensiones. El curso dota al docente de estrategias de <strong>comunicaci\u00f3n dial\u00f3gica<\/strong> y resoluci\u00f3n pac\u00edfica de conflictos, donde el respeto y la <strong>igualdad de g\u00e9nero<\/strong> no son normas impuestas, sino propiedades que emergen del propio flujo del juego. Estas herramientas de gesti\u00f3n grupal son cr\u00edticas para minimizar el abandono escolar y fomentar h\u00e1bitos de vida saludables desde la cohesi\u00f3n.<br><br><strong>Atenci\u00f3n a la diversidad:<\/strong> Entendemos la diversidad como una <strong>riqueza sist\u00e9mica<\/strong>. Las modalidades l\u00fadicas presentadas permiten una adaptaci\u00f3n radical a las necesidades espec\u00edficas de apoyo educativo (ACNEAE). Al ser deportes de baja estigmatizaci\u00f3n y alta variabilidad, se rompen las jerarqu\u00edas motrices tradicionales, valorando las diferencias interculturales y garantizando una <strong>educaci\u00f3n en equidad<\/strong>. El frisbee se convierte en el lenguaje com\u00fan de un mundo globalizado que exige respuestas motrices diversas y creativas.<br>&nbsp;<\/p><\/div><\/div>\n<\/div><\/div><\/div>\n\n\n\n<div id=\"g-27ujjba\" class=\"wp-block-gutentor-m6-item section-g-27ujjba gutentor-module gutentor-module-accordion-item\"><div class=\"gutentor-module-accordion-panel g-a-panel-g-7d77677\"><div class=\"gm-ah-g-7d77677 gutentor-module-accordion-item-heading gutentor-module-icon-position-right\"><span class=\"gutentor-module-accordion-panel-handler\" role=\"button\"><span class=\"gutentor-module-accordion-panel-handler-label\">OBJETIVOS DEL CURSO<\/span><span class=\"gutentor-module-accordion-icon\"><i class=\"gm-aio-g-7d77677 gutentor-module-accordion-icon-open fas fa-plus\"><\/i><i class=\"gm-aic-g-7d77677 gutentor-module-accordion-icon-close fas fa-minus\"><\/i><\/span><\/span><\/div><div class=\"gm-ab-g-7d77677 gutentor-module-accordion-body\">\n<div id=\"section-g-c8leer7\" class=\"wp-block-gutentor-e0 section-g-c8leer7 gutentor-element gutentor-element-advanced-text\"><div class=\"gutentor-text-wrap\"><p class=\"gutentor-text\">Reinterpretar los deportes alternativos fundacionales no como t\u00e9cnicas est\u00e1ticas, sino como sistemas din\u00e1micos que evolucionan mediante la interacci\u00f3n y la coeducaci\u00f3n. (Evoluci\u00f3n Sist\u00e9mica del Contenido)<br><br>Identificar la l\u00f3gica interna de las modalidades de disco como entornos de incertidumbre, dise\u00f1ando escenarios que se adapten a la autoorganizaci\u00f3n de cada microgrupo. (An\u00e1lisis de la Complejidad Motriz)<br><br>Implementar estrategias no directivas que act\u00faen como perturbaciones positivas, permitiendo que las soluciones t\u00e9cnicas y t\u00e1cticas emerjan del di\u00e1logo y la inteligencia colectiva del alumnado. (Gesti\u00f3n de la Emergencia Pedag\u00f3gica)<br>&nbsp;<\/p><\/div><\/div>\n<\/div><\/div><\/div>\n\n\n\n<div id=\"g-6ni1nca\" class=\"wp-block-gutentor-m6-item section-g-6ni1nca gutentor-module gutentor-module-accordion-item\"><div class=\"gutentor-module-accordion-panel g-a-panel-g-7d77677\"><div class=\"gm-ah-g-7d77677 gutentor-module-accordion-item-heading gutentor-module-icon-position-right\"><span class=\"gutentor-module-accordion-panel-handler\" role=\"button\"><span class=\"gutentor-module-accordion-panel-handler-label\">CONTENIDOS DEL CURSO<\/span><span class=\"gutentor-module-accordion-icon\"><i class=\"gm-aio-g-7d77677 gutentor-module-accordion-icon-open fas fa-plus\"><\/i><i class=\"gm-aic-g-7d77677 gutentor-module-accordion-icon-close fas fa-minus\"><\/i><\/span><\/span><\/div><div class=\"gm-ab-g-7d77677 gutentor-module-accordion-body\">\n<div id=\"section-g-8io30xv\" class=\"wp-block-gutentor-e0 section-g-8io30xv gutentor-element gutentor-element-advanced-text\"><div class=\"gutentor-text-wrap\"><p class=\"gutentor-text\">1. <strong>Din\u00e1micas de Autoorganizaci\u00f3n T\u00e9cnica<\/strong><br>Desarrollo de habilidades de vuelo mediante metodolog\u00edas no directivas.<br>El disco como atractor: c\u00f3mo el material condiciona la emergencia de nuevos patrones de movimiento.<br><br>2. <strong>Arquitecturas de Juego y Reglamentos Flexibles<\/strong><br>An\u00e1lisis sist\u00e9mico de modalidades competitivas: Discflect, Ultimate, Disc Golf y Doble Disc Court.<br>Del reglamento r\u00edgido a la norma negociada: el esp\u00edritu de juego como regulador del sistema social.<br><br>3. <strong>Ecolog\u00eda de las Modalidades L\u00fadicas<\/strong><br>Exploraci\u00f3n de micro-sistemas: TRC, MTA, Lanzamiento de longitud, Petanca y Kubb-Frisbee.<br>Adaptaci\u00f3n de las tareas seg\u00fan el estado de maduraci\u00f3n del sistema (niveles de desarrollo motor) y la diversidad del alumnado.<\/p><\/div><\/div>\n<\/div><\/div><\/div>\n\n\n\n<div id=\"g-bd112fk\" class=\"wp-block-gutentor-m6-item section-g-bd112fk gutentor-module gutentor-module-accordion-item\"><div class=\"gutentor-module-accordion-panel g-a-panel-g-7d77677\"><div class=\"gm-ah-g-7d77677 gutentor-module-accordion-item-heading gutentor-module-icon-position-right\"><span class=\"gutentor-module-accordion-panel-handler\" role=\"button\"><span class=\"gutentor-module-accordion-panel-handler-label\">METODOLOG\u00cdA<\/span><span class=\"gutentor-module-accordion-icon\"><i class=\"gm-aio-g-7d77677 gutentor-module-accordion-icon-open fas fa-plus\"><\/i><i class=\"gm-aic-g-7d77677 gutentor-module-accordion-icon-close fas fa-minus\"><\/i><\/span><\/span><\/div><div class=\"gm-ab-g-7d77677 gutentor-module-accordion-body\">\n<div id=\"section-g-y7s9272\" class=\"wp-block-gutentor-e0 section-g-y7s9272 gutentor-element gutentor-element-advanced-text\"><div class=\"gutentor-text-wrap\"><p class=\"gutentor-text\"><strong>El Aula como Sistema Din\u00e1mico:<\/strong><br>La formaci\u00f3n se aleja del modelo instructivo lineal para constituirse como un <strong>laboratorio de sistemas complejos<\/strong>, donde el aprendizaje no es el resultado de una explicaci\u00f3n, sino una <strong>propiedad emergente<\/strong> de la interacci\u00f3n.<br><br><strong>1. Dise\u00f1o de Contextos y Perturbaciones<\/strong><br>En lugar de una base te\u00f3rico-explicativa tradicional, se partir\u00e1 de la <strong>exposici\u00f3n a situaciones-problema<\/strong>. El docente actuar\u00e1 como un dise\u00f1ador de contextos, lanzando \u00abperturbaciones\u00bb (variaciones en el material, el espacio o las reglas) que obliguen al sistema (el grupo de profesorado) a buscar un nuevo equilibrio a trav\u00e9s de la <strong>creatividad y la autoorganizaci\u00f3n<\/strong>.<br><br><strong>2. Exploraci\u00f3n en Entornos de Incertidumbre<\/strong><br>La toma de contacto con las modalidades se realizar\u00e1 mediante una <strong>inmersi\u00f3n no lineal<\/strong>. Se profundizar\u00e1 en los \u00abaspectos cr\u00edticos\u00bb de la l\u00f3gica interna, entendiendo la variabilidad no como un problema a corregir, sino como la esencia misma del aprendizaje. El profesorado experimentar\u00e1 c\u00f3mo la <strong>variabilidad en la pr\u00e1ctica<\/strong> permite que cada individuo y grupo encuentre sus propios patrones de \u00e9xito.<br><br><strong>3. De la Observaci\u00f3n a la Emergencia (Desdeportivizaci\u00f3n)<\/strong><br>Se utilizar\u00e1 una metodolog\u00eda de <strong>descubrimiento activo<\/strong> donde el material (el disco) act\u00fae como un atractor. El proceso ir\u00e1 desde la manipulaci\u00f3n exploratoria hasta la comprensi\u00f3n de las modalidades, pero siempre bajo el prisma de la <strong>desdeportivizaci\u00f3n<\/strong>: priorizando la l\u00f3gica del juego y la interacci\u00f3n humana sobre la norma deportiva r\u00edgida y excluyente.<br><br><strong>4. Inteligencia Colectiva en Microgrupos<\/strong><br>Los aspectos t\u00e1cticos se abordar\u00e1n como retos de <strong>resoluci\u00f3n de problemas en microgrupos<\/strong>, entendidos estos como unidades m\u00ednimas de complejidad. Se fomentar\u00e1 el <strong>aprendizaje dial\u00f3gico y la ense\u00f1anza rec\u00edproca<\/strong>, potenciando las redes de comunicaci\u00f3n interna de cada equipo para que las soluciones t\u00e1cticas surjan de la negociaci\u00f3n colectiva y el respeto mutuo, pilares fundamentales de la coeducaci\u00f3n f\u00edsica.<br>&nbsp;<\/p><\/div><\/div>\n<\/div><\/div><\/div>\n\n\n\n<div id=\"g-pf1pfd3\" class=\"wp-block-gutentor-m6-item section-g-pf1pfd3 gutentor-module gutentor-module-accordion-item\"><div class=\"gutentor-module-accordion-panel g-a-panel-g-7d77677\"><div class=\"gm-ah-g-7d77677 gutentor-module-accordion-item-heading gutentor-module-icon-position-right\"><span class=\"gutentor-module-accordion-panel-handler\" role=\"button\"><span class=\"gutentor-module-accordion-panel-handler-label\">PONENTES<\/span><span class=\"gutentor-module-accordion-icon\"><i class=\"gm-aio-g-7d77677 gutentor-module-accordion-icon-open fas fa-plus\"><\/i><i class=\"gm-aic-g-7d77677 gutentor-module-accordion-icon-close fas fa-minus\"><\/i><\/span><\/span><\/div><div class=\"gm-ab-g-7d77677 gutentor-module-accordion-body\">\n<div id=\"section-g-qji1ltx\" class=\"wp-block-gutentor-e0 section-g-qji1ltx gutentor-element gutentor-element-advanced-text\"><div class=\"gutentor-text-wrap\"><p class=\"gutentor-text\"><strong>Mart\u00ednez Colmenarejo, Daniel. <br><\/strong>Licenciado en Ciencias de la Actividad F\u00edsica y el Deporte, COLEGIADO: 58794. Especialista en innovaci\u00f3n educativa: Selecci\u00f3n y tratamiento de nuevos contenidos en Educaci\u00f3n F\u00edsica. Presidente de la Asociaci\u00f3n de profesorado ADAL.<\/p><\/div><\/div>\n<\/div><\/div><\/div>\n<\/div><\/section>\n\n\n\n<p><\/p>\n","protected":false},"excerpt":{"rendered":"","protected":false},"author":1,"featured_media":0,"parent":0,"menu_order":0,"comment_status":"closed","ping_status":"closed","template":"template-gutentor-full-width.php","meta":{"footnotes":""},"class_list":["post-8230","page","type-page","status-publish","hentry"],"_links":{"self":[{"href":"https:\/\/apefadal.es\/index.php\/wp-json\/wp\/v2\/pages\/8230","targetHints":{"allow":["GET"]}}],"collection":[{"href":"https:\/\/apefadal.es\/index.php\/wp-json\/wp\/v2\/pages"}],"about":[{"href":"https:\/\/apefadal.es\/index.php\/wp-json\/wp\/v2\/types\/page"}],"author":[{"embeddable":true,"href":"https:\/\/apefadal.es\/index.php\/wp-json\/wp\/v2\/users\/1"}],"replies":[{"embeddable":true,"href":"https:\/\/apefadal.es\/index.php\/wp-json\/wp\/v2\/comments?post=8230"}],"version-history":[{"count":2,"href":"https:\/\/apefadal.es\/index.php\/wp-json\/wp\/v2\/pages\/8230\/revisions"}],"predecessor-version":[{"id":8245,"href":"https:\/\/apefadal.es\/index.php\/wp-json\/wp\/v2\/pages\/8230\/revisions\/8245"}],"wp:attachment":[{"href":"https:\/\/apefadal.es\/index.php\/wp-json\/wp\/v2\/media?parent=8230"}],"curies":[{"name":"wp","href":"https:\/\/api.w.org\/{rel}","templated":true}]}}