{"id":8224,"date":"2026-02-19T09:27:31","date_gmt":"2026-02-19T09:27:31","guid":{"rendered":"https:\/\/apefadal.es\/?page_id=8224"},"modified":"2026-02-19T09:27:32","modified_gmt":"2026-02-19T09:27:32","slug":"equidad-en-el-blanco","status":"publish","type":"page","link":"https:\/\/apefadal.es\/index.php\/equidad-en-el-blanco\/","title":{"rendered":"Equidad en el blanco"},"content":{"rendered":"\n<div id=\"section-g-614ooh1\" class=\"wp-block-gutentor-e1 section-g-614ooh1 gutentor-element gutentor-element-advanced-text text-align-center-desktop text-align-center-mobile\"><div class=\"gutentor-text-wrap\"><p class=\"gutentor-text\"><strong>Equidad en el blanco. Microgrupos, macroimpactos.<\/strong><\/p><\/div><\/div>\n\n\n\n<section id=\"g-r1zlos1\" class=\"wp-block-gutentor-m5 section-g-r1zlos1 gutentor-module gutentor-module-slider gutentor-slick-a-default-desktop gutentor-module-caption-enabled\"><div class=\"gutentor-module-slider-row\" data-dots=\"false\" data-dotstablet=\"false\" data-dotsmobile=\"false\" data-nextarrow=\"fas fa-angle-right\" data-prevarrow=\"fas fa-angle-left\" data-arrows=\"true\" data-arrowstablet=\"true\" data-arrowsmobile=\"true\" data-fade=\"false\" data-draggable=\"true\" data-infinite=\"true\" data-autoplay=\"true\" data-pauseonfocus=\"true\" data-pauseonhover=\"false\" data-speed=\"300\" data-autoplayspeed=\"10000\" data-arrowspositiondesktop=\"gutentor-slick-a-default-desktop\">\n<div id=\"col-g-jall5ll\" class=\"wp-block-gutentor-m5-col col-g-jall5ll gutentor-slider-item\"><div id=\"section-g-jall5ll\" class=\"section-g-jall5ll gutentor-col-wrap has-image-normal has-custom-bg\"><img decoding=\"async\" src=\"https:\/\/apefadal.es\/wp-content\/uploads\/2026\/02\/Kubb-balnco-2026-scaled.jpg\" alt=\"\" \/><div class=\"gutentor-slider-caption\"><div class=\"grid-container\">\n<div id=\"section-g-iplp51u\" class=\"wp-block-gutentor-e1 section-g-iplp51u gutentor-element gutentor-element-advanced-text\"><div class=\"gutentor-text-wrap\"><p class=\"gutentor-text\">Juntos, Redefiniendo la EF<\/p><\/div><\/div>\n\n\n\n<div id=\"section-g-mw5kl01\" class=\"wp-block-gutentor-e1 section-g-mw5kl01 gutentor-element gutentor-element-advanced-text\"><div class=\"gutentor-text-wrap\"><p class=\"gutentor-text\">\u00danete nosotras para explorar nuevas estrategias pedag\u00f3gicas y aplicaciones de los deportes alternativos.<\/p><\/div><\/div>\n\n\n\n<div id=\"section-g-1us11l5\" class=\"wp-block-gutentor-e2 section-g-1us11l5 gutentor-element gutentor-element-button\"><span class=\"gutentor-button-wrap\"><a class=\"gutentor-button gutentor-block-button gutentor-icon-hide\" href=\"https:\/\/forms.gle\/ERg2iyFo3MUXDboF8\" target=\"_blank\" rel=\" noopener noreferrer\"><i class=\"gutentor-button-icon fas fa-book\"><\/i><span><strong>\u00a1Quiero inscribirme! <\/strong><\/span><\/a><\/span><\/div>\n<\/div><\/div><\/div><\/div>\n\n\n\n<div id=\"col-g-pglv1om\" class=\"wp-block-gutentor-m5-col col-g-pglv1om gutentor-slider-item\"><div id=\"section-g-pglv1om\" class=\"section-g-pglv1om gutentor-col-wrap has-image-normal has-custom-bg\"><img decoding=\"async\" src=\"https:\/\/apefadal.es\/wp-content\/uploads\/2026\/02\/Cornhole-blanco-2026-scaled.jpg\" alt=\"\" \/><div class=\"gutentor-slider-caption\"><div class=\"grid-container\">\n<div id=\"section-g-f9f1sca\" class=\"wp-block-gutentor-e1 section-g-f9f1sca gutentor-element gutentor-element-advanced-text\"><div class=\"gutentor-text-wrap\"><p class=\"gutentor-text\">Tu Juego. Tu Regla. Tu Impacto.<\/p><\/div><\/div>\n\n\n\n<div id=\"section-g-t437dxp\" class=\"wp-block-gutentor-e1 section-g-t437dxp gutentor-element gutentor-element-advanced-text\"><div class=\"gutentor-text-wrap\"><p class=\"gutentor-text\">Experimenta las din\u00e1micas que construir\u00e1n el futuro de la Educaci\u00f3n F\u00edsica. Tu creatividad impulsa el cambio.<\/p><\/div><\/div>\n\n\n\n<div id=\"section-g-vjovw8o\" class=\"wp-block-gutentor-e2 section-g-vjovw8o gutentor-element gutentor-element-button button-align-left-desktop\"><span class=\"gutentor-button-wrap\"><a class=\"gutentor-button gutentor-block-button gutentor-icon-hide\" href=\"https:\/\/forms.gle\/ERg2iyFo3MUXDboF8\" target=\"_blank\" rel=\" noopener noreferrer\"><i class=\"gutentor-button-icon fas fa-book\"><\/i><span><strong>\u00a1<strong>Quiero inscribirme! <\/strong><\/strong><\/span><\/a><\/span><\/div>\n<\/div><\/div><\/div><\/div>\n\n\n\n<div id=\"col-g-zq637y7\" class=\"wp-block-gutentor-m5-col col-g-zq637y7 gutentor-slider-item\"><div id=\"section-g-zq637y7\" class=\"section-g-zq637y7 gutentor-col-wrap has-image-normal has-custom-bg\"><img decoding=\"async\" src=\"https:\/\/apefadal.es\/wp-content\/uploads\/2026\/02\/Molkky-blanco-2026-scaled.jpg\" alt=\"\" \/><div class=\"gutentor-slider-caption\"><div class=\"grid-container\">\n<div id=\"section-g-svsvmmx\" class=\"wp-block-gutentor-e1 section-g-svsvmmx gutentor-element gutentor-element-advanced-text\"><div class=\"gutentor-text-wrap\"><p class=\"gutentor-text\"><strong>El Eco de Nuestra Pasi\u00f3n<\/strong><\/p><\/div><\/div>\n\n\n\n<div id=\"section-g-xd1p8h1\" class=\"wp-block-gutentor-e1 section-g-xd1p8h1 gutentor-element gutentor-element-advanced-text\"><div class=\"gutentor-text-wrap\"><p class=\"gutentor-text\">El impacto de nuestras metodolog\u00edas resuena en cada paso y cada movimiento. Lleva la energ\u00eda del juego a tu centro.<\/p><\/div><\/div>\n\n\n\n<div id=\"section-g-q8lh7l1\" class=\"wp-block-gutentor-e2 section-g-q8lh7l1 gutentor-element gutentor-element-button\"><span class=\"gutentor-button-wrap\"><a class=\"gutentor-button gutentor-block-button gutentor-icon-hide\" href=\"https:\/\/forms.gle\/ERg2iyFo3MUXDboF8\" target=\"_blank\" rel=\" noopener noreferrer\"><i class=\"gutentor-button-icon fas fa-book\"><\/i><span><strong>\u00a1<strong>Quiero inscribirme! <\/strong><\/strong><\/span><\/a><\/span><\/div>\n<\/div><\/div><\/div><\/div>\n<\/div><\/section>\n\n\n\n<section id=\"g-7d77677\" class=\"section-g-7d77677 gutentor-module gutentor-module-accordion has-gutentor-overlay\"><div class=\"grid-container\">\n<div id=\"g-stk2pdk\" class=\"wp-block-gutentor-m6-item section-g-stk2pdk gutentor-module gutentor-module-accordion-item\"><div class=\"gutentor-module-accordion-panel g-a-panel-g-7d77677\"><div class=\"gm-ah-g-7d77677 gutentor-module-accordion-item-heading gutentor-module-icon-position-right\"><span class=\"gutentor-module-accordion-panel-handler\" role=\"button\"><span class=\"gutentor-module-accordion-panel-handler-label\">DATOS GENERALES<\/span><span class=\"gutentor-module-accordion-icon\"><i class=\"gm-aio-g-7d77677 gutentor-module-accordion-icon-open fas fa-plus\"><\/i><i class=\"gm-aic-g-7d77677 gutentor-module-accordion-icon-close fas fa-minus\"><\/i><\/span><\/span><\/div><div class=\"gm-ab-g-7d77677 gutentor-module-accordion-body\">\n<div id=\"section-g-75lly1b\" class=\"wp-block-gutentor-e0 section-g-75lly1b gutentor-element gutentor-element-advanced-text\"><div class=\"gutentor-text-wrap\"><p class=\"gutentor-text\"><strong>HORAS \/ CR\u00c9DITOS:\u00a0<\/strong>10H \/ 1 CR\u00c9DITOS<br><strong>MODALIDAD:\u00a0<\/strong>PRESENCIAL- V\u00c1LIDO PARA SEXENIOS<br><strong>FECHA COMIENZO ACTIVIDAD:<\/strong>\u00a025\/04\/2026<br><strong>FECHA FIN ACTIVIDAD:<\/strong>\u00a025\/04\/2026<br><strong>HORARIO DE LA ACTIVIDAD:<\/strong> De 10 a 14h y de 15:30 a 19:30h<br><strong>LUGAR DE REALIZACI\u00d3N:<\/strong>\u00a0Parque de Polvoranca \u2013 Alcorc\u00f3n \/ Legan\u00e9s<br><strong>PRECIO:<\/strong>\u00a0Personas asociadas 45,03 \u20acuros, Nuevas socias* 50,03 \u20acuros y no asociadas 70,03 \u20acuros.\u00a0<\/p><\/div><\/div>\n<\/div><\/div><\/div>\n\n\n\n<div id=\"g-pk621p0\" class=\"wp-block-gutentor-m6-item section-g-pk621p0 gutentor-module gutentor-module-accordion-item\"><div class=\"gutentor-module-accordion-panel g-a-panel-g-7d77677\"><div class=\"gm-ah-g-7d77677 gutentor-module-accordion-item-heading gutentor-module-icon-position-right\"><span class=\"gutentor-module-accordion-panel-handler\" role=\"button\"><span class=\"gutentor-module-accordion-panel-handler-label\">INSCRIPCI\u00d3N Y DISPONIBILIDAD DE PLAZAS<\/span><span class=\"gutentor-module-accordion-icon\"><i class=\"gm-aio-g-7d77677 gutentor-module-accordion-icon-open fas fa-plus\"><\/i><i class=\"gm-aic-g-7d77677 gutentor-module-accordion-icon-close fas fa-minus\"><\/i><\/span><\/span><\/div><div class=\"gm-ab-g-7d77677 gutentor-module-accordion-body\">\n<div id=\"section-g-c1l175u\" class=\"wp-block-gutentor-e0 section-g-c1l175u gutentor-element gutentor-element-advanced-text\"><div class=\"gutentor-text-wrap\"><p class=\"gutentor-text\">Puedes inscribirte a trav\u00e9s del enlace:  <a href=\"https:\/\/forms.gle\/ERg2iyFo3MUXDboF8\">https:\/\/forms.gle\/ERg2iyFo3MUXDboF8<\/a><br><br><\/p><\/div><\/div>\n\n\n\n<div id=\"section-g-dsjd1bj\" class=\"wp-block-gutentor-e2 section-g-dsjd1bj gutentor-element gutentor-element-button button-align-center-desktop button-align-center-tablet button-align-center-mobile\"><span class=\"gutentor-button-wrap\"><a class=\"gutentor-button gutentor-block-button gutentor-icon-hide\" href=\"https:\/\/forms.gle\/ERg2iyFo3MUXDboF8\" target=\"_blank\" rel=\" noopener noreferrer\"><i class=\"gutentor-button-icon fas fa-book\"><\/i><span><strong>Formulario de Inscripci\u00f3n<\/strong><\/span><\/a><\/span><\/div>\n\n\n\n<div id=\"section-g-btyna22\" class=\"wp-block-gutentor-e9 section-g-btyna22 gutentor-element gutentor-element-progressbar\"><div class=\"gutentor-element-progressbar-box\"><div class=\"gutentor-element-progressbar-horizontal-wrap\"><span class=\"gutentor-element-progressbar-horizontal default\" data-width=\"100\"><span class=\"gutentor-element-progressbar-text\"><span>Plazas LIBRES 30\/30<\/span><span>100%<\/span><\/span><\/span><\/div><\/div><\/div>\n<\/div><\/div><\/div>\n\n\n\n<div id=\"g-0rre1rd\" class=\"wp-block-gutentor-m6-item section-g-0rre1rd gutentor-module gutentor-module-accordion-item\"><div class=\"gutentor-module-accordion-panel g-a-panel-g-7d77677\"><div class=\"gm-ah-g-7d77677 gutentor-module-accordion-item-heading gutentor-module-icon-position-right\"><span class=\"gutentor-module-accordion-panel-handler\" role=\"button\"><span class=\"gutentor-module-accordion-panel-handler-label\">JUSTIFICACI\u00d3N Y L\u00cdNEAS PRIORITARIAS<\/span><span class=\"gutentor-module-accordion-icon\"><i class=\"gm-aio-g-7d77677 gutentor-module-accordion-icon-open fas fa-plus\"><\/i><i class=\"gm-aic-g-7d77677 gutentor-module-accordion-icon-close fas fa-minus\"><\/i><\/span><\/span><\/div><div class=\"gm-ab-g-7d77677 gutentor-module-accordion-body\">\n<div id=\"section-g-n696kxl\" class=\"wp-block-gutentor-e0 section-g-n696kxl gutentor-element gutentor-element-advanced-text\"><div class=\"gutentor-text-wrap\"><p class=\"gutentor-text\">Las modalidades de precisi\u00f3n de ra\u00edz n\u00f3rdica (Kubb, M\u00f6lkky, Cornhole) representan una ruptura con los modelos tradicionales de lanzamiento. Mientras que otros deportes de punter\u00eda segregan por niveles de habilidad, estas modalidades se comportan como <strong>sistemas inclusivos de alta adaptabilidad<\/strong>, donde la participaci\u00f3n exitosa no requiere de adaptaciones externas, sino que es una <strong>propiedad intr\u00ednseca<\/strong> de su l\u00f3gica interna.<br>Atendemos espec\u00edficamente a la l\u00ednea prioritaria:<br><br><strong>2. Actualizaci\u00f3n e innovaci\u00f3n metodol\u00f3gica:<\/strong> El curso propone una transici\u00f3n de la t\u00e9cnica aislada a la <strong>competencia sist\u00e9mica<\/strong>. Estos juegos funcionan como <strong>atractores de atenci\u00f3n y concentraci\u00f3n<\/strong>, permitiendo que el profesorado dise\u00f1e entornos de aprendizaje donde el \u00e9xito motor est\u00e9 al alcance de toda la diversidad funcional del aula, convirtiendo la variabilidad en un valor y no en un obst\u00e1culo.<br><strong>Enfoques Tem\u00e1ticos Vinculados<\/strong><br><br><strong>Mejora de la convivencia:<\/strong> La estructura de estos juegos es fundamentalmente <strong>dial\u00f3gica y asamblearia<\/strong>. Cada lanzamiento genera una fluctuaci\u00f3n en el estado del juego que obliga al microgrupo a entrar en procesos de negociaci\u00f3n y toma de decisiones colectivas. Esta gesti\u00f3n compartida de la t\u00e1ctica act\u00faa como una herramienta de prevenci\u00f3n frente al acoso y la exclusi\u00f3n, dotando a los docentes de estrategias para transformar el conflicto competitivo en <strong>cooperaci\u00f3n estrat\u00e9gica<\/strong> y respeto mutuo.<br><br><strong>Atenci\u00f3n a la diversidad:<\/strong> El valor diferencial de estas modalidades radica en su dise\u00f1o universal. Al permitir que el alumnado con necesidades espec\u00edficas de apoyo educativo (ACNEAE) y diversidad funcional motriz participe en igualdad de condiciones reales, se elimina la estigmatizaci\u00f3n. El curso dota al profesorado de herramientas para gestionar esta <strong>diversidad como una riqueza intercultural<\/strong>, utilizando el constante ejercicio <strong>l\u00f3gico-matem\u00e1tico<\/strong> (especialmente en el M\u00f6lkky y Cornhole) como un lenguaje transversal que une a diferentes perfiles de aprendizaje en una meta com\u00fan.<\/p><\/div><\/div>\n<\/div><\/div><\/div>\n\n\n\n<div id=\"g-27ujjba\" class=\"wp-block-gutentor-m6-item section-g-27ujjba gutentor-module gutentor-module-accordion-item\"><div class=\"gutentor-module-accordion-panel g-a-panel-g-7d77677\"><div class=\"gm-ah-g-7d77677 gutentor-module-accordion-item-heading gutentor-module-icon-position-right\"><span class=\"gutentor-module-accordion-panel-handler\" role=\"button\"><span class=\"gutentor-module-accordion-panel-handler-label\">OBJETIVOS DEL CURSO<\/span><span class=\"gutentor-module-accordion-icon\"><i class=\"gm-aio-g-7d77677 gutentor-module-accordion-icon-open fas fa-plus\"><\/i><i class=\"gm-aic-g-7d77677 gutentor-module-accordion-icon-close fas fa-minus\"><\/i><\/span><\/span><\/div><div class=\"gm-ab-g-7d77677 gutentor-module-accordion-body\">\n<div id=\"section-g-c8leer7\" class=\"wp-block-gutentor-e0 section-g-c8leer7 gutentor-element gutentor-element-advanced-text\"><div class=\"gutentor-text-wrap\"><p class=\"gutentor-text\">Experimentar metodolog\u00edas de emergencia: Vivenciar c\u00f3mo la transmisi\u00f3n de contenidos t\u00e9cnicos y t\u00e1cticos puede surgir de la interacci\u00f3n en microgrupos, sustituyendo la instrucci\u00f3n directa por la autoorganizaci\u00f3n.<br><br>Potenciar la creatividad como propiedad emergente: Utilizar el lanzamiento de precisi\u00f3n y la manipulaci\u00f3n de objetos para que el alumnado explore nuevas soluciones motrices ante entornos variables.<br><br>Fomentar la competencia ecosocial: Utilizar modalidades alternativas como herramientas para fortalecer la red social del grupo-aula y la convivencia intercultural.<br><br>Implementar la desdeportivizaci\u00f3n estrat\u00e9gica: Aplicar la ruptura de reglamentos r\u00edgidos para transformar el juego en un sistema inclusivo donde el \u00e9xito sea una construcci\u00f3n colectiva.<\/p><\/div><\/div>\n<\/div><\/div><\/div>\n\n\n\n<div id=\"g-6ni1nca\" class=\"wp-block-gutentor-m6-item section-g-6ni1nca gutentor-module gutentor-module-accordion-item\"><div class=\"gutentor-module-accordion-panel g-a-panel-g-7d77677\"><div class=\"gm-ah-g-7d77677 gutentor-module-accordion-item-heading gutentor-module-icon-position-right\"><span class=\"gutentor-module-accordion-panel-handler\" role=\"button\"><span class=\"gutentor-module-accordion-panel-handler-label\">CONTENIDOS DEL CURSO<\/span><span class=\"gutentor-module-accordion-icon\"><i class=\"gm-aio-g-7d77677 gutentor-module-accordion-icon-open fas fa-plus\"><\/i><i class=\"gm-aic-g-7d77677 gutentor-module-accordion-icon-close fas fa-minus\"><\/i><\/span><\/span><\/div><div class=\"gm-ab-g-7d77677 gutentor-module-accordion-body\">\n<div id=\"section-g-8io30xv\" class=\"wp-block-gutentor-e0 section-g-8io30xv gutentor-element gutentor-element-advanced-text\"><div class=\"gutentor-text-wrap\"><p class=\"gutentor-text\"><strong>Exploraci\u00f3n de atractores motrices:<\/strong> Desarrollo de habilidades espec\u00edficas de precisi\u00f3n mediante la manipulaci\u00f3n de implementos (Kubb, M\u00f6lkky, Cornhole) y la adaptaci\u00f3n a sus diferentes din\u00e1micas de vuelo y trayectoria.<br><br><strong>Sinergias t\u00e1cticas y di\u00e1logo:<\/strong> Recursos para que la estrategia (ofensiva\/defensiva) emerja del <strong>aprendizaje dial\u00f3gico<\/strong> y la inteligencia colectiva del microgrupo.<br><br><strong>Estructuras de juego complejas:<\/strong> An\u00e1lisis y pr\u00e1ctica del <strong>Kubb, Cornhole, M\u00f6lkky<\/strong> y la integraci\u00f3n sist\u00e9mica del <strong>Trilanzatl\u00f3n<\/strong> como modelo de multiactividad.<br><br><strong>Arquitecturas de juego variables:<\/strong> Resoluci\u00f3n de problemas derivados de la l\u00f3gica interna y creaci\u00f3n de variantes que funcionen como perturbaciones positivas para la inclusi\u00f3n.<\/p><\/div><\/div>\n<\/div><\/div><\/div>\n\n\n\n<div id=\"g-bd112fk\" class=\"wp-block-gutentor-m6-item section-g-bd112fk gutentor-module gutentor-module-accordion-item\"><div class=\"gutentor-module-accordion-panel g-a-panel-g-7d77677\"><div class=\"gm-ah-g-7d77677 gutentor-module-accordion-item-heading gutentor-module-icon-position-right\"><span class=\"gutentor-module-accordion-panel-handler\" role=\"button\"><span class=\"gutentor-module-accordion-panel-handler-label\">METODOLOG\u00cdA<\/span><span class=\"gutentor-module-accordion-icon\"><i class=\"gm-aio-g-7d77677 gutentor-module-accordion-icon-open fas fa-plus\"><\/i><i class=\"gm-aic-g-7d77677 gutentor-module-accordion-icon-close fas fa-minus\"><\/i><\/span><\/span><\/div><div class=\"gm-ab-g-7d77677 gutentor-module-accordion-body\">\n<div id=\"section-g-y7s9272\" class=\"wp-block-gutentor-e0 section-g-y7s9272 gutentor-element gutentor-element-advanced-text\"><div class=\"gutentor-text-wrap\"><p class=\"gutentor-text\">La formaci\u00f3n se estructura como un ecosistema de <strong>aprendizaje por descubrimiento<\/strong>. En lugar de una base te\u00f3rico-explicativa lineal, el docente facilitador plantear\u00e1 <strong>retos de precisi\u00f3n en microgrupos<\/strong> que act\u00faen como peque\u00f1as unidades de complejidad.<br><br>Se fomentar\u00e1 la autonom\u00eda radical del profesorado aprendiz, permitiendo que la competencia de \u00abaprender a aprender\u00bb emerja de la necesidad de resolver el juego. La teor\u00eda se integrar\u00e1 de forma org\u00e1nica mediante <strong>puestas en com\u00fan reflexivas<\/strong> (bucles de retroalimentaci\u00f3n) tras la pr\u00e1ctica, donde la creatividad y el trabajo grupal den lugar a propuestas did\u00e1cticas originales para sus propios centros.<\/p><\/div><\/div>\n<\/div><\/div><\/div>\n\n\n\n<div id=\"g-pf1pfd3\" class=\"wp-block-gutentor-m6-item section-g-pf1pfd3 gutentor-module gutentor-module-accordion-item\"><div class=\"gutentor-module-accordion-panel g-a-panel-g-7d77677\"><div class=\"gm-ah-g-7d77677 gutentor-module-accordion-item-heading gutentor-module-icon-position-right\"><span class=\"gutentor-module-accordion-panel-handler\" role=\"button\"><span class=\"gutentor-module-accordion-panel-handler-label\">PONENTES<\/span><span class=\"gutentor-module-accordion-icon\"><i class=\"gm-aio-g-7d77677 gutentor-module-accordion-icon-open fas fa-plus\"><\/i><i class=\"gm-aic-g-7d77677 gutentor-module-accordion-icon-close fas fa-minus\"><\/i><\/span><\/span><\/div><div class=\"gm-ab-g-7d77677 gutentor-module-accordion-body\">\n<div id=\"section-g-qji1ltx\" class=\"wp-block-gutentor-e0 section-g-qji1ltx gutentor-element gutentor-element-advanced-text\"><div class=\"gutentor-text-wrap\"><p class=\"gutentor-text\"><strong>Mart\u00ednez Colmenarejo, Daniel. <br><\/strong>Licenciado en Ciencias de la Actividad F\u00edsica y el Deporte, COLEGIADO: 58794. Especialista en innovaci\u00f3n educativa: Selecci\u00f3n y tratamiento de nuevos contenidos en Educaci\u00f3n F\u00edsica. Presidente de la Asociaci\u00f3n de profesorado ADAL.<\/p><\/div><\/div>\n<\/div><\/div><\/div>\n<\/div><\/section>\n\n\n\n<p><\/p>\n","protected":false},"excerpt":{"rendered":"","protected":false},"author":1,"featured_media":0,"parent":0,"menu_order":0,"comment_status":"closed","ping_status":"closed","template":"template-gutentor-full-width.php","meta":{"footnotes":""},"class_list":["post-8224","page","type-page","status-publish","hentry"],"_links":{"self":[{"href":"https:\/\/apefadal.es\/index.php\/wp-json\/wp\/v2\/pages\/8224","targetHints":{"allow":["GET"]}}],"collection":[{"href":"https:\/\/apefadal.es\/index.php\/wp-json\/wp\/v2\/pages"}],"about":[{"href":"https:\/\/apefadal.es\/index.php\/wp-json\/wp\/v2\/types\/page"}],"author":[{"embeddable":true,"href":"https:\/\/apefadal.es\/index.php\/wp-json\/wp\/v2\/users\/1"}],"replies":[{"embeddable":true,"href":"https:\/\/apefadal.es\/index.php\/wp-json\/wp\/v2\/comments?post=8224"}],"version-history":[{"count":1,"href":"https:\/\/apefadal.es\/index.php\/wp-json\/wp\/v2\/pages\/8224\/revisions"}],"predecessor-version":[{"id":8228,"href":"https:\/\/apefadal.es\/index.php\/wp-json\/wp\/v2\/pages\/8224\/revisions\/8228"}],"wp:attachment":[{"href":"https:\/\/apefadal.es\/index.php\/wp-json\/wp\/v2\/media?parent=8224"}],"curies":[{"name":"wp","href":"https:\/\/api.w.org\/{rel}","templated":true}]}}