{"id":8217,"date":"2026-02-18T10:53:40","date_gmt":"2026-02-18T10:53:40","guid":{"rendered":"https:\/\/apefadal.es\/?page_id=8217"},"modified":"2026-03-04T11:07:37","modified_gmt":"2026-03-04T11:07:37","slug":"atractores-del-juego","status":"publish","type":"page","link":"https:\/\/apefadal.es\/index.php\/atractores-del-juego\/","title":{"rendered":"ATRACTORES DEL JUEGO."},"content":{"rendered":"\n<div id=\"section-g-614ooh1\" class=\"wp-block-gutentor-e1 section-g-614ooh1 gutentor-element gutentor-element-advanced-text text-align-center-desktop text-align-center-mobile\"><div class=\"gutentor-text-wrap\"><p class=\"gutentor-text\"><strong>Atractores del juego.<\/strong><br><strong>Roundnet, dodgeball, kubb y la pedagog\u00eda del caos.<\/strong><\/p><\/div><\/div>\n\n\n\n<section id=\"g-r1zlos1\" class=\"wp-block-gutentor-m5 section-g-r1zlos1 gutentor-module gutentor-module-slider gutentor-slick-a-default-desktop gutentor-module-caption-enabled\"><div class=\"gutentor-module-slider-row\" data-dots=\"false\" data-dotstablet=\"false\" data-dotsmobile=\"false\" data-nextarrow=\"fas fa-angle-right\" data-prevarrow=\"fas fa-angle-left\" data-arrows=\"true\" data-arrowstablet=\"true\" data-arrowsmobile=\"true\" data-fade=\"false\" data-draggable=\"true\" data-infinite=\"true\" data-autoplay=\"true\" data-pauseonfocus=\"true\" data-pauseonhover=\"false\" data-speed=\"300\" data-autoplayspeed=\"10000\" data-arrowspositiondesktop=\"gutentor-slick-a-default-desktop\">\n<div id=\"col-g-jall5ll\" class=\"wp-block-gutentor-m5-col col-g-jall5ll gutentor-slider-item\"><div id=\"section-g-jall5ll\" class=\"section-g-jall5ll gutentor-col-wrap has-image-normal has-custom-bg\"><img decoding=\"async\" src=\"https:\/\/apefadal.es\/wp-content\/uploads\/2026\/02\/Roundnet-2026-scaled.jpg\" alt=\"\" \/><div class=\"gutentor-slider-caption\"><div class=\"grid-container\">\n<div id=\"section-g-iplp51u\" class=\"wp-block-gutentor-e1 section-g-iplp51u gutentor-element gutentor-element-advanced-text\"><div class=\"gutentor-text-wrap\"><p class=\"gutentor-text\">Juntos, Redefiniendo la EF<\/p><\/div><\/div>\n\n\n\n<div id=\"section-g-mw5kl01\" class=\"wp-block-gutentor-e1 section-g-mw5kl01 gutentor-element gutentor-element-advanced-text\"><div class=\"gutentor-text-wrap\"><p class=\"gutentor-text\">\u00danete nosotras para explorar nuevas estrategias pedag\u00f3gicas y aplicaciones de los deportes alternativos.<\/p><\/div><\/div>\n\n\n\n<div id=\"section-g-1us11l5\" class=\"wp-block-gutentor-e2 section-g-1us11l5 gutentor-element gutentor-element-button\"><span class=\"gutentor-button-wrap\"><a class=\"gutentor-button gutentor-block-button gutentor-icon-hide\" href=\"https:\/\/forms.gle\/9RcEa7aKXcBCKnNTA\" target=\"_blank\" rel=\" noopener noreferrer\"><i class=\"gutentor-button-icon fas fa-book\"><\/i><span><strong>\u00a1Quiero inscribirme! <\/strong><\/span><\/a><\/span><\/div>\n<\/div><\/div><\/div><\/div>\n\n\n\n<div id=\"col-g-pglv1om\" class=\"wp-block-gutentor-m5-col col-g-pglv1om gutentor-slider-item\"><div id=\"section-g-pglv1om\" class=\"section-g-pglv1om gutentor-col-wrap has-image-normal has-custom-bg\"><img decoding=\"async\" src=\"https:\/\/apefadal.es\/wp-content\/uploads\/2026\/02\/Dodgeball-2026-scaled.jpg\" alt=\"\" \/><div class=\"gutentor-slider-caption\"><div class=\"grid-container\">\n<div id=\"section-g-f9f1sca\" class=\"wp-block-gutentor-e1 section-g-f9f1sca gutentor-element gutentor-element-advanced-text\"><div class=\"gutentor-text-wrap\"><p class=\"gutentor-text\">Tu Juego. Tu Regla. Tu Impacto.<\/p><\/div><\/div>\n\n\n\n<div id=\"section-g-t437dxp\" class=\"wp-block-gutentor-e1 section-g-t437dxp gutentor-element gutentor-element-advanced-text\"><div class=\"gutentor-text-wrap\"><p class=\"gutentor-text\">Experimenta las din\u00e1micas que construir\u00e1n el futuro de la Educaci\u00f3n F\u00edsica. Tu creatividad impulsa el cambio.<\/p><\/div><\/div>\n\n\n\n<div id=\"section-g-vjovw8o\" class=\"wp-block-gutentor-e2 section-g-vjovw8o gutentor-element gutentor-element-button button-align-left-desktop\"><span class=\"gutentor-button-wrap\"><a class=\"gutentor-button gutentor-block-button gutentor-icon-hide\" href=\"https:\/\/forms.gle\/9RcEa7aKXcBCKnNTA\" target=\"_blank\" rel=\" noopener noreferrer\"><i class=\"gutentor-button-icon fas fa-book\"><\/i><span><strong>\u00a1<strong>Quiero inscribirme! <\/strong><\/strong><\/span><\/a><\/span><\/div>\n<\/div><\/div><\/div><\/div>\n\n\n\n<div id=\"col-g-zq637y7\" class=\"wp-block-gutentor-m5-col col-g-zq637y7 gutentor-slider-item\"><div id=\"section-g-zq637y7\" class=\"section-g-zq637y7 gutentor-col-wrap has-image-normal has-custom-bg\"><img decoding=\"async\" src=\"https:\/\/apefadal.es\/wp-content\/uploads\/2026\/02\/Kubb-2026-scaled.jpg\" alt=\"\" \/><div class=\"gutentor-slider-caption\"><div class=\"grid-container\">\n<div id=\"section-g-svsvmmx\" class=\"wp-block-gutentor-e1 section-g-svsvmmx gutentor-element gutentor-element-advanced-text\"><div class=\"gutentor-text-wrap\"><p class=\"gutentor-text\"><strong>El Eco de Nuestra Pasi\u00f3n<\/strong><\/p><\/div><\/div>\n\n\n\n<div id=\"section-g-xd1p8h1\" class=\"wp-block-gutentor-e1 section-g-xd1p8h1 gutentor-element gutentor-element-advanced-text\"><div class=\"gutentor-text-wrap\"><p class=\"gutentor-text\">El impacto de nuestras metodolog\u00edas resuena en cada paso y cada movimiento. Lleva la energ\u00eda del juego a tu centro.<\/p><\/div><\/div>\n\n\n\n<div id=\"section-g-q8lh7l1\" class=\"wp-block-gutentor-e2 section-g-q8lh7l1 gutentor-element gutentor-element-button\"><span class=\"gutentor-button-wrap\"><a class=\"gutentor-button gutentor-block-button gutentor-icon-hide\" href=\"https:\/\/forms.gle\/9RcEa7aKXcBCKnNTA\" target=\"_blank\" rel=\" noopener noreferrer\"><i class=\"gutentor-button-icon fas fa-book\"><\/i><span><strong>\u00a1<strong>Quiero inscribirme! <\/strong><\/strong><\/span><\/a><\/span><\/div>\n<\/div><\/div><\/div><\/div>\n<\/div><\/section>\n\n\n\n<section id=\"g-7d77677\" class=\"section-g-7d77677 gutentor-module gutentor-module-accordion has-gutentor-overlay\"><div class=\"grid-container\">\n<div id=\"g-stk2pdk\" class=\"wp-block-gutentor-m6-item section-g-stk2pdk gutentor-module gutentor-module-accordion-item\"><div class=\"gutentor-module-accordion-panel g-a-panel-g-7d77677\"><div class=\"gm-ah-g-7d77677 gutentor-module-accordion-item-heading gutentor-module-icon-position-right\"><span class=\"gutentor-module-accordion-panel-handler\" role=\"button\"><span class=\"gutentor-module-accordion-panel-handler-label\">DATOS GENERALES<\/span><span class=\"gutentor-module-accordion-icon\"><i class=\"gm-aio-g-7d77677 gutentor-module-accordion-icon-open fas fa-plus\"><\/i><i class=\"gm-aic-g-7d77677 gutentor-module-accordion-icon-close fas fa-minus\"><\/i><\/span><\/span><\/div><div class=\"gm-ab-g-7d77677 gutentor-module-accordion-body\">\n<div id=\"section-g-75lly1b\" class=\"wp-block-gutentor-e0 section-g-75lly1b gutentor-element gutentor-element-advanced-text\"><div class=\"gutentor-text-wrap\"><p class=\"gutentor-text\"><strong>HORAS \/ CR\u00c9DITOS:&nbsp;<\/strong>10H \/ 1 CR\u00c9DITOS<br><strong>MODALIDAD:&nbsp;<\/strong>PRESENCIAL- V\u00c1LIDO PARA SEXENIOS<br><strong>FECHA COMIENZO ACTIVIDAD:<\/strong>&nbsp;11\/04\/2026<br><strong>FECHA FIN ACTIVIDAD:<\/strong>&nbsp;11\/04\/2026<br><strong>HORARIO DE LA ACTIVIDAD:<\/strong> De 10 a 14h y de 15:30 a 19:30h<br><strong>LUGAR DE REALIZACI\u00d3N:<\/strong>&nbsp;Parque de Polvoranca \u2013 Alcorc\u00f3n \/ Legan\u00e9s<br><strong>PRECIO:<\/strong>&nbsp;Personas asociadas 45,02 \u20acuros, Nuevas socias* 50,02 \u20acuros y no asociadas 70,02 \u20acuros.&nbsp;<\/p><\/div><\/div>\n<\/div><\/div><\/div>\n\n\n\n<div id=\"g-pk621p0\" class=\"wp-block-gutentor-m6-item section-g-pk621p0 gutentor-module gutentor-module-accordion-item\"><div class=\"gutentor-module-accordion-panel g-a-panel-g-7d77677\"><div class=\"gm-ah-g-7d77677 gutentor-module-accordion-item-heading gutentor-module-icon-position-right\"><span class=\"gutentor-module-accordion-panel-handler\" role=\"button\"><span class=\"gutentor-module-accordion-panel-handler-label\">INSCRIPCI\u00d3N Y DISPONIBILIDAD DE PLAZAS<\/span><span class=\"gutentor-module-accordion-icon\"><i class=\"gm-aio-g-7d77677 gutentor-module-accordion-icon-open fas fa-plus\"><\/i><i class=\"gm-aic-g-7d77677 gutentor-module-accordion-icon-close fas fa-minus\"><\/i><\/span><\/span><\/div><div class=\"gm-ab-g-7d77677 gutentor-module-accordion-body\">\n<div id=\"section-g-c1l175u\" class=\"wp-block-gutentor-e0 section-g-c1l175u gutentor-element gutentor-element-advanced-text\"><div class=\"gutentor-text-wrap\"><p class=\"gutentor-text\">Puedes inscribirte a trav\u00e9s del enlace: <a href=\"https:\/\/forms.gle\/9RcEa7aKXcBCKnNTA\">https:\/\/forms.gle\/9RcEa7aKXcBCKnNTA<\/a><br><br><\/p><\/div><\/div>\n\n\n\n<div id=\"section-g-dsjd1bj\" class=\"wp-block-gutentor-e2 section-g-dsjd1bj gutentor-element gutentor-element-button button-align-center-desktop button-align-center-tablet button-align-center-mobile\"><span class=\"gutentor-button-wrap\"><a class=\"gutentor-button gutentor-block-button gutentor-icon-hide\" href=\"https:\/\/forms.gle\/9RcEa7aKXcBCKnNTA\" target=\"_blank\" rel=\" noopener noreferrer\"><i class=\"gutentor-button-icon fas fa-book\"><\/i><span><strong>Formulario de Inscripci\u00f3n<\/strong><\/span><\/a><\/span><\/div>\n\n\n\n<div id=\"section-g-btyna22\" class=\"wp-block-gutentor-e9 section-g-btyna22 gutentor-element gutentor-element-progressbar\"><div class=\"gutentor-element-progressbar-box\"><div class=\"gutentor-element-progressbar-horizontal-wrap\"><span class=\"gutentor-element-progressbar-horizontal default\" data-width=\"100\"><span class=\"gutentor-element-progressbar-text\"><span>Plazas LIBRES 30\/30<\/span><span>100%<\/span><\/span><\/span><\/div><\/div><\/div>\n<\/div><\/div><\/div>\n\n\n\n<div id=\"g-0rre1rd\" class=\"wp-block-gutentor-m6-item section-g-0rre1rd gutentor-module gutentor-module-accordion-item\"><div class=\"gutentor-module-accordion-panel g-a-panel-g-7d77677\"><div class=\"gm-ah-g-7d77677 gutentor-module-accordion-item-heading gutentor-module-icon-position-right\"><span class=\"gutentor-module-accordion-panel-handler\" role=\"button\"><span class=\"gutentor-module-accordion-panel-handler-label\">JUSTIFICACI\u00d3N Y L\u00cdNEAS PRIORITARIAS<\/span><span class=\"gutentor-module-accordion-icon\"><i class=\"gm-aio-g-7d77677 gutentor-module-accordion-icon-open fas fa-plus\"><\/i><i class=\"gm-aic-g-7d77677 gutentor-module-accordion-icon-close fas fa-minus\"><\/i><\/span><\/span><\/div><div class=\"gm-ab-g-7d77677 gutentor-module-accordion-body\">\n<div id=\"section-g-n696kxl\" class=\"wp-block-gutentor-e0 section-g-n696kxl gutentor-element gutentor-element-advanced-text\"><div class=\"gutentor-text-wrap\"><p class=\"gutentor-text\">La Educaci\u00f3n F\u00edsica actual no puede seguir anclada en modelos de control absoluto.<br>Atendemos espec\u00edficamente a la l\u00ednea prioritaria:<br><strong>2. Actualizaci\u00f3n e innovaci\u00f3n metodol\u00f3gica:<\/strong> Este curso justifica la necesidad de una <strong>innovaci\u00f3n metodol\u00f3gica real<\/strong>, donde el juego sea el protagonista y el docente el facilitador de experiencias.<br>&nbsp;<br><strong>Enfoques Tem\u00e1ticos Vinculados<\/strong><br><strong>Mejora de la convivencia:<\/strong> Al eliminar la jerarqu\u00eda del \u00abjugador experto\u00bb mediante la desdeportivizaci\u00f3n, el clima social mejora. El caos controlado de estas actividades obliga a la comunicaci\u00f3n constante y al respeto, previniendo conductas de acoso.<br><strong>Atenci\u00f3n a la diversidad:<\/strong> El Roundnet y el Kubb son juegos de \u00abentrada f\u00e1cil\u00bb y \u00abmaestr\u00eda compleja\u00bb. Esto permite que cualquier alumno\/a, sin importar su nivel motriz o procedencia, se convierta en un nodo vital del juego, logrando una equidad real y efectiva.<\/p><\/div><\/div>\n<\/div><\/div><\/div>\n\n\n\n<div id=\"g-27ujjba\" class=\"wp-block-gutentor-m6-item section-g-27ujjba gutentor-module gutentor-module-accordion-item\"><div class=\"gutentor-module-accordion-panel g-a-panel-g-7d77677\"><div class=\"gm-ah-g-7d77677 gutentor-module-accordion-item-heading gutentor-module-icon-position-right\"><span class=\"gutentor-module-accordion-panel-handler\" role=\"button\"><span class=\"gutentor-module-accordion-panel-handler-label\">OBJETIVOS DEL CURSO<\/span><span class=\"gutentor-module-accordion-icon\"><i class=\"gm-aio-g-7d77677 gutentor-module-accordion-icon-open fas fa-plus\"><\/i><i class=\"gm-aic-g-7d77677 gutentor-module-accordion-icon-close fas fa-minus\"><\/i><\/span><\/span><\/div><div class=\"gm-ab-g-7d77677 gutentor-module-accordion-body\">\n<div id=\"section-g-c8leer7\" class=\"wp-block-gutentor-e0 section-g-c8leer7 gutentor-element gutentor-element-advanced-text\"><div class=\"gutentor-text-wrap\"><p class=\"gutentor-text\"><strong>Experimentar la Pedagog\u00eda del Caos:<\/strong> Vivenciar c\u00f3mo el orden y el aprendizaje surgen de forma natural sin necesidad de una direcci\u00f3n r\u00edgida.<br><br><strong>Dominar la Ciencia de los Atractores:<\/strong> Aprender a usar el material (Roundnet, Kubb, Dodgeball) como un im\u00e1n que organiza la actividad y el inter\u00e9s del alumnado.<br><br><strong>Aplicar la Desdeportivizaci\u00f3n Pr\u00e1ctica:<\/strong> Transformar el deporte competitivo en un sistema de juego abierto, inclusivo y altamente motivador.<br><br><strong>Gestionar Sistemas Din\u00e1micos:<\/strong> Adquirir herramientas para intervenir en el juego mediante peque\u00f1as \u00abperturbaciones\u00bb que cambien la din\u00e1mica grupal sin detener la actividad.<\/p><\/div><\/div>\n<\/div><\/div><\/div>\n\n\n\n<div id=\"g-6ni1nca\" class=\"wp-block-gutentor-m6-item section-g-6ni1nca gutentor-module gutentor-module-accordion-item\"><div class=\"gutentor-module-accordion-panel g-a-panel-g-7d77677\"><div class=\"gm-ah-g-7d77677 gutentor-module-accordion-item-heading gutentor-module-icon-position-right\"><span class=\"gutentor-module-accordion-panel-handler\" role=\"button\"><span class=\"gutentor-module-accordion-panel-handler-label\">CONTENIDOS DEL CURSO<\/span><span class=\"gutentor-module-accordion-icon\"><i class=\"gm-aio-g-7d77677 gutentor-module-accordion-icon-open fas fa-plus\"><\/i><i class=\"gm-aic-g-7d77677 gutentor-module-accordion-icon-close fas fa-minus\"><\/i><\/span><\/span><\/div><div class=\"gm-ab-g-7d77677 gutentor-module-accordion-body\">\n<div id=\"section-g-8io30xv\" class=\"wp-block-gutentor-e0 section-g-8io30xv gutentor-element gutentor-element-advanced-text\"><div class=\"gutentor-text-wrap\"><p class=\"gutentor-text\"><strong>Del Control a la Emergencia:<\/strong> C\u00f3mo transitar de una clase dirigida a una sesi\u00f3n autoorganizada.<br><br><strong>Atractores de Juego:<\/strong> An\u00e1lisis pr\u00e1ctico de la l\u00f3gica interna del <strong>Roundnet, Kubb y Dodgeball<\/strong>.<br><br><strong>T\u00e9cnicas de Desdeportivizaci\u00f3n:<\/strong> Estrategias para hackear los reglamentos tradicionales y maximizar la participaci\u00f3n.<br><br><strong>Dise\u00f1o de Micro-Ecosistemas:<\/strong> Creaci\u00f3n de situaciones de aprendizaje basadas en microgrupos de alta interacci\u00f3n.<br><br><strong>La Gesti\u00f3n del Conflicto como Fluctuaci\u00f3n:<\/strong> El error y el roce social como motores de aprendizaje y convivencia.<\/p><\/div><\/div>\n<\/div><\/div><\/div>\n\n\n\n<div id=\"g-bd112fk\" class=\"wp-block-gutentor-m6-item section-g-bd112fk gutentor-module gutentor-module-accordion-item\"><div class=\"gutentor-module-accordion-panel g-a-panel-g-7d77677\"><div class=\"gm-ah-g-7d77677 gutentor-module-accordion-item-heading gutentor-module-icon-position-right\"><span class=\"gutentor-module-accordion-panel-handler\" role=\"button\"><span class=\"gutentor-module-accordion-panel-handler-label\">METODOLOG\u00cdA<\/span><span class=\"gutentor-module-accordion-icon\"><i class=\"gm-aio-g-7d77677 gutentor-module-accordion-icon-open fas fa-plus\"><\/i><i class=\"gm-aic-g-7d77677 gutentor-module-accordion-icon-close fas fa-minus\"><\/i><\/span><\/span><\/div><div class=\"gm-ab-g-7d77677 gutentor-module-accordion-body\">\n<div id=\"section-g-y7s9272\" class=\"wp-block-gutentor-e0 section-g-y7s9272 gutentor-element gutentor-element-advanced-text\"><div class=\"gutentor-text-wrap\"><p class=\"gutentor-text\">El curso arranca directamente con retos de juego donde el profesorado deber\u00e1 <strong>autoorganizarse<\/strong> para entender las reglas y la t\u00e1ctica. El docente facilitador no dar\u00e1 lecciones te\u00f3ricas; lanzar\u00e1 <strong>\u00abdesaf\u00edos de complejidad\u00bb<\/strong> (cambios de espacio, de compa\u00f1eros o de objetivos) para que el profesorado experimente en su propio cuerpo c\u00f3mo el sistema se reequilibra. Se cerrar\u00e1 cada bloque con una \u00abasamblea de emergencia\u00bb para reflexionar sobre c\u00f3mo trasladar este flujo de juego al patio del colegio.<\/p><\/div><\/div>\n<\/div><\/div><\/div>\n\n\n\n<div id=\"g-gp19c4l\" class=\"wp-block-gutentor-m6-item section-g-gp19c4l gutentor-module gutentor-module-accordion-item\"><div class=\"gutentor-module-accordion-panel g-a-panel-g-7d77677\"><div class=\"gm-ah-g-7d77677 gutentor-module-accordion-item-heading gutentor-module-icon-position-right\"><span class=\"gutentor-module-accordion-panel-handler\" role=\"button\"><span class=\"gutentor-module-accordion-panel-handler-label\">PONENTES<\/span><span class=\"gutentor-module-accordion-icon\"><i class=\"gm-aio-g-7d77677 gutentor-module-accordion-icon-open fas fa-plus\"><\/i><i class=\"gm-aic-g-7d77677 gutentor-module-accordion-icon-close fas fa-minus\"><\/i><\/span><\/span><\/div><div class=\"gm-ab-g-7d77677 gutentor-module-accordion-body\">\n<div id=\"section-g-ed7mj39\" class=\"wp-block-gutentor-e0 section-g-ed7mj39 gutentor-element gutentor-element-advanced-text\"><div class=\"gutentor-text-wrap\"><p class=\"gutentor-text\"><strong>Mart\u00ednez Colmenarejo, Daniel.<br><\/strong>Licenciado en Ciencias de la Actividad F\u00edsica y el Deporte, COLEGIADO: 58794. Especialista en innovaci\u00f3n educativa: Selecci\u00f3n y tratamiento de nuevos contenidos en Educaci\u00f3n F\u00edsica. Presidente de la Asociaci\u00f3n de profesorado ADAL.<\/p><\/div><\/div>\n<\/div><\/div><\/div>\n<\/div><\/section>\n","protected":false},"excerpt":{"rendered":"","protected":false},"author":1,"featured_media":0,"parent":0,"menu_order":0,"comment_status":"closed","ping_status":"closed","template":"template-gutentor-full-width.php","meta":{"footnotes":""},"class_list":["post-8217","page","type-page","status-publish","hentry"],"_links":{"self":[{"href":"https:\/\/apefadal.es\/index.php\/wp-json\/wp\/v2\/pages\/8217","targetHints":{"allow":["GET"]}}],"collection":[{"href":"https:\/\/apefadal.es\/index.php\/wp-json\/wp\/v2\/pages"}],"about":[{"href":"https:\/\/apefadal.es\/index.php\/wp-json\/wp\/v2\/types\/page"}],"author":[{"embeddable":true,"href":"https:\/\/apefadal.es\/index.php\/wp-json\/wp\/v2\/users\/1"}],"replies":[{"embeddable":true,"href":"https:\/\/apefadal.es\/index.php\/wp-json\/wp\/v2\/comments?post=8217"}],"version-history":[{"count":3,"href":"https:\/\/apefadal.es\/index.php\/wp-json\/wp\/v2\/pages\/8217\/revisions"}],"predecessor-version":[{"id":8307,"href":"https:\/\/apefadal.es\/index.php\/wp-json\/wp\/v2\/pages\/8217\/revisions\/8307"}],"wp:attachment":[{"href":"https:\/\/apefadal.es\/index.php\/wp-json\/wp\/v2\/media?parent=8217"}],"curies":[{"name":"wp","href":"https:\/\/api.w.org\/{rel}","templated":true}]}}