{"id":7575,"date":"2026-02-03T13:14:55","date_gmt":"2026-02-03T13:14:55","guid":{"rendered":"https:\/\/apefadal.es\/?page_id=7575"},"modified":"2026-04-17T07:15:41","modified_gmt":"2026-04-17T07:15:41","slug":"cursos-2026","status":"publish","type":"page","link":"https:\/\/apefadal.es\/index.php\/cursos-2026\/","title":{"rendered":"Cursos 2026"},"content":{"rendered":"\n<div class=\"wp-block-cover alignfull is-light wp-duotone-094850-f9644e-1\" style=\"margin-top:0;padding-top:48px;padding-right:48px;padding-bottom:48px;padding-left:48px;min-height:66vh;aspect-ratio:unset;\"><img loading=\"lazy\" decoding=\"async\" width=\"2560\" height=\"1920\" class=\"wp-block-cover__image-background wp-image-7581 size-full\" alt=\"\" src=\"https:\/\/apefadal.es\/wp-content\/uploads\/2026\/02\/20250408_183813-scaled.jpg\" data-object-fit=\"cover\" srcset=\"https:\/\/apefadal.es\/wp-content\/uploads\/2026\/02\/20250408_183813-scaled.jpg 2560w, https:\/\/apefadal.es\/wp-content\/uploads\/2026\/02\/20250408_183813-300x225.jpg 300w, https:\/\/apefadal.es\/wp-content\/uploads\/2026\/02\/20250408_183813-1024x768.jpg 1024w, https:\/\/apefadal.es\/wp-content\/uploads\/2026\/02\/20250408_183813-768x576.jpg 768w, https:\/\/apefadal.es\/wp-content\/uploads\/2026\/02\/20250408_183813-1536x1152.jpg 1536w, https:\/\/apefadal.es\/wp-content\/uploads\/2026\/02\/20250408_183813-2048x1536.jpg 2048w\" sizes=\"auto, (max-width: 2560px) 100vw, 2560px\" \/><span aria-hidden=\"true\" class=\"wp-block-cover__background has-background-dim-30 has-background-dim\" style=\"background-color:#788890\"><\/span><div class=\"wp-block-cover__inner-container is-layout-flow wp-block-cover-is-layout-flow\">\n<div class=\"wp-block-group is-content-justification-left\"><div class=\"wp-block-group__inner-container is-layout-constrained wp-container-core-group-is-layout-7206f975 wp-block-group-is-layout-constrained\">\n<div id=\"section-g-7wc8i1c\" class=\"wp-block-gutentor-e1 section-g-7wc8i1c gutentor-element gutentor-element-advanced-text\"><div class=\"gutentor-text-wrap\"><p class=\"gutentor-text\"><strong>DE LA G\u00c9NESIS A LA EMERGENCIA: <\/strong><br><strong>EL SALTO SIST\u00c9MICO DE ADAL<\/strong><\/p><\/div><\/div>\n<\/div><\/div>\n\n\n\n<div style=\"height:72px\" aria-hidden=\"true\" class=\"wp-block-spacer\"><\/div>\n<\/div><\/div>\n\n\n\n<div id=\"section-g-v4o44y4\" class=\"wp-block-gutentor-e1 section-g-v4o44y4 gutentor-element gutentor-element-advanced-text\"><div class=\"gutentor-text-wrap\"><p class=\"gutentor-text\"><strong>Somos tu Comunidad de Pr\u00e1ctica.<\/strong>&nbsp;Llevamos innovando desde el siglo pasado para que hoy t\u00fa puedas gestionar la complejidad del futuro. No somos una asociaci\u00f3n de paso; somos un ecosistema de conocimiento consolidado donde el mejor sistema din\u00e1mico eres t\u00fa.<\/p><\/div><\/div>\n\n\n\n<div id=\"section-g-tecdlmc\" class=\"wp-block-gutentor-e2 section-g-tecdlmc gutentor-element gutentor-element-button button-align-left-desktop button-align-left-tablet button-align-left-mobile\"><span class=\"gutentor-button-wrap\"><a class=\"gutentor-button gutentor-block-button gutentor-icon-hide\" href=\"https:\/\/apefadal.es\/index.php\/historia\/\"><i class=\"gutentor-button-icon fas fa-book\"><\/i><span>LEER M\u00c1S<\/span><\/a><\/span><\/div>\n\n\n\n<div id=\"section-g-bp6dtsi\" class=\"wp-block-gutentor-e1 section-g-bp6dtsi gutentor-element gutentor-element-advanced-text text-align-center-desktop text-align-center-mobile\"><div class=\"gutentor-text-wrap\"><p class=\"gutentor-text\">EXPERIENCIAS FORMATIVAS DE ADAL 2026:<\/p><\/div><\/div>\n\n\n\n<section id=\"g-7d77677\" class=\"section-g-7d77677 gutentor-module gutentor-module-accordion has-gutentor-overlay\"><div class=\"grid-container\">\n<div id=\"g-pk621p0\" class=\"wp-block-gutentor-m6-item section-g-pk621p0 gutentor-module gutentor-module-accordion-item gutentor-module-accordion-active\"><div class=\"gutentor-module-accordion-panel g-a-panel-g-7d77677\"><div class=\"gm-ah-g-7d77677 gutentor-module-accordion-item-heading gutentor-module-icon-position-right\"><span class=\"gutentor-module-accordion-panel-handler\" role=\"button\"><span class=\"gutentor-module-accordion-panel-handler-label\">Enredados en el juego. <br>Encuentros por la equidad y la diversidad.<\/span><span class=\"gutentor-module-accordion-icon gutentor-module-accordion-icon-active\"><i class=\"gm-aio-g-7d77677 gutentor-module-accordion-icon-open fas fa-plus\"><\/i><i class=\"gm-aic-g-7d77677 gutentor-module-accordion-icon-close fas fa-minus\"><\/i><\/span><\/span><\/div><div class=\"gm-ab-g-7d77677 gutentor-module-accordion-body\">\n<div id=\"section-g-p8lt1zp\" class=\"wp-block-gutentor-e0 section-g-p8lt1zp gutentor-element gutentor-element-advanced-text\"><div class=\"gutentor-text-wrap\"><p class=\"gutentor-text\">LEGAN\u00c9S 24\/03\/2026<br><br>Curso de preparaci\u00f3n para la participaci\u00f3n en los<strong> \u00abXXVI Encuentros de Juegos y Deportes Alternativos por la Igualdad y la Interculturalidad de la Comunidad de Madrid\u00bb.<\/strong> <br>Un simulacro de la log\u00edstica de la complejidad donde 23 centros crean una comunidad de pr\u00e1ctica. Utilizamos los deportes alternativos como perturbaciones positivas para desarticular sesgos de g\u00e9nero y generar un orden emergente basado en el respeto radical.<\/p><\/div><\/div>\n\n\n\n<div id=\"section-g-1lxulil\" class=\"wp-block-gutentor-e2 section-g-1lxulil gutentor-element gutentor-element-button\"><span class=\"gutentor-button-wrap\"><a class=\"gutentor-button gutentor-block-button gutentor-icon-hide\" href=\"https:\/\/apefadal.es\/index.php\/enredados-en-el-juego\/\"><i class=\"gutentor-button-icon fas fa-book\"><\/i><span><strong>+INFO<\/strong><\/span><\/a><\/span><\/div>\n<\/div><\/div><\/div>\n\n\n\n<div id=\"g-ttlleo0\" class=\"wp-block-gutentor-m6-item section-g-ttlleo0 gutentor-module gutentor-module-accordion-item\"><div class=\"gutentor-module-accordion-panel g-a-panel-g-7d77677\"><div class=\"gm-ah-g-7d77677 gutentor-module-accordion-item-heading gutentor-module-icon-position-right\"><span class=\"gutentor-module-accordion-panel-handler\" role=\"button\"><span class=\"gutentor-module-accordion-panel-handler-label\">Atractores del juego. <br>Roundnet, dodgeball, kubb y la pedagog\u00eda del caos.<\/span><span class=\"gutentor-module-accordion-icon\"><i class=\"gm-aio-g-7d77677 gutentor-module-accordion-icon-open fas fa-plus\"><\/i><i class=\"gm-aic-g-7d77677 gutentor-module-accordion-icon-close fas fa-minus\"><\/i><\/span><\/span><\/div><div class=\"gm-ab-g-7d77677 gutentor-module-accordion-body\">\n<div id=\"section-g-yiht1h1\" class=\"wp-block-gutentor-e0 section-g-yiht1h1 gutentor-element gutentor-element-advanced-text\"><div class=\"gutentor-text-wrap\"><p class=\"gutentor-text\">ALCORC\u00d3N 11\/04\/2026<br><br>Experimentamos c\u00f3mo el aprendizaje surge sin direcci\u00f3n r\u00edgida mediante el uso de Roundnet, Kubb y Dodgeball como imanes de participaci\u00f3n. El docente act\u00faa como facilitador de sistemas din\u00e1micos, transformando el roce social en un motor de convivencia.<\/p><\/div><\/div>\n\n\n\n<div id=\"section-g-aadbed7\" class=\"wp-block-gutentor-e2 section-g-aadbed7 gutentor-element gutentor-element-button\"><span class=\"gutentor-button-wrap\"><a class=\"gutentor-button gutentor-block-button gutentor-icon-hide\" href=\"https:\/\/apefadal.es\/index.php\/atractores-del-juego\/\"><i class=\"gutentor-button-icon fas fa-book\"><\/i><span><strong>+INFO<\/strong><\/span><\/a><\/span><\/div>\n<\/div><\/div><\/div>\n\n\n\n<div id=\"g-kc1q75k\" class=\"wp-block-gutentor-m6-item section-g-kc1q75k gutentor-module gutentor-module-accordion-item\"><div class=\"gutentor-module-accordion-panel g-a-panel-g-7d77677\"><div class=\"gm-ah-g-7d77677 gutentor-module-accordion-item-heading gutentor-module-icon-position-right\"><span class=\"gutentor-module-accordion-panel-handler\" role=\"button\"><span class=\"gutentor-module-accordion-panel-handler-label\">Equidad en el blanco. Microgrupos, macroimpactos.<\/span><span class=\"gutentor-module-accordion-icon\"><i class=\"gm-aio-g-7d77677 gutentor-module-accordion-icon-open fas fa-plus\"><\/i><i class=\"gm-aic-g-7d77677 gutentor-module-accordion-icon-close fas fa-minus\"><\/i><\/span><\/span><\/div><div class=\"gm-ab-g-7d77677 gutentor-module-accordion-body\">\n<div id=\"section-g-36496y1\" class=\"wp-block-gutentor-e0 section-g-36496y1 gutentor-element gutentor-element-advanced-text\"><div class=\"gutentor-text-wrap\"><p class=\"gutentor-text\">ALCORC\u00d3N 25\/04\/2026<br><br>Desaf\u00edos de precisi\u00f3n (Kubb, M\u00f6lkky, Cornhole) que funcionan como unidades m\u00ednimas de complejidad. Fomentamos la autonom\u00eda radical y el aprendizaje dial\u00f3gico para que el \u00e9xito motor sea una construcci\u00f3n colectiva, eliminando barreras de habilidad o g\u00e9nero.<\/p><\/div><\/div>\n\n\n\n<div id=\"section-g-4dz78mt\" class=\"wp-block-gutentor-e2 section-g-4dz78mt gutentor-element gutentor-element-button\"><span class=\"gutentor-button-wrap\"><a class=\"gutentor-button gutentor-block-button gutentor-icon-hide\" href=\"https:\/\/apefadal.es\/index.php\/equidad-en-el-blanco\/\"><i class=\"gutentor-button-icon fas fa-book\"><\/i><span><strong>+INFO<\/strong><\/span><\/a><\/span><\/div>\n<\/div><\/div><\/div>\n\n\n\n<div id=\"g-n9195g0\" class=\"wp-block-gutentor-m6-item section-g-n9195g0 gutentor-module gutentor-module-accordion-item\"><div class=\"gutentor-module-accordion-panel g-a-panel-g-7d77677\"><div class=\"gm-ah-g-7d77677 gutentor-module-accordion-item-heading gutentor-module-icon-position-right\"><span class=\"gutentor-module-accordion-panel-handler\" role=\"button\"><span class=\"gutentor-module-accordion-panel-handler-label\">Vuelos emergentes:<br>Autoorganizaci\u00f3n y coeducaci\u00f3n con frisbee.<\/span><span class=\"gutentor-module-accordion-icon\"><i class=\"gm-aio-g-7d77677 gutentor-module-accordion-icon-open fas fa-plus\"><\/i><i class=\"gm-aic-g-7d77677 gutentor-module-accordion-icon-close fas fa-minus\"><\/i><\/span><\/span><\/div><div class=\"gm-ab-g-7d77677 gutentor-module-accordion-body\">\n<div id=\"section-g-1sn1bmy\" class=\"wp-block-gutentor-e0 section-g-1sn1bmy gutentor-element gutentor-element-advanced-text\"><div class=\"gutentor-text-wrap\"><p class=\"gutentor-text\">ALCORC\u00d3N 9\/05\/2026<br><br>El aula se convierte en un laboratorio de sistemas complejos donde el disco act\u00faa como atractor. Dise\u00f1amos contextos de incertidumbre para que las soluciones t\u00e1cticas emerjan de la inteligencia colectiva y la norma negociada.<\/p><\/div><\/div>\n\n\n\n<div id=\"section-g-xh1oqq1\" class=\"wp-block-gutentor-e2 section-g-xh1oqq1 gutentor-element gutentor-element-button\"><span class=\"gutentor-button-wrap\"><a class=\"gutentor-button gutentor-block-button gutentor-icon-hide\" href=\"https:\/\/apefadal.es\/index.php\/vuelos-emergentes\/\"><i class=\"gutentor-button-icon fas fa-book\"><\/i><span><strong>+INFO<\/strong><\/span><\/a><\/span><\/div>\n<\/div><\/div><\/div>\n\n\n\n<div id=\"g-uhbiohi\" class=\"wp-block-gutentor-m6-item section-g-uhbiohi gutentor-module gutentor-module-accordion-item\"><div class=\"gutentor-module-accordion-panel g-a-panel-g-7d77677\"><div class=\"gm-ah-g-7d77677 gutentor-module-accordion-item-heading gutentor-module-icon-position-right\"><span class=\"gutentor-module-accordion-panel-handler\" role=\"button\"><span class=\"gutentor-module-accordion-panel-handler-label\">Coaching educativo:<br>Liderazgo y gesti\u00f3n de la emergencia emocional.<\/span><span class=\"gutentor-module-accordion-icon\"><i class=\"gm-aio-g-7d77677 gutentor-module-accordion-icon-open fas fa-plus\"><\/i><i class=\"gm-aic-g-7d77677 gutentor-module-accordion-icon-close fas fa-minus\"><\/i><\/span><\/span><\/div><div class=\"gm-ab-g-7d77677 gutentor-module-accordion-body\">\n<div id=\"section-g-7pxv37x\" class=\"wp-block-gutentor-e0 section-g-7pxv37x gutentor-element gutentor-element-advanced-text\"><div class=\"gutentor-text-wrap\"><p class=\"gutentor-text\">MADRID 23\/05\/2026<br><br>Herramientas para gestionar la complejidad de las relaciones humanas en el aula. El docente aprende a identificar fluctuaciones emocionales y a transformarlas en oportunidades de liderazgo compartido, creando un sistema-clase m\u00e1s resiliente.<\/p><\/div><\/div>\n\n\n\n<div id=\"section-g-pp7lll9\" class=\"wp-block-gutentor-e2 section-g-pp7lll9 gutentor-element gutentor-element-button\"><span class=\"gutentor-button-wrap\"><a class=\"gutentor-button gutentor-block-button gutentor-icon-hide\" href=\"https:\/\/apefadal.es\/index.php\/coaching-educativo\/\"><i class=\"gutentor-button-icon fas fa-book\"><\/i><span><strong>+INFO<\/strong><\/span><\/a><\/span><\/div>\n<\/div><\/div><\/div>\n\n\n\n<div id=\"g-ieeeuse\" class=\"wp-block-gutentor-m6-item section-g-ieeeuse gutentor-module gutentor-module-accordion-item\"><div class=\"gutentor-module-accordion-panel g-a-panel-g-7d77677\"><div class=\"gm-ah-g-7d77677 gutentor-module-accordion-item-heading gutentor-module-icon-position-right\"><span class=\"gutentor-module-accordion-panel-handler\" role=\"button\"><span class=\"gutentor-module-accordion-panel-handler-label\">Sistemas l\u00edquidos.  <br>Din\u00e1micas de flujo y comunidad de pr\u00e1ctica.<\/span><span class=\"gutentor-module-accordion-icon\"><i class=\"gm-aio-g-7d77677 gutentor-module-accordion-icon-open fas fa-plus\"><\/i><i class=\"gm-aic-g-7d77677 gutentor-module-accordion-icon-close fas fa-minus\"><\/i><\/span><\/span><\/div><div class=\"gm-ab-g-7d77677 gutentor-module-accordion-body\">\n<div id=\"section-g-ilix40k\" class=\"wp-block-gutentor-e0 section-g-ilix40k gutentor-element gutentor-element-advanced-text\"><div class=\"gutentor-text-wrap\"><p class=\"gutentor-text\">LOREDO <br>Primera edici\u00f3n: 6-7\/06\/2026 <br>Segunda edici\u00f3n: 13-14\/06\/2026 <br><br>En Sistemas L\u00edquidos, el surf es el pretexto; la gesti\u00f3n de la incertidumbre es el contenido. Al situar al profesorado en un entorno no estable, reseteamos las jerarqu\u00edas y permitimos que la <strong>inteligencia colectiva<\/strong> sea la que navegue la complejidad. Esta experiencia de inmersi\u00f3n total act\u00faa como un catalizador de sinergias: cuando el medio es fluido, la red de apoyo entre docentes se vuelve s\u00f3lida.<\/p><\/div><\/div>\n\n\n\n<div id=\"section-g-7mtrtg9\" class=\"wp-block-gutentor-e2 section-g-7mtrtg9 gutentor-element gutentor-element-button\"><span class=\"gutentor-button-wrap\"><a class=\"gutentor-button gutentor-block-button gutentor-icon-hide\" href=\"https:\/\/apefadal.es\/index.php\/sistemas-liquidos-dinamicas-de-flujo-y-comunidad-de-practica\/\"><i class=\"gutentor-button-icon fas fa-book\"><\/i><span><strong>+INFO<\/strong><\/span><\/a><\/span><\/div>\n<\/div><\/div><\/div>\n<\/div><\/section>\n\n\n\n<div id=\"section-g-1rn0r11\" class=\"wp-block-gutentor-e1 section-g-1rn0r11 gutentor-element gutentor-element-advanced-text text-align-center-desktop\"><div class=\"gutentor-text-wrap\"><p class=\"gutentor-text\">ACTIVIDADES DE FORMACI\u00d3N APROBADAS POR LA CONSEJER\u00cdA DE EDUCACI\u00d3N, CIENCIAS Y UNIVERSIDADES DE LA&nbsp;COMUNIDAD DE MADRID. DIRECCI\u00d3N GENERAL DE BILING\u00dcISMO Y CALIDAD DE LA ENSE\u00d1ANZA. <br><strong>SUBDIRECCI\u00d3N GENERAL DE PROGRAMAS DE INNOVACI\u00d3N Y FORMACI\u00d3N DE PROFESORADO.<\/strong><\/p><\/div><\/div>\n\n\n\n<p><\/p>\n","protected":false},"excerpt":{"rendered":"","protected":false},"author":1,"featured_media":0,"parent":0,"menu_order":0,"comment_status":"closed","ping_status":"closed","template":"template-gutentor-full-width.php","meta":{"footnotes":""},"class_list":["post-7575","page","type-page","status-publish","hentry"],"_links":{"self":[{"href":"https:\/\/apefadal.es\/index.php\/wp-json\/wp\/v2\/pages\/7575","targetHints":{"allow":["GET"]}}],"collection":[{"href":"https:\/\/apefadal.es\/index.php\/wp-json\/wp\/v2\/pages"}],"about":[{"href":"https:\/\/apefadal.es\/index.php\/wp-json\/wp\/v2\/types\/page"}],"author":[{"embeddable":true,"href":"https:\/\/apefadal.es\/index.php\/wp-json\/wp\/v2\/users\/1"}],"replies":[{"embeddable":true,"href":"https:\/\/apefadal.es\/index.php\/wp-json\/wp\/v2\/comments?post=7575"}],"version-history":[{"count":94,"href":"https:\/\/apefadal.es\/index.php\/wp-json\/wp\/v2\/pages\/7575\/revisions"}],"predecessor-version":[{"id":8701,"href":"https:\/\/apefadal.es\/index.php\/wp-json\/wp\/v2\/pages\/7575\/revisions\/8701"}],"wp:attachment":[{"href":"https:\/\/apefadal.es\/index.php\/wp-json\/wp\/v2\/media?parent=7575"}],"curies":[{"name":"wp","href":"https:\/\/api.w.org\/{rel}","templated":true}]}}