{"id":7287,"date":"2026-02-02T18:36:52","date_gmt":"2026-02-02T18:36:52","guid":{"rendered":"https:\/\/apefadal.es\/?page_id=7287"},"modified":"2026-03-18T09:08:48","modified_gmt":"2026-03-18T09:08:48","slug":"sistemas-liquidos-dinamicas-de-flujo-y-comunidad-de-practica","status":"publish","type":"page","link":"https:\/\/apefadal.es\/index.php\/sistemas-liquidos-dinamicas-de-flujo-y-comunidad-de-practica\/","title":{"rendered":"SISTEMAS L\u00cdQUIDOS: DIN\u00c1MICAS DE FLUJO Y COMUNIDAD DE PR\u00c1CTICA"},"content":{"rendered":"\n<div id=\"section-g-614ooh1\" class=\"wp-block-gutentor-e1 section-g-614ooh1 gutentor-element gutentor-element-advanced-text text-align-center-desktop text-align-center-mobile\"><div class=\"gutentor-text-wrap\"><p class=\"gutentor-text\">SISTEMAS L\u00cdQUIDOS: DIN\u00c1MICAS DE FLUJO Y COMUNIDAD DE PR\u00c1CTICA<\/p><\/div><\/div>\n\n\n\n<section id=\"g-r1zlos1\" class=\"wp-block-gutentor-m5 section-g-r1zlos1 gutentor-module gutentor-module-slider gutentor-slick-a-default-desktop gutentor-module-caption-enabled\"><div class=\"gutentor-module-slider-row\" data-dots=\"false\" data-dotstablet=\"false\" data-dotsmobile=\"false\" data-nextarrow=\"fas fa-angle-right\" data-prevarrow=\"fas fa-angle-left\" data-arrows=\"true\" data-arrowstablet=\"true\" data-arrowsmobile=\"true\" data-fade=\"false\" data-draggable=\"true\" data-infinite=\"true\" data-autoplay=\"true\" data-pauseonfocus=\"true\" data-pauseonhover=\"false\" data-speed=\"300\" data-autoplayspeed=\"10000\" data-arrowspositiondesktop=\"gutentor-slick-a-default-desktop\">\n<div id=\"col-g-jall5ll\" class=\"wp-block-gutentor-m5-col col-g-jall5ll gutentor-slider-item\"><div id=\"section-g-jall5ll\" class=\"section-g-jall5ll gutentor-col-wrap has-image-normal has-custom-bg\"><img decoding=\"async\" src=\"https:\/\/apefadal.es\/wp-content\/uploads\/2026\/02\/Foto-1-Slider-SURF-2026-sin-filtro-scaled.jpg\" alt=\"\" \/><div class=\"gutentor-slider-caption\"><div class=\"grid-container\">\n<div id=\"section-g-iplp51u\" class=\"wp-block-gutentor-e1 section-g-iplp51u gutentor-element gutentor-element-advanced-text\"><div class=\"gutentor-text-wrap\"><p class=\"gutentor-text\">COMUNIDADES DE PR\u00c1CTICA<\/p><\/div><\/div>\n\n\n\n<div id=\"section-g-mw5kl01\" class=\"wp-block-gutentor-e1 section-g-mw5kl01 gutentor-element gutentor-element-advanced-text\"><div class=\"gutentor-text-wrap\"><p class=\"gutentor-text\">Un espacio de aprendizaje dial\u00f3gico donde el profesorado intercambia experiencias y construye conocimiento compartido sobre la superficie l\u00edquida.<\/p><\/div><\/div>\n\n\n\n<div id=\"section-g-1us11l5\" class=\"wp-block-gutentor-e2 section-g-1us11l5 gutentor-element gutentor-element-button\"><span class=\"gutentor-button-wrap\"><a class=\"gutentor-button gutentor-block-button gutentor-icon-hide\" href=\"https:\/\/forms.gle\/bfoXV7um3zz4ETk37\" target=\"_blank\" rel=\" noopener noreferrer\"><i class=\"gutentor-button-icon fas fa-book\"><\/i><span><strong>\u00a1Quiero inscribirme! <\/strong><\/span><\/a><\/span><\/div>\n<\/div><\/div><\/div><\/div>\n\n\n\n<div id=\"col-g-pglv1om\" class=\"wp-block-gutentor-m5-col col-g-pglv1om gutentor-slider-item\"><div id=\"section-g-pglv1om\" class=\"section-g-pglv1om gutentor-col-wrap has-image-normal has-custom-bg\"><img decoding=\"async\" src=\"https:\/\/apefadal.es\/wp-content\/uploads\/2026\/02\/Foto-3-Slider-SURF-2026-scaled.jpg\" alt=\"\" \/><div class=\"gutentor-slider-caption\"><div class=\"grid-container\">\n<div id=\"section-g-f9f1sca\" class=\"wp-block-gutentor-e1 section-g-f9f1sca gutentor-element gutentor-element-advanced-text\"><div class=\"gutentor-text-wrap\"><p class=\"gutentor-text\">DISE\u00d1A LA INCERTIDUMBRE<\/p><\/div><\/div>\n\n\n\n<div id=\"section-g-t437dxp\" class=\"wp-block-gutentor-e1 section-g-t437dxp gutentor-element gutentor-element-advanced-text\"><div class=\"gutentor-text-wrap\"><p class=\"gutentor-text\">Evoluciona tu competencia docente en entornos no estables, integrando el medio acu\u00e1tico como un recurso pedag\u00f3gico innovador y resiliente.<\/p><\/div><\/div>\n\n\n\n<div id=\"section-g-vjovw8o\" class=\"wp-block-gutentor-e2 section-g-vjovw8o gutentor-element gutentor-element-button button-align-left-desktop\"><span class=\"gutentor-button-wrap\"><a class=\"gutentor-button gutentor-block-button gutentor-icon-hide\" href=\"https:\/\/forms.gle\/bfoXV7um3zz4ETk37\" target=\"_blank\" rel=\" noopener noreferrer\"><i class=\"gutentor-button-icon fas fa-book\"><\/i><span><strong>\u00a1<strong>Quiero inscribirme! <\/strong><\/strong><\/span><\/a><\/span><\/div>\n<\/div><\/div><\/div><\/div>\n\n\n\n<div id=\"col-g-zq637y7\" class=\"wp-block-gutentor-m5-col col-g-zq637y7 gutentor-slider-item\"><div id=\"section-g-zq637y7\" class=\"section-g-zq637y7 gutentor-col-wrap has-image-normal has-custom-bg\"><img decoding=\"async\" src=\"https:\/\/apefadal.es\/wp-content\/uploads\/2026\/02\/Foto-2-Slider-SURF-2026-sin-filtro-scaled.jpg\" alt=\"\" \/><div class=\"gutentor-slider-caption\"><div class=\"grid-container\">\n<div id=\"section-g-svsvmmx\" class=\"wp-block-gutentor-e1 section-g-svsvmmx gutentor-element gutentor-element-advanced-text\"><div class=\"gutentor-text-wrap\"><p class=\"gutentor-text\"><strong>ECOSISTEMAS SOSTENIBLES<\/strong><\/p><\/div><\/div>\n\n\n\n<div id=\"section-g-xd1p8h1\" class=\"wp-block-gutentor-e1 section-g-xd1p8h1 gutentor-element gutentor-element-advanced-text\"><div class=\"gutentor-text-wrap\"><p class=\"gutentor-text\">Innovaci\u00f3n \u00e9tica y convivencia en el medio natural. Transforma la motricidad en una herramienta de respeto medioambiental y cohesi\u00f3n grupal.<\/p><\/div><\/div>\n\n\n\n<div id=\"section-g-q8lh7l1\" class=\"wp-block-gutentor-e2 section-g-q8lh7l1 gutentor-element gutentor-element-button\"><span class=\"gutentor-button-wrap\"><a class=\"gutentor-button gutentor-block-button gutentor-icon-hide\" href=\"https:\/\/forms.gle\/bfoXV7um3zz4ETk37\" target=\"_blank\" rel=\" noopener noreferrer\"><i class=\"gutentor-button-icon fas fa-book\"><\/i><span><strong>\u00a1<strong>Quiero inscribirme! <\/strong><\/strong><\/span><\/a><\/span><\/div>\n<\/div><\/div><\/div><\/div>\n<\/div><\/section>\n\n\n\n<div id=\"section-g-iillmlt\" class=\"wp-block-gutentor-e1 section-g-iillmlt gutentor-element gutentor-element-advanced-text text-align-center-desktop text-align-center-tablet text-align-center-mobile\"><div class=\"gutentor-text-wrap\"><p class=\"gutentor-text\">CURSO DEL FIN DE SEMANA DEL 6-7 DE JUNIO COMPLETO &#8211; PLAZAS LIBRES PARA EL FIN DE SEMANA DEL 13 Y 14 DE JUNIO<\/p><\/div><\/div>\n\n\n\n<section id=\"g-7d77677\" class=\"section-g-7d77677 gutentor-module gutentor-module-accordion has-gutentor-overlay\"><div class=\"grid-container\">\n<div id=\"g-711wb75\" class=\"wp-block-gutentor-m6-item section-g-711wb75 gutentor-module gutentor-module-accordion-item\"><div class=\"gutentor-module-accordion-panel g-a-panel-g-7d77677\"><div class=\"gm-ah-g-7d77677 gutentor-module-accordion-item-heading gutentor-module-icon-position-right\"><span class=\"gutentor-module-accordion-panel-handler\" role=\"button\"><span class=\"gutentor-module-accordion-panel-handler-label\">SEGUNDA FECHA &#8211; CURSO 13 Y 14 DE JUNIO &#8211; DATOS <\/span><span class=\"gutentor-module-accordion-icon\"><i class=\"gm-aio-g-7d77677 gutentor-module-accordion-icon-open fas fa-plus\"><\/i><i class=\"gm-aic-g-7d77677 gutentor-module-accordion-icon-close fas fa-minus\"><\/i><\/span><\/span><\/div><div class=\"gm-ab-g-7d77677 gutentor-module-accordion-body\">\n<div id=\"section-g-a9a7kn9\" class=\"wp-block-gutentor-e0 section-g-a9a7kn9 gutentor-element gutentor-element-advanced-text\"><div class=\"gutentor-text-wrap\"><p class=\"gutentor-text\"><strong>HORAS \/ CR\u00c9DITOS:&nbsp;<\/strong>10H \/ 1 CR\u00c9DITOS<br><strong>MODALIDAD:&nbsp;<\/strong>PRESENCIAL- V\u00c1LIDO PARA SEXENIOS<br><strong>FECHA COMIENZO ACTIVIDAD:<\/strong>&nbsp;13\/06\/2026<br><strong>FECHA FIN ACTIVIDAD:<\/strong>&nbsp;14\/06\/2026<br><strong>LUGAR DE REALIZACI\u00d3N:<\/strong>&nbsp;Loredo, Cantabria<br><strong>PRECIO*:<\/strong>&nbsp;<strong>Asociad@s 125,07 \u20acuros, Nuevos soci@s* 130\u00b407 \u20acuros &nbsp;y &nbsp;no asociad@s 150\u00b407 \u20acuros.&nbsp;<\/strong><br><br>Asociaci\u00f3n de Profesorado \u201cADAL\u201d C\u00f3digo cuenta&nbsp;Caixabank:&nbsp;ES08 2100 1139 4313 0024 5485<br>*Los c\u00e9ntimos son para identificar la actividad a la que pertenecen los pagos. El coste de la actividad tiene un recargo de <strong>10\u20ac en las inscripciones recibidas despu\u00e9s del 2 de <\/strong>junio. &nbsp;<strong>Las habitaciones individuales tienen un suplemento de 40\u20ac asociad@s, 45\u20ac nuev@ soci@ o 48\u20ac no soci@.<\/strong><\/p><\/div><\/div>\n<\/div><\/div><\/div>\n\n\n\n<div id=\"g-ctgf77e\" class=\"wp-block-gutentor-m6-item section-g-ctgf77e gutentor-module gutentor-module-accordion-item\"><div class=\"gutentor-module-accordion-panel g-a-panel-g-7d77677\"><div class=\"gm-ah-g-7d77677 gutentor-module-accordion-item-heading gutentor-module-icon-position-right\"><span class=\"gutentor-module-accordion-panel-handler\" role=\"button\"><span class=\"gutentor-module-accordion-panel-handler-label\">INSCRIPCI\u00d3N Y DISPONIBILIDAD DE PLAZAS 13-14\/JUNIO<\/span><span class=\"gutentor-module-accordion-icon\"><i class=\"gm-aio-g-7d77677 gutentor-module-accordion-icon-open fas fa-plus\"><\/i><i class=\"gm-aic-g-7d77677 gutentor-module-accordion-icon-close fas fa-minus\"><\/i><\/span><\/span><\/div><div class=\"gm-ab-g-7d77677 gutentor-module-accordion-body\">\n<div id=\"section-g-czaektc\" class=\"wp-block-gutentor-e0 section-g-czaektc gutentor-element gutentor-element-advanced-text\"><div class=\"gutentor-text-wrap\"><p class=\"gutentor-text\">Inscripci\u00f3n accediendo al formulario de inscripci\u00f3n: <a href=\"https:\/\/forms.gle\/PEDZFRmPgzjMWcqu8\">https:\/\/forms.gle\/bfoXV7um3zz4ETk37 <\/a><br>La inscripci\u00f3n se considera completa cuando llega la transferencia, no cuando se env\u00eda el justificante.<\/p><\/div><\/div>\n\n\n\n<div id=\"section-g-ewt4cty\" class=\"wp-block-gutentor-e2 section-g-ewt4cty gutentor-element gutentor-element-button button-align-center-desktop button-align-center-tablet button-align-center-mobile\"><span class=\"gutentor-button-wrap\"><a class=\"gutentor-button gutentor-block-button gutentor-icon-hide\" href=\"https:\/\/forms.gle\/PEDZFRmPgzjMWcqu8\" target=\"_blank\" rel=\" noopener noreferrer\"><i class=\"gutentor-button-icon fas fa-book\"><\/i><span><strong>Formulario de Inscripci\u00f3n<\/strong><\/span><\/a><\/span><\/div>\n\n\n\n<div id=\"section-g-ye1pyv5\" class=\"wp-block-gutentor-e9 section-g-ye1pyv5 gutentor-element gutentor-element-progressbar\"><div class=\"gutentor-element-progressbar-box\"><div class=\"gutentor-element-progressbar-horizontal-wrap\"><span class=\"gutentor-element-progressbar-horizontal default\" data-width=\"98\"><span class=\"gutentor-element-progressbar-text\"><span>Plazas OCUPADAS 39\/40<\/span><span>98%<\/span><\/span><\/span><\/div><\/div><\/div>\n<\/div><\/div><\/div>\n\n\n\n<div id=\"g-stk2pdk\" class=\"wp-block-gutentor-m6-item section-g-stk2pdk gutentor-module gutentor-module-accordion-item\"><div class=\"gutentor-module-accordion-panel g-a-panel-g-7d77677\"><div class=\"gm-ah-g-7d77677 gutentor-module-accordion-item-heading gutentor-module-icon-position-right\"><span class=\"gutentor-module-accordion-panel-handler\" role=\"button\"><span class=\"gutentor-module-accordion-panel-handler-label\">CURSO 6 Y 7 DE JUNIO &#8211; COMPLETO  &#8211; DATOS GENERALES<\/span><span class=\"gutentor-module-accordion-icon\"><i class=\"gm-aio-g-7d77677 gutentor-module-accordion-icon-open fas fa-plus\"><\/i><i class=\"gm-aic-g-7d77677 gutentor-module-accordion-icon-close fas fa-minus\"><\/i><\/span><\/span><\/div><div class=\"gm-ab-g-7d77677 gutentor-module-accordion-body\">\n<div id=\"section-g-75lly1b\" class=\"wp-block-gutentor-e0 section-g-75lly1b gutentor-element gutentor-element-advanced-text\"><div class=\"gutentor-text-wrap\"><p class=\"gutentor-text\"><strong>HORAS \/ CR\u00c9DITOS:&nbsp;<\/strong>10H \/ 1 CR\u00c9DITOS<br><strong>MODALIDAD:&nbsp;<\/strong>PRESENCIAL- V\u00c1LIDO PARA SEXENIOS<br><strong>FECHA COMIENZO ACTIVIDAD:<\/strong>&nbsp;06\/06\/2026<br><strong>FECHA FIN ACTIVIDAD:<\/strong>&nbsp;07\/06\/2026<br><strong>LUGAR DE REALIZACI\u00d3N:<\/strong>&nbsp;Loredo, Cantabria<br><strong>PRECIO*:<\/strong>&nbsp;<strong>Asociad@s 125,06 \u20acuros, Nuevos soci@s* 130\u00b406 \u20acuros &nbsp;y &nbsp;no asociad@s 150\u00b406 \u20acuros.&nbsp;<\/strong><br><br>Asociaci\u00f3n de Profesorado \u201cADAL\u201d C\u00f3digo cuenta&nbsp;Caixabank:&nbsp;ES08 2100 1139 4313 0024 5485<br>*Los c\u00e9ntimos son para identificar la actividad a la que pertenecen los pagos. El coste de la actividad tiene un recargo de <strong>10\u20ac en las inscripciones recibidas despu\u00e9s del 28 de mayo<\/strong>. &nbsp;<strong>Las habitaciones individuales tienen un suplemento de 40\u20ac asociad@s, 45\u20ac nuev@ soci@ o 48\u20ac no soci@.<\/strong><\/p><\/div><\/div>\n<\/div><\/div><\/div>\n\n\n\n<div id=\"g-pk621p0\" class=\"wp-block-gutentor-m6-item section-g-pk621p0 gutentor-module gutentor-module-accordion-item\"><div class=\"gutentor-module-accordion-panel g-a-panel-g-7d77677\"><div class=\"gm-ah-g-7d77677 gutentor-module-accordion-item-heading gutentor-module-icon-position-right\"><span class=\"gutentor-module-accordion-panel-handler\" role=\"button\"><span class=\"gutentor-module-accordion-panel-handler-label\">INSCRIPCI\u00d3N Y DISPONIBILIDAD DE PLAZAS 6-7\/JUNIO<\/span><span class=\"gutentor-module-accordion-icon\"><i class=\"gm-aio-g-7d77677 gutentor-module-accordion-icon-open fas fa-plus\"><\/i><i class=\"gm-aic-g-7d77677 gutentor-module-accordion-icon-close fas fa-minus\"><\/i><\/span><\/span><\/div><div class=\"gm-ab-g-7d77677 gutentor-module-accordion-body\">\n<div id=\"section-g-c1l175u\" class=\"wp-block-gutentor-e0 section-g-c1l175u gutentor-element gutentor-element-advanced-text\"><div class=\"gutentor-text-wrap\"><p class=\"gutentor-text\">Inscripci\u00f3n accediendo al formulario de inscripci\u00f3n: <a href=\"https:\/\/forms.gle\/9ZTPyyJ7Eo4fdD1x8\">https:\/\/forms.gle\/bfoXV7um3zz4ETk37 <\/a><br>La inscripci\u00f3n se considera completa cuando llega la transferencia, no cuando se env\u00eda el justificante.<\/p><\/div><\/div>\n\n\n\n<div id=\"section-g-dsjd1bj\" class=\"wp-block-gutentor-e2 section-g-dsjd1bj gutentor-element gutentor-element-button button-align-center-desktop button-align-center-tablet button-align-center-mobile\"><span class=\"gutentor-button-wrap\"><a class=\"gutentor-button gutentor-block-button gutentor-icon-hide\" href=\"https:\/\/forms.gle\/9ZTPyyJ7Eo4fdD1x8\" target=\"_blank\" rel=\" noopener noreferrer\"><i class=\"gutentor-button-icon fas fa-book\"><\/i><span><strong>Formulario de Inscripci\u00f3n<\/strong><\/span><\/a><\/span><\/div>\n\n\n\n<div id=\"section-g-btyna22\" class=\"wp-block-gutentor-e9 section-g-btyna22 gutentor-element gutentor-element-progressbar\"><div class=\"gutentor-element-progressbar-box\"><div class=\"gutentor-element-progressbar-horizontal-wrap\"><span class=\"gutentor-element-progressbar-horizontal default\" data-width=\"100\"><span class=\"gutentor-element-progressbar-text\"><span>Plazas ocupadas 40\/40<\/span><span>100%<\/span><\/span><\/span><\/div><\/div><\/div>\n<\/div><\/div><\/div>\n\n\n\n<div id=\"g-evue39y\" class=\"wp-block-gutentor-m6-item section-g-evue39y gutentor-module gutentor-module-accordion-item\"><div class=\"gutentor-module-accordion-panel g-a-panel-g-7d77677\"><div class=\"gm-ah-g-7d77677 gutentor-module-accordion-item-heading gutentor-module-icon-position-right\"><span class=\"gutentor-module-accordion-panel-handler\" role=\"button\"><span class=\"gutentor-module-accordion-panel-handler-label\">CARACTER\u00cdSTICAS<\/span><span class=\"gutentor-module-accordion-icon\"><i class=\"gm-aio-g-7d77677 gutentor-module-accordion-icon-open fas fa-plus\"><\/i><i class=\"gm-aic-g-7d77677 gutentor-module-accordion-icon-close fas fa-minus\"><\/i><\/span><\/span><\/div><div class=\"gm-ab-g-7d77677 gutentor-module-accordion-body\">\n<div id=\"section-g-ch5eh1g\" class=\"wp-block-gutentor-e0 section-g-ch5eh1g gutentor-element gutentor-element-advanced-text\"><div class=\"gutentor-text-wrap\"><p class=\"gutentor-text\">Actividad abierta al profesorado en general.<br><br>Dos noches de alojamiento en el hotel \u00abEstrella de Alemar\u00bb, en Loredo. En r\u00e9gimen de alojamiento y desayuno en habitaciones dobles. Las habitaciones individuales tienen un suplemento de <strong>40\u20ac asociad@s, 45\u20ac nuev@ soci@ o 48\u20ac no soci@<\/strong>. Existe la posibilidad de alojarse en habitaciones dobles con una cama supletoria para una tercera persona, las camas supletorias son de peor calidad. <a href=\"http:\/\/www.hotelestrelladelalemar.com\" data-type=\"link\" data-id=\"www.hotelestrelladelalemar.com\">hotelestrelladelalemar.com<\/a><br><br>Curso de Surf de 4 horas (2 horas diarias), el s\u00e1bado y el domingo en la escuela \u00abLoredo Surf School\u00bb en horario de ma\u00f1ana, un turno de 9 a 11 y otro de 11 a 13h, rotaremos los grupos para que no madrugu\u00e9is los mismos los dos d\u00edas. Con grupos reducidos y con opci\u00f3n gratuita de utilizar el material de forma libre, y bajo la responsabilidad de cada persona, el s\u00e1bado por la tarde. &nbsp; <a href=\"https:\/\/loredosurfschool.eu\/\" data-type=\"link\" data-id=\"https:\/\/loredosurfschool.eu\/\">loredosurfschool.eu<\/a><br><br>Las comidas y las cenas no est\u00e1n incluidas. Se realizar\u00e1n de forma libre.<br><br>El viaje se realizar\u00e1 en transporte privado. Intentaremos coordinarnos para llenar los coches y compartir gastos.<\/p><\/div><\/div>\n<\/div><\/div><\/div>\n\n\n\n<div id=\"g-0rre1rd\" class=\"wp-block-gutentor-m6-item section-g-0rre1rd gutentor-module gutentor-module-accordion-item\"><div class=\"gutentor-module-accordion-panel g-a-panel-g-7d77677\"><div class=\"gm-ah-g-7d77677 gutentor-module-accordion-item-heading gutentor-module-icon-position-right\"><span class=\"gutentor-module-accordion-panel-handler\" role=\"button\"><span class=\"gutentor-module-accordion-panel-handler-label\">OBJETIVOS<\/span><span class=\"gutentor-module-accordion-icon\"><i class=\"gm-aio-g-7d77677 gutentor-module-accordion-icon-open fas fa-plus\"><\/i><i class=\"gm-aic-g-7d77677 gutentor-module-accordion-icon-close fas fa-minus\"><\/i><\/span><\/span><\/div><div class=\"gm-ab-g-7d77677 gutentor-module-accordion-body\">\n<div id=\"section-g-n696kxl\" class=\"wp-block-gutentor-e0 section-g-n696kxl gutentor-element gutentor-element-advanced-text\"><div class=\"gutentor-text-wrap\"><p class=\"gutentor-text\"><strong>Evolucionar la competencia docente<\/strong> hacia entornos no estables, integrando la incertidumbre como recurso pedag\u00f3gico.<br><br><strong>Experimentar la hidrodin\u00e1mica aplicada<\/strong>, desarrollando habilidades motrices en medios acu\u00e1ticos variables que desaf\u00eden el centro de masas y el equilibrio din\u00e1mico.<br><br><strong>Fomentar la conciencia ecosist\u00e9mica<\/strong>, identificando las posibilidades pedag\u00f3gicas de los entornos naturales acu\u00e1ticos desde una perspectiva de respeto y sostenibilidad.<br><br><strong>Desarrollar manifestaciones complejas de la motricidad<\/strong>, analizando la interacci\u00f3n entre flotaci\u00f3n, propiocepci\u00f3n y fuerzas hidrodin\u00e1micas en estados de flujo.<\/p><\/div><\/div>\n<\/div><\/div><\/div>\n\n\n\n<div id=\"g-6ni1nca\" class=\"wp-block-gutentor-m6-item section-g-6ni1nca gutentor-module gutentor-module-accordion-item\"><div class=\"gutentor-module-accordion-panel g-a-panel-g-7d77677\"><div class=\"gm-ah-g-7d77677 gutentor-module-accordion-item-heading gutentor-module-icon-position-right\"><span class=\"gutentor-module-accordion-panel-handler\" role=\"button\"><span class=\"gutentor-module-accordion-panel-handler-label\">CONTENIDOS<\/span><span class=\"gutentor-module-accordion-icon\"><i class=\"gm-aio-g-7d77677 gutentor-module-accordion-icon-open fas fa-plus\"><\/i><i class=\"gm-aic-g-7d77677 gutentor-module-accordion-icon-close fas fa-minus\"><\/i><\/span><\/span><\/div><div class=\"gm-ab-g-7d77677 gutentor-module-accordion-body\">\n<div id=\"section-g-8io30xv\" class=\"wp-block-gutentor-e0 section-g-8io30xv gutentor-element gutentor-element-advanced-text\"><div class=\"gutentor-text-wrap\"><p class=\"gutentor-text\"><strong>Interacci\u00f3n con el Medio Fluido:<\/strong> Equipamiento y t\u00e9cnicas de progresi\u00f3n espec\u00edfica en sistemas acu\u00e1ticos din\u00e1micos.<br><strong>Lectura de la Complejidad Natural:<\/strong> Reconocimiento de corrientes, mareas y flujos. Gesti\u00f3n de la seguridad en sistemas abiertos.<br><br><strong>Ecosistemas de Aprendizaje Sostenible:<\/strong> Din\u00e1micas de ocio activo en sistemas l\u00f3ticos (r\u00edos), l\u00e9nticos (lagos) y marinos.<br><br><strong>Log\u00edstica de la Complejidad:<\/strong> Planificaci\u00f3n estrat\u00e9gica y gesti\u00f3n de riesgos en actividades docentes fuera del centro educativo.<br><br><strong>Protocolos de Emergencia y Resiliencia:<\/strong> Comunicaci\u00f3n y actuaci\u00f3n ante fluctuaciones cr\u00edticas en el medio natural.<\/p><\/div><\/div>\n<\/div><\/div><\/div>\n\n\n\n<div id=\"g-bd112fk\" class=\"wp-block-gutentor-m6-item section-g-bd112fk gutentor-module gutentor-module-accordion-item\"><div class=\"gutentor-module-accordion-panel g-a-panel-g-7d77677\"><div class=\"gm-ah-g-7d77677 gutentor-module-accordion-item-heading gutentor-module-icon-position-right\"><span class=\"gutentor-module-accordion-panel-handler\" role=\"button\"><span class=\"gutentor-module-accordion-panel-handler-label\">METODOLOG\u00cdA<\/span><span class=\"gutentor-module-accordion-icon\"><i class=\"gm-aio-g-7d77677 gutentor-module-accordion-icon-open fas fa-plus\"><\/i><i class=\"gm-aic-g-7d77677 gutentor-module-accordion-icon-close fas fa-minus\"><\/i><\/span><\/span><\/div><div class=\"gm-ab-g-7d77677 gutentor-module-accordion-body\">\n<div id=\"section-g-y7s9272\" class=\"wp-block-gutentor-e0 section-g-y7s9272 gutentor-element gutentor-element-advanced-text\"><div class=\"gutentor-text-wrap\"><p class=\"gutentor-text\">Se emplear\u00e1 una metodolog\u00eda <strong>reticular y colaborativa<\/strong>. El curso se constituye como una <strong>comunidad de pr\u00e1ctica<\/strong> donde el profesorado, situado en un entorno que les iguala (la superficie l\u00edquida), intercambia experiencias y resuelve retos motrices de forma colectiva. Se transitar\u00e1 desde la experimentaci\u00f3n individual de la flotabilidad y el equilibrio hasta la construcci\u00f3n de un conocimiento compartido sobre la gesti\u00f3n de grupos en el medio natural, priorizando el <strong>aprendizaje dial\u00f3gico<\/strong> y el apoyo mutuo ante la incertidumbre del medio.<\/p><\/div><\/div>\n<\/div><\/div><\/div>\n\n\n\n<div id=\"g-qg73qa7\" class=\"wp-block-gutentor-m6-item section-g-qg73qa7 gutentor-module gutentor-module-accordion-item\"><div class=\"gutentor-module-accordion-panel g-a-panel-g-7d77677\"><div class=\"gm-ah-g-7d77677 gutentor-module-accordion-item-heading gutentor-module-icon-position-right\"><span class=\"gutentor-module-accordion-panel-handler\" role=\"button\"><span class=\"gutentor-module-accordion-panel-handler-label\">CANCELACIONES<\/span><span class=\"gutentor-module-accordion-icon\"><i class=\"gm-aio-g-7d77677 gutentor-module-accordion-icon-open fas fa-plus\"><\/i><i class=\"gm-aic-g-7d77677 gutentor-module-accordion-icon-close fas fa-minus\"><\/i><\/span><\/span><\/div><div class=\"gm-ab-g-7d77677 gutentor-module-accordion-body\">\n<div id=\"section-g-9shsq9q\" class=\"wp-block-gutentor-e0 section-g-9shsq9q gutentor-element gutentor-element-advanced-text\"><div class=\"gutentor-text-wrap\"><p class=\"gutentor-text\">Recargo por devoluciones para cancelaciones (por cualquier motivo). Notificaciones recibidas:<br>\u2013 Sin recargo hasta 10 d\u00edas antes del comienzo de actividad (viernes)<br>\u2013 Entre 9 y 5 d\u00edas antes del comienzo del curso, recargo del&nbsp;<strong>20 % de la cuota total<\/strong><br>\u2013 Menos de 4 d\u00edas recargo del&nbsp;<strong>50 % de la cuota total<\/strong>.<\/p><\/div><\/div>\n<\/div><\/div><\/div>\n<\/div><\/section>\n","protected":false},"excerpt":{"rendered":"","protected":false},"author":1,"featured_media":0,"parent":0,"menu_order":0,"comment_status":"closed","ping_status":"closed","template":"template-gutentor-full-width.php","meta":{"footnotes":""},"class_list":["post-7287","page","type-page","status-publish","hentry"],"_links":{"self":[{"href":"https:\/\/apefadal.es\/index.php\/wp-json\/wp\/v2\/pages\/7287","targetHints":{"allow":["GET"]}}],"collection":[{"href":"https:\/\/apefadal.es\/index.php\/wp-json\/wp\/v2\/pages"}],"about":[{"href":"https:\/\/apefadal.es\/index.php\/wp-json\/wp\/v2\/types\/page"}],"author":[{"embeddable":true,"href":"https:\/\/apefadal.es\/index.php\/wp-json\/wp\/v2\/users\/1"}],"replies":[{"embeddable":true,"href":"https:\/\/apefadal.es\/index.php\/wp-json\/wp\/v2\/comments?post=7287"}],"version-history":[{"count":89,"href":"https:\/\/apefadal.es\/index.php\/wp-json\/wp\/v2\/pages\/7287\/revisions"}],"predecessor-version":[{"id":8441,"href":"https:\/\/apefadal.es\/index.php\/wp-json\/wp\/v2\/pages\/7287\/revisions\/8441"}],"wp:attachment":[{"href":"https:\/\/apefadal.es\/index.php\/wp-json\/wp\/v2\/media?parent=7287"}],"curies":[{"name":"wp","href":"https:\/\/api.w.org\/{rel}","templated":true}]}}