{"id":706,"date":"2020-04-16T09:46:00","date_gmt":"2020-04-16T09:46:00","guid":{"rendered":"https:\/\/apefadal.es\/?page_id=706"},"modified":"2023-05-11T15:04:36","modified_gmt":"2023-05-11T15:04:36","slug":"preguntas-frecuentes","status":"publish","type":"page","link":"https:\/\/apefadal.es\/index.php\/preguntas-frecuentes\/","title":{"rendered":"Preguntas Frecuentes"},"content":{"rendered":"\n<section id=\"section-ceb74a7d-d3af-4481-b797-467831952fc5\" class=\"wp-block-gutentor-accordion gutentor-section gutentor-accordion-wrapper accordion-template1 has-color-bg has-custom-bg\"><div class=\"grid-container\"><div class=\"gutentor-block-header\"><div class=\"gutentor-section-title enable-title-design seperator-bottom text-center\"><h2 class=\"gutentor-title\">Asociarse<\/h2><\/div><\/div><div class=\"grid-row gutentor-grid-item-wrap\"><div class=\"grid-md-12\"><div class=\"gutentor-accordion-wrap\"><div class=\"gutentor-single-item gutentor-single-item-0\"><div class=\"gutentor-single-item-wrap\"><div class=\"gutentor-accordion-heading\"><i class=\"gutentor-accordion-icon open-icon fas fa-plus\"><\/i><i class=\"gutentor-accordion-icon close-icon fas fa-minus\"><\/i><h3 class=\"gutentor-single-item-title\"> \u00bfPuedo hacerme socio si no soy profesora o profesor de EF?<\/h3><\/div><div class=\"gutentor-accordion-body\"><p class=\"gutentor-single-item-desc\">Para poder formar parte de esta asociaci\u00f3n profesional tienes que ser profesor o profesora de EF, tener la titulaci\u00f3n pertinente aunque no se ejerza o ser un profesional del \u00e1mbito no formal con la titulaci\u00f3n de (TAFAD, AAFD o EAS)<\/p><\/div><\/div><\/div><\/div><div class=\"gutentor-accordion-wrap\"><div class=\"gutentor-single-item gutentor-single-item-1\"><div class=\"gutentor-single-item-wrap\"><div class=\"gutentor-accordion-heading\"><i class=\"gutentor-accordion-icon open-icon fas fa-plus\"><\/i><i class=\"gutentor-accordion-icon close-icon fas fa-minus\"><\/i><h3 class=\"gutentor-single-item-title\">\u00bfTengo que realizar una transferencia de la cuota de alta?<\/h3><\/div><div class=\"gutentor-accordion-body\"><p class=\"gutentor-single-item-desc\">Para que te consideremos nuev@ soci@ tienes que mandarnos el resguardo de la transferencia de los 15,02\u20ac de la cuota de ALTA. En verano te pasaremos el recibo. A partir de ese momento tu status ser\u00e1 de soci@.<\/p><\/div><\/div><\/div><\/div><div class=\"gutentor-accordion-wrap\"><div class=\"gutentor-single-item gutentor-single-item-2\"><div class=\"gutentor-single-item-wrap\"><div class=\"gutentor-accordion-heading\"><i class=\"gutentor-accordion-icon open-icon fas fa-plus\"><\/i><i class=\"gutentor-accordion-icon close-icon fas fa-minus\"><\/i><h3 class=\"gutentor-single-item-title\">\u00bfC\u00f3mo me doy de baja de la asociaci\u00f3n para que no te pasemos el siguiente recibo?<\/h3><\/div><div class=\"gutentor-accordion-body\"><p class=\"gutentor-single-item-desc\">M\u00e1ndanos un correo a info@apefadal.es manifestando tu inter\u00e9s en dejar de ser soci@ antes de Junio para que no te pasemos el recibo ese a\u00f1o.<\/p><\/div><\/div><\/div><\/div><div class=\"gutentor-accordion-wrap\"><div class=\"gutentor-single-item gutentor-single-item-3\"><div class=\"gutentor-single-item-wrap\"><div class=\"gutentor-accordion-heading\"><i class=\"gutentor-accordion-icon open-icon fas fa-plus\"><\/i><i class=\"gutentor-accordion-icon close-icon fas fa-minus\"><\/i><h3 class=\"gutentor-single-item-title\">Soy de Am\u00e9rica Latina y quiero asociarme, \u00bftengo que pagar cuota de soci@?<\/h3><\/div><div class=\"gutentor-accordion-body\"><p class=\"gutentor-single-item-desc\">Las personas de pa\u00edses Latino-americanos que se quieran asociarse, no tendr\u00e1n que pagar cuota, tan solo tienen que rellenar el formulario de inscripci\u00f3n y en el apartado de los datos bancarios escribir \u00abSoci@ Becad@\u00bb.<\/p><\/div><\/div><\/div><\/div><\/div><\/div><\/div><\/section>\n\n\n\n<section id=\"section-67c8a526-8fca-4872-89ac-11e65002acc6\" class=\"wp-block-gutentor-accordion gutentor-section gutentor-accordion-wrapper accordion-template1 has-color-bg has-custom-bg\"><div class=\"grid-container\"><div class=\"gutentor-block-header\"><div class=\"gutentor-section-title enable-title-design seperator-bottom text-center\"><h2 class=\"gutentor-title\">Cursos<\/h2><\/div><\/div><div class=\"grid-row gutentor-grid-item-wrap\"><div class=\"grid-md-12\"><div class=\"gutentor-accordion-wrap\"><div class=\"gutentor-single-item gutentor-single-item-0\"><div class=\"gutentor-single-item-wrap\"><div class=\"gutentor-accordion-heading\"><i class=\"gutentor-accordion-icon open-icon fas fa-plus\"><\/i><i class=\"gutentor-accordion-icon close-icon fas fa-minus\"><\/i><h3 class=\"gutentor-single-item-title\">\u00bfPuedo realizar actividades de formaci\u00f3n si no soy profesor o profesora de EF?<\/h3><\/div><div class=\"gutentor-accordion-body\"><p class=\"gutentor-single-item-desc\">Nuestras actividades est\u00e1n abiertas a cualquier persona interesada. Consulta el porcentaje de reserva de plazas en nuestra normativa en la secci\u00f3n de cursos.<\/p><\/div><\/div><\/div><\/div><div class=\"gutentor-accordion-wrap\"><div class=\"gutentor-single-item gutentor-single-item-1\"><div class=\"gutentor-single-item-wrap\"><div class=\"gutentor-accordion-heading\"><i class=\"gutentor-accordion-icon open-icon fas fa-plus\"><\/i><i class=\"gutentor-accordion-icon close-icon fas fa-minus\"><\/i><h3 class=\"gutentor-single-item-title\">\u00bfTengo que pagar la cuota de alta y la cuota del curso en transferencias distintas?<\/h3><\/div><div class=\"gutentor-accordion-body\"><p class=\"gutentor-single-item-desc\">Por una cuesti\u00f3n de organizaci\u00f3n y seguimiento de movimientos bancarios, necesitamos que las transferencias sean distintas y que se hagan con los c\u00e9ntimos correspondientes que corresponden con el n\u00famero de actividad. Puedes enviarnos los justificantes en un solo correo electr\u00f3nico a info@apefadal.es<\/p><\/div><\/div><\/div><\/div><div class=\"gutentor-accordion-wrap\"><div class=\"gutentor-single-item gutentor-single-item-2\"><div class=\"gutentor-single-item-wrap\"><div class=\"gutentor-accordion-heading\"><i class=\"gutentor-accordion-icon open-icon fas fa-plus\"><\/i><i class=\"gutentor-accordion-icon close-icon fas fa-minus\"><\/i><h3 class=\"gutentor-single-item-title\">\u00bfLa certificaci\u00f3n es v\u00e1lida en otras comunidades aut\u00f3nomas?<\/h3><\/div><div class=\"gutentor-accordion-body\"><p class=\"gutentor-single-item-desc\">Nuestros cursos son oficiales en la Comunidad de Madrid y autom\u00e1ticamente forman parte de la base de datos de Formaci\u00f3n permanente del profesorado de Madrid. Para realizar la convalidaci\u00f3n en otra comunidad solicitamos el certificado en formato digital en certificados@apefadal.es siguiendo las instrucciones de certificados que puedes encontrar en la secci\u00f3n cursos.<\/p><\/div><\/div><\/div><\/div><div class=\"gutentor-accordion-wrap\"><div class=\"gutentor-single-item gutentor-single-item-3\"><div class=\"gutentor-single-item-wrap\"><div class=\"gutentor-accordion-heading\"><i class=\"gutentor-accordion-icon open-icon fas fa-plus\"><\/i><i class=\"gutentor-accordion-icon close-icon fas fa-minus\"><\/i><h3 class=\"gutentor-single-item-title\">\u00bfTengo que realizar alg\u00fan tr\u00e1mite para que los cursos de ADAL aparezcan en mi extracto de formaci\u00f3n de Madrid?<\/h3><\/div><div class=\"gutentor-accordion-body\"><p class=\"gutentor-single-item-desc\">Nuestros cursos son oficiales en la Comunidad de Madrid y autom\u00e1ticamente forman parte de la base de datos de Formaci\u00f3n permanente del profesorado de Madrid. Este tr\u00e1mite tarda un tiempo y os pedimos que asum\u00e1is que tanto la Asociaci\u00f3n como la Consejer\u00eda de Educaci\u00f3n  de la comunidad de Madrid lo hacemos lo m\u00e1s r\u00e1pidamente posible.<\/p><\/div><\/div><\/div><\/div><div class=\"gutentor-accordion-wrap\"><div class=\"gutentor-single-item gutentor-single-item-4\"><div class=\"gutentor-single-item-wrap\"><div class=\"gutentor-accordion-heading\"><i class=\"gutentor-accordion-icon open-icon fas fa-plus\"><\/i><i class=\"gutentor-accordion-icon close-icon fas fa-minus\"><\/i><h3 class=\"gutentor-single-item-title\">\u00bfLa certificaci\u00f3n es v\u00e1lida en el concurso oposici\u00f3n?<\/h3><\/div><div class=\"gutentor-accordion-body\"><p class=\"gutentor-single-item-desc\">Nuestras actividades son oficiales por lo que esto depender\u00e1 del reglamento del concurso oposici\u00f3n.<\/p><\/div><\/div><\/div><\/div><div class=\"gutentor-accordion-wrap\"><div class=\"gutentor-single-item gutentor-single-item-5\"><div class=\"gutentor-single-item-wrap\"><div class=\"gutentor-accordion-heading\"><i class=\"gutentor-accordion-icon open-icon fas fa-plus\"><\/i><i class=\"gutentor-accordion-icon close-icon fas fa-minus\"><\/i><h3 class=\"gutentor-single-item-title\">\u00bfCu\u00e1l es el n\u00famero de cuenta para realizar la transferencia de inscripci\u00f3n?<\/h3><\/div><div class=\"gutentor-accordion-body\"><p class=\"gutentor-single-item-desc\"><strong>Asociaci\u00f3n de Profesorado \u201cADAL\u201d C\u00f3digo de la cuenta de la Caixa: ES08 2100 1139 4313 0024 5485<\/strong><\/p><\/div><\/div><\/div><\/div><\/div><\/div><\/div><\/section>\n\n\n\n<section id=\"section-dfe0320d-e39e-4969-8cd7-d40f6212fc70\" class=\"wp-block-gutentor-accordion gutentor-section gutentor-accordion-wrapper accordion-template1 has-color-bg has-custom-bg\"><div class=\"grid-container\"><div class=\"gutentor-block-header\"><div class=\"gutentor-section-title enable-title-design seperator-bottom text-center\"><h2 class=\"gutentor-title\">Pr\u00e9stamo de Material<\/h2><\/div><\/div><div class=\"grid-row gutentor-grid-item-wrap\"><div class=\"grid-md-12\"><div class=\"gutentor-accordion-wrap\"><div class=\"gutentor-single-item gutentor-single-item-0\"><div class=\"gutentor-single-item-wrap\"><div class=\"gutentor-accordion-heading\"><i class=\"gutentor-accordion-icon open-icon fas fa-plus\"><\/i><i class=\"gutentor-accordion-icon close-icon fas fa-minus\"><\/i><h3 class=\"gutentor-single-item-title\"> \u00bfHay material de pr\u00e9stamo que no est\u00e1 en el listado?<\/h3><\/div><div class=\"gutentor-accordion-body\"><p class=\"gutentor-single-item-desc\">El material de pr\u00e9stamo es el que consta en el listado.<\/p><\/div><\/div><\/div><\/div><div class=\"gutentor-accordion-wrap\"><div class=\"gutentor-single-item gutentor-single-item-1\"><div class=\"gutentor-single-item-wrap\"><div class=\"gutentor-accordion-heading\"><i class=\"gutentor-accordion-icon open-icon fas fa-plus\"><\/i><i class=\"gutentor-accordion-icon close-icon fas fa-minus\"><\/i><h3 class=\"gutentor-single-item-title\">\u00bfPuedo utilizar el servicio de pr\u00e9stamo de material sin estar asociad@?<\/h3><\/div><div class=\"gutentor-accordion-body\"><p class=\"gutentor-single-item-desc\">El servicio de pr\u00e9stamo es exclusivo para asociad@s.<\/p><\/div><\/div><\/div><\/div><div class=\"gutentor-accordion-wrap\"><div class=\"gutentor-single-item gutentor-single-item-2\"><div class=\"gutentor-single-item-wrap\"><div class=\"gutentor-accordion-heading\"><i class=\"gutentor-accordion-icon open-icon fas fa-plus\"><\/i><i class=\"gutentor-accordion-icon close-icon fas fa-minus\"><\/i><h3 class=\"gutentor-single-item-title\">Si no ejerzo en un centro de ense\u00f1anza, \u00bfpuedo utilizar el servicio?<\/h3><\/div><div class=\"gutentor-accordion-body\"><p class=\"gutentor-single-item-desc\">El servicio de pr\u00e9stamo es solo para centros educativos.<\/p><\/div><\/div><\/div><\/div><\/div><\/div><\/div><\/section>\n\n\n\n<section id=\"section-5c3f11ca-91de-4e40-afea-953330a684ab\" class=\"wp-block-gutentor-accordion gutentor-section gutentor-accordion-wrapper accordion-template1 has-color-bg has-custom-bg\"><div class=\"grid-container\"><div class=\"gutentor-block-header\"><div class=\"gutentor-section-title enable-title-design seperator-bottom text-center\"><h2 class=\"gutentor-title\">Revista<\/h2><\/div><\/div><div class=\"grid-row gutentor-grid-item-wrap\"><div class=\"grid-md-12\"><div class=\"gutentor-accordion-wrap\"><div class=\"gutentor-single-item gutentor-single-item-0\"><div class=\"gutentor-single-item-wrap\"><div class=\"gutentor-accordion-heading\"><i class=\"gutentor-accordion-icon open-icon fas fa-plus\"><\/i><i class=\"gutentor-accordion-icon close-icon fas fa-minus\"><\/i><h3 class=\"gutentor-single-item-title\"> \u00bfPuedo recibir la revista en papel?<\/h3><\/div><div class=\"gutentor-accordion-body\"><p class=\"gutentor-single-item-desc\">Desde 2019 la revista no se emite en papel.<\/p><\/div><\/div><\/div><\/div><div class=\"gutentor-accordion-wrap\"><div class=\"gutentor-single-item gutentor-single-item-1\"><div class=\"gutentor-single-item-wrap\"><div class=\"gutentor-accordion-heading\"><i class=\"gutentor-accordion-icon open-icon fas fa-plus\"><\/i><i class=\"gutentor-accordion-icon close-icon fas fa-minus\"><\/i><h3 class=\"gutentor-single-item-title\"> \u00bfC\u00f3mo puedo publicar en la revista?<\/h3><\/div><div class=\"gutentor-accordion-body\"><p class=\"gutentor-single-item-desc\">Para publicar en la revista consulta las p\u00e1ginas finales de cualquier revista.<\/p><\/div><\/div><\/div><\/div><\/div><\/div><\/div><\/section>\n","protected":false},"excerpt":{"rendered":"","protected":false},"author":1,"featured_media":0,"parent":0,"menu_order":0,"comment_status":"closed","ping_status":"closed","template":"","meta":{"footnotes":""},"class_list":["post-706","page","type-page","status-publish","hentry"],"_links":{"self":[{"href":"https:\/\/apefadal.es\/index.php\/wp-json\/wp\/v2\/pages\/706","targetHints":{"allow":["GET"]}}],"collection":[{"href":"https:\/\/apefadal.es\/index.php\/wp-json\/wp\/v2\/pages"}],"about":[{"href":"https:\/\/apefadal.es\/index.php\/wp-json\/wp\/v2\/types\/page"}],"author":[{"embeddable":true,"href":"https:\/\/apefadal.es\/index.php\/wp-json\/wp\/v2\/users\/1"}],"replies":[{"embeddable":true,"href":"https:\/\/apefadal.es\/index.php\/wp-json\/wp\/v2\/comments?post=706"}],"version-history":[{"count":14,"href":"https:\/\/apefadal.es\/index.php\/wp-json\/wp\/v2\/pages\/706\/revisions"}],"predecessor-version":[{"id":4342,"href":"https:\/\/apefadal.es\/index.php\/wp-json\/wp\/v2\/pages\/706\/revisions\/4342"}],"wp:attachment":[{"href":"https:\/\/apefadal.es\/index.php\/wp-json\/wp\/v2\/media?parent=706"}],"curies":[{"name":"wp","href":"https:\/\/api.w.org\/{rel}","templated":true}]}}