{"id":70,"date":"2020-04-01T13:45:27","date_gmt":"2020-04-01T13:45:27","guid":{"rendered":"https:\/\/apefadal.es\/?page_id=70"},"modified":"2020-10-05T15:10:13","modified_gmt":"2020-10-05T15:10:13","slug":"01-g-suit","status":"publish","type":"page","link":"https:\/\/apefadal.es\/index.php\/01-g-suit\/","title":{"rendered":"01-Google Suit"},"content":{"rendered":"\n<div class=\"wp-block-group\"><div class=\"wp-block-group__inner-container is-layout-flow wp-block-group-is-layout-flow\">\n<h1 class=\"has-text-align-center wp-block-heading\"><strong>\u00ab<strong>APROVECHAMIENTO DE LAS HERRAMIENTAS DE GOOGLE PARA EL PROFESOR DE EDUCACI\u00d3N F\u00cdSICA (NIVEL B\u00c1SICO)<\/strong>\u201d<\/strong><\/h1>\n\n\n\n<figure class=\"wp-block-gallery aligncenter columns-1 is-cropped wp-block-gallery-1 is-layout-flex wp-block-gallery-is-layout-flex\"><ul class=\"blocks-gallery-grid\"><li class=\"blocks-gallery-item\"><figure><img loading=\"lazy\" decoding=\"async\" width=\"900\" height=\"406\" src=\"https:\/\/apefadal.es\/wp-content\/uploads\/2020\/04\/google-suite.jpg\" alt=\"\" data-id=\"73\" data-full-url=\"https:\/\/apefadal.es\/wp-content\/uploads\/2020\/04\/google-suite.jpg\" data-link=\"https:\/\/apefadal.es\/index.php\/01-g-suit\/google-suite\/\" class=\"wp-image-73\" srcset=\"https:\/\/apefadal.es\/wp-content\/uploads\/2020\/04\/google-suite.jpg 900w, https:\/\/apefadal.es\/wp-content\/uploads\/2020\/04\/google-suite-300x135.jpg 300w, https:\/\/apefadal.es\/wp-content\/uploads\/2020\/04\/google-suite-768x346.jpg 768w\" sizes=\"auto, (max-width: 900px) 100vw, 900px\" \/><\/figure><\/li><\/ul><\/figure>\n\n\n\n<div class=\"wp-block-group has-very-dark-gray-color has-pale-cyan-blue-background-color has-text-color has-background\"><div class=\"wp-block-group__inner-container is-layout-flow wp-block-group-is-layout-flow\">\n<div class=\"wp-block-group\"><div class=\"wp-block-group__inner-container is-layout-flow wp-block-group-is-layout-flow\">\n<p class=\"has-text-align-center has-medium-font-size\"><strong>HORAS \/ CR\u00c9DITOS: <\/strong>20H \/ 2 CR\u00c9DITOS<\/p>\n\n\n\n<p class=\"has-text-align-center has-medium-font-size\"><strong>MODALIDAD: <\/strong>EN L\u00cdNEA- V\u00c1LIDO PARA SEXENIOS<\/p>\n\n\n\n<p class=\"has-text-align-center has-medium-font-size\"><strong>FECHA COMIENZO ACTIVIDAD:<\/strong>  19\/10\/2020<\/p>\n\n\n\n<p class=\"has-text-align-center has-medium-font-size\"><strong>FECHA FIN ACTIVIDAD:<\/strong> 16\/11\/2020<\/p>\n\n\n\n<p class=\"has-text-align-center has-medium-font-size\"><strong>LUGAR DE REALIZACI\u00d3N:<\/strong> GOOGLE CLASSROOM<\/p>\n\n\n\n<p class=\"has-text-align-center has-medium-font-size\"><strong>PRECIO:<\/strong> Asociad@s 25,12 \u20acuros, Nuevos soci@s* 35\u00b412 \u20acuros \u00a0y \u00a0no asociad@s 45\u00b412 \u20acuros.\u00a0Recargo de 10\u20ac a las inscripciones recibidas (resguardo de transferencia) despu\u00e9s del 10\/10\/2020.<\/p>\n\n\n\n<p class=\"has-text-align-center\">Asociaci\u00f3n de Profesorado \u201cADAL\u201d C\u00f3digo cuenta&nbsp;Bankia:&nbsp;ES03&nbsp;2038 1179 4460 0054 4748<\/p>\n<\/div><\/div>\n<\/div><\/div>\n\n\n\n<p class=\"has-text-align-center has-luminous-vivid-orange-color has-text-color has-background has-medium-font-size\" style=\"background-color:#14205c\"><a href=\"https:\/\/forms.gle\/jgBaxAurvwpgLUmYA\" data-type=\"URL\" data-id=\"https:\/\/forms.gle\/jgBaxAurvwpgLUmYA\" target=\"_blank\" rel=\"noreferrer noopener\">FORMULARIO DE INSCRIPCI\u00d3N<\/a><\/p>\n\n\n\n<p class=\"has-text-align-center has-medium-font-size\"><strong>OBJETIVOS:<\/strong><\/p>\n\n\n\n<div class=\"wp-block-group has-very-dark-gray-color has-pale-cyan-blue-background-color has-text-color has-background\"><div class=\"wp-block-group__inner-container is-layout-flow wp-block-group-is-layout-flow\">\n<div class=\"wp-block-group\"><div class=\"wp-block-group__inner-container is-layout-flow wp-block-group-is-layout-flow\">\n<figure class=\"wp-block-table\"><table><tbody><tr><td>1.&nbsp;&nbsp; Saber configurar el correo electr\u00f3nico: etiquetas, programaci\u00f3n de correos, filtrado de recibidos, grupos de correo y plantillas.<br>2.&nbsp;&nbsp; Saber organizar y escalar la documentaci\u00f3n dentro en la nube: permisos, uso de los flujos de acceso con las opciones de prioritario, destacados, unidades de equipo.<br>3.&nbsp;&nbsp; Aprovechar las opciones de calendario para organizar el funcionamiento acad\u00e9mico y personal: recordatorios, notificaciones, adjuntos.<br>4.&nbsp;&nbsp; Crear formularios sencillos con distintos formatos de evaluaci\u00f3n y volcado de datos a hoja de c\u00e1lculo.<br>5.&nbsp;&nbsp; Aprender a utilizar la hoja de c\u00e1lculo para la recogida de informaci\u00f3n y explotaci\u00f3n de datos a trav\u00e9s de c\u00e1lculos sencillos.<br>6.&nbsp;&nbsp; Configurar Classroom y conocer sus conexiones con el resto de herramientas de Google.      &nbsp;   <\/td><\/tr><\/tbody><\/table><\/figure>\n<\/div><\/div>\n<\/div><\/div>\n\n\n\n<p class=\"has-text-align-center has-medium-font-size\"><strong>CONTENIDOS:<\/strong><\/p>\n\n\n\n<div class=\"wp-block-group has-very-dark-gray-color has-pale-cyan-blue-background-color has-text-color has-background\"><div class=\"wp-block-group__inner-container is-layout-flow wp-block-group-is-layout-flow\">\n<figure class=\"wp-block-table\"><table><tbody><tr><td>1.&nbsp;&nbsp;&nbsp; Comunicaci\u00f3n: configuraci\u00f3n del correo electr\u00f3nico<br>2.&nbsp;&nbsp;&nbsp; Organizaci\u00f3n de la informaci\u00f3n: opciones del almacenamiento en la nube<br>3.&nbsp;&nbsp;&nbsp; Organizaci\u00f3n del tiempo: explotaci\u00f3n del calendario<br>4.&nbsp;&nbsp;&nbsp; Evaluaci\u00f3n: la hoja de c\u00e1lculo y los formularios, explotaci\u00f3n de los datos<br>5.&nbsp;&nbsp;&nbsp; Aprendizaje mixto: uso del Classroom para compartir informaci\u00f3n y evaluaci\u00f3n con el alumno        &nbsp;   <\/td><\/tr><\/tbody><\/table><\/figure>\n<\/div><\/div>\n\n\n\n<p class=\"has-text-align-center has-medium-font-size\"><strong>METODOLOG\u00cdA:<\/strong><\/p>\n\n\n\n<div class=\"wp-block-group has-very-dark-gray-color has-pale-cyan-blue-background-color has-text-color has-background\"><div class=\"wp-block-group__inner-container is-layout-flow wp-block-group-is-layout-flow\">\n<figure class=\"wp-block-table\"><table><tbody><tr><td>Activa, los distintos contenidos se presentar\u00e1n en v\u00eddeo tutoriales o presentaciones, explicando paso a paso c\u00f3mo manejar cada herramienta digital. Tambi\u00e9n se adjuntar\u00e1n diversos enlaces para ampliar la informaci\u00f3n<br>Participativa, se dispondr\u00e1 un foro de dudas y ayuda entre participantes organizado por contenidos, de tal forma que se puedan compartir las dificultades t\u00e9cnicas, trucos y consejos propios de la experiencia docente.&nbsp;   <\/td><\/tr><\/tbody><\/table><\/figure>\n<\/div><\/div>\n\n\n\n<p class=\"has-text-align-center has-medium-font-size\"><strong>EVALUACI\u00d3N:<\/strong><\/p>\n\n\n\n<div class=\"wp-block-group has-very-dark-gray-color has-pale-cyan-blue-background-color has-text-color has-background\"><div class=\"wp-block-group__inner-container is-layout-flow wp-block-group-is-layout-flow\">\n<figure class=\"wp-block-table\"><table><tbody><tr><td>Entrega de todos los trabajos considerados obligatorios. Tareas organizadas por objetivos del curso<\/td><\/tr><\/tbody><\/table><\/figure>\n<\/div><\/div>\n\n\n\n<p class=\"has-text-align-center has-medium-font-size\"><strong>PONENTES:<\/strong><\/p>\n\n\n\n<div class=\"wp-block-group has-very-dark-gray-color has-pale-cyan-blue-background-color has-text-color has-background\"><div class=\"wp-block-group__inner-container is-layout-flow wp-block-group-is-layout-flow\">\n<figure class=\"wp-block-table\"><table><tbody><tr><td><strong>Garc\u00eda Gonz\u00e1lez, Francisco Noel<\/strong><br>Maestro de Educaci\u00f3n F\u00edsica, Posgrado en Direcci\u00f3n de Centros Educativos, Experto Universitario en Entrenamiento Deportivo, Miembro del Consejo Editorial del European Journal of Physical Education and Sport Science, Jefe de Estudios de Primaria y Coordinador del Departamento de Educaci\u00f3n F\u00edsica del Colegio \u00c1baco (Madrid).<br>Profesor en formaciones anteriores de ADAL: La Pizarra Digital Interactiva en Educaci\u00f3n F\u00edsica, Recursos inform\u00e1ticos para la integraci\u00f3n de las TIC&#8217;s y la comprensi\u00f3n lectora en Educaci\u00f3n F\u00edsica, Incorporaci\u00f3n de dispositivos m\u00f3viles (tablets, smartphones, mp4, etc) a las clases de Educaci\u00f3n F\u00edsica, propuestas de utilizaci\u00f3n para profesores y alumnos.<br>Capacitador certificado (Google Trainer).<br>&nbsp;<br><strong>S\u00e1nchez Moreno, Sergio<\/strong><br>Maestro de Educaci\u00f3n F\u00edsica, Posgrado en Organizaci\u00f3n y Gesti\u00f3n de Eventos Deportivos, Entrenador Nacional de Balonmano, profesor de educaci\u00f3n f\u00edsica y tecnolog\u00eda as\u00ed como Coordinador del Departamento de Educaci\u00f3n F\u00edsica del Colegio Alameda de Osuna (Madrid).<br>Profesor en formaciones anteriores de ADAL: La Pizarra Digital Interactiva en Educaci\u00f3n F\u00edsica, Recursos inform\u00e1ticos para la integraci\u00f3n de las TIC&#8217;s y la comprensi\u00f3n lectora en Educaci\u00f3n F\u00edsica, Incorporaci\u00f3n de dispositivos m\u00f3viles (tablets, smartphones, mp4, etc) a las clases de Educaci\u00f3n F\u00edsica, propuestas de utilizaci\u00f3n para profesores y alumnos.<br>Educador Certificado Nivel 1 de Google.<\/td><\/tr><\/tbody><\/table><\/figure>\n<\/div><\/div>\n\n\n\n<p class=\"has-text-align-center has-luminous-vivid-orange-color has-text-color has-background has-medium-font-size\" style=\"background-color:#14205c\"><a href=\"https:\/\/apefadal.es\/index.php\/normas-cursos\/\">CONSULTA NUESTRA NORMATIVA<\/a><\/p>\n\n\n\n<p class=\"has-text-align-center has-luminous-vivid-orange-color has-text-color has-background has-medium-font-size\" style=\"background-color:#14205c\"><a href=\"https:\/\/apefadal.es\/index.php\/certificados\/\">INFORMACI\u00d3N DE CERTIFICADOS<\/a><\/p>\n\n\n\n<p class=\"has-text-align-center has-luminous-vivid-orange-color has-text-color has-background has-medium-font-size\" style=\"background-color:#14205c\"><a href=\"https:\/\/forms.gle\/jgBaxAurvwpgLUmYA\" data-type=\"URL\" data-id=\"https:\/\/forms.gle\/jgBaxAurvwpgLUmYA\" target=\"_blank\" rel=\"noreferrer noopener\">FORMULARIO DE INSCRIPCI\u00d3N<\/a><\/p>\n<\/div><\/div>\n\n\n\n<p><\/p>\n","protected":false},"excerpt":{"rendered":"<p>\u00abAPROVECHAMIENTO DE LAS HERRAMIENTAS DE GOOGLE PARA EL PROFESOR DE EDUCACI\u00d3N F\u00cdSICA (NIVEL B\u00c1SICO)\u201d HORAS \/ CR\u00c9DITOS: 20H \/ 2 CR\u00c9DITOS MODALIDAD: EN L\u00cdNEA- V\u00c1LIDO PARA SEXENIOS FECHA COMIENZO ACTIVIDAD: 19\/10\/2020 FECHA FIN ACTIVIDAD: 16\/11\/2020 LUGAR DE REALIZACI\u00d3N: GOOGLE CLASSROOM PRECIO: Asociad@s 25,12 \u20acuros, Nuevos soci@s* 35\u00b412 \u20acuros \u00a0y \u00a0no asociad@s 45\u00b412 \u20acuros.\u00a0Recargo de 10\u20ac&hellip;<\/p>\n","protected":false},"author":1,"featured_media":0,"parent":0,"menu_order":0,"comment_status":"closed","ping_status":"closed","template":"","meta":{"footnotes":""},"class_list":["post-70","page","type-page","status-publish","hentry"],"_links":{"self":[{"href":"https:\/\/apefadal.es\/index.php\/wp-json\/wp\/v2\/pages\/70","targetHints":{"allow":["GET"]}}],"collection":[{"href":"https:\/\/apefadal.es\/index.php\/wp-json\/wp\/v2\/pages"}],"about":[{"href":"https:\/\/apefadal.es\/index.php\/wp-json\/wp\/v2\/types\/page"}],"author":[{"embeddable":true,"href":"https:\/\/apefadal.es\/index.php\/wp-json\/wp\/v2\/users\/1"}],"replies":[{"embeddable":true,"href":"https:\/\/apefadal.es\/index.php\/wp-json\/wp\/v2\/comments?post=70"}],"version-history":[{"count":22,"href":"https:\/\/apefadal.es\/index.php\/wp-json\/wp\/v2\/pages\/70\/revisions"}],"predecessor-version":[{"id":1423,"href":"https:\/\/apefadal.es\/index.php\/wp-json\/wp\/v2\/pages\/70\/revisions\/1423"}],"wp:attachment":[{"href":"https:\/\/apefadal.es\/index.php\/wp-json\/wp\/v2\/media?parent=70"}],"curies":[{"name":"wp","href":"https:\/\/api.w.org\/{rel}","templated":true}]}}