{"id":559,"date":"2020-04-13T09:08:09","date_gmt":"2020-04-13T09:08:09","guid":{"rendered":"https:\/\/apefadal.es\/?page_id=559"},"modified":"2026-02-03T18:59:38","modified_gmt":"2026-02-03T18:59:38","slug":"sesiones-de-innovacion-en-el-centro-escolar","status":"publish","type":"page","link":"https:\/\/apefadal.es\/index.php\/sesiones-de-innovacion-en-el-centro-escolar\/","title":{"rendered":"Sesiones de Innovaci\u00f3n en el centro escolar"},"content":{"rendered":"\n<p class=\"has-text-align-center has-medium-font-size\">Impartimos sesiones de todas nuestras modalidades alternativas en centros escolares en horario escolar o extraescolar, de la mano de profesionales graduados y colegiados.&nbsp;<\/p>\n\n\n\n<p class=\"has-text-align-center has-medium-font-size\">Las modalidades son:<\/p>\n\n\n\n<div id=\"section-g-1efegqe\" class=\"wp-block-gutentor-e1 section-g-1efegqe gutentor-element gutentor-element-advanced-text text-align-center-desktop\"><div class=\"gutentor-text-wrap\"><p class=\"gutentor-text\">Tchoukball<br>Roundnet<br>Discflect<br>Kubb (Terreno no pavimentado)<br>M\u00f6lkky (Terreno no pavimentado, ideal tierra compacta)<br>Cornhole (preferiblemente indoor)<br>Slackline (necesario porche con columnas)<br>Trilanzatl\u00f3n (4 sesiones: Kubb, M\u00f6lkky, Cornhole y para finalizar una competici\u00f3n de Trilanzatl\u00f3n con una duraci\u00f3n m\u00ednima de 100 minutos)<\/p><\/div><\/div>\n\n\n\n<div style=\"height:25px\" aria-hidden=\"true\" class=\"wp-block-spacer\"><\/div>\n\n\n\n<figure class=\"wp-block-gallery has-nested-images columns-default is-cropped wp-block-gallery-1 is-layout-flex wp-block-gallery-is-layout-flex\">\n<figure class=\"wp-block-image size-large\"><img loading=\"lazy\" decoding=\"async\" width=\"1024\" height=\"206\" data-id=\"362\" src=\"https:\/\/apefadal.es\/wp-content\/uploads\/2020\/04\/DSC_0144-1024x206.jpg\" alt=\"\" class=\"wp-image-362\" srcset=\"https:\/\/apefadal.es\/wp-content\/uploads\/2020\/04\/DSC_0144-1024x206.jpg 1024w, https:\/\/apefadal.es\/wp-content\/uploads\/2020\/04\/DSC_0144-300x60.jpg 300w, https:\/\/apefadal.es\/wp-content\/uploads\/2020\/04\/DSC_0144-768x154.jpg 768w, https:\/\/apefadal.es\/wp-content\/uploads\/2020\/04\/DSC_0144-1536x308.jpg 1536w, https:\/\/apefadal.es\/wp-content\/uploads\/2020\/04\/DSC_0144-2048x411.jpg 2048w\" sizes=\"auto, (max-width: 1024px) 100vw, 1024px\" \/><\/figure>\n\n\n\n<figure class=\"wp-block-image size-large\"><img loading=\"lazy\" decoding=\"async\" width=\"1024\" height=\"205\" data-id=\"353\" src=\"https:\/\/apefadal.es\/wp-content\/uploads\/2020\/04\/P1090816-1024x205.jpg\" alt=\"\" class=\"wp-image-353\" srcset=\"https:\/\/apefadal.es\/wp-content\/uploads\/2020\/04\/P1090816-1024x205.jpg 1024w, https:\/\/apefadal.es\/wp-content\/uploads\/2020\/04\/P1090816-300x60.jpg 300w, https:\/\/apefadal.es\/wp-content\/uploads\/2020\/04\/P1090816-768x154.jpg 768w, https:\/\/apefadal.es\/wp-content\/uploads\/2020\/04\/P1090816-1536x308.jpg 1536w, https:\/\/apefadal.es\/wp-content\/uploads\/2020\/04\/P1090816-2048x410.jpg 2048w\" sizes=\"auto, (max-width: 1024px) 100vw, 1024px\" \/><\/figure>\n\n\n\n<figure class=\"wp-block-image size-large\"><img loading=\"lazy\" decoding=\"async\" width=\"1024\" height=\"329\" data-id=\"356\" src=\"https:\/\/apefadal.es\/wp-content\/uploads\/2020\/04\/DSC_0224-1024x329.jpg\" alt=\"\" class=\"wp-image-356\" srcset=\"https:\/\/apefadal.es\/wp-content\/uploads\/2020\/04\/DSC_0224-1024x329.jpg 1024w, https:\/\/apefadal.es\/wp-content\/uploads\/2020\/04\/DSC_0224-300x96.jpg 300w, https:\/\/apefadal.es\/wp-content\/uploads\/2020\/04\/DSC_0224-768x247.jpg 768w, https:\/\/apefadal.es\/wp-content\/uploads\/2020\/04\/DSC_0224-1536x494.jpg 1536w, https:\/\/apefadal.es\/wp-content\/uploads\/2020\/04\/DSC_0224-2048x658.jpg 2048w\" sizes=\"auto, (max-width: 1024px) 100vw, 1024px\" \/><\/figure>\n<\/figure>\n\n\n\n<div style=\"height:25px\" aria-hidden=\"true\" class=\"wp-block-spacer\"><\/div>\n\n\n\n<p class=\"has-text-align-center has-medium-font-size\">El coste de la actividad es de a partir de 4\u20ac por participante cumpliendo siempre con las siguientes condiciones*:<\/p>\n\n\n\n<div id=\"section-g-8gig0sd\" class=\"wp-block-gutentor-e1 section-g-8gig0sd gutentor-element gutentor-element-advanced-text text-align-center-desktop\"><div class=\"gutentor-text-wrap\"><p class=\"gutentor-text\">&#8211; Sesiones con una duraci\u00f3n de 45\u00a0a 60 minutos.<br>&#8211; M\u00ednimo de participaci\u00f3n de 50 participantes\/d\u00eda (2 sesiones).<\/p><\/div><\/div>\n\n\n\n<p class=\"has-text-align-center\">*Consultar presupuesto para grupos m\u00e1s reducidos.<\/p>\n\n\n\n<p class=\"has-text-align-center has-medium-font-size\">Ponte en contacto con nosotros indic\u00e1ndonos los cursos a los que ir\u00edan dirigidas las sesiones, as\u00ed como las fechas en las que te interesa realizarlas. <\/p>\n\n\n\n<div id=\"section-gcd7312\" class=\"wp-block-gutentor-e2 section-gcd7312 gutentor-element gutentor-element-button button-align-center-desktop\"><span class=\"gutentor-button-wrap\"><a class=\"gutentor-button gutentor-block-button gutentor-icon-hide\" href=\"mailto:daniel@apefadal.es\"><i class=\"gutentor-button-icon fas fa-book\"><\/i><span><strong>M\u00e1s informaci\u00f3n y contacto<\/strong><\/span><\/a><\/span><\/div>\n\n\n\n<div style=\"height:20px\" aria-hidden=\"true\" class=\"wp-block-spacer\"><\/div>\n\n\n<div class=\"wp-block-image\">\n<figure class=\"aligncenter size-large\"><img loading=\"lazy\" decoding=\"async\" width=\"724\" height=\"1024\" src=\"https:\/\/apefadal.es\/wp-content\/uploads\/2025\/10\/Rediseno-Talleres-2025-724x1024.png\" alt=\"\" class=\"wp-image-6692\" srcset=\"https:\/\/apefadal.es\/wp-content\/uploads\/2025\/10\/Rediseno-Talleres-2025-724x1024.png 724w, https:\/\/apefadal.es\/wp-content\/uploads\/2025\/10\/Rediseno-Talleres-2025-212x300.png 212w, https:\/\/apefadal.es\/wp-content\/uploads\/2025\/10\/Rediseno-Talleres-2025-768x1086.png 768w, https:\/\/apefadal.es\/wp-content\/uploads\/2025\/10\/Rediseno-Talleres-2025-1086x1536.png 1086w, https:\/\/apefadal.es\/wp-content\/uploads\/2025\/10\/Rediseno-Talleres-2025-1448x2048.png 1448w, https:\/\/apefadal.es\/wp-content\/uploads\/2025\/10\/Rediseno-Talleres-2025-scaled.png 1811w\" sizes=\"auto, (max-width: 724px) 100vw, 724px\" \/><\/figure>\n<\/div>","protected":false},"excerpt":{"rendered":"<p>Impartimos sesiones de todas nuestras modalidades alternativas en centros escolares en horario escolar o extraescolar, de la mano de profesionales graduados y colegiados.&nbsp; Las modalidades son: El coste de la actividad es de a partir de 4\u20ac por participante cumpliendo siempre con las siguientes condiciones*: *Consultar presupuesto para grupos m\u00e1s reducidos. Ponte en contacto con&hellip;<\/p>\n","protected":false},"author":1,"featured_media":0,"parent":0,"menu_order":0,"comment_status":"closed","ping_status":"closed","template":"","meta":{"footnotes":""},"class_list":["post-559","page","type-page","status-publish","hentry"],"_links":{"self":[{"href":"https:\/\/apefadal.es\/index.php\/wp-json\/wp\/v2\/pages\/559","targetHints":{"allow":["GET"]}}],"collection":[{"href":"https:\/\/apefadal.es\/index.php\/wp-json\/wp\/v2\/pages"}],"about":[{"href":"https:\/\/apefadal.es\/index.php\/wp-json\/wp\/v2\/types\/page"}],"author":[{"embeddable":true,"href":"https:\/\/apefadal.es\/index.php\/wp-json\/wp\/v2\/users\/1"}],"replies":[{"embeddable":true,"href":"https:\/\/apefadal.es\/index.php\/wp-json\/wp\/v2\/comments?post=559"}],"version-history":[{"count":32,"href":"https:\/\/apefadal.es\/index.php\/wp-json\/wp\/v2\/pages\/559\/revisions"}],"predecessor-version":[{"id":7677,"href":"https:\/\/apefadal.es\/index.php\/wp-json\/wp\/v2\/pages\/559\/revisions\/7677"}],"wp:attachment":[{"href":"https:\/\/apefadal.es\/index.php\/wp-json\/wp\/v2\/media?parent=559"}],"curies":[{"name":"wp","href":"https:\/\/api.w.org\/{rel}","templated":true}]}}