{"id":554,"date":"2020-04-13T09:03:21","date_gmt":"2020-04-13T09:03:21","guid":{"rendered":"https:\/\/apefadal.es\/?page_id=554"},"modified":"2026-03-24T11:07:12","modified_gmt":"2026-03-24T11:07:12","slug":"encuentros-por-la-igualdad","status":"publish","type":"page","link":"https:\/\/apefadal.es\/index.php\/encuentros-por-la-igualdad\/","title":{"rendered":"Encuentros de juegos y deportes alternativos por la Igualdad y la interculturalidad"},"content":{"rendered":"\n<div id=\"section-g-4w43eo1\" class=\"wp-block-gutentor-e1 section-g-4w43eo1 gutentor-element gutentor-element-advanced-text text-align-center-desktop text-align-center-tablet text-align-center-mobile\"><div class=\"gutentor-text-wrap\"><p class=\"gutentor-text\"><strong>ENCUENTROS POR LA EQUIDAD Y LA DIVERSIDAD<\/strong><\/p><\/div><\/div>\n\n\n\n<section id=\"g-7d77677\" class=\"section-g-7d77677 gutentor-module gutentor-module-accordion has-gutentor-overlay\"><div class=\"grid-container\">\n<div id=\"g-pk621p0\" class=\"wp-block-gutentor-m6-item section-g-pk621p0 gutentor-module gutentor-module-accordion-item\"><div class=\"gutentor-module-accordion-panel g-a-panel-g-7d77677\"><div class=\"gm-ah-g-7d77677 gutentor-module-accordion-item-heading gutentor-module-icon-position-right\"><span class=\"gutentor-module-accordion-panel-handler\" role=\"button\"><span class=\"gutentor-module-accordion-panel-handler-label\">20 aniversario de los Encuentros en 2017<\/span><span class=\"gutentor-module-accordion-icon\"><i class=\"gm-aio-g-7d77677 gutentor-module-accordion-icon-open fas fa-plus\"><\/i><i class=\"gm-aic-g-7d77677 gutentor-module-accordion-icon-close fas fa-minus\"><\/i><\/span><\/span><\/div><div class=\"gm-ab-g-7d77677 gutentor-module-accordion-body\">\n<div id=\"section-g-p8lt1zp\" class=\"wp-block-gutentor-e0 section-g-p8lt1zp gutentor-element gutentor-element-advanced-text text-align-center-desktop text-align-center-tablet text-align-center-mobile\"><div class=\"gutentor-text-wrap\"><p class=\"gutentor-text\">En 2017, el proyecto m\u00e1s importante de la Asociaci\u00f3n de Profesorado de Educaci\u00f3n F\u00edsica ADAL, en adelante ApefADAL, cumpli\u00f3 20 a\u00f1os. El proyecto est\u00e1 organizado por un grupo de profesorado formado por 6 mujeres y 7 hombres y est\u00e1 compuesto por las \u201cJornadas de Coeducaci\u00f3n F\u00edsica\u201d y los \u201cEncuentros de Juegos y Deportes Alternativos por la Igualdad de la Comunidad de Madrid\u201d.<br><img decoding=\"async\" src=\"https:\/\/apefadal.es\/wp-content\/uploads\/2020\/04\/P1000231recortada-1.jpg\"><br>Las \u201cXX Jornadas de Coeducaci\u00f3n F\u00edsica\u201d se celebraron desde el 21 de Marzo en el CEIP Andr\u00e9s Segovia de Legan\u00e9s. Se desarrollan como un curso de formaci\u00f3n y en ellas, particip\u00f3 el profesorado de Educaci\u00f3n F\u00edsica interesado en participar en los \u201cXX Encuentros de Juegos y Deportes Alternativos por la Igualdad de la Comunidad de Madrid\u201d, representando a 26 centros escolares, correspondientes a 12 localidades de la Comunidad de Madrid.<br><br>Los contenidos que se imparten en dichas sesiones de formaci\u00f3n tienen un alcance superior a 5.000 alumnos y alumnas cada curso escolar. Durante el tercer trimestre del curso, en las clases de EF y en algunos centros tambi\u00e9n de M\u00fasica, se desarrollan sesiones que desarrollan de forma espec\u00edfica los objetivos del proyecto:<br>Participar en todo tipo de actividades, estableciendo relaciones equilibradas y constructivas con los dem\u00e1s, evitando todo tipo de discriminaci\u00f3n concienciando de los amplios espectros de diversidad y de los beneficios que supone \u00e9sta para nuestra cultura.<br><br>&#8211; Promover la participaci\u00f3n de todo el alumnado, brind\u00e1ndoles modelos deportivos no estereotipados como prevenci\u00f3n de la violencia de g\u00e9nero.<br>&#8211; Crear h\u00e1bitos de actividad f\u00edsica, fomentando y dando a conocer los Juegos Colectivos Alternativos, Juegos Tradicionales y Actividades R\u00edtmicas como estrategia para corregir los estereotipos sexistas &#8211; de la pr\u00e1ctica deportiva.<br>&#8211; Ampliar el abanico de posibilidades para utilizar su Ocio y Tiempo Libre con la manifestaci\u00f3n de la motricidad m\u00e1s acorde con sus intereses.<br>&#8211; Aceptar el reto que supone competir, sin que ello suponga actitudes de rivalidad, entendiendo la oposici\u00f3n como una parte del juego y no como una actitud frente a las\/los dem\u00e1s, potenciando la asertividad, sobre todo entre el alumnado que tiende a reaccionar de forma agresiva o pasiva.<br><img decoding=\"async\" src=\"https:\/\/apefadal.es\/wp-content\/uploads\/2020\/04\/XX-encuentros-cartel-726x1024.jpg\"><br>Los 20 a\u00f1os de desarrollo de esta experiencia han supuesto, para el profesorado implicado en la misma, una aproximaci\u00f3n a la problem\u00e1tica que nos ocupa, a trav\u00e9s de un mayor conocimiento de los hechos y de una reflexi\u00f3n sobre los mismos. A su vez, estos procesos de evaluaci\u00f3n y reflexi\u00f3n, han hecho que el proyecto fuera adapt\u00e1ndose con nuevas herramientas que nos ayudan a ofrecer a nuestro alumnado una Educaci\u00f3n F\u00edsica actualizada y no reproductora de los estereotipos masculinos que perpet\u00faan el heteropatriarcado.<br><br>Cada a\u00f1o, las Jornadas de Coeducaci\u00f3n f\u00edsica, tienen el punto \u00e1lgido en los \u201cEncuentros L\u00fadico-Deportivos por la Igualdad de la Comunidad de Madrid\u201d donde ya han participado m\u00e1s de 42.000 chicas y chicos de la Comunidad de Madrid. La edici\u00f3n veinte se ha realizado en el Complejo deportivo \u201cLa Cantera\u201d de Legan\u00e9s, donde han participado cerca de 2500 alumnos y alumnas de 26 centros correspondientes a 12 localidades de la Comunidad de Madrid.<\/p><\/div><\/div>\n<\/div><\/div><\/div>\n\n\n\n<div id=\"g-ttlleo0\" class=\"wp-block-gutentor-m6-item section-g-ttlleo0 gutentor-module gutentor-module-accordion-item\"><div class=\"gutentor-module-accordion-panel g-a-panel-g-7d77677\"><div class=\"gm-ah-g-7d77677 gutentor-module-accordion-item-heading gutentor-module-icon-position-right\"><span class=\"gutentor-module-accordion-panel-handler\" role=\"button\"><span class=\"gutentor-module-accordion-panel-handler-label\"><strong>Art\u00edculo Revista Pedag\u00f3gica ADAL<\/strong><\/span><span class=\"gutentor-module-accordion-icon\"><i class=\"gm-aio-g-7d77677 gutentor-module-accordion-icon-open fas fa-plus\"><\/i><i class=\"gm-aic-g-7d77677 gutentor-module-accordion-icon-close fas fa-minus\"><\/i><\/span><\/span><\/div><div class=\"gm-ab-g-7d77677 gutentor-module-accordion-body\">\n<div id=\"section-g-yiht1h1\" class=\"wp-block-gutentor-e0 section-g-yiht1h1 gutentor-element gutentor-element-advanced-text\"><div class=\"gutentor-text-wrap\"><p class=\"gutentor-text\"><\/p><\/div><\/div>\n\n\n\n<div id=\"section-g4dca60\" class=\"wp-block-gutentor-e2 section-g4dca60 gutentor-element gutentor-element-button button-align-center-desktop\"><span class=\"gutentor-button-wrap\"><a class=\"gutentor-button gutentor-block-button gutentor-icon-hide\" href=\"https:\/\/apefadal.es\/index.php\/2017\/12\/13\/revista-pedagogica-adal-035\/\"><i class=\"gutentor-button-icon fas fa-book\"><\/i><span><strong>REVISTA 35<\/strong><\/span><\/a><\/span><\/div>\n<\/div><\/div><\/div>\n\n\n\n<div id=\"g-n9195g0\" class=\"wp-block-gutentor-m6-item section-g-n9195g0 gutentor-module gutentor-module-accordion-item\"><div class=\"gutentor-module-accordion-panel g-a-panel-g-7d77677\"><div class=\"gm-ah-g-7d77677 gutentor-module-accordion-item-heading gutentor-module-icon-position-right\"><span class=\"gutentor-module-accordion-panel-handler\" role=\"button\"><span class=\"gutentor-module-accordion-panel-handler-label\">XXVI <strong>Edici\u00f3n de 2026<\/strong><\/span><span class=\"gutentor-module-accordion-icon\"><i class=\"gm-aio-g-7d77677 gutentor-module-accordion-icon-open fas fa-plus\"><\/i><i class=\"gm-aic-g-7d77677 gutentor-module-accordion-icon-close fas fa-minus\"><\/i><\/span><\/span><\/div><div class=\"gm-ab-g-7d77677 gutentor-module-accordion-body\">\n<div id=\"section-g-eeruegj\" class=\"wp-block-gutentor-e2 section-g-eeruegj gutentor-element gutentor-element-button button-align-center-desktop\"><span class=\"gutentor-button-wrap\"><a class=\"gutentor-button gutentor-block-button gutentor-icon-hide\" href=\"https:\/\/apefadal.es\/index.php\/enredados-en-el-juego\/\"><i class=\"gutentor-button-icon fas fa-book\"><\/i><span><strong>EDICI\u00d3N DE 2026<\/strong><\/span><\/a><\/span><\/div>\n\n\n\n<div id=\"section-g-1sn1bmy\" class=\"wp-block-gutentor-e0 section-g-1sn1bmy gutentor-element gutentor-element-advanced-text\"><div class=\"gutentor-text-wrap\"><p class=\"gutentor-text\"><\/p><\/div><\/div>\n<\/div><\/div><\/div>\n<\/div><\/section>\n\n\n\n<section id=\"g-cwo7d3g\" class=\"wp-block-gutentor-p4 section-g-cwo7d3g gutentor-post-module gutentor-advanced-post-module\" data-gpid=\"554\" data-l-ani=\"gp4-animation-1\" data-i-b=\"gutentor\/p1\" data-maxnumpages=\"2\">\n<div id=\"section-g-vi9jv4g\" class=\"wp-block-gutentor-e16 section-g-vi9jv4g gutentor-element gutentor-post-header\"><div class=\"grid-container\"><div class=\"grid-row\">\n<div id=\"col-g-lxmlnx1\" class=\"wp-block-gutentor-e15 gutentor-single-column  grid-lg-5 grid-md-5 grid-5\"><div id=\"section-g-lxmlnx1\" class=\"section-g-lxmlnx1 gutentor-col-wrap\"><\/div><\/div>\n<\/div><\/div><\/div>\n\n\n<section class=\"gutentor-post-module section-g-s8ss8sw gutentor-post-module-p1 gutentor_p1_template1 wp-block-gutentor-p1  has-color-bg has-custom-bg gutentor-blog-grid\" id=\"g-s8ss8sw\" data-gbid=\"g-s8ss8sw\">\n<div class='grid-container'><div class='grid-row'><article class='gutentor-post  grid-lg-4 grid-md-6 grid-12'><div class='gutentor-post-item'><div class='gutentor-post-image-box'><a class=\"gutentor-post-image-link \" href=\"https:\/\/apefadal.es\/index.php\/2026\/03\/24\/xxvi-encuentros-de-jda-por-la-igualdad-y-la-interculturalidad\/\" rel=\"&quot;noopener\"><div class=\"gutentor-image-thumb\"><img loading=\"lazy\" decoding=\"async\" width=\"1266\" height=\"1791\" src=\"https:\/\/apefadal.es\/wp-content\/uploads\/2026\/03\/Cartel-Encuentros-2026-PANTALLAS-scaled-e1774342413564.png\" class=\"attachment-full size-full wp-post-image\" alt=\"\" \/><\/div><\/a><\/div><div class=\"gutentor-post-title-data-wrap\"><h3 class=\"gutentor-post-title\"><a href=\"https:\/\/apefadal.es\/index.php\/2026\/03\/24\/xxvi-encuentros-de-jda-por-la-igualdad-y-la-interculturalidad\/\" rel=\"bookmark\">XXVI ENCUENTROS DE JDA POR LA IGUALDAD Y LA INTERCULTURALIDAD<\/a><\/h3><\/div><a class=\"gutentor-button gutentor-post-button\" href=\"https:\/\/apefadal.es\/index.php\/2026\/03\/24\/xxvi-encuentros-de-jda-por-la-igualdad-y-la-interculturalidad\/\"><span>Leer m\u00e1s<\/span><\/a><\/div><\/article><article class='gutentor-post  grid-lg-4 grid-md-6 grid-12'><div class='gutentor-post-item'><div class='gutentor-post-image-box'><a class=\"gutentor-post-image-link \" href=\"https:\/\/apefadal.es\/index.php\/2025\/09\/22\/encuentros-deportes-alternativos-2026\/\" rel=\"&quot;noopener\"><div class=\"gutentor-image-thumb\"><img loading=\"lazy\" decoding=\"async\" width=\"1018\" height=\"1438\" src=\"https:\/\/apefadal.es\/wp-content\/uploads\/2025\/09\/Cartel-provisional-2026.jpg\" class=\"attachment-full size-full wp-post-image\" alt=\"\" \/><\/div><\/a><\/div><div class=\"gutentor-post-title-data-wrap\"><h3 class=\"gutentor-post-title\"><a href=\"https:\/\/apefadal.es\/index.php\/2025\/09\/22\/encuentros-deportes-alternativos-2026\/\" rel=\"bookmark\">Informaci\u00f3n PGA Encuentros deportes alternativos 2026<\/a><\/h3><\/div><a class=\"gutentor-button gutentor-post-button\" href=\"https:\/\/apefadal.es\/index.php\/2025\/09\/22\/encuentros-deportes-alternativos-2026\/\"><span>Leer m\u00e1s<\/span><\/a><\/div><\/article><article class='gutentor-post  grid-lg-4 grid-md-6 grid-12'><div class='gutentor-post-item'><div class='gutentor-post-image-box'><a class=\"gutentor-post-image-link \" href=\"https:\/\/apefadal.es\/index.php\/2025\/01\/28\/02-encuentros-igualdad-2025\/\" rel=\"&quot;noopener\"><div class=\"gutentor-image-thumb\"><img loading=\"lazy\" decoding=\"async\" width=\"763\" height=\"1079\" src=\"https:\/\/apefadal.es\/wp-content\/uploads\/2025\/01\/Imagen-cartel-2025.jpg\" class=\"attachment-full size-full wp-post-image\" alt=\"\" \/><\/div><\/a><\/div><div class=\"gutentor-post-title-data-wrap\"><h3 class=\"gutentor-post-title\"><a href=\"https:\/\/apefadal.es\/index.php\/2025\/01\/28\/02-encuentros-igualdad-2025\/\" rel=\"bookmark\">02 \u2013 ENCUENTROS IGUALDAD 2025<\/a><\/h3><\/div><a class=\"gutentor-button gutentor-post-button\" href=\"https:\/\/apefadal.es\/index.php\/2025\/01\/28\/02-encuentros-igualdad-2025\/\"><span>Leer m\u00e1s<\/span><\/a><\/div><\/article><article class='gutentor-post  grid-lg-4 grid-md-6 grid-12'><div class='gutentor-post-item'><div class='gutentor-post-image-box'><a class=\"gutentor-post-image-link \" href=\"https:\/\/apefadal.es\/index.php\/2024\/02\/07\/encuentros-igualdad-2024\/\" rel=\"&quot;noopener\"><div class=\"gutentor-image-thumb\"><img loading=\"lazy\" decoding=\"async\" width=\"633\" height=\"893\" src=\"https:\/\/apefadal.es\/wp-content\/uploads\/2024\/02\/Jornadsa-y-Encuentros-02-scaled-e1709199167242.jpg\" class=\"attachment-full size-full wp-post-image\" alt=\"\" \/><\/div><\/a><\/div><div class=\"gutentor-post-title-data-wrap\"><h3 class=\"gutentor-post-title\"><a href=\"https:\/\/apefadal.es\/index.php\/2024\/02\/07\/encuentros-igualdad-2024\/\" rel=\"bookmark\">02 &#8211; ENCUENTROS IGUALDAD 2024<\/a><\/h3><\/div><a class=\"gutentor-button gutentor-post-button\" href=\"https:\/\/apefadal.es\/index.php\/2024\/02\/07\/encuentros-igualdad-2024\/\"><span>Leer m\u00e1s<\/span><\/a><\/div><\/article><article class='gutentor-post  grid-lg-4 grid-md-6 grid-12'><div class='gutentor-post-item'><div class='gutentor-post-image-box'><a class=\"gutentor-post-image-link \" href=\"https:\/\/apefadal.es\/index.php\/2023\/02\/03\/xxiii-encuentros-ludico-deportivos-por-la-igualdad-y-la-interculturalidad-de-la-comunidad-de-madrid\/\" rel=\"&quot;noopener\"><div class=\"gutentor-image-thumb\"><img loading=\"lazy\" decoding=\"async\" width=\"1811\" height=\"2560\" src=\"https:\/\/apefadal.es\/wp-content\/uploads\/2023\/02\/encuentros-scaled.jpg\" class=\"attachment-full size-full wp-post-image\" alt=\"\" \/><\/div><\/a><\/div><div class=\"gutentor-post-title-data-wrap\"><h3 class=\"gutentor-post-title\"><a href=\"https:\/\/apefadal.es\/index.php\/2023\/02\/03\/xxiii-encuentros-ludico-deportivos-por-la-igualdad-y-la-interculturalidad-de-la-comunidad-de-madrid\/\" rel=\"bookmark\">XXIII ENCUENTROS L\u00daDICO-DEPORTIVOS POR LA IGUALDAD Y LA INTERCULTURALIDAD DE LA COMUNIDAD DE MADRID<\/a><\/h3><\/div><a class=\"gutentor-button gutentor-post-button\" href=\"https:\/\/apefadal.es\/index.php\/2023\/02\/03\/xxiii-encuentros-ludico-deportivos-por-la-igualdad-y-la-interculturalidad-de-la-comunidad-de-madrid\/\"><span>Leer m\u00e1s<\/span><\/a><\/div><\/article><article class='gutentor-post  grid-lg-4 grid-md-6 grid-12'><div class='gutentor-post-item'><div class='gutentor-post-image-box'><a class=\"gutentor-post-image-link \" href=\"https:\/\/apefadal.es\/index.php\/2022\/09\/02\/vuelven-los-encuentros-por-la-igualdad\/\" rel=\"&quot;noopener\"><div class=\"gutentor-image-thumb\"><img loading=\"lazy\" decoding=\"async\" width=\"633\" height=\"895\" src=\"https:\/\/apefadal.es\/wp-content\/uploads\/2022\/09\/XXIII-Encuentros-2023-scaled-e1662116111142.jpg\" class=\"attachment-full size-full wp-post-image\" alt=\"\" \/><\/div><\/a><\/div><div class=\"gutentor-post-title-data-wrap\"><h3 class=\"gutentor-post-title\"><a href=\"https:\/\/apefadal.es\/index.php\/2022\/09\/02\/vuelven-los-encuentros-por-la-igualdad\/\" rel=\"bookmark\">\u00a1Vuelven los Encuentros por la Igualdad!<\/a><\/h3><\/div><a class=\"gutentor-button gutentor-post-button\" href=\"https:\/\/apefadal.es\/index.php\/2022\/09\/02\/vuelven-los-encuentros-por-la-igualdad\/\"><span>Leer m\u00e1s<\/span><\/a><\/div><\/article><\/div><\/div><\/section>\n\n\n<div id=\"section-g-uo1l1x5\" class=\"wp-block-gutentor-e17 section-g-uo1l1x5 gutentor-element gutentor-post-footer\"><div class=\"grid-container\"><div class=\"grid-row\">\n<div id=\"col-g-wplt777\" class=\"wp-block-gutentor-e15 gutentor-single-column  grid-lg-12 grid-md-12 grid-12\"><div id=\"section-g-wplt777\" class=\"section-g-wplt777 gutentor-col-wrap\">\n<div id=\"section-g-777vas6\" class=\"wp-block-gutentor-e12 section-g-777vas6 gutentor-element gutentor-element-pagination text-align-center-mobile\"><div class=\"gutentor-pagination-wrap\" data-maxnumpages=\"2\"><ul class=\"gutentor-pagination\"><li class=\"gutentor-pagination-item gutentor-pagination-prev\"><a class=\"gutentor-pagination-link gutentor-disabled\" href=\"#\"><i class=\"fas fa-chevron-left\"><\/i>Anterior<\/a><\/li><li class=\"gutentor-pagination-item gutentor-pagination-active\" data-gpage=\"1\"><a class=\"gutentor-pagination-link\" href=\"#\">1<\/a><\/li><li class=\"gutentor-pagination-item\"><a class=\"gutentor-pagination-link\" href=\"#\" data-gpage=\"2\">2<\/a><\/li><li class=\"gutentor-pagination-item gutentor-pagination-next\"><a class=\"gutentor-pagination-link\" href=\"#\" data-gpage=\"2\">Siguiente<i class=\"fas fa-chevron-right\"><\/i><\/a><\/li><\/ul><\/div><\/div>\n<\/div><\/div>\n<\/div><\/div><\/div>\n<\/section>\n","protected":false},"excerpt":{"rendered":"","protected":false},"author":1,"featured_media":0,"parent":0,"menu_order":0,"comment_status":"closed","ping_status":"closed","template":"","meta":{"footnotes":""},"class_list":["post-554","page","type-page","status-publish","hentry"],"_links":{"self":[{"href":"https:\/\/apefadal.es\/index.php\/wp-json\/wp\/v2\/pages\/554","targetHints":{"allow":["GET"]}}],"collection":[{"href":"https:\/\/apefadal.es\/index.php\/wp-json\/wp\/v2\/pages"}],"about":[{"href":"https:\/\/apefadal.es\/index.php\/wp-json\/wp\/v2\/types\/page"}],"author":[{"embeddable":true,"href":"https:\/\/apefadal.es\/index.php\/wp-json\/wp\/v2\/users\/1"}],"replies":[{"embeddable":true,"href":"https:\/\/apefadal.es\/index.php\/wp-json\/wp\/v2\/comments?post=554"}],"version-history":[{"count":35,"href":"https:\/\/apefadal.es\/index.php\/wp-json\/wp\/v2\/pages\/554\/revisions"}],"predecessor-version":[{"id":8516,"href":"https:\/\/apefadal.es\/index.php\/wp-json\/wp\/v2\/pages\/554\/revisions\/8516"}],"wp:attachment":[{"href":"https:\/\/apefadal.es\/index.php\/wp-json\/wp\/v2\/media?parent=554"}],"curies":[{"name":"wp","href":"https:\/\/api.w.org\/{rel}","templated":true}]}}