{"id":550,"date":"2020-04-13T08:46:58","date_gmt":"2020-04-13T08:46:58","guid":{"rendered":"https:\/\/apefadal.es\/?page_id=550"},"modified":"2026-02-23T10:40:51","modified_gmt":"2026-02-23T10:40:51","slug":"efecto-igualdad","status":"publish","type":"page","link":"https:\/\/apefadal.es\/index.php\/efecto-igualdad\/","title":{"rendered":"EFecto Igualdad"},"content":{"rendered":"\n<div id=\"section-g-qngoj19\" class=\"wp-block-gutentor-e1 section-g-qngoj19 gutentor-element gutentor-element-advanced-text text-align-center-desktop\"><div class=\"gutentor-text-wrap\"><p class=\"gutentor-text\">EFecto Igualdad es una iniciativa de la Asociaci\u00f3n de Profesorado de Educaci\u00f3n F\u00edsica ADAL, coordinada por Mario Marcol, que tiene como objetivo aportar materiales pr\u00e1cticos al profesorado de Educaci\u00f3n F\u00edsica para trabajar la coeducaci\u00f3n en los centros escolares y la eliminaci\u00f3n de estereotipos de g\u00e9nero en las aulas. El proyecto naci\u00f3 durante el curso 2016\/2017 y sus principales acciones, hasta el momento, han sido un dec\u00e1logo para eliminar desigualdades de g\u00e9nero a las clases de Educaci\u00f3n F\u00edsica y un v\u00eddeo tutorial para realizar una coreograf\u00eda e incentivar la celebraci\u00f3n del 8 de marzo, D\u00eda Internacional de la mujer.<br><br>Lejos de ser una secci\u00f3n o \u00e1rea aislada de ApefADAL se espera que EFecto igualdad se convierta en un pilar vertebral de la asociaci\u00f3n funcionando tanto como plataforma para la elaboraci\u00f3n de materiales propios como para el \u201ccontagio\u201d de sus claves en todos los \u00e1mbitos de ApefADAL: plan de formaci\u00f3n, publicaciones y resto de actividades dentro y fuera de los centros educativos.<br><br>El siguiente escrito pretende recoger los antecedentes dentro de la Asociaci\u00f3n al proyecto, la elaboraci\u00f3n y las fases. Por \u00faltimo, y clave para su continuidad, se plantea sobre cu\u00e1les pueden ser los pasos venideros dentro de la propuesta sirviendo como punto de inflexi\u00f3n sobre el futuro del proyecto.<\/p><\/div><\/div>\n\n\n\n<div id=\"section-g3d6188\" class=\"wp-block-gutentor-e2 section-g3d6188 gutentor-element gutentor-element-button button-align-center-desktop button-align-center-tablet button-align-center-mobile\"><span class=\"gutentor-button-wrap\"><a class=\"gutentor-button gutentor-block-button gutentor-icon-hide\" href=\"https:\/\/apefadal.es\/index.php\/2017\/12\/13\/revista-pedagogica-adal-035\/\"><i class=\"gutentor-button-icon fas fa-book\"><\/i><span><strong>Leer Art\u00edculo Completo en el n\u00famero 35 de nuestra revista<\/strong><\/span><\/a><\/span><\/div>\n\n\n\n<div style=\"height:50px\" aria-hidden=\"true\" class=\"wp-block-spacer\"><\/div>\n\n\n\n<div id=\"section-g42e35d\" class=\"wp-block-gutentor-e6 section-g42e35d gutentor-element gutentor-element-image text-align-center-desktop text-align-center-tablet text-align-center-mobile\"><div class=\"gutentor-element-image-box\"><a class=\"gutentor-element-image-link\" href=\"https:\/\/issuu.com\/home\/published\/decalogo_10_consejos_para_eliminar_\" target=\"_blank\" rel=\"noopener noreferrer\"><div class=\"gutentor-image-thumb\"><img decoding=\"async\" class=\"normal-image\" src=\"https:\/\/apefadal.es\/wp-content\/uploads\/2020\/04\/Decalogo.jpg\" \/><\/div><\/a><\/div><\/div>\n\n\n\n<div data-wp-interactive=\"core\/file\" class=\"wp-block-file aligncenter\"><object data-wp-bind--hidden=\"!state.hasPdfPreview\" hidden class=\"wp-block-file__embed\" data=\"https:\/\/apefadal.es\/wp-content\/uploads\/2025\/03\/DECALOGO-APEFADAL.pdf\" type=\"application\/pdf\" style=\"width:100%;height:700px\" aria-label=\"Incrustado de DEC\u00c1LOGO EFECTO IGUALDAD APEFADAL.\"><\/object><a id=\"wp-block-file--media-d59dd939-2c2f-4cd1-be4c-f8d12958f3f3\" href=\"https:\/\/apefadal.es\/wp-content\/uploads\/2025\/03\/DECALOGO-APEFADAL.pdf\" target=\"_blank\" rel=\"noreferrer noopener\">DEC\u00c1LOGO EFECTO IGUALDAD APEFADAL<\/a><a href=\"https:\/\/apefadal.es\/wp-content\/uploads\/2025\/03\/DECALOGO-APEFADAL.pdf\" class=\"wp-block-file__button wp-element-button\" download aria-describedby=\"wp-block-file--media-d59dd939-2c2f-4cd1-be4c-f8d12958f3f3\">Descarga<\/a><\/div>\n\n\n<section class=\"gutentor-post-module section-ae938779-c70b-4b89-bb31-f55fc57e1028 gutentor-post-module-p1 gutentor_p1_template1 wp-block-gutentor-p1 g-equal-height  has-color-bg has-custom-bg gutentor-blog-grid\" id=\"ae938779-c70b-4b89-bb31-f55fc57e1028\" data-gbid=\"ae938779-c70b-4b89-bb31-f55fc57e1028\">\n<div class='grid-container'><div class='grid-row'><article class='gutentor-post  grid-md-4 grid-sm-4 grid-xs-12'><div class='gutentor-post-item'><div class='gutentor-post-image-box'><a class=\"gutentor-post-image-link \" href=\"https:\/\/apefadal.es\/index.php\/2026\/04\/08\/coreografia-aperture-harry-styles\/\" rel=\"&quot;noopener\"><div class=\"gutentor-image-thumb\"><img loading=\"lazy\" decoding=\"async\" width=\"633\" height=\"895\" src=\"https:\/\/apefadal.es\/wp-content\/uploads\/2026\/04\/APERTURE-A4-e1776324790188.png\" class=\"attachment-full size-full wp-post-image\" alt=\"\" \/><\/div><\/a><\/div><div class=\"gutentor-post-title-data-wrap\"><h3 class=\"gutentor-post-title\"><a href=\"https:\/\/apefadal.es\/index.php\/2026\/04\/08\/coreografia-aperture-harry-styles\/\" rel=\"bookmark\">Coreograf\u00eda Aperture -Harry Styles<\/a><\/h3><\/div><div class=\"gutentor-button-wrap\"><a class=\"gutentor-button gutentor-post-button\" href=\"https:\/\/apefadal.es\/index.php\/2026\/04\/08\/coreografia-aperture-harry-styles\/\"><span>Leer m\u00e1s<\/span><\/a><\/div><\/div><\/article><article class='gutentor-post  grid-md-4 grid-sm-4 grid-xs-12'><div class='gutentor-post-item'><div class='gutentor-post-image-box'><a class=\"gutentor-post-image-link \" href=\"https:\/\/apefadal.es\/index.php\/2026\/03\/24\/coreografia-makeba-jain\/\" rel=\"&quot;noopener\"><div class=\"gutentor-image-thumb\"><img loading=\"lazy\" decoding=\"async\" width=\"633\" height=\"895\" src=\"https:\/\/apefadal.es\/wp-content\/uploads\/2026\/03\/makeba-A4-e1774340973847.png\" class=\"attachment-full size-full wp-post-image\" alt=\"\" \/><\/div><\/a><\/div><div class=\"gutentor-post-title-data-wrap\"><h3 class=\"gutentor-post-title\"><a href=\"https:\/\/apefadal.es\/index.php\/2026\/03\/24\/coreografia-makeba-jain\/\" rel=\"bookmark\">COREOGRAF\u00cdA MAKEBA &#8211; JAIN<\/a><\/h3><\/div><div class=\"gutentor-button-wrap\"><a class=\"gutentor-button gutentor-post-button\" href=\"https:\/\/apefadal.es\/index.php\/2026\/03\/24\/coreografia-makeba-jain\/\"><span>Leer m\u00e1s<\/span><\/a><\/div><\/div><\/article><article class='gutentor-post  grid-md-4 grid-sm-4 grid-xs-12'><div class='gutentor-post-item'><div class='gutentor-post-image-box'><a class=\"gutentor-post-image-link \" href=\"https:\/\/apefadal.es\/index.php\/2025\/04\/02\/coreografia-espremedors\/\" rel=\"&quot;noopener\"><div class=\"gutentor-image-thumb\"><img loading=\"lazy\" decoding=\"async\" width=\"633\" height=\"895\" src=\"https:\/\/apefadal.es\/wp-content\/uploads\/2025\/04\/Espremedors-A4-e1743580411486.png\" class=\"attachment-full size-full wp-post-image\" alt=\"\" \/><\/div><\/a><\/div><div class=\"gutentor-post-title-data-wrap\"><h3 class=\"gutentor-post-title\"><a href=\"https:\/\/apefadal.es\/index.php\/2025\/04\/02\/coreografia-espremedors\/\" rel=\"bookmark\">Coreograf\u00eda Espremedors<\/a><\/h3><\/div><div class=\"gutentor-button-wrap\"><a class=\"gutentor-button gutentor-post-button\" href=\"https:\/\/apefadal.es\/index.php\/2025\/04\/02\/coreografia-espremedors\/\"><span>Leer m\u00e1s<\/span><\/a><\/div><\/div><\/article><article class='gutentor-post  grid-md-4 grid-sm-4 grid-xs-12'><div class='gutentor-post-item'><div class='gutentor-post-image-box'><a class=\"gutentor-post-image-link \" href=\"https:\/\/apefadal.es\/index.php\/2025\/03\/04\/coreografia-lagrimas-de-sequia\/\" rel=\"&quot;noopener\"><div class=\"gutentor-image-thumb\"><img loading=\"lazy\" decoding=\"async\" width=\"633\" height=\"896\" src=\"https:\/\/apefadal.es\/wp-content\/uploads\/2025\/03\/noticias-633-x-895-px_20250307_211237_0000-e1741435933563.png\" class=\"attachment-full size-full wp-post-image\" alt=\"\" \/><\/div><\/a><\/div><div class=\"gutentor-post-title-data-wrap\"><h3 class=\"gutentor-post-title\"><a href=\"https:\/\/apefadal.es\/index.php\/2025\/03\/04\/coreografia-lagrimas-de-sequia\/\" rel=\"bookmark\">Coreograf\u00eda L\u00e1grimas de Sequ\u00eda<\/a><\/h3><\/div><div class=\"gutentor-button-wrap\"><a class=\"gutentor-button gutentor-post-button\" href=\"https:\/\/apefadal.es\/index.php\/2025\/03\/04\/coreografia-lagrimas-de-sequia\/\"><span>Leer m\u00e1s<\/span><\/a><\/div><\/div><\/article><article class='gutentor-post  grid-md-4 grid-sm-4 grid-xs-12'><div class='gutentor-post-item'><div class='gutentor-post-image-box'><a class=\"gutentor-post-image-link \" href=\"https:\/\/apefadal.es\/index.php\/2024\/04\/03\/coreografia-yo-solo-quiero-amor-efecto-igualdad-2024\/\" rel=\"&quot;noopener\"><div class=\"gutentor-image-thumb\"><img loading=\"lazy\" decoding=\"async\" width=\"633\" height=\"893\" src=\"https:\/\/apefadal.es\/wp-content\/uploads\/2024\/04\/Imagen-destacada-solo-quiero-amor-scaled-e1712137441618.jpg\" class=\"attachment-full size-full wp-post-image\" alt=\"\" \/><\/div><\/a><\/div><div class=\"gutentor-post-title-data-wrap\"><h3 class=\"gutentor-post-title\"><a href=\"https:\/\/apefadal.es\/index.php\/2024\/04\/03\/coreografia-yo-solo-quiero-amor-efecto-igualdad-2024\/\" rel=\"bookmark\">Coreograf\u00eda &#8211; Yo solo quiero amor &#8211; #EFecto igualdad 2024<\/a><\/h3><\/div><div class=\"gutentor-button-wrap\"><a class=\"gutentor-button gutentor-post-button\" href=\"https:\/\/apefadal.es\/index.php\/2024\/04\/03\/coreografia-yo-solo-quiero-amor-efecto-igualdad-2024\/\"><span>Leer m\u00e1s<\/span><\/a><\/div><\/div><\/article><article class='gutentor-post  grid-md-4 grid-sm-4 grid-xs-12'><div class='gutentor-post-item'><div class='gutentor-post-image-box'><a class=\"gutentor-post-image-link \" href=\"https:\/\/apefadal.es\/index.php\/2024\/02\/27\/coreografia-efectoigualdad-2024-as-que-tinan-que-estar\/\" rel=\"&quot;noopener\"><div class=\"gutentor-image-thumb\"><img loading=\"lazy\" decoding=\"async\" width=\"633\" height=\"898\" src=\"https:\/\/apefadal.es\/wp-content\/uploads\/2024\/02\/Imagen-destacada-efecto-igualdad-2024-scaled-e1709033738368.jpg\" class=\"attachment-full size-full wp-post-image\" alt=\"\" \/><\/div><\/a><\/div><div class=\"gutentor-post-title-data-wrap\"><h3 class=\"gutentor-post-title\"><a href=\"https:\/\/apefadal.es\/index.php\/2024\/02\/27\/coreografia-efectoigualdad-2024-as-que-tinan-que-estar\/\" rel=\"bookmark\">Coreograf\u00eda #EFectoIgualdad 2024 &#8211; As que ti\u00f1an que estar<\/a><\/h3><\/div><div class=\"gutentor-button-wrap\"><a class=\"gutentor-button gutentor-post-button\" href=\"https:\/\/apefadal.es\/index.php\/2024\/02\/27\/coreografia-efectoigualdad-2024-as-que-tinan-que-estar\/\"><span>Leer m\u00e1s<\/span><\/a><\/div><\/div><\/article><article class='gutentor-post  grid-md-4 grid-sm-4 grid-xs-12'><div class='gutentor-post-item'><div class='gutentor-post-image-box'><a class=\"gutentor-post-image-link \" href=\"https:\/\/apefadal.es\/index.php\/2023\/03\/28\/coreografia-efectoigualdad-2023-stefania-kalush-orchestra\/\" rel=\"&quot;noopener\"><div class=\"gutentor-image-thumb\"><img loading=\"lazy\" decoding=\"async\" width=\"633\" height=\"836\" src=\"https:\/\/apefadal.es\/wp-content\/uploads\/2023\/03\/portada-stefania-e1679994805205.png\" class=\"attachment-full size-full wp-post-image\" alt=\"\" \/><\/div><\/a><\/div><div class=\"gutentor-post-title-data-wrap\"><h3 class=\"gutentor-post-title\"><a href=\"https:\/\/apefadal.es\/index.php\/2023\/03\/28\/coreografia-efectoigualdad-2023-stefania-kalush-orchestra\/\" rel=\"bookmark\">Coreograf\u00eda\u00a0#EFectoIgualdad\u00a02023 &#8211; Stefania &#8211; Kalush Orchestra<\/a><\/h3><\/div><div class=\"gutentor-button-wrap\"><a class=\"gutentor-button gutentor-post-button\" href=\"https:\/\/apefadal.es\/index.php\/2023\/03\/28\/coreografia-efectoigualdad-2023-stefania-kalush-orchestra\/\"><span>Leer m\u00e1s<\/span><\/a><\/div><\/div><\/article><article class='gutentor-post  grid-md-4 grid-sm-4 grid-xs-12'><div class='gutentor-post-item'><div class='gutentor-post-image-box'><a class=\"gutentor-post-image-link \" href=\"https:\/\/apefadal.es\/index.php\/2021\/03\/07\/efectoigualdad-2021-mujer-montana\/\" rel=\"&quot;noopener\"><div class=\"gutentor-image-thumb\"><img loading=\"lazy\" decoding=\"async\" width=\"633\" height=\"895\" src=\"https:\/\/apefadal.es\/wp-content\/uploads\/2021\/03\/poster-mujer-montana-e1615142200274.png\" class=\"attachment-full size-full wp-post-image\" alt=\"\" \/><\/div><\/a><\/div><div class=\"gutentor-post-title-data-wrap\"><h3 class=\"gutentor-post-title\"><a href=\"https:\/\/apefadal.es\/index.php\/2021\/03\/07\/efectoigualdad-2021-mujer-montana\/\" rel=\"bookmark\">EFectoIGUALDAD 2021 &#8211; Mujer Monta\u00f1a<\/a><\/h3><\/div><div class=\"gutentor-button-wrap\"><a class=\"gutentor-button gutentor-post-button\" href=\"https:\/\/apefadal.es\/index.php\/2021\/03\/07\/efectoigualdad-2021-mujer-montana\/\"><span>Leer m\u00e1s<\/span><\/a><\/div><\/div><\/article><article class='gutentor-post  grid-md-4 grid-sm-4 grid-xs-12'><div class='gutentor-post-item'><div class='gutentor-post-image-box'><a class=\"gutentor-post-image-link \" href=\"https:\/\/apefadal.es\/index.php\/2020\/05\/28\/coreografia-humano-de-chocquibtown\/\" rel=\"&quot;noopener\"><div class=\"gutentor-image-thumb\"><img loading=\"lazy\" decoding=\"async\" width=\"632\" height=\"900\" src=\"https:\/\/apefadal.es\/wp-content\/uploads\/2020\/05\/Coreo-Humano-e1590661385171.png\" class=\"attachment-full size-full wp-post-image\" alt=\"\" \/><\/div><\/a><\/div><div class=\"gutentor-post-title-data-wrap\"><h3 class=\"gutentor-post-title\"><a href=\"https:\/\/apefadal.es\/index.php\/2020\/05\/28\/coreografia-humano-de-chocquibtown\/\" rel=\"bookmark\">Coreograf\u00eda \u00abHumano\u00bb de ChocQuibTown<\/a><\/h3><\/div><div class=\"gutentor-button-wrap\"><a class=\"gutentor-button gutentor-post-button\" href=\"https:\/\/apefadal.es\/index.php\/2020\/05\/28\/coreografia-humano-de-chocquibtown\/\"><span>Leer m\u00e1s<\/span><\/a><\/div><\/div><\/article><article class='gutentor-post  grid-md-4 grid-sm-4 grid-xs-12'><div class='gutentor-post-item'><div class='gutentor-post-image-box'><a class=\"gutentor-post-image-link \" href=\"https:\/\/apefadal.es\/index.php\/2020\/04\/02\/coreografia-aloha\/\" rel=\"&quot;noopener\"><div class=\"gutentor-image-thumb\"><img loading=\"lazy\" decoding=\"async\" width=\"633\" height=\"899\" src=\"https:\/\/apefadal.es\/wp-content\/uploads\/2020\/04\/ALOHA-e1586173604537.png\" class=\"attachment-full size-full wp-post-image\" alt=\"\" \/><\/div><\/a><\/div><div class=\"gutentor-post-title-data-wrap\"><h3 class=\"gutentor-post-title\"><a href=\"https:\/\/apefadal.es\/index.php\/2020\/04\/02\/coreografia-aloha\/\" rel=\"bookmark\">Coreograf\u00eda Aloha<\/a><\/h3><\/div><div class=\"gutentor-button-wrap\"><a class=\"gutentor-button gutentor-post-button\" href=\"https:\/\/apefadal.es\/index.php\/2020\/04\/02\/coreografia-aloha\/\"><span>Leer m\u00e1s<\/span><\/a><\/div><\/div><\/article><article class='gutentor-post  grid-md-4 grid-sm-4 grid-xs-12'><div class='gutentor-post-item'><div class='gutentor-post-image-box'><a class=\"gutentor-post-image-link \" href=\"https:\/\/apefadal.es\/index.php\/2019\/02\/12\/coreografia-8-de-marzo-respect-aretha-franklin\/\" rel=\"&quot;noopener\"><div class=\"gutentor-image-thumb\"><img loading=\"lazy\" decoding=\"async\" width=\"814\" height=\"1080\" src=\"https:\/\/apefadal.es\/wp-content\/uploads\/2019\/02\/respect.jpg\" class=\"attachment-full size-full wp-post-image\" alt=\"\" \/><\/div><\/a><\/div><div class=\"gutentor-post-title-data-wrap\"><h3 class=\"gutentor-post-title\"><a href=\"https:\/\/apefadal.es\/index.php\/2019\/02\/12\/coreografia-8-de-marzo-respect-aretha-franklin\/\" rel=\"bookmark\">Coreograf\u00eda 8 de Marzo Respect &#8211; Aretha Franklin<\/a><\/h3><\/div><div class=\"gutentor-button-wrap\"><a class=\"gutentor-button gutentor-post-button\" href=\"https:\/\/apefadal.es\/index.php\/2019\/02\/12\/coreografia-8-de-marzo-respect-aretha-franklin\/\"><span>Leer m\u00e1s<\/span><\/a><\/div><\/div><\/article><article class='gutentor-post  grid-md-4 grid-sm-4 grid-xs-12'><div class='gutentor-post-item'><div class='gutentor-post-image-box'><a class=\"gutentor-post-image-link \" href=\"https:\/\/apefadal.es\/index.php\/2018\/02\/12\/coreografia-8-de-marzo-most-girls-de-hailee-steinfeld\/\" rel=\"&quot;noopener\"><div class=\"gutentor-image-thumb\"><img loading=\"lazy\" decoding=\"async\" width=\"633\" height=\"831\" src=\"https:\/\/apefadal.es\/wp-content\/uploads\/2020\/04\/haile-e1586777776795.jpg\" class=\"attachment-full size-full wp-post-image\" alt=\"\" \/><\/div><\/a><\/div><div class=\"gutentor-post-title-data-wrap\"><h3 class=\"gutentor-post-title\"><a href=\"https:\/\/apefadal.es\/index.php\/2018\/02\/12\/coreografia-8-de-marzo-most-girls-de-hailee-steinfeld\/\" rel=\"bookmark\">Coreograf\u00eda 8 de marzo &#8211; Most Girls de Hailee Steinfeld<\/a><\/h3><\/div><div class=\"gutentor-button-wrap\"><a class=\"gutentor-button gutentor-post-button\" href=\"https:\/\/apefadal.es\/index.php\/2018\/02\/12\/coreografia-8-de-marzo-most-girls-de-hailee-steinfeld\/\"><span>Leer m\u00e1s<\/span><\/a><\/div><\/div><\/article><\/div><\/div><\/section>","protected":false},"excerpt":{"rendered":"","protected":false},"author":1,"featured_media":0,"parent":0,"menu_order":0,"comment_status":"closed","ping_status":"closed","template":"","meta":{"footnotes":""},"class_list":["post-550","page","type-page","status-publish","hentry"],"_links":{"self":[{"href":"https:\/\/apefadal.es\/index.php\/wp-json\/wp\/v2\/pages\/550","targetHints":{"allow":["GET"]}}],"collection":[{"href":"https:\/\/apefadal.es\/index.php\/wp-json\/wp\/v2\/pages"}],"about":[{"href":"https:\/\/apefadal.es\/index.php\/wp-json\/wp\/v2\/types\/page"}],"author":[{"embeddable":true,"href":"https:\/\/apefadal.es\/index.php\/wp-json\/wp\/v2\/users\/1"}],"replies":[{"embeddable":true,"href":"https:\/\/apefadal.es\/index.php\/wp-json\/wp\/v2\/comments?post=550"}],"version-history":[{"count":25,"href":"https:\/\/apefadal.es\/index.php\/wp-json\/wp\/v2\/pages\/550\/revisions"}],"predecessor-version":[{"id":8253,"href":"https:\/\/apefadal.es\/index.php\/wp-json\/wp\/v2\/pages\/550\/revisions\/8253"}],"wp:attachment":[{"href":"https:\/\/apefadal.es\/index.php\/wp-json\/wp\/v2\/media?parent=550"}],"curies":[{"name":"wp","href":"https:\/\/api.w.org\/{rel}","templated":true}]}}