{"id":55,"date":"2020-04-01T11:13:20","date_gmt":"2020-04-01T11:13:20","guid":{"rendered":"https:\/\/apefadal.es\/?page_id=55"},"modified":"2021-03-12T10:42:30","modified_gmt":"2021-03-12T10:42:30","slug":"cursos2020_2021","status":"publish","type":"page","link":"https:\/\/apefadal.es\/index.php\/cursos2020_2021\/","title":{"rendered":"Cursos"},"content":{"rendered":"\n<figure class=\"wp-block-gallery aligncenter columns-1 wp-block-gallery-1 is-layout-flex wp-block-gallery-is-layout-flex\"><ul class=\"blocks-gallery-grid\"><li class=\"blocks-gallery-item\"><figure><img loading=\"lazy\" decoding=\"async\" width=\"483\" height=\"171\" src=\"https:\/\/apefadal.es\/wp-content\/uploads\/2020\/04\/Consejeria-de-Educacion-Centrado.jpg\" alt=\"\" data-id=\"543\" data-full-url=\"https:\/\/apefadal.es\/wp-content\/uploads\/2020\/04\/Consejeria-de-Educacion-Centrado.jpg\" data-link=\"https:\/\/apefadal.es\/index.php\/cursos\/consejeria-de-educacion-centrado\/\" class=\"wp-image-543\" srcset=\"https:\/\/apefadal.es\/wp-content\/uploads\/2020\/04\/Consejeria-de-Educacion-Centrado.jpg 483w, https:\/\/apefadal.es\/wp-content\/uploads\/2020\/04\/Consejeria-de-Educacion-Centrado-300x106.jpg 300w\" sizes=\"auto, (max-width: 483px) 100vw, 483px\" \/><\/figure><\/li><\/ul><figcaption class=\"blocks-gallery-caption\"><strong>Subdirecci\u00f3n General de Programas de Innovaci\u00f3n y Formaci\u00f3n<\/strong><\/figcaption><\/figure>\n\n\n\n<hr class=\"wp-block-separator has-text-color has-background has-luminous-vivid-orange-background-color has-luminous-vivid-orange-color\"\/>\n\n\n\n<h2 class=\"has-text-align-center wp-block-heading\"> <strong>EN CONVENIO CON LA CONSEJER\u00cdA DE EDUCACI\u00d3N DE LA&nbsp;COMUNIDAD DE MADRID<\/strong> <\/h2>\n\n\n\n<h3 class=\"has-text-align-center has-text-color wp-block-heading\" style=\"color:#14205c\"><strong>Consulta nuestra <a href=\"https:\/\/apefadal.es\/index.php\/normas-cursos\/\"><em>NORMATIVA<\/em><\/a> para la realizaci\u00f3n de nuestras actividades.<\/strong><\/h3>\n\n\n\n<h3 class=\"has-text-align-center has-text-color wp-block-heading\" style=\"color:#14205c\"><strong>Consulta la informaci\u00f3n relativa a <a href=\"https:\/\/apefadal.es\/index.php\/certificados\/\"><em>CERTIFICADOS<\/em><\/a><\/strong><\/h3>\n\n\n\n<h3 class=\"has-text-align-center has-text-color wp-block-heading\" style=\"color:#14205c\"><strong>Consulta los \u00faltimos <a href=\"https:\/\/apefadal.es\/index.php\/comunicados\/\"><em>COMUNICADOS<\/em><\/a> con informaci\u00f3n relativa a nuestros cursos<\/strong><\/h3>\n\n\n\n<hr class=\"wp-block-separator has-text-color has-background has-luminous-vivid-orange-background-color has-luminous-vivid-orange-color\"\/>\n\n\n\n<h3 class=\"has-text-align-center has-text-color wp-block-heading\" style=\"color:#14205c\"><strong>Algunas de *nuestras actividades para el primer trimestre del curso 20\/21:<\/strong><\/h3>\n\n\n\n<figure class=\"wp-block-table aligncenter is-style-stripes\"><table class=\"has-subtle-pale-blue-background-color has-background\"><tbody><tr><td class=\"has-text-align-center\" data-align=\"center\"><strong>CURSO<\/strong><\/td><td class=\"has-text-align-center\" data-align=\"center\"><strong>MODALIDAD<\/strong><\/td><td class=\"has-text-align-center\" data-align=\"center\"><strong>CR\u00c9DITOS<\/strong><\/td><td class=\"has-text-align-center\" data-align=\"center\"><strong>INICIO<\/strong><\/td><td class=\"has-text-align-center\" data-align=\"center\"><strong>FIN<\/strong><\/td><\/tr><tr><td class=\"has-text-align-center\" data-align=\"center\"><strong><a href=\"https:\/\/apefadal.es\/index.php\/01-g-suit\/\" data-type=\"page\" data-id=\"70\">12 &#8211; Google Suit<\/a><\/strong><\/td><td class=\"has-text-align-center\" data-align=\"center\">En l\u00ednea<\/td><td class=\"has-text-align-center\" data-align=\"center\">2<\/td><td class=\"has-text-align-center\" data-align=\"center\">19\/10<\/td><td class=\"has-text-align-center\" data-align=\"center\">16\/11<\/td><\/tr><tr><td class=\"has-text-align-center\" data-align=\"center\"><strong><s>13 &#8211; Escobas voladoras<\/s><\/strong><\/td><td class=\"has-text-align-center\" data-align=\"center\"> Presencial <\/td><td class=\"has-text-align-center\" data-align=\"center\">1<\/td><td class=\"has-text-align-center\" data-align=\"center\">\u00bf?<\/td><td class=\"has-text-align-center\" data-align=\"center\">\u00bf?<\/td><\/tr><tr><td class=\"has-text-align-center\" data-align=\"center\"><strong><s>14 &#8211; Juegos mesa<\/s><\/strong><\/td><td class=\"has-text-align-center\" data-align=\"center\"> Presencial <\/td><td class=\"has-text-align-center\" data-align=\"center\">1<\/td><td class=\"has-text-align-center\" data-align=\"center\">\u00bf?<\/td><td class=\"has-text-align-center\" data-align=\"center\">\u00bf?<\/td><\/tr><tr><td class=\"has-text-align-center\" data-align=\"center\"><strong><s>15 &#8211; Tchoukball<\/s><\/strong><\/td><td class=\"has-text-align-center\" data-align=\"center\"> Presencial <\/td><td class=\"has-text-align-center\" data-align=\"center\">1<\/td><td class=\"has-text-align-center\" data-align=\"center\">&#8211;<\/td><td class=\"has-text-align-center\" data-align=\"center\">&#8211;<\/td><\/tr><tr><td class=\"has-text-align-center\" data-align=\"center\"><strong><s>16 &#8211; Kubb y M\u00f6lkky<\/s><\/strong><\/td><td class=\"has-text-align-center\" data-align=\"center\"> Presencial <\/td><td class=\"has-text-align-center\" data-align=\"center\">1<\/td><td class=\"has-text-align-center\" data-align=\"center\">26\/09<\/td><td class=\"has-text-align-center\" data-align=\"center\">25\/10<\/td><\/tr><tr><td class=\"has-text-align-center\" data-align=\"center\"><strong><s>17 &#8211; Arte para un mundo mejor<\/s><\/strong><\/td><td class=\"has-text-align-center\" data-align=\"center\">Presencial<\/td><td class=\"has-text-align-center\" data-align=\"center\">1<\/td><td class=\"has-text-align-center\" data-align=\"center\">24\/10<\/td><td class=\"has-text-align-center\" data-align=\"center\">24\/10<\/td><\/tr><tr><td class=\"has-text-align-center\" data-align=\"center\"><strong><s>18 &#8211; Cancha Compartida<\/s><\/strong><\/td><td class=\"has-text-align-center\" data-align=\"center\">Presencial<\/td><td class=\"has-text-align-center\" data-align=\"center\">1<\/td><td class=\"has-text-align-center\" data-align=\"center\">17\/10<\/td><td class=\"has-text-align-center\" data-align=\"center\">17\/10<\/td><\/tr><tr><td class=\"has-text-align-center\" data-align=\"center\"><strong><s>19 &#8211; Malabares<\/s><\/strong><\/td><td class=\"has-text-align-center\" data-align=\"center\">Presencial<\/td><td class=\"has-text-align-center\" data-align=\"center\">1<\/td><td class=\"has-text-align-center\" data-align=\"center\">07\/11<\/td><td class=\"has-text-align-center\" data-align=\"center\">07\/11<\/td><\/tr><tr><td class=\"has-text-align-center\" data-align=\"center\"><strong><s>20 &#8211; Juegos y Deportes Alternativos<\/s><\/strong><\/td><td class=\"has-text-align-center\" data-align=\"center\">Presencial<\/td><td class=\"has-text-align-center\" data-align=\"center\">2.1<\/td><td class=\"has-text-align-center\" data-align=\"center\">04\/11<\/td><td class=\"has-text-align-center\" data-align=\"center\">24\/11<\/td><\/tr><tr><td class=\"has-text-align-center\" data-align=\"center\"><strong><s>21 &#8211; Taller de Coreograf\u00edas<\/s><\/strong><\/td><td class=\"has-text-align-center\" data-align=\"center\">Presencial<\/td><td class=\"has-text-align-center\" data-align=\"center\">1<\/td><td class=\"has-text-align-center\" data-align=\"center\">14\/11<\/td><td class=\"has-text-align-center\" data-align=\"center\">14\/11<\/td><\/tr><tr><td class=\"has-text-align-center\" data-align=\"center\"><strong><s>22 &#8211; Comba<\/s><\/strong><\/td><td class=\"has-text-align-center\" data-align=\"center\">Presencial<\/td><td class=\"has-text-align-center\" data-align=\"center\">1<\/td><td class=\"has-text-align-center\" data-align=\"center\">21\/11<\/td><td class=\"has-text-align-center\" data-align=\"center\">21\/11<\/td><\/tr><tr><td class=\"has-text-align-center\" data-align=\"center\"><strong><s>23 &#8211; Disco Volador<\/s><\/strong><\/td><td class=\"has-text-align-center\" data-align=\"center\">Presencial<\/td><td class=\"has-text-align-center\" data-align=\"center\">1<\/td><td class=\"has-text-align-center\" data-align=\"center\">12\/12<\/td><td class=\"has-text-align-center\" data-align=\"center\">12\/12<\/td><\/tr><\/tbody><\/table><figcaption>*Finalmente no hemos sacado la oferta formativa presencial. Estamos deseando que se estabilice la situaci\u00f3n para recuperar nuestra actividad normal. Ampliaremos la oferta a distancia en 2021. <br>Suscr\u00edbete a nuestro bolet\u00edn para mantenerte al d\u00eda de nuestras actividades.<\/figcaption><\/figure>\n\n\n\n<hr class=\"wp-block-separator has-text-color has-background has-luminous-vivid-orange-background-color has-luminous-vivid-orange-color\"\/>\n\n\n\n<h3 class=\"has-text-align-center has-text-color wp-block-heading\" style=\"color:#14205c\"><strong>Actividades de Febrero a Junio del curso 19\/20:<\/strong><\/h3>\n\n\n\n<figure class=\"wp-block-table aligncenter is-style-stripes\"><table class=\"has-subtle-pale-blue-background-color has-background\"><tbody><tr><td class=\"has-text-align-center\" data-align=\"center\"><strong>CURSO<\/strong><\/td><td class=\"has-text-align-center\" data-align=\"center\"><strong>MODALIDAD<\/strong><\/td><td class=\"has-text-align-center\" data-align=\"center\"><strong>CR\u00c9DITOS<\/strong><\/td><td class=\"has-text-align-center\" data-align=\"center\"><strong>INICIO<\/strong><\/td><td class=\"has-text-align-center\" data-align=\"center\"><strong>FIN<\/strong><\/td><\/tr><tr><td class=\"has-text-align-center\" data-align=\"center\"><a href=\"https:\/\/apefadal.es\/index.php\/01-g-suit\/\"><strong><s>01 &#8211; Google Suit<\/s><\/strong><\/a><\/td><td class=\"has-text-align-center\" data-align=\"center\">En l\u00ednea<\/td><td class=\"has-text-align-center\" data-align=\"center\">2<\/td><td class=\"has-text-align-center\" data-align=\"center\">&#8211;<\/td><td class=\"has-text-align-center\" data-align=\"center\">&#8211;<\/td><\/tr><tr><td class=\"has-text-align-center\" data-align=\"center\"><a href=\"https:\/\/apefadal.es\/index.php\/02-xxxiii-encuentros\/\"><strong><s>02 &#8211; XXIII Encuentros<\/s><\/strong><\/a><\/td><td class=\"has-text-align-center\" data-align=\"center\">Presencial<\/td><td class=\"has-text-align-center\" data-align=\"center\">2<\/td><td class=\"has-text-align-center\" data-align=\"center\">&#8211;<\/td><td class=\"has-text-align-center\" data-align=\"center\">&#8211;<\/td><\/tr><tr><td class=\"has-text-align-center\" data-align=\"center\"><strong><s><a href=\"https:\/\/apefadal.es\/index.php\/3-escobas-voladoras\/\" data-type=\"page\" data-id=\"325\">03 &#8211; Escobas Voladoras<\/a><\/s><\/strong><\/td><td class=\"has-text-align-center\" data-align=\"center\"> Presencial <\/td><td class=\"has-text-align-center\" data-align=\"center\">1<\/td><td class=\"has-text-align-center\" data-align=\"center\">\u00bf?<\/td><td class=\"has-text-align-center\" data-align=\"center\">\u00bf?<\/td><\/tr><tr><td class=\"has-text-align-center\" data-align=\"center\"><a href=\"https:\/\/apefadal.es\/index.php\/4-juegos-de-mesa\/\"><strong><s>04 &#8211; Juegos mesa<\/s><\/strong><\/a><\/td><td class=\"has-text-align-center\" data-align=\"center\"> Presencial <\/td><td class=\"has-text-align-center\" data-align=\"center\">1<\/td><td class=\"has-text-align-center\" data-align=\"center\">\u00bf?<\/td><td class=\"has-text-align-center\" data-align=\"center\">\u00bf?<\/td><\/tr><tr><td class=\"has-text-align-center\" data-align=\"center\"><a href=\"https:\/\/apefadal.es\/index.php\/5-ingles\/\"><strong><s>05 &#8211; Ingl\u00e9s<\/s><\/strong><\/a><\/td><td class=\"has-text-align-center\" data-align=\"center\"> En l\u00ednea <\/td><td class=\"has-text-align-center\" data-align=\"center\">4<\/td><td class=\"has-text-align-center\" data-align=\"center\">&#8211;<\/td><td class=\"has-text-align-center\" data-align=\"center\">&#8211;<\/td><\/tr><tr><td class=\"has-text-align-center\" data-align=\"center\"><a href=\"https:\/\/apefadal.es\/index.php\/6-idoceo\/\"><strong>06 &#8211; iDOCEO<\/strong><\/a><\/td><td class=\"has-text-align-center\" data-align=\"center\"> En l\u00ednea <\/td><td class=\"has-text-align-center\" data-align=\"center\">2<\/td><td class=\"has-text-align-center\" data-align=\"center\">16\/04<\/td><td class=\"has-text-align-center\" data-align=\"center\">21\/05<\/td><\/tr><tr><td class=\"has-text-align-center\" data-align=\"center\"><a href=\"https:\/\/apefadal.es\/index.php\/7-equilibrio\/\"><strong><s>07 &#8211; Equilibrio<\/s><\/strong><\/a><\/td><td class=\"has-text-align-center\" data-align=\"center\"> Presencial <\/td><td class=\"has-text-align-center\" data-align=\"center\">1<\/td><td class=\"has-text-align-center\" data-align=\"center\">&#8211;<\/td><td class=\"has-text-align-center\" data-align=\"center\">&#8211;<\/td><\/tr><tr><td class=\"has-text-align-center\" data-align=\"center\"><a href=\"https:\/\/apefadal.es\/index.php\/8-tchoukball\/\"><strong><s>08 &#8211; Tchoukball<\/s><\/strong><\/a><\/td><td class=\"has-text-align-center\" data-align=\"center\"> Presencial <\/td><td class=\"has-text-align-center\" data-align=\"center\">1<\/td><td class=\"has-text-align-center\" data-align=\"center\">&#8211;<\/td><td class=\"has-text-align-center\" data-align=\"center\">&#8211;<\/td><\/tr><tr><td class=\"has-text-align-center\" data-align=\"center\"><a href=\"https:\/\/apefadal.es\/index.php\/9-medio-natural\/\"><strong><s>09 &#8211; Medio Natural<\/s><\/strong><\/a><\/td><td class=\"has-text-align-center\" data-align=\"center\"> Presencial <\/td><td class=\"has-text-align-center\" data-align=\"center\">2<\/td><td class=\"has-text-align-center\" data-align=\"center\">&#8211;<\/td><td class=\"has-text-align-center\" data-align=\"center\">&#8211;<\/td><\/tr><tr><td class=\"has-text-align-center\" data-align=\"center\"><a href=\"https:\/\/apefadal.es\/index.php\/10-kubb-y-molkky\/\"><strong><s>10 &#8211; Kubb y M\u00f6lkky<\/s><\/strong><\/a><\/td><td class=\"has-text-align-center\" data-align=\"center\"> Presencial <\/td><td class=\"has-text-align-center\" data-align=\"center\">1<\/td><td class=\"has-text-align-center\" data-align=\"center\">&#8211;<\/td><td class=\"has-text-align-center\" data-align=\"center\">&#8211;<\/td><\/tr><tr><td class=\"has-text-align-center\" data-align=\"center\"><a href=\"https:\/\/apefadal.es\/index.php\/11-surf\/\"><strong><s>11 &#8211; Surf<\/s><\/strong><\/a><\/td><td class=\"has-text-align-center\" data-align=\"center\"> Presencial <\/td><td class=\"has-text-align-center\" data-align=\"center\">1<\/td><td class=\"has-text-align-center\" data-align=\"center\">&#8211;<\/td><td class=\"has-text-align-center\" data-align=\"center\">&#8211;<\/td><\/tr><\/tbody><\/table><\/figure>\n\n\n\n<hr class=\"wp-block-separator\"\/>\n\n\n<section class=\"gutentor-post-module section-9225be52-e3b7-47d3-b268-fde2de4ad0ce gutentor-post-module-p1 gutentor_p1_template1 wp-block-gutentor-p1 gutentor-blog-grid\" id=\"9225be52-e3b7-47d3-b268-fde2de4ad0ce\" data-gbid=\"9225be52-e3b7-47d3-b268-fde2de4ad0ce\">\n<div class='grid-container'><div class='grid-row'><article class='gutentor-post gutentor-post-no-thumb  grid-lg-2m3 grid-md-4 grid-12'><div class='gutentor-post-item'><div class=\"gutentor-post-title-data-wrap\"><h3 class=\"gutentor-post-title\"><a href=\"https:\/\/apefadal.es\/index.php\/2025\/10\/01\/07-deportes-emergentes-de-precision\/\" rel=\"bookmark\">08 &#8211; DEPORTES EMERGENTES DE PRECISI\u00d3N<\/a><\/h3><\/div><div class=\"gutentor-entry-meta gutentor-entry-meta-primary\"><div class=\"posted-on\"><i class=\"far fa-calendar-alt\"><\/i><a href=\"https:\/\/apefadal.es\/index.php\/2025\/10\/01\/07-deportes-emergentes-de-precision\/\" rel=\"bookmark\">1 octubre 2025<\/a><\/div><\/div><div class=\"gutentor-post-desc\">\u00abDEPORTES EMERGENTES DE PRECISI\u00d3N\u00bb\n\n\n\n\n\nHORAS \/ CR\u00c9DITO: 10H \/ 1 CR\u00c9DITO\n\n\n\nMODALIDAD: PRESENCIAL- V&hellip;<\/div><a class=\"gutentor-button gutentor-post-button\" href=\"https:\/\/apefadal.es\/index.php\/2025\/10\/01\/07-deportes-emergentes-de-precision\/\"><span>Leer m\u00e1s<\/span><\/a><\/div><\/article><article class='gutentor-post gutentor-post-no-thumb  grid-lg-2m3 grid-md-4 grid-12'><div class='gutentor-post-item'><div class=\"gutentor-post-title-data-wrap\"><h3 class=\"gutentor-post-title\"><a href=\"https:\/\/apefadal.es\/index.php\/2025\/09\/22\/encuentros-deportes-alternativos-2026\/\" rel=\"bookmark\">Informaci\u00f3n PGA Encuentros deportes alternativos 2026<\/a><\/h3><\/div><div class=\"gutentor-entry-meta gutentor-entry-meta-primary\"><div class=\"posted-on\"><i class=\"far fa-calendar-alt\"><\/i><a href=\"https:\/\/apefadal.es\/index.php\/2025\/09\/22\/encuentros-deportes-alternativos-2026\/\" rel=\"bookmark\">22 septiembre 2025<\/a><\/div><\/div><div class=\"gutentor-post-desc\">Vuelven los: \u00abXXVI ENCUENTROS DE JUEGOS Y DEPORTES ALTERNATIVOS POR LA IGUALDAD Y LA INTERCULTURALID&hellip;<\/div><a class=\"gutentor-button gutentor-post-button\" href=\"https:\/\/apefadal.es\/index.php\/2025\/09\/22\/encuentros-deportes-alternativos-2026\/\"><span>Leer m\u00e1s<\/span><\/a><\/div><\/article><article class='gutentor-post gutentor-post-no-thumb  grid-lg-2m3 grid-md-4 grid-12'><div class='gutentor-post-item'><div class=\"gutentor-post-title-data-wrap\"><h3 class=\"gutentor-post-title\"><a href=\"https:\/\/apefadal.es\/index.php\/2025\/02\/25\/05-coaching-e-innovacion-en-ef\/\" rel=\"bookmark\">05 &#8211; Coaching e innovaci\u00f3n en EF<\/a><\/h3><\/div><div class=\"gutentor-entry-meta gutentor-entry-meta-primary\"><div class=\"posted-on\"><i class=\"far fa-calendar-alt\"><\/i><a href=\"https:\/\/apefadal.es\/index.php\/2025\/02\/25\/05-coaching-e-innovacion-en-ef\/\" rel=\"bookmark\">25 febrero 2025<\/a><\/div><\/div><div class=\"gutentor-post-desc\">\u00abCOACHING E INNOVACI\u00d3N EN EDUCACI\u00d3N F\u00cdSICA\u00bb\n\n\n\n\n\nHORAS \/ CR\u00c9DITO: 10H \/ 1 CR\u00c9DITO\n\n\n\nMODALIDAD: PRES&hellip;<\/div><a class=\"gutentor-button gutentor-post-button\" href=\"https:\/\/apefadal.es\/index.php\/2025\/02\/25\/05-coaching-e-innovacion-en-ef\/\"><span>Leer m\u00e1s<\/span><\/a><\/div><\/article><article class='gutentor-post gutentor-post-no-thumb  grid-lg-2m3 grid-md-4 grid-12'><div class='gutentor-post-item'><div class=\"gutentor-post-title-data-wrap\"><h3 class=\"gutentor-post-title\"><a href=\"https:\/\/apefadal.es\/index.php\/2025\/02\/24\/04-complejidad-y-deportes-alternativos\/\" rel=\"bookmark\">04 &#8211; COMPLEJIDAD Y DEPORTES ALTERNATIVOS<\/a><\/h3><\/div><div class=\"gutentor-entry-meta gutentor-entry-meta-primary\"><div class=\"posted-on\"><i class=\"far fa-calendar-alt\"><\/i><a href=\"https:\/\/apefadal.es\/index.php\/2025\/02\/24\/04-complejidad-y-deportes-alternativos\/\" rel=\"bookmark\">24 febrero 2025<\/a><\/div><\/div><div class=\"gutentor-post-desc\">\u00abLA DESDEPORTIVIZACI\u00d3N COMO RECURSO PEDAG\u00d3GICO\u00bb\n\n\n\n\n\nHORAS \/ CR\u00c9DITO: 10H \/ 1 CR\u00c9DITO\n\n\n\nMODALIDAD: &hellip;<\/div><a class=\"gutentor-button gutentor-post-button\" href=\"https:\/\/apefadal.es\/index.php\/2025\/02\/24\/04-complejidad-y-deportes-alternativos\/\"><span>Leer m\u00e1s<\/span><\/a><\/div><\/article><article class='gutentor-post gutentor-post-no-thumb  grid-lg-2m3 grid-md-4 grid-12'><div class='gutentor-post-item'><div class=\"gutentor-post-title-data-wrap\"><h3 class=\"gutentor-post-title\"><a href=\"https:\/\/apefadal.es\/index.php\/2025\/02\/20\/03-frisbee\/\" rel=\"bookmark\">03 &#8211; Frisbee<\/a><\/h3><\/div><div class=\"gutentor-entry-meta gutentor-entry-meta-primary\"><div class=\"posted-on\"><i class=\"far fa-calendar-alt\"><\/i><a href=\"https:\/\/apefadal.es\/index.php\/2025\/02\/20\/03-frisbee\/\" rel=\"bookmark\">20 febrero 2025<\/a><\/div><\/div><div class=\"gutentor-post-desc\">\u00abJUEGOS Y DEPORTES EMERGENTES CON FRISBEE\u00bb\n\n\n\n\n\nHORAS \/ CR\u00c9DITO: 10H \/ 1 CR\u00c9DITO\n\n\n\nMODALIDAD: PRESE&hellip;<\/div><a class=\"gutentor-button gutentor-post-button\" href=\"https:\/\/apefadal.es\/index.php\/2025\/02\/20\/03-frisbee\/\"><span>Leer m\u00e1s<\/span><\/a><\/div><\/article><\/div><\/div><\/section>","protected":false},"excerpt":{"rendered":"<p>EN CONVENIO CON LA CONSEJER\u00cdA DE EDUCACI\u00d3N DE LA&nbsp;COMUNIDAD DE MADRID Consulta nuestra NORMATIVA para la realizaci\u00f3n de nuestras actividades. Consulta la informaci\u00f3n relativa a CERTIFICADOS Consulta los \u00faltimos COMUNICADOS con informaci\u00f3n relativa a nuestros cursos Algunas de *nuestras actividades para el primer trimestre del curso 20\/21: CURSO MODALIDAD CR\u00c9DITOS INICIO FIN 12 &#8211; Google&hellip;<\/p>\n","protected":false},"author":1,"featured_media":0,"parent":0,"menu_order":0,"comment_status":"closed","ping_status":"closed","template":"","meta":{"footnotes":""},"class_list":["post-55","page","type-page","status-publish","hentry"],"_links":{"self":[{"href":"https:\/\/apefadal.es\/index.php\/wp-json\/wp\/v2\/pages\/55","targetHints":{"allow":["GET"]}}],"collection":[{"href":"https:\/\/apefadal.es\/index.php\/wp-json\/wp\/v2\/pages"}],"about":[{"href":"https:\/\/apefadal.es\/index.php\/wp-json\/wp\/v2\/types\/page"}],"author":[{"embeddable":true,"href":"https:\/\/apefadal.es\/index.php\/wp-json\/wp\/v2\/users\/1"}],"replies":[{"embeddable":true,"href":"https:\/\/apefadal.es\/index.php\/wp-json\/wp\/v2\/comments?post=55"}],"version-history":[{"count":44,"href":"https:\/\/apefadal.es\/index.php\/wp-json\/wp\/v2\/pages\/55\/revisions"}],"predecessor-version":[{"id":1887,"href":"https:\/\/apefadal.es\/index.php\/wp-json\/wp\/v2\/pages\/55\/revisions\/1887"}],"wp:attachment":[{"href":"https:\/\/apefadal.es\/index.php\/wp-json\/wp\/v2\/media?parent=55"}],"curies":[{"name":"wp","href":"https:\/\/api.w.org\/{rel}","templated":true}]}}