{"id":5196,"date":"2024-04-24T08:21:49","date_gmt":"2024-04-24T08:21:49","guid":{"rendered":"https:\/\/apefadal.es\/?page_id=5196"},"modified":"2024-04-24T09:00:42","modified_gmt":"2024-04-24T09:00:42","slug":"objetivos-de-faeda","status":"publish","type":"page","link":"https:\/\/apefadal.es\/index.php\/objetivos-de-faeda\/","title":{"rendered":"Objetivos y actividades de F.A.E.D.A."},"content":{"rendered":"<div class=\"wp-block-image\">\n<figure class=\"aligncenter size-thumbnail\"><img loading=\"lazy\" decoding=\"async\" width=\"150\" height=\"150\" src=\"https:\/\/apefadal.es\/wp-content\/uploads\/2024\/04\/Logos-FAEDA-2024-01-150x150.jpg\" alt=\"\" class=\"wp-image-5123\"\/><\/figure>\n<\/div>\n\n\n<div id=\"gmdd6ce72\" class=\"wp-block-gutentor-m1 section-gmdd6ce72 gutentor-module gutentor-element-button-group button-align-center-desktop g-btn-horizontal-d g-btn-horizontal-t g-btn-horizontal-m\"><div class=\"gutentor-element-button-group-wrap\">\n<div id=\"section-ge8420e\" class=\"wp-block-gutentor-e2 section-ge8420e gutentor-element gutentor-element-button\"><span class=\"gutentor-button-wrap\"><a class=\"gutentor-button gutentor-block-button gutentor-icon-hide\" href=\"https:\/\/apefadal.es\/index.php\/federacion-de-asociaciones-espanolas-de-deportes-alternativos\/\"><i class=\"gutentor-button-icon fas fa-book\"><\/i><span><strong>FAEDA inicio<\/strong><\/span><\/a><\/span><\/div>\n\n\n\n<div id=\"section-ge3894f\" class=\"wp-block-gutentor-e2 section-ge3894f gutentor-element gutentor-element-button\"><span class=\"gutentor-button-wrap\"><a class=\"gutentor-button gutentor-block-button gutentor-icon-hide\" href=\"https:\/\/apefadal.es\/index.php\/objetivos-de-faeda\/\"><i class=\"gutentor-button-icon fas fa-book\"><\/i><span><strong>Objetivos y actividades <\/strong><\/span><\/a><\/span><\/div>\n\n\n\n<div id=\"section-g5b53f2\" class=\"wp-block-gutentor-e2 section-g5b53f2 gutentor-element gutentor-element-button\"><span class=\"gutentor-button-wrap\"><a class=\"gutentor-button gutentor-block-button gutentor-icon-hide\" href=\"https:\/\/apefadal.es\/index.php\/asociaciones-de-faeda\/\"><i class=\"gutentor-button-icon fas fa-book\"><\/i><span><strong>Asociaciones de F.A.E.D.A.<\/strong><\/span><\/a><\/span><\/div>\n\n\n\n<div id=\"section-ge9b585\" class=\"wp-block-gutentor-e2 section-ge9b585 gutentor-element gutentor-element-button\"><span class=\"gutentor-button-wrap\"><a class=\"gutentor-button gutentor-block-button gutentor-icon-hide\" href=\"https:\/\/apefadal.es\/index.php\/instituciones-internacionales-asociaciones-de-faeda\/\"><i class=\"gutentor-button-icon fas fa-book\"><\/i><span><strong>Organismos internacionales de las Asociaciones de F.A.E.D.A.<\/strong><\/span><\/a><\/span><\/div>\n<\/div><\/div>\n\n\n\n<hr class=\"wp-block-separator has-alpha-channel-opacity is-style-wide\"\/>\n\n\n\n<h3 class=\"wp-block-heading has-text-align-center has-luminous-vivid-orange-background-color has-text-color has-background has-link-color wp-elements-9554f43e1c2bc9b8b208955522469ede\" style=\"color:#14205c\">FINES Y ACTIVIDADES PARA EL CUMPLIMIENTO DE ESOS FINES DE F.A.E.D.A.<\/h3>\n\n\n\n<p>En el art\u00edculo 3 de los estatutos de F.A.E.D.A. constan los fines de la federaci\u00f3n de asociaciones:<\/p>\n\n\n\n<p>-a.-Fomentar la actividad F\u00edsica de toda la poblaci\u00f3n evitando la discriminaci\u00f3n por caracter\u00edsticas personales, sexuales, sociales y culturales.<br>-b.-Ampliar el abanico de posibilidades para utilizar su Ocio y Tiempo Libre con la actividad l\u00fadico deportiva m\u00e1s acorde a los intereses y aptitudes de sus participantes<br>-c.-Investigar c\u00f3mo fomentar la participaci\u00f3n l\u00fadica-deportiva de todos los participantes y sobre todo de las chicas.<br>-d.-Estudiar y analizar distintas actividades l\u00fadicas alternativas.<br>-e.-Fomentar e investigar la incidencia de los Juegos y Deportes Alternativos como estrategia para corregir los estereotipos sexistas en la Actividad F\u00edsica.<br>-f.-Cambiar ciertas actitudes y t\u00f3picos lamentables, que en el aula, en el terreno de juego o en la calle, hacen que la Igualdad de Oportunidades no sea la misma para unas y para otros.<br>-g.-Crear materiales did\u00e1cticos de todas nuestras modalidades.<br>-h.-Investigar a cerca de qu\u00e9 modelos deportivos no estereotipados se pueden proporcionar a toda la poblaci\u00f3n.<br>-i.-Analizar la repercusi\u00f3n de estas actividades en sus participantes.<br>-j.-Intercambiar experiencias.<br>-k.-Crear&nbsp;una Secci\u00f3n de Juventud con el objetivo de realizar proyectos&nbsp;de: Actividades de ocio y tiempo libre infantil y juvenil; Actividades encaminadas a la formaci\u00f3n y\/o an\u00e1lisis de la realidad del entorno. Actividades de fomento e impulso de la educaci\u00f3n en valores como la solidaridad, paz, integraci\u00f3n, salud, coeducaci\u00f3n, etc. Actividades de ocio y tiempo libre alternativas al ocio de consumo<br>&nbsp;-l.-Crear \u201cUn \u00c1rea de Mujer, que tengan como fin la promoci\u00f3n de las mujeres y\/o consecuci\u00f3n de igualdad entre hombres y mujeres en la actividad F\u00edsica.<\/p>\n\n\n\n<p>Para el cumplimiento de estos fines, en el art\u00edculo 4 de los estatutos se detalla que, se realizar\u00e1n las siguientes actividades:<br>-a.-Organizar unas Jornadas de formaci\u00f3n de todas nuestras modalidades, (si es posible anualmente).<br>-b.-Organizar unos Encuentros con nuestras modalidades, (si es posible anualmente).<br>-c.-Dinamizar por redes sociales todas las actividades de las asociaciones integrantes en la FAEDA<br>-d.-Realizar una publicaci\u00f3n peri\u00f3dica informativa-formativa digital<br>-e.-Desarrollar un Calendario Anual con todas las actividades de las Asociaciones de FAEDA<br>-f.-Cualquier otra actividad aprobada por la junta directiva o la asamblea.<\/p>\n","protected":false},"excerpt":{"rendered":"<p>FINES Y ACTIVIDADES PARA EL CUMPLIMIENTO DE ESOS FINES DE F.A.E.D.A. En el art\u00edculo 3 de los estatutos de F.A.E.D.A. constan los fines de la federaci\u00f3n de asociaciones: -a.-Fomentar la actividad F\u00edsica de toda la poblaci\u00f3n evitando la discriminaci\u00f3n por caracter\u00edsticas personales, sexuales, sociales y culturales.-b.-Ampliar el abanico de posibilidades para utilizar su Ocio y&hellip;<\/p>\n","protected":false},"author":1,"featured_media":0,"parent":0,"menu_order":0,"comment_status":"closed","ping_status":"closed","template":"","meta":{"footnotes":""},"class_list":["post-5196","page","type-page","status-publish","hentry"],"_links":{"self":[{"href":"https:\/\/apefadal.es\/index.php\/wp-json\/wp\/v2\/pages\/5196","targetHints":{"allow":["GET"]}}],"collection":[{"href":"https:\/\/apefadal.es\/index.php\/wp-json\/wp\/v2\/pages"}],"about":[{"href":"https:\/\/apefadal.es\/index.php\/wp-json\/wp\/v2\/types\/page"}],"author":[{"embeddable":true,"href":"https:\/\/apefadal.es\/index.php\/wp-json\/wp\/v2\/users\/1"}],"replies":[{"embeddable":true,"href":"https:\/\/apefadal.es\/index.php\/wp-json\/wp\/v2\/comments?post=5196"}],"version-history":[{"count":8,"href":"https:\/\/apefadal.es\/index.php\/wp-json\/wp\/v2\/pages\/5196\/revisions"}],"predecessor-version":[{"id":5226,"href":"https:\/\/apefadal.es\/index.php\/wp-json\/wp\/v2\/pages\/5196\/revisions\/5226"}],"wp:attachment":[{"href":"https:\/\/apefadal.es\/index.php\/wp-json\/wp\/v2\/media?parent=5196"}],"curies":[{"name":"wp","href":"https:\/\/api.w.org\/{rel}","templated":true}]}}