{"id":509,"date":"2020-04-12T08:47:28","date_gmt":"2020-04-12T08:47:28","guid":{"rendered":"https:\/\/apefadal.es\/?page_id=509"},"modified":"2026-03-13T12:01:50","modified_gmt":"2026-03-13T12:01:50","slug":"catalogo-de-material-alternativo","status":"publish","type":"page","link":"https:\/\/apefadal.es\/index.php\/catalogo-de-material-alternativo\/","title":{"rendered":"Cat\u00e1logo de Material Alternativo Curso 25\/26"},"content":{"rendered":"\n<h2 class=\"wp-block-heading\" id=\"envianos-un-correo-para-que-tramitemos-tu-descuento\"><\/h2>\n\n\n\n<hr class=\"wp-block-separator has-css-opacity\"\/>\n\n\n\n<section id=\"section-cd9ed33c-65fc-4076-8392-44c081bf45a0\" class=\"wp-block-gutentor-featured-block gutentor-section gutentor-featured-block featured-template1\"><div class=\"grid-container\"><div class=\"gutentor-block-header\"><div class=\"gutentor-section-title enable-title-design seperator-bottom text-center\"><h2 class=\"gutentor-title\">Tchoukball &#8211; <a href=\"https:\/\/apefadal.es\/index.php\/2025\/06\/01\/131-sentaball\/\" data-type=\"post\" data-id=\"6744\">Sentaball<\/a><\/h2><\/div><\/div><div class=\"gutentor-grid-item-wrap\"><div class=\"gutentor-single-item\"><div class=\"grid-row\"><div class=\"grid-md-6\"><div class=\"gutentor-single-item-image-box\"><div class=\"gutentor-image-thumb\"><img loading=\"lazy\" decoding=\"async\" class=\"normal-image\" src=\"https:\/\/apefadal.es\/wp-content\/uploads\/2020\/04\/P1080041-e1586685663178.jpg\" alt=\"\" height=\"253\" width=\"300\" \/><\/div><\/div><\/div><div class=\"grid-md-6\"><div class=\"gutentor-single-item-content\"><div class=\"gutentor-featured-content\"><h3 class=\"gutentor-single-item-title\">206,00\u20ac &#8211; 2 porter\u00edas \/\u00a0356,00\u20ac 4 porter\u00edas.<\/h3><p class=\"gutentor-single-item-desc\">Tchouks realizadas en PVC bajo pedido. Material ideal para iniciaci\u00f3n en primaria. El material permite cambiar cualquier pieza deteriorada. Muy facil de transportar por el alumnado. Recomendado para realizar una UD anual\u00a0 a los cursos de 5\u00ba y 6\u00ba de primaria.<\/p><a class=\"gutentor-button gutentor-single-item-button gutentor-icon-hide\" href=\"mailto:daniel@apefadal.es\"><i class=\"gutentor-button-icon fas fa-book\"><\/i><span>M\u00e1s Informaci\u00f3n<\/span><\/a><\/div><\/div><\/div><\/div><\/div><\/div><\/div><\/section>\n\n\n\n<hr class=\"wp-block-separator has-css-opacity\"\/>\n\n\n\n<section id=\"section-e6491f61-c26c-499f-8c57-8d036edceb1c\" class=\"wp-block-gutentor-featured-block gutentor-section gutentor-featured-block featured-template1\"><div class=\"grid-container\"><div class=\"gutentor-block-header\"><div class=\"gutentor-section-title enable-title-design seperator-bottom text-center\"><h2 class=\"gutentor-title\">Kubb y M\u00f6lkky<\/h2><\/div><\/div><div class=\"gutentor-grid-item-wrap\"><div class=\"gutentor-single-item\"><div class=\"grid-row\"><div class=\"grid-md-6\"><div class=\"gutentor-single-item-image-box\"><div class=\"gutentor-image-thumb\"><img loading=\"lazy\" decoding=\"async\" class=\"normal-image\" src=\"https:\/\/apefadal.es\/wp-content\/uploads\/2020\/06\/kubb-game-e1592823432959.jpg\" alt=\"\" height=\"226\" width=\"400\" \/><\/div><\/div><\/div><div class=\"grid-md-6\"><div class=\"gutentor-single-item-content\"><div class=\"gutentor-featured-content\"><h3 class=\"gutentor-single-item-title\">30\u20ac 1 juego \/\u00a0100\u20ac 4 juegos \/130\u20ac 6 juegos<\/h3><p class=\"gutentor-single-item-desc\">El tama\u00f1o es un poco m\u00e1s peque\u00f1o que el oficial. Ideal para jugar en campos de 6m de largo.\u00a0<\/p><a class=\"gutentor-button gutentor-single-item-button gutentor-icon-hide\" href=\"daniel@apefadal.es\"><i class=\"gutentor-button-icon fas fa-book\"><\/i><span>M\u00e1s Informaci\u00f3n<\/span><\/a><\/div><\/div><\/div><\/div><\/div><\/div><\/div><\/section>\n\n\n\n<section id=\"section-eae8f047-956c-4820-ba4f-0db7d39da687\" class=\"wp-block-gutentor-featured-block gutentor-section gutentor-featured-block featured-template1\"><div class=\"grid-container\"><div class=\"gutentor-grid-item-wrap\"><div class=\"gutentor-single-item\"><div class=\"grid-row\"><div class=\"grid-md-6\"><div class=\"gutentor-single-item-image-box\"><div class=\"gutentor-image-thumb\"><img loading=\"lazy\" decoding=\"async\" class=\"normal-image\" src=\"https:\/\/apefadal.es\/wp-content\/uploads\/2020\/04\/Molkky-e1586686160137.png\" alt=\"\" height=\"191\" width=\"300\" \/><\/div><\/div><\/div><div class=\"grid-md-6\"><div class=\"gutentor-single-item-content\"><div class=\"gutentor-featured-content\"><h3 class=\"gutentor-single-item-title\">45\u20ac 1 juego \/\u00a0120\u20ac 3\u00a0juegos<\/h3><p class=\"gutentor-single-item-desc\">El juego de M\u00f6lkky Oficial del campeonato del mundo incluye M\u00f6lkkarii o l\u00ednea de lanzamiento y caja de madera. Numeraci\u00f3n tambi\u00e9n por la parte trasera.<\/p><a class=\"gutentor-button gutentor-single-item-button gutentor-icon-hide\" href=\"daniel@apefadal.es\"><i class=\"gutentor-button-icon fas fa-book\"><\/i><span>M\u00e1s Informaci\u00f3n<\/span><\/a><\/div><\/div><\/div><\/div><\/div><\/div><\/div><\/section>\n\n\n\n<hr class=\"wp-block-separator has-css-opacity\"\/>\n","protected":false},"excerpt":{"rendered":"","protected":false},"author":1,"featured_media":0,"parent":0,"menu_order":0,"comment_status":"closed","ping_status":"closed","template":"","meta":{"footnotes":""},"class_list":["post-509","page","type-page","status-publish","hentry"],"_links":{"self":[{"href":"https:\/\/apefadal.es\/index.php\/wp-json\/wp\/v2\/pages\/509","targetHints":{"allow":["GET"]}}],"collection":[{"href":"https:\/\/apefadal.es\/index.php\/wp-json\/wp\/v2\/pages"}],"about":[{"href":"https:\/\/apefadal.es\/index.php\/wp-json\/wp\/v2\/types\/page"}],"author":[{"embeddable":true,"href":"https:\/\/apefadal.es\/index.php\/wp-json\/wp\/v2\/users\/1"}],"replies":[{"embeddable":true,"href":"https:\/\/apefadal.es\/index.php\/wp-json\/wp\/v2\/comments?post=509"}],"version-history":[{"count":35,"href":"https:\/\/apefadal.es\/index.php\/wp-json\/wp\/v2\/pages\/509\/revisions"}],"predecessor-version":[{"id":8436,"href":"https:\/\/apefadal.es\/index.php\/wp-json\/wp\/v2\/pages\/509\/revisions\/8436"}],"wp:attachment":[{"href":"https:\/\/apefadal.es\/index.php\/wp-json\/wp\/v2\/media?parent=509"}],"curies":[{"name":"wp","href":"https:\/\/api.w.org\/{rel}","templated":true}]}}