{"id":507,"date":"2020-04-12T08:46:14","date_gmt":"2020-04-12T08:46:14","guid":{"rendered":"https:\/\/apefadal.es\/?page_id=507"},"modified":"2026-02-23T10:50:21","modified_gmt":"2026-02-23T10:50:21","slug":"servicio-de-prestamo-de-material","status":"publish","type":"page","link":"https:\/\/apefadal.es\/index.php\/servicio-de-prestamo-de-material\/","title":{"rendered":"Servicio de Pr\u00e9stamo de Material"},"content":{"rendered":"\n<p class=\"has-text-align-left\">La Asociaci\u00f3n ADAL dispone de un inventario de material de pr\u00e9stamo disponible para las personas asociadas. <br><br>EL MATERIAL DEPORTIVO EST\u00c1 DISPONIBLE PARA NUESTR@S SOCI@S, EN EL ALMAC\u00c9N situado en Getafe,&nbsp;CPEE Ram\u00f3n y Cajal, Vereda de Camuerzo, 1 &#8211; 28905 Getafe. Entrada lateral (Escuela de Tenis de mesa) en frente del CPDI Getafe. En <strong>horario de tarde <\/strong>y <strong>previa cita.<\/strong><\/p>\n\n\n\n<iframe src=\"https:\/\/www.google.com\/maps\/embed?pb=!1m18!1m12!1m3!1d1279.3967194134373!2d-3.7419791980491652!3d40.29939410350442!2m3!1f0!2f0!3f0!3m2!1i1024!2i768!4f13.1!3m3!1m2!1s0xd42209d33ec9d2d%3A0x80c4a49de84960d8!2sCPEE%20Ram%C3%B3n%20y%20Cajal!5e0!3m2!1ses!2ses!4v1731937154791!5m2!1ses!2ses\" width=\"600\" height=\"450\" style=\"border:0;\" allowfullscreen=\"\" loading=\"lazy\" referrerpolicy=\"no-referrer-when-downgrade\"><\/iframe>\n\n\n\n<p class=\"has-text-align-left\">LA RELACI\u00d3N ACTUALIZADA DE MATERIAL SE ENCUENTRA AQU\u00cd:<\/p>\n\n\n\n<div id=\"section-gfa2bd0\" class=\"wp-block-gutentor-e2 section-gfa2bd0 gutentor-element gutentor-element-button button-align-center-desktop\"><span class=\"gutentor-button-wrap\"><a class=\"gutentor-button gutentor-block-button gutentor-icon-hide\" href=\"https:\/\/apefadal.es\/index.php\/material-de-prestamo\/\" rel=\"noopener noreferrer\"><i class=\"gutentor-button-icon fas fa-book\"><\/i><span><strong>NUEVA RELACI\u00d3N DE MATERIAL<\/strong><\/span><\/a><\/span><\/div>\n\n\n\n<p>A continuaci\u00f3n ten\u00e9is la ficha\/formulario de SOLICITUD.  Deb\u00e9is rellenar TODOS sus apartados antes de poder disponer de dicho material y entregar la original en la recogida del material si no se ha presentado firmada digitalmente. Consultad previamente la disponibilidad del material, ANTES DE PASAR LA FICHA AL EQUIPO DIRECTIVO, en el e-mail&nbsp;<a href=\"mailto:daniel@apefadal.es\" target=\"_blank\" rel=\"noreferrer noopener\">daniel@apefadal.es<\/a><\/p>\n\n\n\n<div id=\"section-g37ba84\" class=\"wp-block-gutentor-e2 section-g37ba84 gutentor-element gutentor-element-button button-align-center-desktop\"><span class=\"gutentor-button-wrap\"><a class=\"gutentor-button gutentor-block-button gutentor-icon-hide\" href=\"https:\/\/apefadal.es\/wp-content\/uploads\/2025\/10\/Formulario-de-solicitud-de-prestamo-de-material-2025.docx\" target=\"_blank\" rel=\" noopener noreferrer\"><i class=\"gutentor-button-icon fas fa-book\"><\/i><span><strong>FORMULARIO DE SOLICITUD DE MATERIAL<\/strong><\/span><\/a><\/span><\/div>\n\n\n\n<p>El Servicio de Pr\u00e9stamo no estar\u00e1 disponible durante el tercer trimestre para priorizar su uso por los grupos de trabajo que organizan Encuentros L\u00fadico-Deportivos. <\/p>\n\n\n\n<p>Para poder retirar el material es necesario entregar el original de la solicitud con todos sus apartados rellenos, firma, sello del centro, as\u00ed como identificarse con el D.N.I.<\/p>\n\n\n\n<p>Cada soci@ podr\u00e1 tomar en pr\u00e9stamo el material durante 30 d\u00edas.<\/p>\n\n\n\n<p>El retraso en la devoluci\u00f3n del material deportivo implicar\u00e1 no poder utilizar el servicio de pr\u00e9stamo de nuevo.<\/p>\n\n\n\n<p>El centro se responsabilizar\u00e1 de los desperfectos ocasionados por el mal uso, p\u00e9rdidas o dem\u00e1s contingencias que pudiera sufrir el material, respondiendo del mismo si fuera necesario.<\/p>\n\n\n\n<p><\/p>\n","protected":false},"excerpt":{"rendered":"<p>La Asociaci\u00f3n ADAL dispone de un inventario de material de pr\u00e9stamo disponible para las personas asociadas. EL MATERIAL DEPORTIVO EST\u00c1 DISPONIBLE PARA NUESTR@S SOCI@S, EN EL ALMAC\u00c9N situado en Getafe,&nbsp;CPEE Ram\u00f3n y Cajal, Vereda de Camuerzo, 1 &#8211; 28905 Getafe. Entrada lateral (Escuela de Tenis de mesa) en frente del CPDI Getafe. En horario de&hellip;<\/p>\n","protected":false},"author":1,"featured_media":0,"parent":0,"menu_order":0,"comment_status":"closed","ping_status":"closed","template":"","meta":{"footnotes":""},"class_list":["post-507","page","type-page","status-publish","hentry"],"_links":{"self":[{"href":"https:\/\/apefadal.es\/index.php\/wp-json\/wp\/v2\/pages\/507","targetHints":{"allow":["GET"]}}],"collection":[{"href":"https:\/\/apefadal.es\/index.php\/wp-json\/wp\/v2\/pages"}],"about":[{"href":"https:\/\/apefadal.es\/index.php\/wp-json\/wp\/v2\/types\/page"}],"author":[{"embeddable":true,"href":"https:\/\/apefadal.es\/index.php\/wp-json\/wp\/v2\/users\/1"}],"replies":[{"embeddable":true,"href":"https:\/\/apefadal.es\/index.php\/wp-json\/wp\/v2\/comments?post=507"}],"version-history":[{"count":21,"href":"https:\/\/apefadal.es\/index.php\/wp-json\/wp\/v2\/pages\/507\/revisions"}],"predecessor-version":[{"id":8260,"href":"https:\/\/apefadal.es\/index.php\/wp-json\/wp\/v2\/pages\/507\/revisions\/8260"}],"wp:attachment":[{"href":"https:\/\/apefadal.es\/index.php\/wp-json\/wp\/v2\/media?parent=507"}],"curies":[{"name":"wp","href":"https:\/\/api.w.org\/{rel}","templated":true}]}}