{"id":4765,"date":"2024-02-08T10:30:22","date_gmt":"2024-02-08T10:30:22","guid":{"rendered":"https:\/\/apefadal.es\/?page_id=4765"},"modified":"2025-02-27T11:22:30","modified_gmt":"2025-02-27T11:22:30","slug":"cursos-2024","status":"publish","type":"page","link":"https:\/\/apefadal.es\/index.php\/cursos-2024\/","title":{"rendered":"Cursos 2024"},"content":{"rendered":"\n<div id=\"section-geaea65\" class=\"wp-block-gutentor-e6 section-geaea65 gutentor-element gutentor-element-image text-align-center-desktop\"><div class=\"gutentor-element-image-box\"><div class=\"gutentor-image-thumb\"><img decoding=\"async\" class=\"normal-image\" src=\"https:\/\/apefadal.es\/wp-content\/uploads\/2025\/02\/Logo-EDUCACION-Comunidad-de-Madrid-2024-300x121.png\" \/><\/div><\/div><\/div>\n\n\n\n<h2 class=\"wp-block-heading has-text-align-center\" id=\"plan-de-formacion-del-profesorado-para-el-ano-2022\">Plan de Formaci\u00f3n del Profesorado para el a\u00f1o 2024<\/h2>\n\n\n\n<p class=\"has-text-align-center\"><strong>EN CONVENIO CON LA CONSEJER\u00cdA DE EDUCACI\u00d3N DE LA&nbsp;COMUNIDAD DE MADRID<\/strong><\/p>\n\n\n\n<p class=\"has-text-align-center\">PLAN DE FORMACI\u00d3N APROBADO POR LA CONSEJER\u00cdA DE EDUCACI\u00d3N<\/p>\n\n\n\n<section id=\"section-df490313-5c23-4f33-bd1e-ef30f2dde608\" class=\"wp-block-gutentor-divider section-df490313-5c23-4f33-bd1e-ef30f2dde608 gutentor-element gutentor-section gutentor-divider text-center\"><div class=\"grid-container\"><div class=\"gutentor-divider-box\"><span class=\"gutentor-divider-separator\"><\/span><\/div><\/div><\/section>\n\n\n\n<div id=\"gm071659d\" class=\"wp-block-gutentor-m1 section-gm071659d gutentor-module gutentor-element-button-group button-align-center-desktop g-btn-horizontal-d g-btn-horizontal-t g-btn-horizontal-m\"><div class=\"gutentor-element-button-group-wrap\">\n<div id=\"section-g10dfee\" class=\"wp-block-gutentor-e2 section-g10dfee gutentor-element gutentor-element-button button-align-center-desktop\"><span class=\"gutentor-button-wrap\"><a class=\"gutentor-button gutentor-block-button gutentor-icon-hide\" href=\"https:\/\/apefadal.es\/index.php\/normas-cursos\/\"><i class=\"gutentor-button-icon fas fa-book\"><\/i><span><strong>NORMATIVA<\/strong><\/span><\/a><\/span><\/div>\n\n\n\n<div id=\"section-g4ec421\" class=\"wp-block-gutentor-e2 section-g4ec421 gutentor-element gutentor-element-button\"><span class=\"gutentor-button-wrap\"><a class=\"gutentor-button gutentor-block-button gutentor-icon-hide\" href=\"https:\/\/apefadal.es\/index.php\/comunicados\/\"><i class=\"gutentor-button-icon fas fa-book\"><\/i><span><strong>COMUNICADOS<\/strong><\/span><\/a><\/span><\/div>\n\n\n\n<div id=\"section-g1cbf0e\" class=\"wp-block-gutentor-e2 section-g1cbf0e gutentor-element gutentor-element-button\"><span class=\"gutentor-button-wrap\"><a class=\"gutentor-button gutentor-block-button gutentor-icon-hide\" href=\"https:\/\/apefadal.es\/index.php\/certificados\/\"><i class=\"gutentor-button-icon fas fa-book\"><\/i><span><strong>CERTIFICADOS<\/strong><\/span><\/a><\/span><\/div>\n\n\n\n<div id=\"section-g795512\" class=\"wp-block-gutentor-e2 section-g795512 gutentor-element gutentor-element-button\"><span class=\"gutentor-button-wrap\"><a class=\"gutentor-button gutentor-block-button gutentor-icon-hide\" href=\"https:\/\/apefadal.es\/index.php\/preguntas-frecuentes\/\"><i class=\"gutentor-button-icon fas fa-book\"><\/i><span><strong>DUDAS FRECUENTES<\/strong><\/span><\/a><\/span><\/div>\n<\/div><\/div>\n\n\n\n<section id=\"section-f0cd1ddd-3a0d-4a10-9563-33ce8ef6fa2d\" class=\"wp-block-gutentor-divider section-f0cd1ddd-3a0d-4a10-9563-33ce8ef6fa2d gutentor-element gutentor-section gutentor-divider text-center\"><div class=\"grid-container\"><div class=\"gutentor-divider-box\"><span class=\"gutentor-divider-separator\"><\/span><\/div><\/div><\/section>\n\n\n\n<figure class=\"wp-block-table aligncenter is-style-stripes\"><table class=\"has-black-color has-text-color has-background\" style=\"background-color:#e7f5fe\"><thead><tr><th>ACTIVIDADES FORMATIVAS SEGUNDO Y TERCER TRIMESTRE DEL CURSO 2023\/24<\/th><th class=\"has-text-align-center\" data-align=\"center\">TIPO<\/th><th class=\"has-text-align-center\" data-align=\"center\">H\/ CR<\/th><th class=\"has-text-align-center\" data-align=\"center\">INICIO<\/th><th class=\"has-text-align-center\" data-align=\"center\"> FIN<\/th><\/tr><\/thead><tbody><tr><td><strong><a href=\"https:\/\/apefadal.es\/index.php\/2024\/02\/06\/01-lanzamiento-de-precision\/\" data-type=\"link\" data-id=\"https:\/\/apefadal.es\/index.php\/2024\/02\/06\/01-lanzamiento-de-precision\/\">01. ACTIVIDADES MOTRICES DE PRECISI\u00d3N Y SU APLICACI\u00d3N ESCOLAR.<\/a><\/strong><\/td><td class=\"has-text-align-center\" data-align=\"center\">PRESENCIAL<\/td><td class=\"has-text-align-center\" data-align=\"center\">10H\/1C<\/td><td class=\"has-text-align-center\" data-align=\"center\">5\/03<\/td><td class=\"has-text-align-center\" data-align=\"center\">24\/06<\/td><\/tr><tr><td><strong><a href=\"https:\/\/apefadal.es\/index.php\/2024\/02\/07\/encuentros-igualdad-2024\/\" data-type=\"post\" data-id=\"4722\">02. ENCUENTROS POR LA IGUALDAD DE LA COMUNIDAD DE MADRID<\/a><\/strong><\/td><td class=\"has-text-align-center\" data-align=\"center\">PRESENCIAL<\/td><td class=\"has-text-align-center\" data-align=\"center\">10H\/1C<\/td><td class=\"has-text-align-center\" data-align=\"center\">28\/03<\/td><td class=\"has-text-align-center\" data-align=\"center\">11\/05<\/td><\/tr><tr><td><strong><a href=\"https:\/\/apefadal.es\/index.php\/2024\/02\/13\/03-contenidos-digitales-para-ef\/\" data-type=\"link\" data-id=\"https:\/\/apefadal.es\/index.php\/2024\/02\/13\/03-contenidos-digitales-para-ef\/\">03. CREACI\u00d3N DE CONTENIDOS DIGITALES PARA EDUCACI\u00d3N F\u00cdSICA<\/a><\/strong><\/td><td class=\"has-text-align-center\" data-align=\"center\">EN L\u00cdNEA<\/td><td class=\"has-text-align-center\" data-align=\"center\">20H\/2C<\/td><td class=\"has-text-align-center\" data-align=\"center\">1\/04<\/td><td class=\"has-text-align-center\" data-align=\"center\">28\/04<\/td><\/tr><tr><td><strong><a href=\"https:\/\/apefadal.es\/index.php\/2024\/02\/13\/05-mindfitness\/\" data-type=\"link\" data-id=\"https:\/\/apefadal.es\/index.php\/2024\/02\/13\/05-mindfitness\/\">04. MINDFITNESS: SALUD INTEGRATIVA ANTIESTR\u00c9S.<\/a><\/strong><\/td><td class=\"has-text-align-center\" data-align=\"center\">PRESENCIAL<\/td><td class=\"has-text-align-center\" data-align=\"center\">12H\/1,2C<\/td><td class=\"has-text-align-center\" data-align=\"center\">13\/04<\/td><td class=\"has-text-align-center\" data-align=\"center\">13\/04<\/td><\/tr><tr><td><a href=\"https:\/\/apefadal.es\/index.php\/2024\/02\/12\/04-pickleball\/\" data-type=\"post\" data-id=\"4841\"><strong>05. EL PICKEBALL Y SU APLICACI\u00d3N DID\u00c1CTICA.<\/strong><\/a><\/td><td class=\"has-text-align-center\" data-align=\"center\">PRESENCIAL<\/td><td class=\"has-text-align-center\" data-align=\"center\">20H\/1C<\/td><td class=\"has-text-align-center\" data-align=\"center\">27\/04<\/td><td class=\"has-text-align-center\" data-align=\"center\">28\/04<\/td><\/tr><tr><td><a href=\"https:\/\/apefadal.es\/index.php\/2024\/02\/15\/06-stacking\/\" data-type=\"link\" data-id=\"https:\/\/apefadal.es\/index.php\/2024\/02\/15\/06-stacking\/\"><strong>06. STACKING: ENTRE VASOS ANDA EL JUEGO<\/strong>.<\/a><\/td><td class=\"has-text-align-center\" data-align=\"center\">PRESENCIAL<\/td><td class=\"has-text-align-center\" data-align=\"center\">10H\/1C<\/td><td class=\"has-text-align-center\" data-align=\"center\">1\/06<\/td><td class=\"has-text-align-center\" data-align=\"center\">1\/06<\/td><\/tr><tr><td><strong><a href=\"https:\/\/apefadal.es\/index.php\/2024\/02\/07\/curso-de-surf\/\" data-type=\"post\" data-id=\"4760\">07. ACTIVIDADES MOTRICES EN EL MEDIO ACU\u00c1TICO<\/a><\/strong><\/td><td class=\"has-text-align-center\" data-align=\"center\">PRESENCIAL<\/td><td class=\"has-text-align-center\" data-align=\"center\">10H\/1C<\/td><td class=\"has-text-align-center\" data-align=\"center\">8\/06<\/td><td class=\"has-text-align-center\" data-align=\"center\">9\/06<\/td><\/tr><\/tbody><\/table><figcaption class=\"wp-element-caption\">PLAN DE FORMACI\u00d3N APROBADO POR LA CONSEJER\u00cdA DE EDUCACI\u00d3N DE LA COMUNIDAD DE MADRID<\/figcaption><\/figure>\n\n\n<section class=\"gutentor-post-module section-50020562-22c1-4115-8b2e-ce4bbbb9f898 gutentor-post-module-p1 gutentor_p1_template1 wp-block-gutentor-p1 gutentor-blog-grid\" id=\"50020562-22c1-4115-8b2e-ce4bbbb9f898\" data-gbid=\"50020562-22c1-4115-8b2e-ce4bbbb9f898\">\n<div class='grid-container'><div class='grid-row'><article class='gutentor-post  grid-md-4 grid-sm-4 grid-xs-12'><div class='gutentor-post-item'><div class='gutentor-post-image-box'><a class=\"gutentor-post-image-link \" href=\"https:\/\/apefadal.es\/index.php\/2024\/02\/06\/01-lanzamiento-de-precision\/\" rel=\"&quot;noopener\"><div class=\"gutentor-image-thumb\"><img loading=\"lazy\" decoding=\"async\" width=\"633\" height=\"892\" src=\"https:\/\/apefadal.es\/wp-content\/uploads\/2024\/02\/01-Cartel-Precision-y-estrategia-DEF--scaled-e1708003442159.jpg\" class=\"attachment-full size-full wp-post-image\" alt=\"\" \/><\/div><\/a><\/div><div class=\"gutentor-post-title-data-wrap\"><h3 class=\"gutentor-post-title\"><a href=\"https:\/\/apefadal.es\/index.php\/2024\/02\/06\/01-lanzamiento-de-precision\/\" rel=\"bookmark\">01 &#8211; Lanzamiento de precisi\u00f3n<\/a><\/h3><\/div><a class=\"gutentor-button gutentor-post-button\" href=\"https:\/\/apefadal.es\/index.php\/2024\/02\/06\/01-lanzamiento-de-precision\/\"><span>Leer m\u00e1s<\/span><\/a><\/div><\/article><article class='gutentor-post  grid-md-4 grid-sm-4 grid-xs-12'><div class='gutentor-post-item'><div class='gutentor-post-image-box'><a class=\"gutentor-post-image-link \" href=\"https:\/\/apefadal.es\/index.php\/2024\/02\/07\/encuentros-igualdad-2024\/\" rel=\"&quot;noopener\"><div class=\"gutentor-image-thumb\"><img loading=\"lazy\" decoding=\"async\" width=\"633\" height=\"893\" src=\"https:\/\/apefadal.es\/wp-content\/uploads\/2024\/02\/Jornadsa-y-Encuentros-02-scaled-e1709199167242.jpg\" class=\"attachment-full size-full wp-post-image\" alt=\"\" \/><\/div><\/a><\/div><div class=\"gutentor-post-title-data-wrap\"><h3 class=\"gutentor-post-title\"><a href=\"https:\/\/apefadal.es\/index.php\/2024\/02\/07\/encuentros-igualdad-2024\/\" rel=\"bookmark\">02 &#8211; ENCUENTROS IGUALDAD 2024<\/a><\/h3><\/div><a class=\"gutentor-button gutentor-post-button\" href=\"https:\/\/apefadal.es\/index.php\/2024\/02\/07\/encuentros-igualdad-2024\/\"><span>Leer m\u00e1s<\/span><\/a><\/div><\/article><article class='gutentor-post  grid-md-4 grid-sm-4 grid-xs-12'><div class='gutentor-post-item'><div class='gutentor-post-image-box'><a class=\"gutentor-post-image-link \" href=\"https:\/\/apefadal.es\/index.php\/2024\/02\/13\/03-contenidos-digitales-para-ef\/\" rel=\"&quot;noopener\"><div class=\"gutentor-image-thumb\"><img loading=\"lazy\" decoding=\"async\" width=\"633\" height=\"896\" src=\"https:\/\/apefadal.es\/wp-content\/uploads\/2024\/02\/03-Creacion-de-contenidos-digitales-para-EF-scaled-e1707829137819.jpg\" class=\"attachment-full size-full wp-post-image\" alt=\"\" \/><\/div><\/a><\/div><div class=\"gutentor-post-title-data-wrap\"><h3 class=\"gutentor-post-title\"><a href=\"https:\/\/apefadal.es\/index.php\/2024\/02\/13\/03-contenidos-digitales-para-ef\/\" rel=\"bookmark\">03 &#8211; Contenidos digitales para EF<\/a><\/h3><\/div><a class=\"gutentor-button gutentor-post-button\" href=\"https:\/\/apefadal.es\/index.php\/2024\/02\/13\/03-contenidos-digitales-para-ef\/\"><span>Leer m\u00e1s<\/span><\/a><\/div><\/article><article class='gutentor-post  grid-md-4 grid-sm-4 grid-xs-12'><div class='gutentor-post-item'><div class='gutentor-post-image-box'><a class=\"gutentor-post-image-link \" href=\"https:\/\/apefadal.es\/index.php\/2024\/02\/12\/05-mindfitness\/\" rel=\"&quot;noopener\"><div class=\"gutentor-image-thumb\"><img loading=\"lazy\" decoding=\"async\" width=\"633\" height=\"895\" src=\"https:\/\/apefadal.es\/wp-content\/uploads\/2024\/02\/05-Mindfitness-SFP.jpg\" class=\"attachment-full size-full wp-post-image\" alt=\"\" \/><\/div><\/a><\/div><div class=\"gutentor-post-title-data-wrap\"><h3 class=\"gutentor-post-title\"><a href=\"https:\/\/apefadal.es\/index.php\/2024\/02\/12\/05-mindfitness\/\" rel=\"bookmark\">04 &#8211; MindFitness<\/a><\/h3><\/div><a class=\"gutentor-button gutentor-post-button\" href=\"https:\/\/apefadal.es\/index.php\/2024\/02\/12\/05-mindfitness\/\"><span>Leer m\u00e1s<\/span><\/a><\/div><\/article><article class='gutentor-post  grid-md-4 grid-sm-4 grid-xs-12'><div class='gutentor-post-item'><div class='gutentor-post-image-box'><a class=\"gutentor-post-image-link \" href=\"https:\/\/apefadal.es\/index.php\/2024\/02\/12\/04-pickleball\/\" rel=\"&quot;noopener\"><div class=\"gutentor-image-thumb\"><img loading=\"lazy\" decoding=\"async\" width=\"633\" height=\"894\" src=\"https:\/\/apefadal.es\/wp-content\/uploads\/2024\/02\/04-Pickleball-Cartel-scaled-e1708939606602.jpg\" class=\"attachment-full size-full wp-post-image\" alt=\"\" \/><\/div><\/a><\/div><div class=\"gutentor-post-title-data-wrap\"><h3 class=\"gutentor-post-title\"><a href=\"https:\/\/apefadal.es\/index.php\/2024\/02\/12\/04-pickleball\/\" rel=\"bookmark\">05 &#8211; Pickleball<\/a><\/h3><\/div><a class=\"gutentor-button gutentor-post-button\" href=\"https:\/\/apefadal.es\/index.php\/2024\/02\/12\/04-pickleball\/\"><span>Leer m\u00e1s<\/span><\/a><\/div><\/article><article class='gutentor-post  grid-md-4 grid-sm-4 grid-xs-12'><div class='gutentor-post-item'><div class='gutentor-post-image-box'><a class=\"gutentor-post-image-link \" href=\"https:\/\/apefadal.es\/index.php\/2024\/02\/15\/06-stacking\/\" rel=\"&quot;noopener\"><div class=\"gutentor-image-thumb\"><img loading=\"lazy\" decoding=\"async\" width=\"633\" height=\"890\" src=\"https:\/\/apefadal.es\/wp-content\/uploads\/2024\/02\/06-Stacking-Entre-vasos-anda-el-juego-scaled-e1708346086328.jpg\" class=\"attachment-full size-full wp-post-image\" alt=\"\" \/><\/div><\/a><\/div><div class=\"gutentor-post-title-data-wrap\"><h3 class=\"gutentor-post-title\"><a href=\"https:\/\/apefadal.es\/index.php\/2024\/02\/15\/06-stacking\/\" rel=\"bookmark\">06 &#8211; Stacking<\/a><\/h3><\/div><a class=\"gutentor-button gutentor-post-button\" href=\"https:\/\/apefadal.es\/index.php\/2024\/02\/15\/06-stacking\/\"><span>Leer m\u00e1s<\/span><\/a><\/div><\/article><article class='gutentor-post  grid-md-4 grid-sm-4 grid-xs-12'><div class='gutentor-post-item'><div class='gutentor-post-image-box'><a class=\"gutentor-post-image-link \" href=\"https:\/\/apefadal.es\/index.php\/2024\/02\/07\/curso-de-surf\/\" rel=\"&quot;noopener\"><div class=\"gutentor-image-thumb\"><img loading=\"lazy\" decoding=\"async\" width=\"2484\" height=\"3706\" src=\"https:\/\/apefadal.es\/wp-content\/uploads\/2024\/02\/Cartel-surf-2024-definitivo-.png\" class=\"attachment-full size-full wp-post-image\" alt=\"\" \/><\/div><\/a><\/div><div class=\"gutentor-post-title-data-wrap\"><h3 class=\"gutentor-post-title\"><a href=\"https:\/\/apefadal.es\/index.php\/2024\/02\/07\/curso-de-surf\/\" rel=\"bookmark\">07 &#8211; Curso de Surf<\/a><\/h3><\/div><a class=\"gutentor-button gutentor-post-button\" href=\"https:\/\/apefadal.es\/index.php\/2024\/02\/07\/curso-de-surf\/\"><span>Leer m\u00e1s<\/span><\/a><\/div><\/article><\/div><\/div><\/section>","protected":false},"excerpt":{"rendered":"<p>Plan de Formaci\u00f3n del Profesorado para el a\u00f1o 2024 EN CONVENIO CON LA CONSEJER\u00cdA DE EDUCACI\u00d3N DE LA&nbsp;COMUNIDAD DE MADRID PLAN DE FORMACI\u00d3N APROBADO POR LA CONSEJER\u00cdA DE EDUCACI\u00d3N ACTIVIDADES FORMATIVAS SEGUNDO Y TERCER TRIMESTRE DEL CURSO 2023\/24 TIPO H\/ CR INICIO FIN 01. ACTIVIDADES MOTRICES DE PRECISI\u00d3N Y SU APLICACI\u00d3N ESCOLAR. PRESENCIAL 10H\/1C 5\/03&hellip;<\/p>\n","protected":false},"author":1,"featured_media":0,"parent":0,"menu_order":0,"comment_status":"closed","ping_status":"closed","template":"","meta":{"footnotes":""},"class_list":["post-4765","page","type-page","status-publish","hentry"],"_links":{"self":[{"href":"https:\/\/apefadal.es\/index.php\/wp-json\/wp\/v2\/pages\/4765","targetHints":{"allow":["GET"]}}],"collection":[{"href":"https:\/\/apefadal.es\/index.php\/wp-json\/wp\/v2\/pages"}],"about":[{"href":"https:\/\/apefadal.es\/index.php\/wp-json\/wp\/v2\/types\/page"}],"author":[{"embeddable":true,"href":"https:\/\/apefadal.es\/index.php\/wp-json\/wp\/v2\/users\/1"}],"replies":[{"embeddable":true,"href":"https:\/\/apefadal.es\/index.php\/wp-json\/wp\/v2\/comments?post=4765"}],"version-history":[{"count":14,"href":"https:\/\/apefadal.es\/index.php\/wp-json\/wp\/v2\/pages\/4765\/revisions"}],"predecessor-version":[{"id":6067,"href":"https:\/\/apefadal.es\/index.php\/wp-json\/wp\/v2\/pages\/4765\/revisions\/6067"}],"wp:attachment":[{"href":"https:\/\/apefadal.es\/index.php\/wp-json\/wp\/v2\/media?parent=4765"}],"curies":[{"name":"wp","href":"https:\/\/api.w.org\/{rel}","templated":true}]}}