{"id":3860,"date":"2023-01-19T09:44:46","date_gmt":"2023-01-19T09:44:46","guid":{"rendered":"https:\/\/apefadal.es\/?page_id=3860"},"modified":"2025-02-27T11:22:51","modified_gmt":"2025-02-27T11:22:51","slug":"cursos-2023","status":"publish","type":"page","link":"https:\/\/apefadal.es\/index.php\/cursos-2023\/","title":{"rendered":"Cursos 2023"},"content":{"rendered":"\n<div id=\"section-gac3ee2\" class=\"wp-block-gutentor-e6 section-gac3ee2 gutentor-element gutentor-element-image text-align-center-desktop\"><div class=\"gutentor-element-image-box\"><div class=\"gutentor-image-thumb\"><img decoding=\"async\" class=\"normal-image\" src=\"https:\/\/apefadal.es\/wp-content\/uploads\/2025\/02\/Logo-EDUCACION-Comunidad-de-Madrid-2024-300x121.png\" \/><\/div><\/div><\/div>\n\n\n\n<h2 class=\"wp-block-heading has-text-align-center\" id=\"plan-de-formacion-del-profesorado-para-el-ano-2022\">Plan de Formaci\u00f3n del Profesorado para el a\u00f1o 2023<\/h2>\n\n\n\n<p class=\"has-text-align-center\"><strong>EN CONVENIO CON LA CONSEJER\u00cdA DE EDUCACI\u00d3N DE LA&nbsp;COMUNIDAD DE MADRID<\/strong><\/p>\n\n\n\n<p class=\"has-text-align-center\">PLAN DE FORMACI\u00d3N APROBADO POR LA CONSEJER\u00cdA DE EDUCACI\u00d3N<\/p>\n\n\n\n<section id=\"section-e1bf7e61-7b32-459e-a28b-352b79738326\" class=\"wp-block-gutentor-divider section-e1bf7e61-7b32-459e-a28b-352b79738326 gutentor-element gutentor-section gutentor-divider text-center\"><div class=\"grid-container\"><div class=\"gutentor-divider-box\"><span class=\"gutentor-divider-separator\"><\/span><\/div><\/div><\/section>\n\n\n\n<div id=\"gm23b578c\" class=\"wp-block-gutentor-m1 section-gm23b578c gutentor-module gutentor-element-button-group button-align-center-desktop g-btn-horizontal-d g-btn-horizontal-t g-btn-horizontal-m\"><div class=\"gutentor-element-button-group-wrap\">\n<div id=\"section-g90610e\" class=\"wp-block-gutentor-e2 section-g90610e gutentor-element gutentor-element-button button-align-center-desktop\"><span class=\"gutentor-button-wrap\"><a class=\"gutentor-button gutentor-block-button gutentor-icon-hide\" href=\"https:\/\/apefadal.es\/index.php\/normas-cursos\/\"><i class=\"gutentor-button-icon fas fa-book\"><\/i><span><strong>NORMATIVA<\/strong><\/span><\/a><\/span><\/div>\n\n\n\n<div id=\"section-g78e302\" class=\"wp-block-gutentor-e2 section-g78e302 gutentor-element gutentor-element-button\"><span class=\"gutentor-button-wrap\"><a class=\"gutentor-button gutentor-block-button gutentor-icon-hide\" href=\"https:\/\/apefadal.es\/index.php\/comunicados\/\"><i class=\"gutentor-button-icon fas fa-book\"><\/i><span><strong>COMUNICADOS<\/strong><\/span><\/a><\/span><\/div>\n\n\n\n<div id=\"section-g04c936\" class=\"wp-block-gutentor-e2 section-g04c936 gutentor-element gutentor-element-button\"><span class=\"gutentor-button-wrap\"><a class=\"gutentor-button gutentor-block-button gutentor-icon-hide\" href=\"https:\/\/apefadal.es\/index.php\/certificados\/\"><i class=\"gutentor-button-icon fas fa-book\"><\/i><span><strong>CERTIFICADOS<\/strong><\/span><\/a><\/span><\/div>\n\n\n\n<div id=\"section-g88c67d\" class=\"wp-block-gutentor-e2 section-g88c67d gutentor-element gutentor-element-button\"><span class=\"gutentor-button-wrap\"><a class=\"gutentor-button gutentor-block-button gutentor-icon-hide\" href=\"https:\/\/apefadal.es\/index.php\/preguntas-frecuentes\/\"><i class=\"gutentor-button-icon fas fa-book\"><\/i><span><strong>DUDAS FRECUENTES<\/strong><\/span><\/a><\/span><\/div>\n<\/div><\/div>\n\n\n\n<section id=\"section-6d9c5abf-7048-4dd3-91e2-ea4077320895\" class=\"wp-block-gutentor-divider section-6d9c5abf-7048-4dd3-91e2-ea4077320895 gutentor-element gutentor-section gutentor-divider text-center\"><div class=\"grid-container\"><div class=\"gutentor-divider-box\"><span class=\"gutentor-divider-separator\"><\/span><\/div><\/div><\/section>\n\n\n\n<figure class=\"wp-block-table aligncenter is-style-stripes\"><table class=\"has-black-color has-text-color has-background\" style=\"background-color:#e7f5fe\"><thead><tr><th>ACTIVIDADES FORMATIVAS SEGUNDO Y TERCER TRIMESTRE DEL CURSO 2022\/23<\/th><th class=\"has-text-align-center\" data-align=\"center\">TIPO<\/th><th class=\"has-text-align-center\" data-align=\"center\">H\/ CR<\/th><th class=\"has-text-align-center\" data-align=\"center\">INICIO<\/th><th class=\"has-text-align-center\" data-align=\"center\"> FIN<\/th><\/tr><\/thead><tbody><tr><td><strong><a href=\"https:\/\/apefadal.es\/index.php\/2023\/02\/03\/xxiii-encuentros-ludico-deportivos-por-la-igualdad-y-la-interculturalidad-de-la-comunidad-de-madrid\/\" data-type=\"post\" data-id=\"3907\">01. ENCUENTROS POR LA IGUALDAD DE LA COMUNIDAD DE MADRID<\/a><\/strong><\/td><td class=\"has-text-align-center\" data-align=\"center\">PRESENCIAL<\/td><td class=\"has-text-align-center\" data-align=\"center\">10H\/1C<\/td><td class=\"has-text-align-center\" data-align=\"center\">21\/03<\/td><td class=\"has-text-align-center\" data-align=\"center\">25\/05<\/td><\/tr><tr><td><strong><a href=\"https:\/\/apefadal.es\/index.php\/2023\/02\/08\/02-blanco-y-diana\/\" data-type=\"post\" data-id=\"3928\" target=\"_blank\" rel=\"noreferrer noopener\">02. APLICACI\u00d3N DID\u00c1CTICA DE DEPORTES DE BLANCO Y DIANA<\/a><\/strong><\/td><td class=\"has-text-align-center\" data-align=\"center\">PRESENCIAL<\/td><td class=\"has-text-align-center\" data-align=\"center\">10H\/1C<\/td><td class=\"has-text-align-center\" data-align=\"center\">12\/03<\/td><td class=\"has-text-align-center\" data-align=\"center\">24\/06<\/td><\/tr><tr><td><strong><a href=\"https:\/\/apefadal.es\/index.php\/2023\/02\/08\/03-kubb-molkky-y-cornhole-virtual\/\" data-type=\"URL\" data-id=\"https:\/\/apefadal.es\/index.php\/2023\/02\/08\/03-kubb-molkky-y-cornhole-virtual\/\">03. CORNHOLE, M\u00d6LKKY Y KUBB EN LA EDUCACI\u00d3N F\u00cdSICA A DISTANCIA.<\/a><\/strong><\/td><td class=\"has-text-align-center\" data-align=\"center\">EN L\u00cdNEA<\/td><td class=\"has-text-align-center\" data-align=\"center\">20H\/2C<\/td><td class=\"has-text-align-center\" data-align=\"center\">14\/03<\/td><td class=\"has-text-align-center\" data-align=\"center\">31\/05<\/td><\/tr><tr><td><strong><a href=\"https:\/\/apefadal.es\/index.php\/2023\/02\/09\/04-stikbomball\/\" data-type=\"post\" data-id=\"3957\">04. STIKBOMBALL. NUEVO DEPORTE ALTERNATIVO BASADO EN ROLES DE JUGADOR<\/a><\/strong><\/td><td class=\"has-text-align-center\" data-align=\"center\">PRESENCIAL<\/td><td class=\"has-text-align-center\" data-align=\"center\">10H\/1C<\/td><td class=\"has-text-align-center\" data-align=\"center\">22\/04<\/td><td class=\"has-text-align-center\" data-align=\"center\">22\/04<\/td><\/tr><tr><td><strong><a href=\"https:\/\/apefadal.es\/index.php\/2023\/02\/09\/05-danzas-tradicionales\/\" data-type=\"post\" data-id=\"3964\">05. DANZAS TRADICIONALES DEL MUNDO COMO RECURSO PEDAG\u00d3GICO EN E.F.<\/a><\/strong><\/td><td class=\"has-text-align-center\" data-align=\"center\">PRESENCIAL<\/td><td class=\"has-text-align-center\" data-align=\"center\">10H\/1C<\/td><td class=\"has-text-align-center\" data-align=\"center\">20\/05<\/td><td class=\"has-text-align-center\" data-align=\"center\">20\/05<\/td><\/tr><tr><td><strong><a href=\"https:\/\/apefadal.es\/index.php\/2023\/02\/10\/06-curso-de-surf\/\" data-type=\"post\" data-id=\"3970\">06. MANIFESTACIONES COMPLEJAS DE LA MOTRICIDAD EN EL MEDIO ACU\u00c1TICO<\/a><\/strong><\/td><td class=\"has-text-align-center\" data-align=\"center\">PRESENCIAL<\/td><td class=\"has-text-align-center\" data-align=\"center\">10H\/1C<\/td><td class=\"has-text-align-center\" data-align=\"center\">10\/06<\/td><td class=\"has-text-align-center\" data-align=\"center\">11\/06<\/td><\/tr><\/tbody><\/table><figcaption class=\"wp-element-caption\">PLAN DE FORMACI\u00d3N  APROBADO POR LA CONSEJER\u00cdA DE EDUCACI\u00d3N DE LA COMUNIDAD DE MADRID<\/figcaption><\/figure>\n\n\n\n<figure class=\"wp-block-table aligncenter is-style-stripes\"><table class=\"has-black-color has-text-color has-background\" style=\"background-color:#e7f5fe\"><thead><tr><th>ACTIVIDADES FORMATIVAS PRIMER TRIMESTRE DEL CURSO 2023\/24<\/th><th class=\"has-text-align-center\" data-align=\"center\">TIPO<\/th><th class=\"has-text-align-center\" data-align=\"center\">H\/ CR<\/th><th class=\"has-text-align-center\" data-align=\"center\">INICIO<\/th><th class=\"has-text-align-center\" data-align=\"center\"> FIN<\/th><\/tr><\/thead><tbody><tr><td><strong><a href=\"https:\/\/apefadal.es\/index.php\/2023\/10\/11\/07-danzas-tradicionales\/\" data-type=\"URL\" data-id=\"https:\/\/apefadal.es\/index.php\/2023\/10\/11\/07-danzas-tradicionales\/\" target=\"_blank\" rel=\"noreferrer noopener\">07. DANZAS TRADICIONALES DEL MUNDO COMO RECURSO PEDAG\u00d3GICO EN E.F.<\/a><\/strong><\/td><td class=\"has-text-align-center\" data-align=\"center\">PRESENCIAL<\/td><td class=\"has-text-align-center\" data-align=\"center\">10H\/1C<\/td><td class=\"has-text-align-center\" data-align=\"center\">11\/11<\/td><td class=\"has-text-align-center\" data-align=\"center\">11\/11<\/td><\/tr><tr><td><a href=\"https:\/\/apefadal.es\/index.php\/2023\/09\/15\/deportes-alternativos-de-blanco-y-diana-el-trilanzatlon\/\"><strong>08. DEPORTES ALTERNATIVOS DE BLANCO Y DIANA. EL TRILANZATL\u00d3N<\/strong>.<\/a><\/td><td class=\"has-text-align-center\" data-align=\"center\">PRESENCIAL<\/td><td class=\"has-text-align-center\" data-align=\"center\">10H\/1C<\/td><td class=\"has-text-align-center\" data-align=\"center\">29\/10<\/td><td class=\"has-text-align-center\" data-align=\"center\">26\/11<\/td><\/tr><\/tbody><\/table><figcaption class=\"wp-element-caption\">PLAN DE FORMACI\u00d3N  APROBADO POR LA CONSEJER\u00cdA DE EDUCACI\u00d3N DE LA COMUNIDAD DE MADRID<\/figcaption><\/figure>\n\n\n\n<section id=\"g45ce99\" class=\"wp-block-gutentor-p4 section-g45ce99 gutentor-post-module gutentor-advanced-post-module\" data-gpid=\"3860\" data-l-ani=\"gp4-animation-1\" data-i-b=\"gutentor\/p1\" data-maxnumpages=\"2\">\n\n<section class=\"gutentor-post-module section-e583204c-8356-475f-bd16-8a284997b4c0 gutentor-post-module-p1 gutentor_p1_template1 wp-block-gutentor-p1 gutentor-blog-grid\" id=\"e583204c-8356-475f-bd16-8a284997b4c0\" data-gbid=\"e583204c-8356-475f-bd16-8a284997b4c0\">\n<div class='grid-container'><div class='grid-row'><article class='gutentor-post  grid-md-4 grid-sm-4 grid-xs-12'><div class='gutentor-post-item'><div class='gutentor-post-image-box'><div class=\"gutentor-image-thumb\"><img loading=\"lazy\" decoding=\"async\" width=\"633\" height=\"900\" src=\"https:\/\/apefadal.es\/wp-content\/uploads\/2023\/10\/Cartel-danzas-tradicionales-noviembre-scaled-e1697790746652.jpg\" class=\"attachment-full size-full wp-post-image\" alt=\"\" \/><\/div><\/div><div class=\"gutentor-post-title-data-wrap\"><h3 class=\"gutentor-post-title\"><a href=\"https:\/\/apefadal.es\/index.php\/2023\/10\/11\/07-danzas-tradicionales\/\" rel=\"bookmark\">07 &#8211; Danzas tradicionales<\/a><\/h3><\/div><a class=\"gutentor-button gutentor-post-button\" href=\"https:\/\/apefadal.es\/index.php\/2023\/10\/11\/07-danzas-tradicionales\/\"><span>Leer m\u00e1s<\/span><\/a><\/div><\/article><article class='gutentor-post  grid-md-4 grid-sm-4 grid-xs-12'><div class='gutentor-post-item'><div class='gutentor-post-image-box'><div class=\"gutentor-image-thumb\"><img loading=\"lazy\" decoding=\"async\" width=\"633\" height=\"879\" src=\"https:\/\/apefadal.es\/wp-content\/uploads\/2023\/10\/2023-Trilanzatlon-CURSO-NOVIEMBRE-cartel-scaled-e1697792267937.jpg\" class=\"attachment-full size-full wp-post-image\" alt=\"\" \/><\/div><\/div><div class=\"gutentor-post-title-data-wrap\"><h3 class=\"gutentor-post-title\"><a href=\"https:\/\/apefadal.es\/index.php\/2023\/09\/15\/deportes-alternativos-de-blanco-y-diana-el-trilanzatlon\/\" rel=\"bookmark\">08. TRILANZATL\u00d3N.<\/a><\/h3><\/div><a class=\"gutentor-button gutentor-post-button\" href=\"https:\/\/apefadal.es\/index.php\/2023\/09\/15\/deportes-alternativos-de-blanco-y-diana-el-trilanzatlon\/\"><span>Leer m\u00e1s<\/span><\/a><\/div><\/article><article class='gutentor-post  grid-md-4 grid-sm-4 grid-xs-12'><div class='gutentor-post-item'><div class='gutentor-post-image-box'><div class=\"gutentor-image-thumb\"><img loading=\"lazy\" decoding=\"async\" width=\"633\" height=\"894\" src=\"https:\/\/apefadal.es\/wp-content\/uploads\/2023\/02\/Cartel-Surf-2023-scaled-e1676025185208.jpg\" class=\"attachment-full size-full wp-post-image\" alt=\"\" \/><\/div><\/div><div class=\"gutentor-post-title-data-wrap\"><h3 class=\"gutentor-post-title\"><a href=\"https:\/\/apefadal.es\/index.php\/2023\/02\/10\/06-curso-de-surf\/\" rel=\"bookmark\">06 &#8211; Curso de Surf<\/a><\/h3><\/div><a class=\"gutentor-button gutentor-post-button\" href=\"https:\/\/apefadal.es\/index.php\/2023\/02\/10\/06-curso-de-surf\/\"><span>Leer m\u00e1s<\/span><\/a><\/div><\/article><article class='gutentor-post  grid-md-4 grid-sm-4 grid-xs-12'><div class='gutentor-post-item'><div class='gutentor-post-image-box'><div class=\"gutentor-image-thumb\"><img loading=\"lazy\" decoding=\"async\" width=\"633\" height=\"884\" src=\"https:\/\/apefadal.es\/wp-content\/uploads\/2023\/02\/05-Danzas-tradicionales-scaled-e1675945623746.jpg\" class=\"attachment-full size-full wp-post-image\" alt=\"\" \/><\/div><\/div><div class=\"gutentor-post-title-data-wrap\"><h3 class=\"gutentor-post-title\"><a href=\"https:\/\/apefadal.es\/index.php\/2023\/02\/09\/05-danzas-tradicionales\/\" rel=\"bookmark\">05 &#8211; Danzas tradicionales<\/a><\/h3><\/div><a class=\"gutentor-button gutentor-post-button\" href=\"https:\/\/apefadal.es\/index.php\/2023\/02\/09\/05-danzas-tradicionales\/\"><span>Leer m\u00e1s<\/span><\/a><\/div><\/article><article class='gutentor-post  grid-md-4 grid-sm-4 grid-xs-12'><div class='gutentor-post-item'><div class='gutentor-post-image-box'><div class=\"gutentor-image-thumb\"><img loading=\"lazy\" decoding=\"async\" width=\"633\" height=\"895\" src=\"https:\/\/apefadal.es\/wp-content\/uploads\/2023\/02\/cartel-formacion-e1675946440383.png\" class=\"attachment-full size-full wp-post-image\" alt=\"\" \/><\/div><\/div><div class=\"gutentor-post-title-data-wrap\"><h3 class=\"gutentor-post-title\"><a href=\"https:\/\/apefadal.es\/index.php\/2023\/02\/09\/04-stikbomball\/\" rel=\"bookmark\">04 &#8211; \u00a0STIKBOMBALL.<\/a><\/h3><\/div><a class=\"gutentor-button gutentor-post-button\" href=\"https:\/\/apefadal.es\/index.php\/2023\/02\/09\/04-stikbomball\/\"><span>Leer m\u00e1s<\/span><\/a><\/div><\/article><article class='gutentor-post  grid-md-4 grid-sm-4 grid-xs-12'><div class='gutentor-post-item'><div class='gutentor-post-image-box'><div class=\"gutentor-image-thumb\"><img loading=\"lazy\" decoding=\"async\" width=\"633\" height=\"901\" src=\"https:\/\/apefadal.es\/wp-content\/uploads\/2023\/02\/CARTEL-2023-scaled-e1675854319259.jpg\" class=\"attachment-full size-full wp-post-image\" alt=\"\" \/><\/div><\/div><div class=\"gutentor-post-title-data-wrap\"><h3 class=\"gutentor-post-title\"><a href=\"https:\/\/apefadal.es\/index.php\/2023\/02\/08\/03-kubb-molkky-y-cornhole-virtual\/\" rel=\"bookmark\">03 &#8211; KUBB, M\u00d6LKKY Y CORNHOLE VIRTUAL<\/a><\/h3><\/div><a class=\"gutentor-button gutentor-post-button\" href=\"https:\/\/apefadal.es\/index.php\/2023\/02\/08\/03-kubb-molkky-y-cornhole-virtual\/\"><span>Leer m\u00e1s<\/span><\/a><\/div><\/article><\/div><\/div><\/section>\n\n\n<div id=\"section-g868558\" class=\"wp-block-gutentor-e17 section-g868558 gutentor-element gutentor-post-footer\"><div class=\"grid-container\"><div class=\"grid-row\">\n<div id=\"col-gm978d20\" class=\"wp-block-gutentor-e15 gutentor-single-column  grid-lg-12 grid-md-12 grid-12\"><div id=\"section-gm978d20\" class=\"section-gm978d20 gutentor-col-wrap\">\n<div id=\"section-g203b80\" class=\"wp-block-gutentor-e12 section-g203b80 gutentor-element gutentor-element-pagination text-align-center-mobile\"><div class=\"gutentor-pagination-wrap\" data-maxnumpages=\"2\"><ul class=\"gutentor-pagination\"><li class=\"gutentor-pagination-item gutentor-pagination-prev\"><a class=\"gutentor-pagination-link gutentor-disabled\" href=\"#\"><i class=\"fas fa-chevron-left\"><\/i>Anterior<\/a><\/li><li class=\"gutentor-pagination-item gutentor-pagination-active\" data-gpage=\"1\"><a class=\"gutentor-pagination-link\" href=\"#\">1<\/a><\/li><li class=\"gutentor-pagination-item\"><a class=\"gutentor-pagination-link\" href=\"#\" data-gpage=\"2\">2<\/a><\/li><li class=\"gutentor-pagination-item gutentor-pagination-next\"><a class=\"gutentor-pagination-link\" href=\"#\" data-gpage=\"2\">Siguiente<i class=\"fas fa-chevron-right\"><\/i><\/a><\/li><\/ul><\/div><\/div>\n<\/div><\/div>\n<\/div><\/div><\/div>\n<\/section>\n","protected":false},"excerpt":{"rendered":"<p>Plan de Formaci\u00f3n del Profesorado para el a\u00f1o 2023 EN CONVENIO CON LA CONSEJER\u00cdA DE EDUCACI\u00d3N DE LA&nbsp;COMUNIDAD DE MADRID PLAN DE FORMACI\u00d3N APROBADO POR LA CONSEJER\u00cdA DE EDUCACI\u00d3N ACTIVIDADES FORMATIVAS SEGUNDO Y TERCER TRIMESTRE DEL CURSO 2022\/23 TIPO H\/ CR INICIO FIN 01. ENCUENTROS POR LA IGUALDAD DE LA COMUNIDAD DE MADRID PRESENCIAL 10H\/1C&hellip;<\/p>\n","protected":false},"author":1,"featured_media":0,"parent":0,"menu_order":0,"comment_status":"closed","ping_status":"closed","template":"","meta":{"footnotes":""},"class_list":["post-3860","page","type-page","status-publish","hentry"],"_links":{"self":[{"href":"https:\/\/apefadal.es\/index.php\/wp-json\/wp\/v2\/pages\/3860","targetHints":{"allow":["GET"]}}],"collection":[{"href":"https:\/\/apefadal.es\/index.php\/wp-json\/wp\/v2\/pages"}],"about":[{"href":"https:\/\/apefadal.es\/index.php\/wp-json\/wp\/v2\/types\/page"}],"author":[{"embeddable":true,"href":"https:\/\/apefadal.es\/index.php\/wp-json\/wp\/v2\/users\/1"}],"replies":[{"embeddable":true,"href":"https:\/\/apefadal.es\/index.php\/wp-json\/wp\/v2\/comments?post=3860"}],"version-history":[{"count":25,"href":"https:\/\/apefadal.es\/index.php\/wp-json\/wp\/v2\/pages\/3860\/revisions"}],"predecessor-version":[{"id":6068,"href":"https:\/\/apefadal.es\/index.php\/wp-json\/wp\/v2\/pages\/3860\/revisions\/6068"}],"wp:attachment":[{"href":"https:\/\/apefadal.es\/index.php\/wp-json\/wp\/v2\/media?parent=3860"}],"curies":[{"name":"wp","href":"https:\/\/api.w.org\/{rel}","templated":true}]}}