{"id":367,"date":"2020-04-09T07:46:12","date_gmt":"2020-04-09T07:46:12","guid":{"rendered":"https:\/\/apefadal.es\/?page_id=367"},"modified":"2020-06-04T09:41:07","modified_gmt":"2020-06-04T09:41:07","slug":"11-surf","status":"publish","type":"page","link":"https:\/\/apefadal.es\/index.php\/11-surf\/","title":{"rendered":"11. Surf"},"content":{"rendered":"\n<h1 class=\"has-text-align-center wp-block-heading\"><strong>\u00ab<strong>MANIFESTACIONES COMPLEJAS DE LA MOTRICIDAD EN EL MEDIO ACU\u00c1TICO\u00bb<\/strong><\/strong><\/h1>\n\n\n\n<p style=\"background-color:#14205c;font-size:25px\" class=\"has-text-color has-background has-text-align-center has-luminous-vivid-orange-color\">APLAZADO A JUNIO DE 2021<\/p>\n\n\n\n<figure class=\"wp-block-gallery aligncenter columns-1 is-cropped wp-block-gallery-1 is-layout-flex wp-block-gallery-is-layout-flex\"><ul class=\"blocks-gallery-grid\"><li class=\"blocks-gallery-item\"><figure><img loading=\"lazy\" decoding=\"async\" width=\"1024\" height=\"369\" src=\"https:\/\/apefadal.es\/wp-content\/uploads\/2020\/04\/P1000511-1024x369.jpg\" alt=\"\" data-id=\"368\" data-full-url=\"https:\/\/apefadal.es\/wp-content\/uploads\/2020\/04\/P1000511.jpg\" data-link=\"https:\/\/apefadal.es\/?attachment_id=368\" class=\"wp-image-368\" srcset=\"https:\/\/apefadal.es\/wp-content\/uploads\/2020\/04\/P1000511-1024x369.jpg 1024w, https:\/\/apefadal.es\/wp-content\/uploads\/2020\/04\/P1000511-300x108.jpg 300w, https:\/\/apefadal.es\/wp-content\/uploads\/2020\/04\/P1000511-768x277.jpg 768w, https:\/\/apefadal.es\/wp-content\/uploads\/2020\/04\/P1000511-1536x554.jpg 1536w, https:\/\/apefadal.es\/wp-content\/uploads\/2020\/04\/P1000511-2048x738.jpg 2048w\" sizes=\"auto, (max-width: 1024px) 100vw, 1024px\" \/><\/figure><\/li><\/ul><\/figure>\n\n\n\n<div class=\"wp-block-group has-pale-cyan-blue-background-color has-very-dark-gray-color has-text-color has-background\"><div class=\"wp-block-group__inner-container is-layout-flow wp-block-group-is-layout-flow\">\n<div class=\"wp-block-group\"><div class=\"wp-block-group__inner-container is-layout-flow wp-block-group-is-layout-flow\">\n<p class=\"has-text-align-center has-medium-font-size\"><strong>HORAS \/ CR\u00c9DITOS: <\/strong>10H \/ 1 CR\u00c9DITO<\/p>\n\n\n\n<p class=\"has-text-align-center has-medium-font-size\"><strong>MODALIDAD: <\/strong>PRESENCIAL &#8211; V\u00c1LIDO PARA SEXENIOS<\/p>\n\n\n\n<p class=\"has-text-align-center has-medium-font-size\"><strong>FECHAS:<\/strong>  Dos opciones:&nbsp;del 12 al 14 de junio y del 19 al 21 de junio.<\/p>\n\n\n\n<p class=\"has-text-align-center has-medium-font-size\"><strong>LUGAR DE REALIZACI\u00d3N:<\/strong> Loredo-Cantabria.<\/p>\n\n\n\n<p class=\"has-text-align-center has-medium-font-size\"><strong>PRECIO:<\/strong> Asociad@s 92\u00b411*&nbsp;\u20acuros; Nuevos soci@s 104\u00b411* \u20acuros&nbsp; y&nbsp; no asociad@s 119\u00b411* \u20acuros.&nbsp;<\/p>\n\n\n\n<p class=\"has-text-align-center has-medium-font-size\"><strong>Desde el 2 DE JUNIO (primer turno) y desde el 9 DE JUNIO (segundo turno):<\/strong> Asociad@s 102\u00b411*&nbsp;\u20acuros; Nuevos soci@s 114\u00b411* \u20acuros&nbsp; y&nbsp; no asociad@s 129\u00b411* \u20acuros.&nbsp;<\/p>\n\n\n\n<p class=\"has-text-align-center\">Asociaci\u00f3n de Profesorado \u201cADAL\u201d C\u00f3digo cuenta&nbsp;Bankia:&nbsp;ES03&nbsp;2038 1179 4460 0054 4748<\/p>\n\n\n\n<div id=\"section-g214f8e\" class=\"wp-block-gutentor-e2 section-g214f8e gutentor-element gutentor-element-button button-align-center-desktop\"><span class=\"gutentor-button-wrap\"><a class=\"gutentor-button gutentor-block-button gutentor-icon-hide\" href=\"https:\/\/apefadal.es\/wp-content\/uploads\/2020\/04\/2020_11_dossier_curso_surf.pdf\"><i class=\"gutentor-button-icon fas fa-book\"><\/i><span><strong>M\u00e1s informaci\u00f3n<\/strong><\/span><\/a><\/span><\/div>\n<\/div><\/div>\n<\/div><\/div>\n\n\n\n<p style=\"background-color:#14205c\" class=\"has-text-color has-background has-text-align-center has-medium-font-size has-luminous-vivid-orange-color\"><a href=\"https:\/\/forms.gle\/PU1UKMaXz58qL7Vo6\">FORMULARIO DE INSCRIPCI\u00d3N (12 al 14 de junio)<\/a><\/p>\n\n\n\n<p style=\"background-color:#14205c\" class=\"has-text-color has-background has-text-align-center has-medium-font-size has-luminous-vivid-orange-color\"><a href=\"https:\/\/forms.gle\/R1RQfbA7gmj227G29\">FORMULARIO DE INSCRIPCI\u00d3N (19 al 21 de junio)<\/a><\/p>\n\n\n\n<p class=\"has-text-align-center has-medium-font-size\"><strong>OBJETIVOS:<\/strong><\/p>\n\n\n\n<div class=\"wp-block-group has-pale-cyan-blue-background-color has-very-dark-gray-color has-text-color has-background\"><div class=\"wp-block-group__inner-container is-layout-flow wp-block-group-is-layout-flow\">\n<div class=\"wp-block-group\"><div class=\"wp-block-group__inner-container is-layout-flow wp-block-group-is-layout-flow\">\n<figure class=\"wp-block-table\"><table><tbody><tr><td>1.&nbsp;&nbsp;&nbsp;&nbsp;&nbsp;&nbsp; Ampliar la formaci\u00f3n b\u00e1sica del profesorado en el \u00e1rea de Educaci\u00f3n F\u00edsica.<br>2.&nbsp;&nbsp;&nbsp;&nbsp;&nbsp;&nbsp; Desarrollar la t\u00e9cnica y conocimiento de los deportes acu\u00e1ticos.<br>3.&nbsp;&nbsp;&nbsp;&nbsp;&nbsp;&nbsp; Transmitir a sus alumnos las posibilidades de nuestro entorno natural.<br>4.&nbsp;&nbsp;&nbsp;&nbsp;&nbsp;&nbsp; Obtener nuevos recursos para desarrollar manifestaciones complejas de la motricidad relacionados con la hidrodin\u00e1mica, flotaci\u00f3n y propiocepci\u00f3n.  &nbsp;   <\/td><\/tr><\/tbody><\/table><\/figure>\n<\/div><\/div>\n<\/div><\/div>\n\n\n\n<p class=\"has-text-align-center has-medium-font-size\"><strong>CONTENIDOS:<\/strong><\/p>\n\n\n\n<div class=\"wp-block-group has-pale-cyan-blue-background-color has-very-dark-gray-color has-text-color has-background\"><div class=\"wp-block-group__inner-container is-layout-flow wp-block-group-is-layout-flow\">\n<figure class=\"wp-block-table\"><table><tbody><tr><td>1.&nbsp;&nbsp;&nbsp;&nbsp;&nbsp;&nbsp; Equipo y t\u00e9cnicas de progresi\u00f3n de progresi\u00f3n espec\u00edfica en distintos medios acu\u00e1ticos.<br>2.&nbsp;&nbsp;&nbsp;&nbsp;&nbsp;&nbsp; Reconocimiento de los distintos medios acu\u00e1ticos, cauce, corrientes, mareas\u2026 Normas b\u00e1sicas de seguridad en la realizaci\u00f3n de actividades en el medio natural acu\u00e1tico.<br>3.&nbsp;&nbsp;&nbsp;&nbsp;&nbsp;&nbsp; Ocio activo sostenible en ecosistemas l\u00f3ticos, l\u00e9nticos y marinos.<br>4.&nbsp;&nbsp;&nbsp;&nbsp;&nbsp;&nbsp; Aspectos generales que hay que considerar en la organizaci\u00f3n de actividades en el medio natural acu\u00e1tico: elecci\u00f3n del lugar, tareas log\u00edsticas, temporalizaci\u00f3n y duraci\u00f3n de la actividad.<br>5.&nbsp;&nbsp;&nbsp;&nbsp;&nbsp;&nbsp; Normas b\u00e1sicas de prevenci\u00f3n de riesgos de accidente y comportamiento ante una eventualidad:<br>Actitud ante cualquier emergencia y modo de comunicar o llamar la atenci\u00f3n.<\/td><\/tr><\/tbody><\/table><\/figure>\n<\/div><\/div>\n\n\n\n<p class=\"has-text-align-center has-medium-font-size\"><strong>METODOLOG\u00cdA:<\/strong><\/p>\n\n\n\n<div class=\"wp-block-group has-pale-cyan-blue-background-color has-very-dark-gray-color has-text-color has-background\"><div class=\"wp-block-group__inner-container is-layout-flow wp-block-group-is-layout-flow\">\n<figure class=\"wp-block-table\"><table><tbody><tr><td>Metodolog\u00eda activa, participativa y colaborativa.   &nbsp;   <\/td><\/tr><\/tbody><\/table><\/figure>\n<\/div><\/div>\n\n\n\n<p class=\"has-text-align-center has-medium-font-size\"><strong>PONENTES:<\/strong><\/p>\n\n\n\n<div class=\"wp-block-group has-pale-cyan-blue-background-color has-very-dark-gray-color has-text-color has-background\"><div class=\"wp-block-group__inner-container is-layout-flow wp-block-group-is-layout-flow\">\n<figure class=\"wp-block-table\"><table><tbody><tr><td><strong>Mario Guti\u00e9rrez Mart\u00ednez. <\/strong><br>TD2 de Surf.&nbsp;&nbsp;&nbsp;<br><strong>&nbsp;&nbsp;&nbsp;&nbsp;&nbsp;&nbsp;&nbsp;&nbsp;&nbsp;&nbsp;&nbsp;&nbsp;&nbsp;&nbsp;&nbsp;&nbsp;&nbsp;&nbsp;&nbsp;&nbsp;&nbsp;&nbsp;&nbsp;&nbsp;&nbsp;&nbsp;&nbsp;&nbsp;&nbsp;&nbsp;&nbsp;&nbsp;&nbsp;&nbsp;&nbsp;&nbsp;&nbsp;&nbsp;&nbsp;&nbsp;&nbsp;&nbsp;&nbsp;&nbsp;&nbsp;&nbsp;&nbsp;&nbsp;&nbsp;&nbsp; &nbsp;&nbsp;&nbsp;&nbsp;<br>Pedro S\u00e1nchez S\u00e1nchez.&nbsp; <\/strong><br>TD2 de Surf.<\/td><\/tr><\/tbody><\/table><\/figure>\n<\/div><\/div>\n\n\n\n<p style=\"background-color:#14205c\" class=\"has-text-color has-background has-text-align-center has-medium-font-size has-luminous-vivid-orange-color\"><a href=\"https:\/\/apefadal.es\/index.php\/normas-cursos\/\">CONSULTA NUESTRA NORMATIVA<\/a><\/p>\n\n\n\n<p style=\"background-color:#14205c\" class=\"has-text-color has-background has-text-align-center has-medium-font-size has-luminous-vivid-orange-color\"><a href=\"https:\/\/apefadal.es\/index.php\/certificados\/\">INFORMACI\u00d3N DE CERTIFICADOS<\/a><\/p>\n\n\n\n<hr class=\"wp-block-separator\"\/>\n\n\n\n<p style=\"background-color:#14205c\" class=\"has-text-color has-background has-text-align-center has-medium-font-size has-luminous-vivid-orange-color\"><a href=\"https:\/\/forms.gle\/PU1UKMaXz58qL7Vo6\">FORMULARIO DE INSCRIPCI\u00d3N (12 al 14 de junio)<\/a><\/p>\n\n\n\n<p style=\"background-color:#14205c\" class=\"has-text-color has-background has-text-align-center has-medium-font-size has-luminous-vivid-orange-color\"><a href=\"https:\/\/forms.gle\/R1RQfbA7gmj227G29\">FORMULARIO DE INSCRIPCI\u00d3N (19 al 21 de junio)<\/a><\/p>\n","protected":false},"excerpt":{"rendered":"<p>\u00abMANIFESTACIONES COMPLEJAS DE LA MOTRICIDAD EN EL MEDIO ACU\u00c1TICO\u00bb APLAZADO A JUNIO DE 2021 HORAS \/ CR\u00c9DITOS: 10H \/ 1 CR\u00c9DITO MODALIDAD: PRESENCIAL &#8211; V\u00c1LIDO PARA SEXENIOS FECHAS: Dos opciones:&nbsp;del 12 al 14 de junio y del 19 al 21 de junio. LUGAR DE REALIZACI\u00d3N: Loredo-Cantabria. PRECIO: Asociad@s 92\u00b411*&nbsp;\u20acuros; Nuevos soci@s 104\u00b411* \u20acuros&nbsp; y&nbsp; no&hellip;<\/p>\n","protected":false},"author":1,"featured_media":0,"parent":0,"menu_order":0,"comment_status":"closed","ping_status":"closed","template":"","meta":{"footnotes":""},"class_list":["post-367","page","type-page","status-publish","hentry"],"_links":{"self":[{"href":"https:\/\/apefadal.es\/index.php\/wp-json\/wp\/v2\/pages\/367","targetHints":{"allow":["GET"]}}],"collection":[{"href":"https:\/\/apefadal.es\/index.php\/wp-json\/wp\/v2\/pages"}],"about":[{"href":"https:\/\/apefadal.es\/index.php\/wp-json\/wp\/v2\/types\/page"}],"author":[{"embeddable":true,"href":"https:\/\/apefadal.es\/index.php\/wp-json\/wp\/v2\/users\/1"}],"replies":[{"embeddable":true,"href":"https:\/\/apefadal.es\/index.php\/wp-json\/wp\/v2\/comments?post=367"}],"version-history":[{"count":10,"href":"https:\/\/apefadal.es\/index.php\/wp-json\/wp\/v2\/pages\/367\/revisions"}],"predecessor-version":[{"id":1151,"href":"https:\/\/apefadal.es\/index.php\/wp-json\/wp\/v2\/pages\/367\/revisions\/1151"}],"wp:attachment":[{"href":"https:\/\/apefadal.es\/index.php\/wp-json\/wp\/v2\/media?parent=367"}],"curies":[{"name":"wp","href":"https:\/\/api.w.org\/{rel}","templated":true}]}}