{"id":355,"date":"2020-04-08T12:16:50","date_gmt":"2020-04-08T12:16:50","guid":{"rendered":"https:\/\/apefadal.es\/?page_id=355"},"modified":"2020-04-15T12:10:07","modified_gmt":"2020-04-15T12:10:07","slug":"8-tchoukball","status":"publish","type":"page","link":"https:\/\/apefadal.es\/index.php\/8-tchoukball\/","title":{"rendered":"8-Tchoukball"},"content":{"rendered":"\n<h1 class=\"has-text-align-center wp-block-heading\"><strong>\u00ab<strong>INICICIACI\u00d3N AL TCHOUKBALL<\/strong>\u201d<\/strong><\/h1>\n\n\n\n<figure class=\"wp-block-gallery aligncenter columns-1 is-cropped wp-block-gallery-1 is-layout-flex wp-block-gallery-is-layout-flex\"><ul class=\"blocks-gallery-grid\"><li class=\"blocks-gallery-item\"><figure><img loading=\"lazy\" decoding=\"async\" width=\"1024\" height=\"329\" src=\"https:\/\/apefadal.es\/wp-content\/uploads\/2020\/04\/DSC_0224-1024x329.jpg\" alt=\"\" data-id=\"356\" data-full-url=\"https:\/\/apefadal.es\/wp-content\/uploads\/2020\/04\/DSC_0224-scaled.jpg\" data-link=\"https:\/\/apefadal.es\/?attachment_id=356\" class=\"wp-image-356\" srcset=\"https:\/\/apefadal.es\/wp-content\/uploads\/2020\/04\/DSC_0224-1024x329.jpg 1024w, https:\/\/apefadal.es\/wp-content\/uploads\/2020\/04\/DSC_0224-300x96.jpg 300w, https:\/\/apefadal.es\/wp-content\/uploads\/2020\/04\/DSC_0224-768x247.jpg 768w, https:\/\/apefadal.es\/wp-content\/uploads\/2020\/04\/DSC_0224-1536x494.jpg 1536w, https:\/\/apefadal.es\/wp-content\/uploads\/2020\/04\/DSC_0224-2048x658.jpg 2048w\" sizes=\"auto, (max-width: 1024px) 100vw, 1024px\" \/><\/figure><\/li><\/ul><\/figure>\n\n\n\n<div class=\"wp-block-group has-pale-cyan-blue-background-color has-very-dark-gray-color has-text-color has-background\"><div class=\"wp-block-group__inner-container is-layout-flow wp-block-group-is-layout-flow\">\n<div class=\"wp-block-group\"><div class=\"wp-block-group__inner-container is-layout-flow wp-block-group-is-layout-flow\">\n<p class=\"has-text-align-center has-medium-font-size\"><strong>HORAS \/ CR\u00c9DITOS: <\/strong>10H \/ 1 CR\u00c9DITO<\/p>\n\n\n\n<p class=\"has-text-align-center has-medium-font-size\"><strong>MODALIDAD: <\/strong>PRESENCIAL &#8211; V\u00c1LIDO PARA SEXENIOS<\/p>\n\n\n\n<p class=\"has-text-align-center has-medium-font-size\"><strong>ASISTE A 2 DE LAS SIGUIENTES SESIONES:<\/strong> <\/p>\n\n\n\n<p>\u00abINICIACI\u00d3N AL TCHOUKBALL EN EL TORNEO POR LA IGUALDAD EL 8 DE MARZO\u201d&nbsp;0\u00b45&nbsp;cr\u00e9dito.&nbsp;En Alcobendas, Pabell\u00f3n Amaya Valdemoro.&nbsp; S\u00e1bado 7 de marzo de 16:30 a 20:30&nbsp;horas.&nbsp;<\/p>\n\n\n\n<p>\u00abINICIACI\u00d3N AL TCHOUKBALL EN EL TORNEO DE SAN ISIDRO\u201d&nbsp;0\u00b45&nbsp;cr\u00e9dito. ALCOBENDAS s\u00e1bado 16 de mayo a las&nbsp;10h.&nbsp;<\/p>\n\n\n\n<p>\u00abCOLABORACI\u00d3N O PARTICIPACI\u00d3N EN EL TORNEO ESCOLAR DE TCHOUKBALL RELAMPAGUITO\u00bb&nbsp;0\u00b45&nbsp;cr\u00e9dito*. Legan\u00e9s S\u00e1bado 13 de junio 10h.&nbsp;<\/p>\n\n\n\n<p>\u00abINICIACI\u00d3N AL TCHOUKBALL EN EL TORNEO REL\u00c1MPAGO\u201d&nbsp;0\u00b45&nbsp;cr\u00e9dito. LEGAN\u00c9S s\u00e1bado 20 de junio a las&nbsp;10h.&nbsp;<\/p>\n\n\n\n<p class=\"has-text-align-center has-medium-font-size\"><strong>PRECIO:<\/strong> Actividad Gratuita<\/p>\n<\/div><\/div>\n<\/div><\/div>\n\n\n\n<p style=\"background-color:#14205c\" class=\"has-text-color has-background has-text-align-center has-medium-font-size has-luminous-vivid-orange-color\"><a href=\"https:\/\/forms.gle\/aBV24LqLQ6XX6Dsj8\">FORMULARIO DE INSCRIPCI\u00d3N 7 de marzo<\/a><\/p>\n\n\n\n<p style=\"background-color:#14205c\" class=\"has-text-color has-background has-text-align-center has-medium-font-size has-luminous-vivid-orange-color\"><a href=\"https:\/\/forms.gle\/Ac1SVo3qseRT5LFE9\">FORMULARIO DE INSCRIPCI\u00d3N 16 de mayo<\/a><\/p>\n\n\n\n<p style=\"background-color:#14205c\" class=\"has-text-color has-background has-text-align-center has-medium-font-size has-luminous-vivid-orange-color\"><a href=\"https:\/\/forms.gle\/rsGutB78vHQQgtWU6\">FORMULARIO DE INSCRIPCI\u00d3N 13 de junio<\/a><\/p>\n\n\n\n<p style=\"background-color:#14205c\" class=\"has-text-color has-background has-text-align-center has-medium-font-size has-luminous-vivid-orange-color\"><a href=\"https:\/\/forms.gle\/Y2jvmnTX78TMpmdh8\">FORMULARIO DE INSCRIPCI\u00d3N 20 de junio<\/a><\/p>\n\n\n\n<hr class=\"wp-block-separator\"\/>\n\n\n\n<p style=\"background-color:#14205c\" class=\"has-text-color has-background has-text-align-center has-medium-font-size has-luminous-vivid-orange-color\"><a href=\"https:\/\/apefadal.es\/index.php\/normas-cursos\/\">CONSULTA NUESTRA NORMATIVA<\/a><\/p>\n\n\n\n<p style=\"background-color:#14205c\" class=\"has-text-color has-background has-text-align-center has-medium-font-size has-luminous-vivid-orange-color\"><a href=\"https:\/\/apefadal.es\/index.php\/certificados\/\">INFORMACI\u00d3N DE CERTIFICADOS<\/a><\/p>\n","protected":false},"excerpt":{"rendered":"<p>\u00abINICICIACI\u00d3N AL TCHOUKBALL\u201d HORAS \/ CR\u00c9DITOS: 10H \/ 1 CR\u00c9DITO MODALIDAD: PRESENCIAL &#8211; V\u00c1LIDO PARA SEXENIOS ASISTE A 2 DE LAS SIGUIENTES SESIONES: \u00abINICIACI\u00d3N AL TCHOUKBALL EN EL TORNEO POR LA IGUALDAD EL 8 DE MARZO\u201d&nbsp;0\u00b45&nbsp;cr\u00e9dito.&nbsp;En Alcobendas, Pabell\u00f3n Amaya Valdemoro.&nbsp; S\u00e1bado 7 de marzo de 16:30 a 20:30&nbsp;horas.&nbsp; \u00abINICIACI\u00d3N AL TCHOUKBALL EN EL TORNEO DE&hellip;<\/p>\n","protected":false},"author":1,"featured_media":0,"parent":0,"menu_order":0,"comment_status":"closed","ping_status":"closed","template":"","meta":{"footnotes":""},"class_list":["post-355","page","type-page","status-publish","hentry"],"_links":{"self":[{"href":"https:\/\/apefadal.es\/index.php\/wp-json\/wp\/v2\/pages\/355","targetHints":{"allow":["GET"]}}],"collection":[{"href":"https:\/\/apefadal.es\/index.php\/wp-json\/wp\/v2\/pages"}],"about":[{"href":"https:\/\/apefadal.es\/index.php\/wp-json\/wp\/v2\/types\/page"}],"author":[{"embeddable":true,"href":"https:\/\/apefadal.es\/index.php\/wp-json\/wp\/v2\/users\/1"}],"replies":[{"embeddable":true,"href":"https:\/\/apefadal.es\/index.php\/wp-json\/wp\/v2\/comments?post=355"}],"version-history":[{"count":2,"href":"https:\/\/apefadal.es\/index.php\/wp-json\/wp\/v2\/pages\/355\/revisions"}],"predecessor-version":[{"id":668,"href":"https:\/\/apefadal.es\/index.php\/wp-json\/wp\/v2\/pages\/355\/revisions\/668"}],"wp:attachment":[{"href":"https:\/\/apefadal.es\/index.php\/wp-json\/wp\/v2\/media?parent=355"}],"curies":[{"name":"wp","href":"https:\/\/api.w.org\/{rel}","templated":true}]}}