{"id":352,"date":"2020-04-08T11:40:49","date_gmt":"2020-04-08T11:40:49","guid":{"rendered":"https:\/\/apefadal.es\/?page_id=352"},"modified":"2020-04-20T11:46:37","modified_gmt":"2020-04-20T11:46:37","slug":"7-equilibrio","status":"publish","type":"page","link":"https:\/\/apefadal.es\/index.php\/7-equilibrio\/","title":{"rendered":"7-Equilibrio"},"content":{"rendered":"\n<h1 class=\"has-text-align-center wp-block-heading\"><strong>\u00ab<strong>ACTIVIDADES L\u00daDICAS PARA DESARROLLAR EL EQUILIBRIO Y LA COORDINACI\u00d3N<\/strong>\u201d<\/strong><\/h1>\n\n\n\n<figure class=\"wp-block-gallery aligncenter columns-1 is-cropped wp-block-gallery-1 is-layout-flex wp-block-gallery-is-layout-flex\"><ul class=\"blocks-gallery-grid\"><li class=\"blocks-gallery-item\"><figure><img loading=\"lazy\" decoding=\"async\" width=\"1024\" height=\"205\" src=\"https:\/\/apefadal.es\/wp-content\/uploads\/2020\/04\/P1090816-1024x205.jpg\" alt=\"\" data-id=\"353\" data-full-url=\"https:\/\/apefadal.es\/wp-content\/uploads\/2020\/04\/P1090816-scaled.jpg\" data-link=\"https:\/\/apefadal.es\/?attachment_id=353\" class=\"wp-image-353\" srcset=\"https:\/\/apefadal.es\/wp-content\/uploads\/2020\/04\/P1090816-1024x205.jpg 1024w, https:\/\/apefadal.es\/wp-content\/uploads\/2020\/04\/P1090816-300x60.jpg 300w, https:\/\/apefadal.es\/wp-content\/uploads\/2020\/04\/P1090816-768x154.jpg 768w, https:\/\/apefadal.es\/wp-content\/uploads\/2020\/04\/P1090816-1536x308.jpg 1536w, https:\/\/apefadal.es\/wp-content\/uploads\/2020\/04\/P1090816-2048x410.jpg 2048w\" sizes=\"auto, (max-width: 1024px) 100vw, 1024px\" \/><\/figure><\/li><\/ul><\/figure>\n\n\n\n<div class=\"wp-block-group has-pale-cyan-blue-background-color has-very-dark-gray-color has-text-color has-background\"><div class=\"wp-block-group__inner-container is-layout-flow wp-block-group-is-layout-flow\">\n<div class=\"wp-block-group\"><div class=\"wp-block-group__inner-container is-layout-flow wp-block-group-is-layout-flow\">\n<p class=\"has-text-align-center has-medium-font-size\"><strong>HORAS \/ CR\u00c9DITOS: <\/strong>10H \/ 1 CR\u00c9DITO<\/p>\n\n\n\n<p class=\"has-text-align-center has-medium-font-size\"><strong>MODALIDAD: <\/strong>PRESENCIAL &#8211; V\u00c1LIDO PARA SEXENIOS<\/p>\n\n\n\n<p class=\"has-text-align-center has-medium-font-size\"><strong>FECHA COMIENZO ACTIVIDAD:<\/strong>  S\u00e1bado 9 de mayo<\/p>\n\n\n\n<p class=\"has-text-align-center has-medium-font-size\"><strong>FECHA FIN ACTIVIDAD:<\/strong> S\u00e1bado 9 de mayo<\/p>\n\n\n\n<p class=\"has-text-align-center has-medium-font-size\"><strong>LUGAR DE REALIZACI\u00d3N:<\/strong> CEIP Manuel N\u00fa\u00f1ez de Arenas de Getafe<\/p>\n\n\n\n<p class=\"has-text-align-center has-medium-font-size\"><strong>HORARIO:<\/strong> de 10 a 14h y de 15:30 a 19:30h<\/p>\n\n\n\n<p class=\"has-text-align-center has-medium-font-size\"><strong>PRECIO:<\/strong> Asociad@s 15\u00b407 \u20acuros; Nuevos soci@s* 25\u00b407 \u20acuros &nbsp;y &nbsp;no asociad@s 35\u00b407 \u20acuros.<\/p>\n\n\n\n<p class=\"has-text-align-center has-medium-font-size\"><strong>DESDE EL 30\/04\/20:<\/strong> Asociad@s 25\u00b407 \u20acuros; Nuevos soci@s* 35\u00b407 \u20acuros \u00a0y \u00a0no asociad@s 45\u00b407 \u20acuros.<\/p>\n\n\n\n<p class=\"has-text-align-center\">Asociaci\u00f3n de Profesorado \u201cADAL\u201d C\u00f3digo cuenta&nbsp;Bankia:&nbsp;ES03&nbsp;2038 1179 4460 0054 4748<\/p>\n<\/div><\/div>\n<\/div><\/div>\n\n\n\n<p style=\"background-color:#14205c\" class=\"has-text-color has-background has-text-align-center has-medium-font-size has-luminous-vivid-orange-color\"><a href=\"https:\/\/forms.gle\/eTSp31PuZVCLMHhT8\">FORMULARIO DE INSCRIPCI\u00d3N<\/a><\/p>\n\n\n\n<p class=\"has-text-align-center has-medium-font-size\"><strong>OBJETIVOS:<\/strong><\/p>\n\n\n\n<div class=\"wp-block-group has-pale-cyan-blue-background-color has-very-dark-gray-color has-text-color has-background\"><div class=\"wp-block-group__inner-container is-layout-flow wp-block-group-is-layout-flow\">\n<div class=\"wp-block-group\"><div class=\"wp-block-group__inner-container is-layout-flow wp-block-group-is-layout-flow\">\n<figure class=\"wp-block-table\"><table><tbody><tr><td>1.&nbsp;&nbsp;&nbsp;&nbsp;&nbsp;&nbsp; Justificar los juegos de ilinx en el contexto social actual desde la pr\u00e1ctica con material de equilibrio y deslizamiento innovador de una manera totalmente segura.<br>2.&nbsp;&nbsp;&nbsp;&nbsp;&nbsp;&nbsp; Aplicar una metodolog\u00eda innovadora en la transmisi\u00f3n de contenidos muy t\u00e9cnicos rompiendo con la metodolog\u00eda asociada basada en la dependencia del experto.<br>3.&nbsp;&nbsp;&nbsp;&nbsp;&nbsp;&nbsp; Demostrar la transferencia positiva entre distintas modalidades de equilibrio y deslizamiento, con y sin, la misma posici\u00f3n de deslizamiento.<br>4.&nbsp;&nbsp;&nbsp;&nbsp;&nbsp;&nbsp; Conocer nuevos instrumentos para trabajar la Coeducaci\u00f3n en las actividades l\u00fadicas alternativas que faciliten la ausencia y superaci\u00f3n de ideas sexistas preconcebidas.<br>Practicar distintos ejercicios de asimilaci\u00f3n y aplicaci\u00f3n de distintas modalidades l\u00fadico-recreativas.             &nbsp;   <\/td><\/tr><\/tbody><\/table><\/figure>\n<\/div><\/div>\n<\/div><\/div>\n\n\n\n<p class=\"has-text-align-center has-medium-font-size\"><strong>CONTENIDOS:<\/strong><\/p>\n\n\n\n<div class=\"wp-block-group has-pale-cyan-blue-background-color has-very-dark-gray-color has-text-color has-background\"><div class=\"wp-block-group__inner-container is-layout-flow wp-block-group-is-layout-flow\">\n<figure class=\"wp-block-table\"><table><tbody><tr><td>1.&nbsp;&nbsp;&nbsp;&nbsp;&nbsp;&nbsp; Valoraci\u00f3n y disminuci\u00f3n al m\u00ednimo del riesgo en las actividades f\u00edsicas de deslizamiento.<br>2.&nbsp;&nbsp;&nbsp;&nbsp;&nbsp;&nbsp; Calentamiento espec\u00edfico y asimilaci\u00f3n de las posiciones b\u00e1sicas, as\u00ed como interiorizaci\u00f3n de la carga y descarga del peso sobre la superficie de apoyo.<br>3.&nbsp;&nbsp;&nbsp;&nbsp;&nbsp;&nbsp; Comprensi\u00f3n de los paralelismos existentes entre estilos de meditaci\u00f3n est\u00e1ticos y las modalidades de deslizamiento, as\u00ed como de los beneficios en la salud de su pr\u00e1ctica habitual.<br>4.&nbsp;&nbsp;&nbsp;&nbsp;&nbsp;&nbsp; Asimilaci\u00f3n del concepto de plasticidad cerebral as\u00ed como experimentaci\u00f3n de las tres fases del aprendizaje motor (Fitts y Posner, 1967).<br>B\u00fasqueda de la estabilidad bilateral, del equilibrio unilateral y b\u00fasqueda de la propulsi\u00f3n.<\/td><\/tr><\/tbody><\/table><\/figure>\n<\/div><\/div>\n\n\n\n<p class=\"has-text-align-center has-medium-font-size\"><strong>METODOLOG\u00cdA:<\/strong><\/p>\n\n\n\n<div class=\"wp-block-group has-pale-cyan-blue-background-color has-very-dark-gray-color has-text-color has-background\"><div class=\"wp-block-group__inner-container is-layout-flow wp-block-group-is-layout-flow\">\n<figure class=\"wp-block-table\"><table><tbody><tr><td>Para la realizaci\u00f3n de todas las actividades se aplicaran metodolog\u00edas activas que faciliten la autonom\u00eda de los aprendices y alimente la competencia de aprender a aprender. Se partir\u00e1 de una base te\u00f3rico-explicativa, y posteriormente se pondr\u00e1n en pr\u00e1ctica los contenidos de forma l\u00fadica y participativa, buscando la consecuci\u00f3n de los objetivos mediante la participaci\u00f3n, la creatividad, las puestas en com\u00fan y el trabajo en grupo.<br>Se introducir\u00e1n los aspectos t\u00e9cnicos mediante la resoluci\u00f3n de problemas en microgrupos, favoreciendo las potencialidades comunicativas de los equipos, aprendizaje dial\u00f3gico y ense\u00f1anza rec\u00edproca.&nbsp;  &nbsp;   <\/td><\/tr><\/tbody><\/table><\/figure>\n<\/div><\/div>\n\n\n\n<p class=\"has-text-align-center has-medium-font-size\"><strong>PONENTES:<\/strong><\/p>\n\n\n\n<div class=\"wp-block-group has-pale-cyan-blue-background-color has-very-dark-gray-color has-text-color has-background\"><div class=\"wp-block-group__inner-container is-layout-flow wp-block-group-is-layout-flow\">\n<figure class=\"wp-block-table\"><table><tbody><tr><td><strong>Mart\u00ednez Colmenarejo, Daniel. <\/strong><br>Licenciado en Ciencias de la Actividad F\u00edsica y el Deporte, COLEGIADO: 58794. Especialista en innovaci\u00f3n educativa: Selecci\u00f3n y tratamiento de nuevos contenidos en Educaci\u00f3n F\u00edsica.<\/td><\/tr><\/tbody><\/table><\/figure>\n<\/div><\/div>\n\n\n\n<p style=\"background-color:#14205c\" class=\"has-text-color has-background has-text-align-center has-medium-font-size has-luminous-vivid-orange-color\"><a href=\"https:\/\/apefadal.es\/index.php\/normas-cursos\/\">CONSULTA NUESTRA NORMATIVA<\/a><\/p>\n\n\n\n<p style=\"background-color:#14205c\" class=\"has-text-color has-background has-text-align-center has-medium-font-size has-luminous-vivid-orange-color\"><a href=\"https:\/\/apefadal.es\/index.php\/certificados\/\">INFORMACI\u00d3N DE CERTIFICADOS<\/a><\/p>\n\n\n\n<p style=\"background-color:#14205c\" class=\"has-text-color has-background has-text-align-center has-medium-font-size has-luminous-vivid-orange-color\"><a href=\"https:\/\/forms.gle\/eTSp31PuZVCLMHhT8\">FORMULARIO DE INSCRIPCI\u00d3N<\/a><\/p>\n","protected":false},"excerpt":{"rendered":"<p>\u00abACTIVIDADES L\u00daDICAS PARA DESARROLLAR EL EQUILIBRIO Y LA COORDINACI\u00d3N\u201d HORAS \/ CR\u00c9DITOS: 10H \/ 1 CR\u00c9DITO MODALIDAD: PRESENCIAL &#8211; V\u00c1LIDO PARA SEXENIOS FECHA COMIENZO ACTIVIDAD: S\u00e1bado 9 de mayo FECHA FIN ACTIVIDAD: S\u00e1bado 9 de mayo LUGAR DE REALIZACI\u00d3N: CEIP Manuel N\u00fa\u00f1ez de Arenas de Getafe HORARIO: de 10 a 14h y de 15:30 a&hellip;<\/p>\n","protected":false},"author":1,"featured_media":0,"parent":0,"menu_order":0,"comment_status":"closed","ping_status":"closed","template":"","meta":{"footnotes":""},"class_list":["post-352","page","type-page","status-publish","hentry"],"_links":{"self":[{"href":"https:\/\/apefadal.es\/index.php\/wp-json\/wp\/v2\/pages\/352","targetHints":{"allow":["GET"]}}],"collection":[{"href":"https:\/\/apefadal.es\/index.php\/wp-json\/wp\/v2\/pages"}],"about":[{"href":"https:\/\/apefadal.es\/index.php\/wp-json\/wp\/v2\/types\/page"}],"author":[{"embeddable":true,"href":"https:\/\/apefadal.es\/index.php\/wp-json\/wp\/v2\/users\/1"}],"replies":[{"embeddable":true,"href":"https:\/\/apefadal.es\/index.php\/wp-json\/wp\/v2\/comments?post=352"}],"version-history":[{"count":4,"href":"https:\/\/apefadal.es\/index.php\/wp-json\/wp\/v2\/pages\/352\/revisions"}],"predecessor-version":[{"id":773,"href":"https:\/\/apefadal.es\/index.php\/wp-json\/wp\/v2\/pages\/352\/revisions\/773"}],"wp:attachment":[{"href":"https:\/\/apefadal.es\/index.php\/wp-json\/wp\/v2\/media?parent=352"}],"curies":[{"name":"wp","href":"https:\/\/api.w.org\/{rel}","templated":true}]}}