{"id":342,"date":"2020-04-08T11:19:04","date_gmt":"2020-04-08T11:19:04","guid":{"rendered":"https:\/\/apefadal.es\/?page_id=342"},"modified":"2020-04-15T12:04:59","modified_gmt":"2020-04-15T12:04:59","slug":"5-ingles","status":"publish","type":"page","link":"https:\/\/apefadal.es\/index.php\/5-ingles\/","title":{"rendered":"5-Ingl\u00e9s"},"content":{"rendered":"\n<h1 class=\"has-text-align-center wp-block-heading\"><strong>\u00abEDUCACI\u00d3N F\u00cdSICA EN INGL\u00c9S. FROM ZERO TO HERO\u201d<\/strong><\/h1>\n\n\n\n<figure class=\"wp-block-gallery aligncenter columns-1 is-cropped wp-block-gallery-1 is-layout-flex wp-block-gallery-is-layout-flex\"><ul class=\"blocks-gallery-grid\"><li class=\"blocks-gallery-item\"><figure><img loading=\"lazy\" decoding=\"async\" width=\"635\" height=\"201\" src=\"https:\/\/apefadal.es\/wp-content\/uploads\/2020\/04\/panoramico-from-zero-to-hero.jpg\" alt=\"\" data-id=\"343\" data-full-url=\"https:\/\/apefadal.es\/wp-content\/uploads\/2020\/04\/panoramico-from-zero-to-hero.jpg\" data-link=\"https:\/\/apefadal.es\/?attachment_id=343\" class=\"wp-image-343\" srcset=\"https:\/\/apefadal.es\/wp-content\/uploads\/2020\/04\/panoramico-from-zero-to-hero.jpg 635w, https:\/\/apefadal.es\/wp-content\/uploads\/2020\/04\/panoramico-from-zero-to-hero-300x95.jpg 300w\" sizes=\"auto, (max-width: 635px) 100vw, 635px\" \/><\/figure><\/li><\/ul><\/figure>\n\n\n\n<div class=\"wp-block-group has-pale-cyan-blue-background-color has-very-dark-gray-color has-text-color has-background\"><div class=\"wp-block-group__inner-container is-layout-flow wp-block-group-is-layout-flow\">\n<div class=\"wp-block-group\"><div class=\"wp-block-group__inner-container is-layout-flow wp-block-group-is-layout-flow\">\n<p class=\"has-text-align-center has-medium-font-size\"><strong>HORAS \/ CR\u00c9DITOS: <\/strong>40H \/ 4 CR\u00c9DITOS<\/p>\n\n\n\n<p class=\"has-text-align-center has-medium-font-size\"><strong>MODALIDAD: <\/strong>EN L\u00cdNEA &#8211; V\u00c1LIDO PARA SEXENIOS<\/p>\n\n\n\n<p class=\"has-text-align-center has-medium-font-size\"><strong>FECHA COMIENZO ACTIVIDAD:<\/strong>  CANCELADO<\/p>\n\n\n\n<p class=\"has-text-align-center has-medium-font-size\"><strong>FECHA FIN ACTIVIDAD:<\/strong> CANCELADO<\/p>\n<\/div><\/div>\n<\/div><\/div>\n\n\n\n<p style=\"background-color:#14205c\" class=\"has-text-color has-background has-text-align-center has-medium-font-size has-luminous-vivid-orange-color\">FORMULARIO DE INSCRIPCI\u00d3N<\/p>\n\n\n\n<p class=\"has-text-align-center has-medium-font-size\"><strong>OBJETIVOS:<\/strong><\/p>\n\n\n\n<div class=\"wp-block-group has-pale-cyan-blue-background-color has-very-dark-gray-color has-text-color has-background\"><div class=\"wp-block-group__inner-container is-layout-flow wp-block-group-is-layout-flow\">\n<div class=\"wp-block-group\"><div class=\"wp-block-group__inner-container is-layout-flow wp-block-group-is-layout-flow\">\n<figure class=\"wp-block-table\"><table><tbody><tr><td>1.&nbsp;&nbsp;&nbsp;&nbsp;&nbsp;&nbsp; Adquirir un amplio vocabulario t\u00e9cnico en ingl\u00e9s en el sector de la ense\u00f1anza de Educaci\u00f3n F\u00edsica.<br>2.&nbsp;&nbsp;&nbsp;&nbsp;&nbsp;&nbsp; Dotar al profesional de herramientas y conocimientos para llevar a cabo, en ingl\u00e9s, de manera correcta la impartici\u00f3n de contenidos en Educaci\u00f3n f\u00edsica en proyectos biling\u00fces.<br>3.&nbsp;&nbsp;&nbsp;&nbsp;&nbsp;&nbsp; Adquirir competencias ling\u00fc\u00edsticas en el aula biling\u00fce de Educaci\u00f3n F\u00edsica.<br>4.&nbsp;&nbsp;&nbsp;&nbsp;&nbsp;&nbsp; Planificar sesiones aptas para el aula biling\u00fce de E.F.<\/td><\/tr><\/tbody><\/table><\/figure>\n<\/div><\/div>\n<\/div><\/div>\n\n\n\n<p class=\"has-text-align-center has-medium-font-size\"><strong>CONTENIDOS:<\/strong><\/p>\n\n\n\n<div class=\"wp-block-group has-pale-cyan-blue-background-color has-very-dark-gray-color has-text-color has-background\"><div class=\"wp-block-group__inner-container is-layout-flow wp-block-group-is-layout-flow\">\n<figure class=\"wp-block-table\"><table><tbody><tr><td>1.&nbsp;&nbsp;&nbsp;&nbsp;&nbsp;&nbsp; Teor\u00eda pr\u00e1ctica sobre el biling\u00fcismo en Educaci\u00f3n F\u00edsica.<br>2.&nbsp;&nbsp;&nbsp; Verbos divididos en bloques de contenidos con ejemplos y explicaciones. &nbsp;<br>3.&nbsp;&nbsp;&nbsp; Vocabulario <u>General<\/u>&nbsp;de EF, material EF, nuestro cuerpo, etc y <u>Espec\u00edfico<\/u>:&nbsp;Atletismo, baloncesto, f\u00fatbol, habilidades gimn\u00e1sticas, balonmano, voleibol, lesiones y primeros auxilios, ropa deportiva y accesorios, etc.<br>4.&nbsp;&nbsp;&nbsp; Recopilaci\u00f3n de&nbsp;juegos&nbsp;de Educaci\u00f3n F\u00edsica<br>5.&nbsp;&nbsp;&nbsp; Frases comunes que se utilizan en todos los momentos de nuestra sesi\u00f3n de Educaci\u00f3n F\u00edsica en Ingl\u00e9s.<br>6.&nbsp;&nbsp;&nbsp; Entrevistas a referentes del biling\u00fcismo en Espa\u00f1a y docentes extranjeros.  <\/td><\/tr><\/tbody><\/table><\/figure>\n<\/div><\/div>\n\n\n\n<p class=\"has-text-align-center has-medium-font-size\"><strong>METODOLOG\u00cdA:<\/strong><\/p>\n\n\n\n<div class=\"wp-block-group has-pale-cyan-blue-background-color has-very-dark-gray-color has-text-color has-background\"><div class=\"wp-block-group__inner-container is-layout-flow wp-block-group-is-layout-flow\">\n<figure class=\"wp-block-table\"><table><tbody><tr><td>En el curso en l\u00ednea, a trav\u00e9s de los v\u00eddeos se lleva a cabo una metodolog\u00eda mixta con Aprendizaje Basado en Proyectos y Gamificaci\u00f3n (a trav\u00e9s del acceso a todos los contenidos de verbos y vocabulario en la plataforma Quizlet, tambi\u00e9n se complementa con un manual del curso)   <\/td><\/tr><\/tbody><\/table><\/figure>\n<\/div><\/div>\n\n\n\n<p class=\"has-text-align-center has-medium-font-size\"><strong>PONENTES:<\/strong><\/p>\n\n\n\n<div class=\"wp-block-group has-pale-cyan-blue-background-color has-very-dark-gray-color has-text-color has-background\"><div class=\"wp-block-group__inner-container is-layout-flow wp-block-group-is-layout-flow\">\n<figure class=\"wp-block-table\"><table><tbody><tr><td><strong>Serantes Asenjo, Javier. <\/strong><br>Creador del curso, licenciado en Educaci\u00f3n F\u00edsica, Maestro Especialista en Educaci\u00f3n F\u00edsica, M\u00e1ster Oficial Universitario en E-Learning y Tecnolog\u00eda Educativa. CPE (C2) University of Cambridge. Experiencia docente en proyectos biling\u00fces 12 a\u00f1os. Funcionario de carrera.<\/td><\/tr><\/tbody><\/table><\/figure>\n<\/div><\/div>\n\n\n\n<p style=\"background-color:#14205c\" class=\"has-text-color has-background has-text-align-center has-medium-font-size has-luminous-vivid-orange-color\"><a href=\"https:\/\/apefadal.es\/index.php\/normas-cursos\/\">CONSULTA NUESTRA NORMATIVA<\/a><\/p>\n\n\n\n<p style=\"background-color:#14205c\" class=\"has-text-color has-background has-text-align-center has-medium-font-size has-luminous-vivid-orange-color\"><a href=\"https:\/\/apefadal.es\/index.php\/certificados\/\">INFORMACI\u00d3N DE CERTIFICADOS<\/a><\/p>\n\n\n\n<p style=\"background-color:#14205c\" class=\"has-text-color has-background has-text-align-center has-medium-font-size has-luminous-vivid-orange-color\">FORMULARIO DE INSCRIPCI\u00d3N<\/p>\n","protected":false},"excerpt":{"rendered":"<p>\u00abEDUCACI\u00d3N F\u00cdSICA EN INGL\u00c9S. FROM ZERO TO HERO\u201d HORAS \/ CR\u00c9DITOS: 40H \/ 4 CR\u00c9DITOS MODALIDAD: EN L\u00cdNEA &#8211; V\u00c1LIDO PARA SEXENIOS FECHA COMIENZO ACTIVIDAD: CANCELADO FECHA FIN ACTIVIDAD: CANCELADO FORMULARIO DE INSCRIPCI\u00d3N OBJETIVOS: 1.&nbsp;&nbsp;&nbsp;&nbsp;&nbsp;&nbsp; Adquirir un amplio vocabulario t\u00e9cnico en ingl\u00e9s en el sector de la ense\u00f1anza de Educaci\u00f3n F\u00edsica.2.&nbsp;&nbsp;&nbsp;&nbsp;&nbsp;&nbsp; Dotar al profesional de&hellip;<\/p>\n","protected":false},"author":1,"featured_media":0,"parent":0,"menu_order":0,"comment_status":"closed","ping_status":"closed","template":"","meta":{"footnotes":""},"class_list":["post-342","page","type-page","status-publish","hentry"],"_links":{"self":[{"href":"https:\/\/apefadal.es\/index.php\/wp-json\/wp\/v2\/pages\/342","targetHints":{"allow":["GET"]}}],"collection":[{"href":"https:\/\/apefadal.es\/index.php\/wp-json\/wp\/v2\/pages"}],"about":[{"href":"https:\/\/apefadal.es\/index.php\/wp-json\/wp\/v2\/types\/page"}],"author":[{"embeddable":true,"href":"https:\/\/apefadal.es\/index.php\/wp-json\/wp\/v2\/users\/1"}],"replies":[{"embeddable":true,"href":"https:\/\/apefadal.es\/index.php\/wp-json\/wp\/v2\/comments?post=342"}],"version-history":[{"count":2,"href":"https:\/\/apefadal.es\/index.php\/wp-json\/wp\/v2\/pages\/342\/revisions"}],"predecessor-version":[{"id":665,"href":"https:\/\/apefadal.es\/index.php\/wp-json\/wp\/v2\/pages\/342\/revisions\/665"}],"wp:attachment":[{"href":"https:\/\/apefadal.es\/index.php\/wp-json\/wp\/v2\/media?parent=342"}],"curies":[{"name":"wp","href":"https:\/\/api.w.org\/{rel}","templated":true}]}}