{"id":3409,"date":"2022-09-08T08:19:01","date_gmt":"2022-09-08T08:19:01","guid":{"rendered":"https:\/\/apefadal.es\/?page_id=3409"},"modified":"2026-02-03T18:56:23","modified_gmt":"2026-02-03T18:56:23","slug":"talleres-de-difusion-de-deportes-alternativos","status":"publish","type":"page","link":"https:\/\/apefadal.es\/index.php\/talleres-de-difusion-de-deportes-alternativos\/","title":{"rendered":"Talleres de difusi\u00f3n de deportes alternativos"},"content":{"rendered":"\n<p class=\"has-text-align-center has-medium-font-size\">Impartimos talleres de todas nuestras modalidades:<\/p>\n\n\n\n<div id=\"section-g-z1usoxq\" class=\"wp-block-gutentor-e1 section-g-z1usoxq gutentor-element gutentor-element-advanced-text text-align-center-desktop\"><div class=\"gutentor-text-wrap\"><p class=\"gutentor-text\">Tchoukball<br>Roundnet<br>Discflect<br>Kubb<br>M\u00f6lkky<br>Cornhole<br>Slackline<\/p><\/div><\/div>\n\n\n\n<p class=\"has-text-align-center has-medium-font-size\">Los talleres incluyen el material espec\u00edfico y la dinamizaci\u00f3n por parte de profesionales del \u00e1mbito de la educaci\u00f3n f\u00edsica.<br><br><\/p>\n\n\n\n<div id=\"section-g750374\" class=\"wp-block-gutentor-e2 section-g750374 gutentor-element gutentor-element-button button-align-center-desktop\"><span class=\"gutentor-button-wrap\"><a class=\"gutentor-button gutentor-block-button gutentor-icon-hide\" href=\"mailto:daniel@apefadal.es\"><i class=\"gutentor-button-icon fas fa-book\"><\/i><span>Solicitar m\u00e1s informaci\u00f3n y Presupuestos<\/span><\/a><\/span><\/div>\n\n\n\n<div style=\"height:17px\" aria-hidden=\"true\" class=\"wp-block-spacer\"><\/div>\n\n\n<div class=\"wp-block-image\">\n<figure class=\"aligncenter size-large\"><img loading=\"lazy\" decoding=\"async\" width=\"1024\" height=\"978\" src=\"https:\/\/apefadal.es\/wp-content\/uploads\/2022\/09\/Formacion-talleres-scaled-e1725610129312-1024x978.jpg\" alt=\"\" class=\"wp-image-3437\" srcset=\"https:\/\/apefadal.es\/wp-content\/uploads\/2022\/09\/Formacion-talleres-scaled-e1725610129312-1024x978.jpg 1024w, https:\/\/apefadal.es\/wp-content\/uploads\/2022\/09\/Formacion-talleres-scaled-e1725610129312-300x286.jpg 300w, https:\/\/apefadal.es\/wp-content\/uploads\/2022\/09\/Formacion-talleres-scaled-e1725610129312-768x733.jpg 768w, https:\/\/apefadal.es\/wp-content\/uploads\/2022\/09\/Formacion-talleres-scaled-e1725610129312-1536x1466.jpg 1536w, https:\/\/apefadal.es\/wp-content\/uploads\/2022\/09\/Formacion-talleres-scaled-e1725610129312.jpg 1698w\" sizes=\"auto, (max-width: 1024px) 100vw, 1024px\" \/><\/figure>\n<\/div>","protected":false},"excerpt":{"rendered":"<p>Impartimos talleres de todas nuestras modalidades: Los talleres incluyen el material espec\u00edfico y la dinamizaci\u00f3n por parte de profesionales del \u00e1mbito de la educaci\u00f3n f\u00edsica.<\/p>\n","protected":false},"author":1,"featured_media":0,"parent":0,"menu_order":0,"comment_status":"closed","ping_status":"closed","template":"","meta":{"footnotes":""},"class_list":["post-3409","page","type-page","status-publish","hentry"],"_links":{"self":[{"href":"https:\/\/apefadal.es\/index.php\/wp-json\/wp\/v2\/pages\/3409","targetHints":{"allow":["GET"]}}],"collection":[{"href":"https:\/\/apefadal.es\/index.php\/wp-json\/wp\/v2\/pages"}],"about":[{"href":"https:\/\/apefadal.es\/index.php\/wp-json\/wp\/v2\/types\/page"}],"author":[{"embeddable":true,"href":"https:\/\/apefadal.es\/index.php\/wp-json\/wp\/v2\/users\/1"}],"replies":[{"embeddable":true,"href":"https:\/\/apefadal.es\/index.php\/wp-json\/wp\/v2\/comments?post=3409"}],"version-history":[{"count":8,"href":"https:\/\/apefadal.es\/index.php\/wp-json\/wp\/v2\/pages\/3409\/revisions"}],"predecessor-version":[{"id":7675,"href":"https:\/\/apefadal.es\/index.php\/wp-json\/wp\/v2\/pages\/3409\/revisions\/7675"}],"wp:attachment":[{"href":"https:\/\/apefadal.es\/index.php\/wp-json\/wp\/v2\/media?parent=3409"}],"curies":[{"name":"wp","href":"https:\/\/api.w.org\/{rel}","templated":true}]}}