{"id":339,"date":"2020-04-08T11:12:28","date_gmt":"2020-04-08T11:12:28","guid":{"rendered":"https:\/\/apefadal.es\/?page_id=339"},"modified":"2020-04-15T12:03:18","modified_gmt":"2020-04-15T12:03:18","slug":"4-juegos-de-mesa","status":"publish","type":"page","link":"https:\/\/apefadal.es\/index.php\/4-juegos-de-mesa\/","title":{"rendered":"4-Juegos de Mesa"},"content":{"rendered":"\n<h1 class=\"has-text-align-center wp-block-heading\"><strong>\u00abAPRENDIZAJE BASADO EN JUEGOS DE MESA EN EF Y M\u00c1S  ALL\u00c1\u201d<\/strong><\/h1>\n\n\n\n<figure class=\"wp-block-gallery aligncenter columns-1 is-cropped wp-block-gallery-1 is-layout-flex wp-block-gallery-is-layout-flex\"><ul class=\"blocks-gallery-grid\"><li class=\"blocks-gallery-item\"><figure><img loading=\"lazy\" decoding=\"async\" width=\"1024\" height=\"316\" src=\"https:\/\/apefadal.es\/wp-content\/uploads\/2020\/04\/juegos-de-mesa-1024x316.jpg\" alt=\"\" data-id=\"340\" data-full-url=\"https:\/\/apefadal.es\/wp-content\/uploads\/2020\/04\/juegos-de-mesa.jpg\" data-link=\"https:\/\/apefadal.es\/?attachment_id=340\" class=\"wp-image-340\" srcset=\"https:\/\/apefadal.es\/wp-content\/uploads\/2020\/04\/juegos-de-mesa-1024x316.jpg 1024w, https:\/\/apefadal.es\/wp-content\/uploads\/2020\/04\/juegos-de-mesa-300x93.jpg 300w, https:\/\/apefadal.es\/wp-content\/uploads\/2020\/04\/juegos-de-mesa-768x237.jpg 768w, https:\/\/apefadal.es\/wp-content\/uploads\/2020\/04\/juegos-de-mesa-1536x474.jpg 1536w, https:\/\/apefadal.es\/wp-content\/uploads\/2020\/04\/juegos-de-mesa-2048x632.jpg 2048w\" sizes=\"auto, (max-width: 1024px) 100vw, 1024px\" \/><\/figure><\/li><\/ul><\/figure>\n\n\n\n<div class=\"wp-block-group has-pale-cyan-blue-background-color has-very-dark-gray-color has-text-color has-background\"><div class=\"wp-block-group__inner-container is-layout-flow wp-block-group-is-layout-flow\">\n<div class=\"wp-block-group\"><div class=\"wp-block-group__inner-container is-layout-flow wp-block-group-is-layout-flow\">\n<p class=\"has-text-align-center has-medium-font-size\"><strong>HORAS \/ CR\u00c9DITOS: <\/strong>10H \/ 1 CR\u00c9DITO<\/p>\n\n\n\n<p class=\"has-text-align-center has-medium-font-size\"><strong>MODALIDAD: <\/strong>PRESENCIAL &#8211; V\u00c1LIDO PARA SEXENIOS<\/p>\n\n\n\n<p class=\"has-text-align-center has-medium-font-size\"><strong>FECHA COMIENZO ACTIVIDAD:<\/strong>  APLAZADO (pendiente de nueva fecha)<\/p>\n\n\n\n<p class=\"has-text-align-center has-medium-font-size\"><strong>FECHA FIN ACTIVIDAD:<\/strong> APLAZADO (pendiente de nueva fecha)<\/p>\n\n\n\n<p class=\"has-text-align-center has-medium-font-size\"><strong>HORARIO:<\/strong> 1 s\u00e1bado de 10 a 14h y de 15:30 a 19:30h<\/p>\n\n\n\n<p class=\"has-text-align-center has-medium-font-size\"><strong>PRECIO:<\/strong> Asociad@s 10\u00b404 \u20acuros &#8211; Nuevos soci@s 15\u00b404 \u20acuros &nbsp;&#8211; &nbsp;No asociad@s 25\u00b404 \u20acuros<\/p>\n\n\n\n<p class=\"has-text-align-center\">Asociaci\u00f3n de Profesorado \u201cADAL\u201d C\u00f3digo cuenta&nbsp;Bankia:&nbsp;ES03&nbsp;2038 1179 4460 0054 4748<\/p>\n<\/div><\/div>\n<\/div><\/div>\n\n\n\n<p style=\"background-color:#14205c\" class=\"has-text-color has-background has-text-align-center has-medium-font-size has-luminous-vivid-orange-color\">FORMULARIO DE INSCRIPCI\u00d3N<\/p>\n\n\n\n<p class=\"has-text-align-center has-medium-font-size\"><strong>OBJETIVOS:<\/strong><\/p>\n\n\n\n<div class=\"wp-block-group has-pale-cyan-blue-background-color has-very-dark-gray-color has-text-color has-background\"><div class=\"wp-block-group__inner-container is-layout-flow wp-block-group-is-layout-flow\">\n<div class=\"wp-block-group\"><div class=\"wp-block-group__inner-container is-layout-flow wp-block-group-is-layout-flow\">\n<figure class=\"wp-block-table\"><table><tbody><tr><td>&#8211; Conocer la metodolog\u00eda ABJ.<br>&#8211; Practicar diferentes juegos de mesa.<br>&#8211; Ver las posibilidades que tienen los juegos de mesa en Educaci\u00f3n F\u00edsica y en otras \u00e1reas.<br>&#8211; Analizar y reflexionar sobre la utilizaci\u00f3n de los juegos de mesa en Educaci\u00f3n F\u00edsica.           &nbsp;   <\/td><\/tr><\/tbody><\/table><\/figure>\n<\/div><\/div>\n<\/div><\/div>\n\n\n\n<p class=\"has-text-align-center has-medium-font-size\"><strong>CONTENIDOS:<\/strong><\/p>\n\n\n\n<div class=\"wp-block-group has-pale-cyan-blue-background-color has-very-dark-gray-color has-text-color has-background\"><div class=\"wp-block-group__inner-container is-layout-flow wp-block-group-is-layout-flow\">\n<figure class=\"wp-block-table\"><table><tbody><tr><td>1.&nbsp;&nbsp;&nbsp; Conocimiento de diferentes juegos de mesa.<br>2.&nbsp;&nbsp;&nbsp; Aplicaci\u00f3n de la metodolog\u00eda ABJ en Educaci\u00f3n F\u00edsica y en otras \u00e1reas.<br>3.&nbsp;&nbsp;&nbsp; Utilizaci\u00f3n de la metodolog\u00eda ABJ en el \u00e1rea de Educaci\u00f3n F\u00edsica.       &nbsp;   <\/td><\/tr><\/tbody><\/table><\/figure>\n<\/div><\/div>\n\n\n\n<p class=\"has-text-align-center has-medium-font-size\"><strong>METODOLOG\u00cdA:<\/strong><\/p>\n\n\n\n<div class=\"wp-block-group has-pale-cyan-blue-background-color has-very-dark-gray-color has-text-color has-background\"><div class=\"wp-block-group__inner-container is-layout-flow wp-block-group-is-layout-flow\">\n<figure class=\"wp-block-table\"><table><tbody><tr><td>Este curso se fundamenta en la metodolog\u00eda ABJ.&nbsp;   <\/td><\/tr><\/tbody><\/table><\/figure>\n<\/div><\/div>\n\n\n\n<p class=\"has-text-align-center has-medium-font-size\"><strong>PONENTES:<\/strong><\/p>\n\n\n\n<div class=\"wp-block-group has-pale-cyan-blue-background-color has-very-dark-gray-color has-text-color has-background\"><div class=\"wp-block-group__inner-container is-layout-flow wp-block-group-is-layout-flow\">\n<figure class=\"wp-block-table\"><table><tbody><tr><td><strong>Del Fresno Camacho, Jose Antonio<br><\/strong>M\u00e1ster en direcci\u00f3n y evaluaci\u00f3n de centros educativos.<br>Ponente de cursos y jornadas sobre Educaci\u00f3n F\u00edsica en ADAL, CRIF Las Acacias, universidad de Castilla La Mancha y el blog de \u201cel valor de la E.F\u201d<strong><br>&nbsp;<br>Gonz\u00e1lez Notario, Marcos<br><\/strong>Master e inteligencias M\u00faltiples.<br>Coaching educativo.<br>Experto en educaci\u00f3n emocional.<br>Experto en did\u00e1ctica de la matem\u00e1ticas en educaci\u00f3n primaria.<br>Colaborador con la revista aula grao.<\/td><\/tr><\/tbody><\/table><\/figure>\n<\/div><\/div>\n\n\n\n<p style=\"background-color:#14205c\" class=\"has-text-color has-background has-text-align-center has-medium-font-size has-luminous-vivid-orange-color\"><a href=\"https:\/\/apefadal.es\/index.php\/normas-cursos\/\">CONSULTA NUESTRA NORMATIVA<\/a><\/p>\n\n\n\n<p style=\"background-color:#14205c\" class=\"has-text-color has-background has-text-align-center has-medium-font-size has-luminous-vivid-orange-color\"><a href=\"https:\/\/apefadal.es\/index.php\/certificados\/\">INFORMACI\u00d3N DE CERTIFICADOS<\/a><\/p>\n\n\n\n<p style=\"background-color:#14205c\" class=\"has-text-color has-background has-text-align-center has-medium-font-size has-luminous-vivid-orange-color\">FORMULARIO DE INSCRIPCI\u00d3N<\/p>\n","protected":false},"excerpt":{"rendered":"<p>\u00abAPRENDIZAJE BASADO EN JUEGOS DE MESA EN EF Y M\u00c1S ALL\u00c1\u201d HORAS \/ CR\u00c9DITOS: 10H \/ 1 CR\u00c9DITO MODALIDAD: PRESENCIAL &#8211; V\u00c1LIDO PARA SEXENIOS FECHA COMIENZO ACTIVIDAD: APLAZADO (pendiente de nueva fecha) FECHA FIN ACTIVIDAD: APLAZADO (pendiente de nueva fecha) HORARIO: 1 s\u00e1bado de 10 a 14h y de 15:30 a 19:30h PRECIO: Asociad@s 10\u00b404&hellip;<\/p>\n","protected":false},"author":1,"featured_media":0,"parent":0,"menu_order":0,"comment_status":"closed","ping_status":"closed","template":"","meta":{"footnotes":""},"class_list":["post-339","page","type-page","status-publish","hentry"],"_links":{"self":[{"href":"https:\/\/apefadal.es\/index.php\/wp-json\/wp\/v2\/pages\/339","targetHints":{"allow":["GET"]}}],"collection":[{"href":"https:\/\/apefadal.es\/index.php\/wp-json\/wp\/v2\/pages"}],"about":[{"href":"https:\/\/apefadal.es\/index.php\/wp-json\/wp\/v2\/types\/page"}],"author":[{"embeddable":true,"href":"https:\/\/apefadal.es\/index.php\/wp-json\/wp\/v2\/users\/1"}],"replies":[{"embeddable":true,"href":"https:\/\/apefadal.es\/index.php\/wp-json\/wp\/v2\/comments?post=339"}],"version-history":[{"count":3,"href":"https:\/\/apefadal.es\/index.php\/wp-json\/wp\/v2\/pages\/339\/revisions"}],"predecessor-version":[{"id":664,"href":"https:\/\/apefadal.es\/index.php\/wp-json\/wp\/v2\/pages\/339\/revisions\/664"}],"wp:attachment":[{"href":"https:\/\/apefadal.es\/index.php\/wp-json\/wp\/v2\/media?parent=339"}],"curies":[{"name":"wp","href":"https:\/\/api.w.org\/{rel}","templated":true}]}}