{"id":319,"date":"2020-04-08T10:24:49","date_gmt":"2020-04-08T10:24:49","guid":{"rendered":"https:\/\/apefadal.es\/?page_id=319"},"modified":"2025-12-09T10:48:55","modified_gmt":"2025-12-09T10:48:55","slug":"certificados","status":"publish","type":"page","link":"https:\/\/apefadal.es\/index.php\/certificados\/","title":{"rendered":"Certificados"},"content":{"rendered":"\n<p>La Consejer\u00eda de Educaci\u00f3n de la Comunidad de Madrid y la Asociaci\u00f3n de Profesorado ADAL, registraran el&nbsp; correspondiente certificado al&nbsp;<strong>profesorado<\/strong>&nbsp;participante, siempre que se cumpla Asistencia, al menos, al 85 por 100 del total de horas de la fase presencial de la actividad y siempre que las horas de inasistencia est\u00e9n debidamente justificadas y al aprovechamiento valorado por el\/la responsable de la misma.<\/p>\n\n\n\n<p>La Comunidad de Madrid ya no emite certificados en formato papel.<br>Est\u00e1 funcionando de manera generalizada el sello de unidad de formaci\u00f3n del profesorado, que permite a cualquier docente madrile\u00f1@, utilizando su certificado digital, obtener c\u00f3modamente, de manera autom\u00e1tica, en cualquier momento y lugar,&nbsp;<strong>el extracto de formaci\u00f3n&nbsp;<\/strong>y&nbsp;<strong>certificaci\u00f3n de actividades formativas<\/strong>, con c\u00f3digo de verificaci\u00f3n y autenticidad que les concede total validez en cualquier concurso y convocatoria.<br>El enlace para la obtenci\u00f3n telem\u00e1tica de los extractos y certificados, con certificado digital, que ya est\u00e1 operativo es:&nbsp; <a href=\"https:\/\/gestiona.comunidad.madrid\/gifp_web\/\" target=\"_blank\" rel=\"noreferrer noopener\">https:\/\/gestiona.comunidad.madrid\/gifp_web\/<\/a><\/p>\n\n\n\n<p>La actual normativa establece que los&nbsp; empleados p\u00fablicos deben relacionarse a trav\u00e9s de medios electr\u00f3nicos para los tr\u00e1mites y actuaciones que realicen con la Administraci\u00f3n. Se requiere, por tanto, que los docentes dispongamos de alguno de los certificados electr\u00f3nicos reconocidos por la Comunidad de Madrid.&nbsp;<\/p>\n\n\n\n<p>El profesorado participante interesado en recibir el certificado de ApefADAL en formato digital podr\u00e1 solicitarlo por escrito a&nbsp;<strong>certificados@apefadal.es<\/strong>&nbsp;especificando nombre, apellidos,&nbsp; NIF, el curso correspondiente y el a\u00f1o de realizaci\u00f3n.<\/p>\n\n\n\n<p>Las cuotas para poder <strong>certificar cursos gratuitos<\/strong>, son: Soci@s <strong>Gratuito<\/strong>. Nuev@ soci@s <strong>10\u20ac<\/strong> y No soci@s <strong>30 \u20acuros<\/strong> (para cubrir los gastos de gesti\u00f3n del expediente del curso). <strong>Asociaci\u00f3n de Profesorado \u201cADAL\u201d C\u00f3digo de la cuenta <strong>CaixaBank: ES08 2100 1139 4313 0024 5485<\/strong>.<\/strong><\/p>\n\n\n\n<div id=\"section-g7b657b\" class=\"wp-block-gutentor-e2 section-g7b657b gutentor-element gutentor-element-button button-align-center-desktop\"><span class=\"gutentor-button-wrap\"><a class=\"gutentor-button gutentor-block-button gutentor-icon-hide\" href=\"https:\/\/apefadal.es\/index.php\/normas-cursos\/\"><i class=\"gutentor-button-icon fas fa-book\"><\/i><span>Consulta la normativa general de cursos<\/span><\/a><\/span><\/div>\n","protected":false},"excerpt":{"rendered":"<p>La Consejer\u00eda de Educaci\u00f3n de la Comunidad de Madrid y la Asociaci\u00f3n de Profesorado ADAL, registraran el&nbsp; correspondiente certificado al&nbsp;profesorado&nbsp;participante, siempre que se cumpla Asistencia, al menos, al 85 por 100 del total de horas de la fase presencial de la actividad y siempre que las horas de inasistencia est\u00e9n debidamente justificadas y al aprovechamiento&hellip;<\/p>\n","protected":false},"author":1,"featured_media":0,"parent":0,"menu_order":0,"comment_status":"closed","ping_status":"closed","template":"","meta":{"footnotes":""},"class_list":["post-319","page","type-page","status-publish","hentry"],"_links":{"self":[{"href":"https:\/\/apefadal.es\/index.php\/wp-json\/wp\/v2\/pages\/319","targetHints":{"allow":["GET"]}}],"collection":[{"href":"https:\/\/apefadal.es\/index.php\/wp-json\/wp\/v2\/pages"}],"about":[{"href":"https:\/\/apefadal.es\/index.php\/wp-json\/wp\/v2\/types\/page"}],"author":[{"embeddable":true,"href":"https:\/\/apefadal.es\/index.php\/wp-json\/wp\/v2\/users\/1"}],"replies":[{"embeddable":true,"href":"https:\/\/apefadal.es\/index.php\/wp-json\/wp\/v2\/comments?post=319"}],"version-history":[{"count":11,"href":"https:\/\/apefadal.es\/index.php\/wp-json\/wp\/v2\/pages\/319\/revisions"}],"predecessor-version":[{"id":6919,"href":"https:\/\/apefadal.es\/index.php\/wp-json\/wp\/v2\/pages\/319\/revisions\/6919"}],"wp:attachment":[{"href":"https:\/\/apefadal.es\/index.php\/wp-json\/wp\/v2\/media?parent=319"}],"curies":[{"name":"wp","href":"https:\/\/api.w.org\/{rel}","templated":true}]}}