{"id":286,"date":"2020-04-07T11:32:31","date_gmt":"2020-04-07T11:32:31","guid":{"rendered":"https:\/\/apefadal.es\/?page_id=286"},"modified":"2026-04-15T08:39:50","modified_gmt":"2026-04-15T08:39:50","slug":"federacion-de-asociaciones-espanolas-de-deportes-alternativos","status":"publish","type":"page","link":"https:\/\/apefadal.es\/index.php\/federacion-de-asociaciones-espanolas-de-deportes-alternativos\/","title":{"rendered":"Federaci\u00f3n de Asociaciones Espa\u00f1olas de Deportes Alternativos"},"content":{"rendered":"\n<section id=\"section-4969d691-9c46-40aa-ae20-1acdb388d324\" class=\"wp-block-gutentor-featured-block gutentor-section gutentor-featured-block featured-template1\"><div class=\"grid-container\"><div class=\"gutentor-grid-item-wrap\"><div class=\"gutentor-single-item\"><div class=\"grid-row\"><div class=\"grid-md-6\"><div class=\"gutentor-single-item-image-box\"><div class=\"gutentor-image-thumb\"><img loading=\"lazy\" decoding=\"async\" class=\"normal-image\" src=\"https:\/\/apefadal.es\/wp-content\/uploads\/2026\/04\/Logos-FAEDA-2026-04-circulo-transparente.png\" alt=\"\" height=\"2481\" width=\"2481\" \/><\/div><\/div><\/div><div class=\"grid-md-6\"><div class=\"gutentor-single-item-content\"><div class=\"gutentor-featured-content\"><h3 class=\"gutentor-single-item-title\">F.A.E.D.A.<\/h3><p class=\"gutentor-single-item-desc\">Iniciativa creada por el expresidente de ADAL, Manuel Mart\u00ednez G\u00e1mez.<br><br>La Federaci\u00f3n de asociaciones, agrupa a las asociaciones espa\u00f1olas que representen cualquier manifestaci\u00f3n de la motricidad no valorada como deporte por el Consejo Superior de Deportes.\u00a0<br><br>Federaci\u00f3n registrada en el Ministerio del Interior<br>el 12 de noviembre de 2019 con el N\u00ba Nacional: 51.383 y NIF G88552435\u00a0\u00a0<br><br><a href=\"mailto:faeda@apefadal.es\" target=\"_blank\" rel=\"noreferrer noopener\">faeda@apefadal.es<\/a><br><br><br><br><br><br><br><br><br><br><br><br><\/p><a class=\"gutentor-button gutentor-single-item-button gutentor-icon-hide\" href=\"https:\/\/apefadal.ipzmarketing.com\/f\/LPWC5IuHqic\"><i class=\"gutentor-button-icon fas fa-book\"><\/i><span>Suscr\u00edbete a los boletines de las asociaciones que forman FAEDA<\/span><\/a><\/div><\/div><\/div><\/div><\/div><\/div><\/div><\/section>\n\n\n\n<p class=\"has-text-align-center has-luminous-vivid-orange-color has-text-color has-background has-link-color has-small-font-size wp-elements-774598fadc84d09ef1e6e52e8382987d\" style=\"background-color:#14205c\"><strong>Todas las Noticias en nuestro Instagram y facebook:<\/strong><\/p>\n\n\n\n<ul class=\"wp-block-social-links is-content-justification-center is-layout-flex wp-container-core-social-links-is-layout-16018d1d wp-block-social-links-is-layout-flex\"><li class=\"wp-social-link wp-social-link-instagram  wp-block-social-link\"><a rel=\"noopener nofollow\" target=\"_blank\" href=\"https:\/\/www.instagram.com\/faeda2019\/\" class=\"wp-block-social-link-anchor\"><svg width=\"24\" height=\"24\" viewBox=\"0 0 24 24\" version=\"1.1\" xmlns=\"http:\/\/www.w3.org\/2000\/svg\" aria-hidden=\"true\" focusable=\"false\"><path d=\"M12,4.622c2.403,0,2.688,0.009,3.637,0.052c0.877,0.04,1.354,0.187,1.671,0.31c0.42,0.163,0.72,0.358,1.035,0.673 c0.315,0.315,0.51,0.615,0.673,1.035c0.123,0.317,0.27,0.794,0.31,1.671c0.043,0.949,0.052,1.234,0.052,3.637 s-0.009,2.688-0.052,3.637c-0.04,0.877-0.187,1.354-0.31,1.671c-0.163,0.42-0.358,0.72-0.673,1.035 c-0.315,0.315-0.615,0.51-1.035,0.673c-0.317,0.123-0.794,0.27-1.671,0.31c-0.949,0.043-1.233,0.052-3.637,0.052 s-2.688-0.009-3.637-0.052c-0.877-0.04-1.354-0.187-1.671-0.31c-0.42-0.163-0.72-0.358-1.035-0.673 c-0.315-0.315-0.51-0.615-0.673-1.035c-0.123-0.317-0.27-0.794-0.31-1.671C4.631,14.688,4.622,14.403,4.622,12 s0.009-2.688,0.052-3.637c0.04-0.877,0.187-1.354,0.31-1.671c0.163-0.42,0.358-0.72,0.673-1.035 c0.315-0.315,0.615-0.51,1.035-0.673c0.317-0.123,0.794-0.27,1.671-0.31C9.312,4.631,9.597,4.622,12,4.622 M12,3 C9.556,3,9.249,3.01,8.289,3.054C7.331,3.098,6.677,3.25,6.105,3.472C5.513,3.702,5.011,4.01,4.511,4.511 c-0.5,0.5-0.808,1.002-1.038,1.594C3.25,6.677,3.098,7.331,3.054,8.289C3.01,9.249,3,9.556,3,12c0,2.444,0.01,2.751,0.054,3.711 c0.044,0.958,0.196,1.612,0.418,2.185c0.23,0.592,0.538,1.094,1.038,1.594c0.5,0.5,1.002,0.808,1.594,1.038 c0.572,0.222,1.227,0.375,2.185,0.418C9.249,20.99,9.556,21,12,21s2.751-0.01,3.711-0.054c0.958-0.044,1.612-0.196,2.185-0.418 c0.592-0.23,1.094-0.538,1.594-1.038c0.5-0.5,0.808-1.002,1.038-1.594c0.222-0.572,0.375-1.227,0.418-2.185 C20.99,14.751,21,14.444,21,12s-0.01-2.751-0.054-3.711c-0.044-0.958-0.196-1.612-0.418-2.185c-0.23-0.592-0.538-1.094-1.038-1.594 c-0.5-0.5-1.002-0.808-1.594-1.038c-0.572-0.222-1.227-0.375-2.185-0.418C14.751,3.01,14.444,3,12,3L12,3z M12,7.378 c-2.552,0-4.622,2.069-4.622,4.622S9.448,16.622,12,16.622s4.622-2.069,4.622-4.622S14.552,7.378,12,7.378z M12,15 c-1.657,0-3-1.343-3-3s1.343-3,3-3s3,1.343,3,3S13.657,15,12,15z M16.804,6.116c-0.596,0-1.08,0.484-1.08,1.08 s0.484,1.08,1.08,1.08c0.596,0,1.08-0.484,1.08-1.08S17.401,6.116,16.804,6.116z\"><\/path><\/svg><span class=\"wp-block-social-link-label screen-reader-text\">Instagram<\/span><\/a><\/li>\n\n<li class=\"wp-social-link wp-social-link-facebook  wp-block-social-link\"><a rel=\"noopener nofollow\" target=\"_blank\" href=\"https:\/\/www.facebook.com\/FAEDA2019\/?ref=page_internal\" class=\"wp-block-social-link-anchor\"><svg width=\"24\" height=\"24\" viewBox=\"0 0 24 24\" version=\"1.1\" xmlns=\"http:\/\/www.w3.org\/2000\/svg\" aria-hidden=\"true\" focusable=\"false\"><path d=\"M12 2C6.5 2 2 6.5 2 12c0 5 3.7 9.1 8.4 9.9v-7H7.9V12h2.5V9.8c0-2.5 1.5-3.9 3.8-3.9 1.1 0 2.2.2 2.2.2v2.5h-1.3c-1.2 0-1.6.8-1.6 1.6V12h2.8l-.4 2.9h-2.3v7C18.3 21.1 22 17 22 12c0-5.5-4.5-10-10-10z\"><\/path><\/svg><span class=\"wp-block-social-link-label screen-reader-text\">Facebook<\/span><\/a><\/li><\/ul>\n\n\n\n<hr class=\"wp-block-separator has-alpha-channel-opacity is-style-wide\"\/>\n\n\n\n<div id=\"gm2ab0046\" class=\"wp-block-gutentor-m1 section-gm2ab0046 gutentor-module gutentor-element-button-group button-align-center-desktop g-btn-horizontal-d g-btn-horizontal-t g-btn-horizontal-m\"><div class=\"gutentor-element-button-group-wrap\">\n<div id=\"section-g214444\" class=\"wp-block-gutentor-e2 section-g214444 gutentor-element gutentor-element-button\"><span class=\"gutentor-button-wrap\"><a class=\"gutentor-button gutentor-block-button gutentor-icon-hide\" href=\"https:\/\/apefadal.es\/index.php\/federacion-de-asociaciones-espanolas-de-deportes-alternativos\/\"><i class=\"gutentor-button-icon fas fa-book\"><\/i><span><strong>FAEDA inicio<\/strong><\/span><\/a><\/span><\/div>\n\n\n\n<div id=\"section-gd1bad4\" class=\"wp-block-gutentor-e2 section-gd1bad4 gutentor-element gutentor-element-button\"><span class=\"gutentor-button-wrap\"><a class=\"gutentor-button gutentor-block-button gutentor-icon-hide\" href=\"https:\/\/apefadal.es\/index.php\/objetivos-de-faeda\/\"><i class=\"gutentor-button-icon fas fa-book\"><\/i><span><strong>Objetivos y actividades <\/strong><\/span><\/a><\/span><\/div>\n\n\n\n<div id=\"section-ge2f8f5\" class=\"wp-block-gutentor-e2 section-ge2f8f5 gutentor-element gutentor-element-button\"><span class=\"gutentor-button-wrap\"><a class=\"gutentor-button gutentor-block-button gutentor-icon-hide\" href=\"https:\/\/apefadal.es\/index.php\/asociaciones-de-faeda\/\"><i class=\"gutentor-button-icon fas fa-book\"><\/i><span><strong>Asociaciones de F.A.E.D.A.<\/strong><\/span><\/a><\/span><\/div>\n\n\n\n<div id=\"section-g23b126\" class=\"wp-block-gutentor-e2 section-g23b126 gutentor-element gutentor-element-button\"><span class=\"gutentor-button-wrap\"><a class=\"gutentor-button gutentor-block-button gutentor-icon-hide\" href=\"https:\/\/apefadal.es\/index.php\/instituciones-internacionales-asociaciones-de-faeda\/\"><i class=\"gutentor-button-icon fas fa-book\"><\/i><span><strong>Organismos internacionales de las Asociaciones de F.A.E.D.A.<\/strong><\/span><\/a><\/span><\/div>\n<\/div><\/div>\n\n\n\n<hr class=\"wp-block-separator has-alpha-channel-opacity is-style-wide\"\/>\n\n\n\n<h3 class=\"wp-block-heading has-text-align-center has-luminous-vivid-orange-background-color has-text-color has-background has-link-color wp-elements-36cd1f2ba4532aacc1a4c7d0c823d678\" style=\"color:#14205c\"><strong>\u00bfQU\u00c9 ES F.A.E.D.A.?<\/strong><\/h3>\n\n\n\n<p class=\"has-black-color has-text-color has-link-color wp-elements-3ad695c75676a77b5f20519e66f33ab2\" style=\"font-size:14px\">La Federaci\u00f3n agrupara a las asociaciones que representen cualquier manifestaci\u00f3n de la motricidad no valorada como deporte en Espa\u00f1a por el Consejo Superior de Deporte.<br>&nbsp;<br>Las manifestaciones de la motricidad que ser\u00e1n representadas por las asociaciones pertenecientes a nuestra federaci\u00f3n ser\u00e1n originales, quedando excluidas las modalidades que presenten peque\u00f1as variaciones o conglomerados de reglas de otras disciplinas ya deportivizadas.<br>&nbsp;<br>Dado que nuestras modalidades presentan unas alternativas muy interesantes para motivar a toda la poblaci\u00f3n sedentaria es preciso dar un tratamiento del proceso de deportivizaci\u00f3n tambi\u00e9n alternativo.<br>&nbsp;<br>Creamos el siguiente dec\u00e1logo que tendr\u00e1 que cumplirse en la medida de lo posible en todos los eventos comunes o en los que se quiera hacer alusi\u00f3n a la pertenencia en FAEDA. Quedando como opci\u00f3n asumirlo en todos los eventos que organice cada asociaci\u00f3n.<br>Toda asociaci\u00f3n perteneciente a FAEDA deber\u00e1 de organizar como m\u00ednimo un torneo, campeonato o exhibici\u00f3n cumpliendo nuestro manifiesto en la medida de lo posible:<\/p>\n\n\n\n<ul style=\"font-size:15px\" class=\"wp-block-list\">\n<li>En todas las modalidades que desarrolle la asociaci\u00f3n con car\u00e1cter competitivo se utilizar\u00e1n, sistemas competitivos lo m\u00e1s participativos posible. Siempre que se utilicen f\u00f3rmulas con eliminatoria, se ofrecer\u00e1n actividades en segundo plano para seguir disfrutando de nuestras disciplinas.<\/li>\n\n\n\n<li>Las agrupaciones ser\u00e1n mixtas.<\/li>\n\n\n\n<li>Las modalidades que lo necesiten tendr\u00e1n que adaptar su reglamento a las agrupaciones mixtas.<\/li>\n\n\n\n<li>Se ofrecer\u00e1n categor\u00edas familiares (no heteronormativas), para ofrecer experiencias intergeneracionales.<\/li>\n\n\n\n<li>El tratamiento de la competici\u00f3n ser\u00e1 lo menos triunfalista posible, potenciando la convivencia y el intercambio de experiencias prevaleciendo el jugar \u201ccon\u201d y no el jugar \u201ccontra\u201d.<\/li>\n\n\n\n<li>En las modalidades de colaboraci\u00f3n-oposici\u00f3n se potenciar\u00e1 la colaboraci\u00f3n y se tratar\u00e1 la oposici\u00f3n como una caracter\u00edstica del juego sin que ello suponga actitudes de rivalidad.<\/li>\n\n\n\n<li>Se evitar\u00e1n y sancionar\u00e1n duramente cualquier actitud de discriminaci\u00f3n o violencia hacia otros participantes.<\/li>\n\n\n\n<li>Cada asociaci\u00f3n podr\u00e1 modificar la l\u00f3gica interna de sus modalidades para favorecer que en cada evento los participantes tengan una experiencia lo m\u00e1s positiva posible.<\/li>\n\n\n\n<li>Se fomentar\u00e1 y promocionar\u00e1 nuestra red asociativa para potenciar nuestro ocio activo alternativo.<\/li>\n<\/ul>\n","protected":false},"excerpt":{"rendered":"<p>Todas las Noticias en nuestro Instagram y facebook: \u00bfQU\u00c9 ES F.A.E.D.A.? La Federaci\u00f3n agrupara a las asociaciones que representen cualquier manifestaci\u00f3n de la motricidad no valorada como deporte en Espa\u00f1a por el Consejo Superior de Deporte.&nbsp;Las manifestaciones de la motricidad que ser\u00e1n representadas por las asociaciones pertenecientes a nuestra federaci\u00f3n ser\u00e1n originales, quedando excluidas las&hellip;<\/p>\n","protected":false},"author":1,"featured_media":0,"parent":0,"menu_order":0,"comment_status":"closed","ping_status":"closed","template":"","meta":{"footnotes":""},"class_list":["post-286","page","type-page","status-publish","hentry"],"_links":{"self":[{"href":"https:\/\/apefadal.es\/index.php\/wp-json\/wp\/v2\/pages\/286","targetHints":{"allow":["GET"]}}],"collection":[{"href":"https:\/\/apefadal.es\/index.php\/wp-json\/wp\/v2\/pages"}],"about":[{"href":"https:\/\/apefadal.es\/index.php\/wp-json\/wp\/v2\/types\/page"}],"author":[{"embeddable":true,"href":"https:\/\/apefadal.es\/index.php\/wp-json\/wp\/v2\/users\/1"}],"replies":[{"embeddable":true,"href":"https:\/\/apefadal.es\/index.php\/wp-json\/wp\/v2\/comments?post=286"}],"version-history":[{"count":48,"href":"https:\/\/apefadal.es\/index.php\/wp-json\/wp\/v2\/pages\/286\/revisions"}],"predecessor-version":[{"id":8691,"href":"https:\/\/apefadal.es\/index.php\/wp-json\/wp\/v2\/pages\/286\/revisions\/8691"}],"wp:attachment":[{"href":"https:\/\/apefadal.es\/index.php\/wp-json\/wp\/v2\/media?parent=286"}],"curies":[{"name":"wp","href":"https:\/\/api.w.org\/{rel}","templated":true}]}}