{"id":272,"date":"2020-04-07T10:55:51","date_gmt":"2020-04-07T10:55:51","guid":{"rendered":"https:\/\/apefadal.es\/?page_id=272"},"modified":"2026-04-17T10:45:13","modified_gmt":"2026-04-17T10:45:13","slug":"deportes-alternativos-2","status":"publish","type":"page","link":"https:\/\/apefadal.es\/index.php\/deportes-alternativos-2\/","title":{"rendered":"Deportes Alternativos"},"content":{"rendered":"\n<div id=\"section-g-djdl1w7\" class=\"wp-block-gutentor-e1 section-g-djdl1w7 gutentor-element gutentor-element-advanced-text text-align-center-desktop text-align-center-tablet text-align-center-mobile\"><div class=\"gutentor-text-wrap\"><p class=\"gutentor-text\">MOTOR DE INSTITUCIONALIZACI\u00d3N DE DEPORTES ALTERNATIVOS EN ESPA\u00d1A<\/p><\/div><\/div>\n\n\n\n<div id=\"section-g-eezriz3\" class=\"wp-block-gutentor-e1 section-g-eezriz3 gutentor-element gutentor-element-advanced-text\"><div class=\"gutentor-text-wrap\"><p class=\"gutentor-text\">Con la finalidad de ofrecer una alternativa a la cultura deportiva de nuestro pa\u00eds, decidimos dar continuidad en el \u00e1mbito no formal a todo nuestro trabajo realizado en el \u00e1mbito formal. Para reforzar esta idea comenzamos un trabajo de institucionalizaci\u00f3n de las modalidades alternativas que consider\u00e1bamos m\u00e1s interesantes:<\/p><\/div><\/div>\n\n\n\n<section id=\"section-f354786e-6cc4-4f3e-a6e7-05d0fcdf9c01\" class=\"wp-block-gutentor-featured-block gutentor-section gutentor-featured-block featured-template2 has-color-bg has-custom-bg\"><div class=\"grid-container\"><div class=\"gutentor-grid-item-wrap\"><div class=\"gutentor-single-item\"><div class=\"grid-row\"><div class=\"grid-md-6\"><div class=\"gutentor-single-item-content\"><div class=\"gutentor-featured-content\"><h3 class=\"gutentor-single-item-title\"><a href=\"https:\/\/apefadal.es\/index.php\/asociacion-espanola-de-tchoukball\/\">Asociaci\u00f3n Espa\u00f1ola de Tchoukball (A.E.T.B)<\/a><\/h3><p class=\"gutentor-single-item-desc\">Esta fue la primera modalidad alternativa que ADAL ayud\u00f3 a institucionalizar en nuestro pa\u00eds. Considerada por la UNESCO como deporte para la Paz.<\/p><\/div><\/div><\/div><div class=\"grid-md-6\"><div class=\"gutentor-single-item-image-box\"><a class=\"gutentor-image-box-link\" href=\"https:\/\/apefadal.es\/index.php\/asociacion-espanola-de-tchoukball\/\" rel=\"noopener noreferrer\"><div class=\"gutentor-image-thumb\"><img loading=\"lazy\" decoding=\"async\" class=\"normal-image\" src=\"https:\/\/apefadal.es\/wp-content\/uploads\/2020\/04\/AETB-e1619175993951.png\" alt=\"\" height=\"163\" width=\"180\" \/><\/div><\/a><\/div><\/div><\/div><\/div><\/div><\/div><\/section>\n\n\n\n<section id=\"section-abcb0f15-cb1f-4496-bf4b-68cd8e0c3fc0\" class=\"wp-block-gutentor-featured-block gutentor-section gutentor-featured-block featured-template2 has-color-bg has-custom-bg has-gutentor-overlay\"><div class=\"grid-container\"><div class=\"gutentor-grid-item-wrap\"><div class=\"gutentor-single-item\"><div class=\"grid-row\"><div class=\"grid-md-6\"><div class=\"gutentor-single-item-content\"><div class=\"gutentor-featured-content\"><h3 class=\"gutentor-single-item-title\"><a href=\"https:\/\/apefadal.es\/index.php\/kubb\/\"><a href=\"https:\/\/apefadal.es\/index.php\/kubb\/\">Asociaci\u00f3n Espa\u00f1ola de Kubb (A.E.K.)<\/a><\/a><\/h3><p class=\"gutentor-single-item-desc\">El 27 de Marzo de 2014. La asociaci\u00f3n de Profesorado de Educaci\u00f3n F\u00edsica ADAL \u2013 ApefADAL organizamos una sesi\u00f3n de formaci\u00f3n de Kubb y para crear la ASOCIACI\u00d3N ESPA\u00d1OLA DE KUBB \u2013 AEK.\u00a0<\/p><\/div><\/div><\/div><div class=\"grid-md-6\"><div class=\"gutentor-single-item-image-box\"><a class=\"gutentor-image-box-link\" href=\"https:\/\/apefadal.es\/index.php\/kubb\/\" rel=\"noopener noreferrer\"><div class=\"gutentor-image-thumb\"><img loading=\"lazy\" decoding=\"async\" class=\"normal-image\" src=\"https:\/\/apefadal.es\/wp-content\/uploads\/2026\/04\/Logo-Nuevo-Kubb-Cuadrado-fondo-blanco-e1776422310831.png\" alt=\"\" height=\"194\" width=\"200\" \/><\/div><\/a><\/div><\/div><\/div><\/div><\/div><\/div><\/section>\n\n\n\n<section id=\"section-6e0683b6-b20e-4b1b-a867-bb78c8e90f7c\" class=\"wp-block-gutentor-featured-block gutentor-section gutentor-featured-block featured-template2 has-color-bg has-custom-bg\"><div class=\"grid-container\"><div class=\"gutentor-grid-item-wrap\"><div class=\"gutentor-single-item\"><div class=\"grid-row\"><div class=\"grid-md-6\"><div class=\"gutentor-single-item-content\"><div class=\"gutentor-featured-content\"><h3 class=\"gutentor-single-item-title\"><a href=\"https:\/\/apefadal.es\/index.php\/kubb\/\"><\/a><a href=\"https:\/\/apefadal.es\/index.php\/asociacion-espanola-de-molkky\/\">Asociaci\u00f3n Espa\u00f1ola de M\u00f6lkky<\/a><\/h3><p class=\"gutentor-single-item-desc\">El 31 de marzo de 2016 impulsamos la Creaci\u00f3n de la Asociaci\u00f3n Espa\u00f1ola de M\u00f6lkky. en Legan\u00e9s-Madrid- Espa\u00f1a con la participaci\u00f3n de 50 soci@s fundadores.<\/p><\/div><\/div><\/div><div class=\"grid-md-6\"><div class=\"gutentor-single-item-image-box\"><a class=\"gutentor-image-box-link\" href=\"https:\/\/apefadal.es\/index.php\/asociacion-espanola-de-molkky\/\" rel=\"noopener noreferrer\"><div class=\"gutentor-image-thumb\"><img loading=\"lazy\" decoding=\"async\" class=\"normal-image\" src=\"https:\/\/apefadal.es\/wp-content\/uploads\/2026\/04\/Logo-Antiguo-renovado-Molkky-Fondo-Cuadrado-Blanco-e1776422351958.png\" alt=\"\" height=\"200\" width=\"200\" \/><\/div><\/a><\/div><\/div><\/div><\/div><\/div><\/div><\/section>\n\n\n\n<section id=\"section-b6864f89-025c-431b-8030-881838f64e44\" class=\"wp-block-gutentor-featured-block gutentor-section gutentor-featured-block featured-template2 has-color-bg has-custom-bg\"><div class=\"grid-container\"><div class=\"gutentor-grid-item-wrap\"><div class=\"gutentor-single-item\"><div class=\"grid-row\"><div class=\"grid-md-6\"><div class=\"gutentor-single-item-content\"><div class=\"gutentor-featured-content\"><h3 class=\"gutentor-single-item-title\"><a href=\"https:\/\/apefadal.es\/index.php\/kubb\/\"><\/a><a href=\"https:\/\/apefadal.es\/index.php\/asociacion-espanola-de-roundnet\/\"><a href=\"https:\/\/apefadal.es\/index.php\/asociacion-espanola-de-roundnet\/\">Asociaci\u00f3n Espa\u00f1ola de Roundnet (A.E.R.)<\/a><\/a><\/h3><p class=\"gutentor-single-item-desc\">El 30 de marzo de 2017 impulsamos la Creaci\u00f3n de la Asociaci\u00f3n Espa\u00f1ola de Roundnet. en Legan\u00e9s-Madrid- Espa\u00f1a con la participaci\u00f3n de 48 soci@s fundadores.<\/p><\/div><\/div><\/div><div class=\"grid-md-6\"><div class=\"gutentor-single-item-image-box\"><a class=\"gutentor-image-box-link\" href=\"https:\/\/apefadal.es\/index.php\/asociacion-espanola-de-roundnet\/\" rel=\"noopener noreferrer\"><div class=\"gutentor-image-thumb\"><img loading=\"lazy\" decoding=\"async\" class=\"normal-image\" src=\"https:\/\/apefadal.es\/wp-content\/uploads\/2021\/04\/logo-AER-3-e1619176608426.jpg\" alt=\"\" height=\"205\" width=\"180\" \/><\/div><\/a><\/div><\/div><\/div><\/div><\/div><\/div><\/section>\n\n\n\n<section id=\"section-092f1a58-8f94-4fd6-9dcd-5117b01afc1e\" class=\"wp-block-gutentor-featured-block gutentor-section gutentor-featured-block featured-template2 has-color-bg has-custom-bg\"><div class=\"grid-container\"><div class=\"gutentor-grid-item-wrap\"><div class=\"gutentor-single-item\"><div class=\"grid-row\"><div class=\"grid-md-6\"><div class=\"gutentor-single-item-content\"><div class=\"gutentor-featured-content\"><h3 class=\"gutentor-single-item-title\"><a href=\"https:\/\/apefadal.es\/index.php\/kubb\/\"><\/a><a href=\"https:\/\/apefadal.es\/index.php\/asociacion-espanola-de-roundnet\/\"><\/a><a href=\"https:\/\/apefadal.es\/index.php\/federacion-de-asociaciones-espanolas-de-deportes-alternativos\/\"><a href=\"https:\/\/apefadal.es\/index.php\/federacion-de-asociaciones-espanolas-de-deportes-alternativos\/\">Federaci\u00f3n de Asociaciones Espa\u00f1olas de Deportes Alternativos (F.A.E.D.A.)<\/a><\/a><\/h3><p class=\"gutentor-single-item-desc\">En Junio de 2019 impulsamos la Creaci\u00f3n de la Federaci\u00f3n de Asociaciones Espa\u00f1olas de Deportes alternativos.<\/p><\/div><\/div><\/div><div class=\"grid-md-6\"><div class=\"gutentor-single-item-image-box\"><a class=\"gutentor-image-box-link\" href=\"https:\/\/apefadal.es\/index.php\/federacion-de-asociaciones-espanolas-de-deportes-alternativos\/\" rel=\"noopener noreferrer\"><div class=\"gutentor-image-thumb\"><img loading=\"lazy\" decoding=\"async\" class=\"normal-image\" src=\"https:\/\/apefadal.es\/wp-content\/uploads\/2026\/04\/Logos-FAEDA-2026-04-circulo-transparente-1-e1776422428121.png\" alt=\"\" height=\"200\" width=\"200\" \/><\/div><\/a><\/div><\/div><\/div><\/div><\/div><\/div><\/section>\n\n\n\n<section id=\"section-08689625-704f-47be-8550-fdc18b4b52a6\" class=\"wp-block-gutentor-featured-block gutentor-section gutentor-featured-block featured-template2 has-gutentor-overlay\"><div class=\"grid-container\"><div class=\"gutentor-grid-item-wrap\"><div class=\"gutentor-single-item\"><div class=\"grid-row\"><div class=\"grid-md-6\"><div class=\"gutentor-single-item-content\"><div class=\"gutentor-featured-content\"><h3 class=\"gutentor-single-item-title\"><a href=\"https:\/\/apefadal.es\/index.php\/kubb\/\"><\/a><a href=\"https:\/\/apefadal.es\/index.php\/asociacion-espanola-de-roundnet\/\"><\/a><a href=\"https:\/\/apefadal.es\/index.php\/federacion-de-asociaciones-espanolas-de-deportes-alternativos\/\"><\/a><a href=\"https:\/\/apefadal.es\/index.php\/asociacion-espanola-de-cornhole\/\"><\/a><a href=\"https:\/\/apefadal.es\/index.php\/asociacion-espanola-de-cornhole\/\">Asociaci\u00f3n Espa\u00f1ola de Cornhole (A.E.C.)<\/a><\/h3><p class=\"gutentor-single-item-desc\">Durante el confinamiento de 2020, Manuel Mart\u00ednez G\u00e1mez comienza a dise\u00f1ar los primeros tableros de la disciplina. No es hasta el 12 de noviembre de 2021 cuando jugamos la primera partida de Cornhole con nuestros maestros, Jes\u00fas y Fran en Torrelodones.<\/p><\/div><\/div><\/div><div class=\"grid-md-6\"><div class=\"gutentor-single-item-image-box\"><a class=\"gutentor-image-box-link\" href=\"https:\/\/apefadal.es\/index.php\/asociacion-espanola-de-cornhole\/\" rel=\"noopener noreferrer\"><div class=\"gutentor-image-thumb\"><img loading=\"lazy\" decoding=\"async\" class=\"normal-image\" src=\"https:\/\/apefadal.es\/wp-content\/uploads\/2021\/04\/Logo-silueta-2-scaled-e1619176951924.jpg\" alt=\"\" height=\"194\" width=\"180\" \/><\/div><\/a><\/div><\/div><\/div><\/div><\/div><\/div><\/section>\n","protected":false},"excerpt":{"rendered":"","protected":false},"author":1,"featured_media":0,"parent":0,"menu_order":0,"comment_status":"closed","ping_status":"closed","template":"template-gutentor-full-width.php","meta":{"footnotes":""},"class_list":["post-272","page","type-page","status-publish","hentry"],"_links":{"self":[{"href":"https:\/\/apefadal.es\/index.php\/wp-json\/wp\/v2\/pages\/272","targetHints":{"allow":["GET"]}}],"collection":[{"href":"https:\/\/apefadal.es\/index.php\/wp-json\/wp\/v2\/pages"}],"about":[{"href":"https:\/\/apefadal.es\/index.php\/wp-json\/wp\/v2\/types\/page"}],"author":[{"embeddable":true,"href":"https:\/\/apefadal.es\/index.php\/wp-json\/wp\/v2\/users\/1"}],"replies":[{"embeddable":true,"href":"https:\/\/apefadal.es\/index.php\/wp-json\/wp\/v2\/comments?post=272"}],"version-history":[{"count":49,"href":"https:\/\/apefadal.es\/index.php\/wp-json\/wp\/v2\/pages\/272\/revisions"}],"predecessor-version":[{"id":8714,"href":"https:\/\/apefadal.es\/index.php\/wp-json\/wp\/v2\/pages\/272\/revisions\/8714"}],"wp:attachment":[{"href":"https:\/\/apefadal.es\/index.php\/wp-json\/wp\/v2\/media?parent=272"}],"curies":[{"name":"wp","href":"https:\/\/api.w.org\/{rel}","templated":true}]}}