{"id":265,"date":"2020-04-07T10:39:24","date_gmt":"2020-04-07T10:39:24","guid":{"rendered":"https:\/\/apefadal.es\/?page_id=265"},"modified":"2026-04-15T09:19:25","modified_gmt":"2026-04-15T09:19:25","slug":"asociacion-espanola-de-tchoukball","status":"publish","type":"page","link":"https:\/\/apefadal.es\/index.php\/asociacion-espanola-de-tchoukball\/","title":{"rendered":"Asociaci\u00f3n Espa\u00f1ola de Tchoukball"},"content":{"rendered":"\n<div class=\"wp-block-cover alignfull is-light wp-duotone-094850-f9644e-1\" style=\"margin-top:0;padding-top:48px;padding-right:48px;padding-bottom:48px;padding-left:48px;min-height:672px;aspect-ratio:unset;\"><img loading=\"lazy\" decoding=\"async\" width=\"1024\" height=\"925\" class=\"wp-block-cover__image-background wp-image-6538 size-large\" alt=\"\" src=\"https:\/\/apefadal.es\/wp-content\/uploads\/2025\/06\/AETB-Vectorizado-1024x925.png\" data-object-fit=\"cover\" srcset=\"https:\/\/apefadal.es\/wp-content\/uploads\/2025\/06\/AETB-Vectorizado-1024x925.png 1024w, https:\/\/apefadal.es\/wp-content\/uploads\/2025\/06\/AETB-Vectorizado-300x271.png 300w, https:\/\/apefadal.es\/wp-content\/uploads\/2025\/06\/AETB-Vectorizado-768x693.png 768w, https:\/\/apefadal.es\/wp-content\/uploads\/2025\/06\/AETB-Vectorizado-1536x1387.png 1536w, https:\/\/apefadal.es\/wp-content\/uploads\/2025\/06\/AETB-Vectorizado-2048x1849.png 2048w\" sizes=\"auto, (max-width: 1024px) 100vw, 1024px\" \/><span aria-hidden=\"true\" class=\"wp-block-cover__background has-background-dim-30 has-background-dim\" style=\"background-color:#dd8c4d\"><\/span><div class=\"wp-block-cover__inner-container is-layout-flow wp-block-cover-is-layout-flow\">\n<div style=\"height:72px\" aria-hidden=\"true\" class=\"wp-block-spacer\"><\/div>\n\n\n\n<div class=\"wp-block-buttons is-content-justification-left is-nowrap is-layout-flex wp-container-core-buttons-is-layout-6447b855 wp-block-buttons-is-layout-flex\"><\/div>\n<\/div><\/div>\n\n\n\n<section id=\"g-7d77677\" class=\"section-g-7d77677 gutentor-module gutentor-module-accordion has-gutentor-overlay\"><div class=\"grid-container\">\n<div id=\"g-pk621p0\" class=\"wp-block-gutentor-m6-item section-g-pk621p0 gutentor-module gutentor-module-accordion-item\"><div class=\"gutentor-module-accordion-panel g-a-panel-g-7d77677\"><div class=\"gm-ah-g-7d77677 gutentor-module-accordion-item-heading gutentor-module-icon-position-right\"><span class=\"gutentor-module-accordion-panel-handler\" role=\"button\"><span class=\"gutentor-module-accordion-panel-handler-label\">Creaci\u00f3n de la AETB<\/span><span class=\"gutentor-module-accordion-icon\"><i class=\"gm-aio-g-7d77677 gutentor-module-accordion-icon-open fas fa-plus\"><\/i><i class=\"gm-aic-g-7d77677 gutentor-module-accordion-icon-close fas fa-minus\"><\/i><\/span><\/span><\/div><div class=\"gm-ab-g-7d77677 gutentor-module-accordion-body\">\n<div id=\"section-g-p8lt1zp\" class=\"wp-block-gutentor-e0 section-g-p8lt1zp gutentor-element gutentor-element-advanced-text\"><div class=\"gutentor-text-wrap\"><p class=\"gutentor-text\">Esta fue la primera modalidad alternativa que ADAL ayud\u00f3 a institucionalizar en nuestro pa\u00eds. Considerada por la UNESCO como deporte para la Paz.<br><br>Manuel Mart\u00ednez G\u00e1mez, licenciado en Educaci\u00f3n F\u00edsica y entrenador nacional de balonmano, descubre el Tchoukball a trav\u00e9s de un fragmento de v\u00eddeo emitido en el programa de Canal +, Trans World Sport. Este fragmento no es suficiente para entender toda la complejidad del Tchoukball, pero si le sirve para crear el \u00ab<a href=\"https:\/\/apefadal.es\/index.php\/2001\/12\/02\/007-reboton\/\" data-type=\"link\" data-id=\"https:\/\/apefadal.es\/index.php\/2001\/12\/02\/007-reboton\/\" target=\"_blank\" rel=\"noreferrer noopener\"><em>Rebot\u00f3n<\/em><\/a>\u00bb y a\u00f1adirlo a su libro \u00abEducaci\u00f3n del ocio y el tiempo libre con actividades f\u00edsicas alternativas\u00bb publicado en 1996.<br><br>El 24 de Marzo de 2011, la asociaci\u00f3n de Profesorado de educaci\u00f3n F\u00edsica ADAL, a trav\u00e9s de su fundador y presidente en ese momento, Manuel Mart\u00ednez G\u00e1mez, organiz\u00f3 un curso b\u00e1sico coach \u00abC\u00bb de la FITB (Federaci\u00f3n Internacional de Tchoukball) impartido por Julio Calegari en el INEF de Madrid en la que participaron 50 profesores de primaria y secundaria, de los cuales 28 estaban interesados en la titulaci\u00f3n. Aprovechando este curso 16 participantes, la mayor\u00eda de Asociaci\u00f3n de profesorado de ADAL, firmaron el Acta fundacional de la Asociaci\u00f3n espa\u00f1ola de Tchoukball. <br><br>El 8 de junio de 2011, Manuel Mart\u00ednez G\u00e1mez, entrega la documentaci\u00f3n en el Registro Nacional de Asociaciones del Ministerio de Interior para dar de alta a la ASOCIACI\u00d3N ESPA\u00d1OLA DE TCHOUKBALL, el 28 de Julio de 2011 queda registrada la asociaci\u00f3n con el n\u00famero 598210 y en Hacienda quedamos registrados con el NIF: G86289634<br><br>En 2017, Daniel Mart\u00ednez Colmenarejo, licenciado en Ciencias de la Actividad F\u00edsica y el Deporte, que anteriormente ocupaba el cargo de responsable de difusi\u00f3n educativa del Tchoukball y creador del Street-Tchoukball, es nombrado presidente de la \u00abAsociaci\u00f3n Espa\u00f1ola de Tchoukball\u00bb por unanimidad de la Asamblea General Ordinaria. En 2025 deja en manos de otro socio de ADAL y anterior vice-presidente David Garc\u00eda Castro, el cargo  de presidente de la AETB.<\/p><\/div><\/div>\n<\/div><\/div><\/div>\n\n\n\n<div id=\"g-idemibz\" class=\"wp-block-gutentor-m6-item section-g-idemibz gutentor-module gutentor-module-accordion-item\"><div class=\"gutentor-module-accordion-panel g-a-panel-g-7d77677\"><div class=\"gm-ah-g-7d77677 gutentor-module-accordion-item-heading gutentor-module-icon-position-right\"><span class=\"gutentor-module-accordion-panel-handler\" role=\"button\"><span class=\"gutentor-module-accordion-panel-handler-label\">Street-Tchoukball<\/span><span class=\"gutentor-module-accordion-icon\"><i class=\"gm-aio-g-7d77677 gutentor-module-accordion-icon-open fas fa-plus\"><\/i><i class=\"gm-aic-g-7d77677 gutentor-module-accordion-icon-close fas fa-minus\"><\/i><\/span><\/span><\/div><div class=\"gm-ab-g-7d77677 gutentor-module-accordion-body\">\n<div id=\"section-g-7w9wrww\" class=\"wp-block-gutentor-e0 section-g-7w9wrww gutentor-element gutentor-element-advanced-text\"><div class=\"gutentor-text-wrap\"><p class=\"gutentor-text\">Para la difusi\u00f3n del Tchoukball en Espa\u00f1a, Daniel Mart\u00ednez Colmenarejo desarrolla una progresi\u00f3n que permite introducir la  l\u00f3gica interna del Tchoukball en el \u00e1mbito escolar a trav\u00e9s del <strong>Street-Tchoukball<\/strong>. Una modalidad que desarroll\u00f3 a trav\u00e9s de un proceso de desdeportivaci\u00f3n (Parlebas, 2008) del tchoukball, y que adem\u00e1s de permitir obtener los beneficios de su l\u00f3gica externa sin el material espec\u00edfico, permite introducirlo desde que el alumnado puede empezar a realizar lanzamientos y recepciones.<br><br>La primera sesi\u00f3n de Street-Tchoukball fue impartida por Daniel Mart\u00ednez Colmenarejo en un curso de deportes alternativos en Ponferrada en 2011.<\/p><\/div><\/div>\n\n\n\n<div id=\"section-g-1lxulil\" class=\"wp-block-gutentor-e2 section-g-1lxulil gutentor-element gutentor-element-button\"><span class=\"gutentor-button-wrap\"><a class=\"gutentor-button gutentor-block-button gutentor-icon-hide\" href=\"https:\/\/apefadal.es\/wp-content\/uploads\/2025\/06\/Street-tchoukball-Deportes-alternativos-2-2024.pdf\" target=\"_blank\" rel=\" noopener noreferrer\"><i class=\"gutentor-button-icon fas fa-book\"><\/i><span><strong>+INFO<\/strong><\/span><\/a><\/span><\/div>\n<\/div><\/div><\/div>\n<\/div><\/section>\n\n\n\n<div id=\"gma9b32ce\" class=\"wp-block-gutentor-m1 section-gma9b32ce gutentor-module gutentor-element-button-group button-align-center-desktop g-btn-horizontal-d g-btn-horizontal-t g-btn-horizontal-m\"><div class=\"gutentor-element-button-group-wrap\">\n<div id=\"section-g70eb32\" class=\"wp-block-gutentor-e2 section-g70eb32 gutentor-element gutentor-element-button\"><span class=\"gutentor-button-wrap\"><a class=\"gutentor-button gutentor-block-button gutentor-icon-hide\" href=\"http:\/\/tchoukballspain.com\/\" target=\"_blank\" rel=\" noopener noreferrer\"><i class=\"gutentor-button-icon fas fa-book\"><\/i><span><strong>Visita la web de la A.E.T.B.<\/strong><\/span><\/a><\/span><\/div>\n\n\n\n<div id=\"section-gd09fda\" class=\"wp-block-gutentor-e2 section-gd09fda gutentor-element gutentor-element-button\"><span class=\"gutentor-button-wrap\"><a class=\"gutentor-button gutentor-block-button gutentor-icon-hide\" href=\"https:\/\/forms.gle\/hZ2yNL1tAgGUzmud8\" target=\"_blank\" rel=\" noopener noreferrer\"><i class=\"gutentor-button-icon fas fa-book\"><\/i><span><strong>As\u00f3ciate a la AETB<\/strong><\/span><\/a><\/span><\/div>\n\n\n\n<div id=\"section-g-z7hkcvj\" class=\"wp-block-gutentor-e2 section-g-z7hkcvj gutentor-element gutentor-element-button\"><span class=\"gutentor-button-wrap\"><a class=\"gutentor-button gutentor-block-button gutentor-icon-hide\" href=\"https:\/\/apefadal.ipzmarketing.com\/f\/iAppfy1smLo\" target=\"_blank\" rel=\" noopener noreferrer\"><i class=\"gutentor-button-icon fas fa-book\"><\/i><span><strong>Suscr\u00edbete a nuestro Bolet\u00edn de noticias<\/strong><\/span><\/a><\/span><\/div>\n\n\n\n<div id=\"section-g-yqvi3y1\" class=\"wp-block-gutentor-e2 section-g-yqvi3y1 gutentor-element gutentor-element-button\"><span class=\"gutentor-button-wrap\"><a class=\"gutentor-button gutentor-block-button gutentor-icon-hide\" href=\"https:\/\/apefadal.es\/wp-content\/uploads\/2025\/06\/Street-tchoukball-Deportes-alternativos-2-2024.pdf\" target=\"_blank\" rel=\" noopener noreferrer\"><i class=\"gutentor-button-icon fas fa-book\"><\/i><span><strong>Iniciaci\u00f3n al Tchoukball a trav\u00e9s del Street-Tchoukball <\/strong><\/span><\/a><\/span><\/div>\n<\/div><\/div>\n\n\n\n<div id=\"section-g-df716ui\" class=\"wp-block-gutentor-e1 section-g-df716ui gutentor-element gutentor-element-advanced-text text-align-center-desktop text-align-center-tablet text-align-center-mobile\"><div class=\"gutentor-text-wrap\"><p class=\"gutentor-text\">Algunas publicaciones relacionadas con la AETB<\/p><\/div><\/div>\n\n\n<section class=\"gutentor-post-module section-g-s8ss8sw gutentor-post-module-p1 gutentor_p1_template1 wp-block-gutentor-p1  has-color-bg has-custom-bg gutentor-blog-grid\" id=\"g-s8ss8sw\" data-gbid=\"g-s8ss8sw\">\n<div class='grid-container'><div class='grid-row'><article class='gutentor-post  grid-lg-3 grid-md-6 grid-12'><div class='gutentor-post-item'><div class='gutentor-post-image-box'><a class=\"gutentor-post-image-link \" href=\"https:\/\/apefadal.es\/index.php\/2022\/09\/28\/vii-torneo-de-tchoukball-de-san-nicasio\/\" rel=\"&quot;noopener\"><div class=\"gutentor-image-thumb\"><img loading=\"lazy\" decoding=\"async\" width=\"633\" height=\"892\" src=\"https:\/\/apefadal.es\/wp-content\/uploads\/2022\/09\/Cartel-San-nicasio-2022-2-scaled-e1664350009315.jpg\" class=\"attachment-full size-full wp-post-image\" alt=\"\" \/><\/div><\/a><\/div><div class=\"gutentor-post-title-data-wrap\"><h3 class=\"gutentor-post-title\"><a href=\"https:\/\/apefadal.es\/index.php\/2022\/09\/28\/vii-torneo-de-tchoukball-de-san-nicasio\/\" rel=\"bookmark\">VII Torneo de Tchoukball de San Nicasio<\/a><\/h3><\/div><a class=\"gutentor-button gutentor-post-button\" href=\"https:\/\/apefadal.es\/index.php\/2022\/09\/28\/vii-torneo-de-tchoukball-de-san-nicasio\/\"><span>Leer m\u00e1s<\/span><\/a><\/div><\/article><article class='gutentor-post  grid-lg-3 grid-md-6 grid-12'><div class='gutentor-post-item'><div class='gutentor-post-image-box'><a class=\"gutentor-post-image-link \" href=\"https:\/\/apefadal.es\/index.php\/2021\/10\/08\/vii-torneo-de-tchoukball-de-san-nicasio-leganes\/\" rel=\"&quot;noopener\"><div class=\"gutentor-image-thumb\"><img loading=\"lazy\" decoding=\"async\" width=\"633\" height=\"893\" src=\"https:\/\/apefadal.es\/wp-content\/uploads\/2021\/10\/Cartel-San-nicasio-scaled-e1633689295731.jpg\" class=\"attachment-full size-full wp-post-image\" alt=\"\" \/><\/div><\/a><\/div><div class=\"gutentor-post-title-data-wrap\"><h3 class=\"gutentor-post-title\"><a href=\"https:\/\/apefadal.es\/index.php\/2021\/10\/08\/vii-torneo-de-tchoukball-de-san-nicasio-leganes\/\" rel=\"bookmark\">VII TORNEO DE TCHOUKBALL DE SAN NICASIO &#8211; LEGAN\u00c9S<\/a><\/h3><\/div><a class=\"gutentor-button gutentor-post-button\" href=\"https:\/\/apefadal.es\/index.php\/2021\/10\/08\/vii-torneo-de-tchoukball-de-san-nicasio-leganes\/\"><span>Leer m\u00e1s<\/span><\/a><\/div><\/article><article class='gutentor-post  grid-lg-3 grid-md-6 grid-12'><div class='gutentor-post-item'><div class='gutentor-post-image-box'><a class=\"gutentor-post-image-link \" href=\"https:\/\/apefadal.es\/index.php\/2011\/03\/01\/048-tchoukball\/\" rel=\"&quot;noopener\"><div class=\"gutentor-image-thumb\"><img loading=\"lazy\" decoding=\"async\" width=\"635\" height=\"895\" src=\"https:\/\/apefadal.es\/wp-content\/uploads\/2023\/06\/Ficha-JDA-048-Tchoukball.jpg\" class=\"attachment-full size-full wp-post-image\" alt=\"\" \/><\/div><\/a><\/div><div class=\"gutentor-post-title-data-wrap\"><h3 class=\"gutentor-post-title\"><a href=\"https:\/\/apefadal.es\/index.php\/2011\/03\/01\/048-tchoukball\/\" rel=\"bookmark\">048 &#8211; Tchoukball<\/a><\/h3><\/div><a class=\"gutentor-button gutentor-post-button\" href=\"https:\/\/apefadal.es\/index.php\/2011\/03\/01\/048-tchoukball\/\"><span>Leer m\u00e1s<\/span><\/a><\/div><\/article><article class='gutentor-post  grid-lg-3 grid-md-6 grid-12'><div class='gutentor-post-item'><div class='gutentor-post-image-box'><a class=\"gutentor-post-image-link \" href=\"https:\/\/apefadal.es\/index.php\/2001\/12\/02\/007-reboton\/\" rel=\"&quot;noopener\"><div class=\"gutentor-image-thumb\"><img loading=\"lazy\" decoding=\"async\" width=\"633\" height=\"897\" src=\"https:\/\/apefadal.es\/wp-content\/uploads\/1999\/11\/007-Reboton-e1602610229617.jpg\" class=\"attachment-full size-full wp-post-image\" alt=\"\" \/><\/div><\/a><\/div><div class=\"gutentor-post-title-data-wrap\"><h3 class=\"gutentor-post-title\"><a href=\"https:\/\/apefadal.es\/index.php\/2001\/12\/02\/007-reboton\/\" rel=\"bookmark\">007 &#8211; REBOT\u00d3N<\/a><\/h3><\/div><a class=\"gutentor-button gutentor-post-button\" href=\"https:\/\/apefadal.es\/index.php\/2001\/12\/02\/007-reboton\/\"><span>Leer m\u00e1s<\/span><\/a><\/div><\/article><\/div><\/div><\/section>\n\n\n<hr class=\"wp-block-separator has-css-opacity is-style-wide\"\/>\n\n\n\n<figure class=\"wp-block-embed is-type-video is-provider-youtube wp-block-embed-youtube wp-embed-aspect-16-9 wp-has-aspect-ratio\"><div class=\"wp-block-embed__wrapper\">\n<iframe loading=\"lazy\" title=\"Tchoukball.- Asociaci\u00f3n Espa\u00f1ola de Tchoukball - AETB\" width=\"640\" height=\"360\" src=\"https:\/\/www.youtube.com\/embed\/videoseries?list=PLHA1Z7Ms1D_k-Lsci5iJzMGlvMj1b5CuT\" frameborder=\"0\" allow=\"accelerometer; autoplay; clipboard-write; encrypted-media; gyroscope; picture-in-picture; web-share\" referrerpolicy=\"strict-origin-when-cross-origin\" allowfullscreen><\/iframe>\n<\/div><\/figure>\n","protected":false},"excerpt":{"rendered":"","protected":false},"author":1,"featured_media":0,"parent":0,"menu_order":0,"comment_status":"closed","ping_status":"closed","template":"","meta":{"footnotes":""},"class_list":["post-265","page","type-page","status-publish","hentry"],"_links":{"self":[{"href":"https:\/\/apefadal.es\/index.php\/wp-json\/wp\/v2\/pages\/265","targetHints":{"allow":["GET"]}}],"collection":[{"href":"https:\/\/apefadal.es\/index.php\/wp-json\/wp\/v2\/pages"}],"about":[{"href":"https:\/\/apefadal.es\/index.php\/wp-json\/wp\/v2\/types\/page"}],"author":[{"embeddable":true,"href":"https:\/\/apefadal.es\/index.php\/wp-json\/wp\/v2\/users\/1"}],"replies":[{"embeddable":true,"href":"https:\/\/apefadal.es\/index.php\/wp-json\/wp\/v2\/comments?post=265"}],"version-history":[{"count":62,"href":"https:\/\/apefadal.es\/index.php\/wp-json\/wp\/v2\/pages\/265\/revisions"}],"predecessor-version":[{"id":8696,"href":"https:\/\/apefadal.es\/index.php\/wp-json\/wp\/v2\/pages\/265\/revisions\/8696"}],"wp:attachment":[{"href":"https:\/\/apefadal.es\/index.php\/wp-json\/wp\/v2\/media?parent=265"}],"curies":[{"name":"wp","href":"https:\/\/api.w.org\/{rel}","templated":true}]}}