{"id":244,"date":"2020-04-06T16:07:45","date_gmt":"2020-04-06T16:07:45","guid":{"rendered":"https:\/\/apefadal.es\/?page_id=244"},"modified":"2026-02-23T10:44:27","modified_gmt":"2026-02-23T10:44:27","slug":"coreografias","status":"publish","type":"page","link":"https:\/\/apefadal.es\/index.php\/coreografias\/","title":{"rendered":"Coreograf\u00edas"},"content":{"rendered":"<section class=\"gutentor-post-module section-c1548b3e-a602-4c14-943d-09a956194db3 gutentor-post-module-p1 gutentor_p1_template1 wp-block-gutentor-p1  has-color-bg has-custom-bg gutentor-blog-grid\" id=\"c1548b3e-a602-4c14-943d-09a956194db3\" data-gbid=\"c1548b3e-a602-4c14-943d-09a956194db3\">\n<div class='grid-container'><div class='grid-row'><article class='gutentor-post  grid-md-4 grid-sm-4 grid-xs-12'><div class='gutentor-post-item'><div class='gutentor-post-image-box'><a class=\"gutentor-post-image-link \" href=\"https:\/\/apefadal.es\/index.php\/2026\/04\/08\/coreografia-aperture-harry-styles\/\" rel=\"&quot;noopener\"><div class=\"gutentor-image-thumb\"><img loading=\"lazy\" decoding=\"async\" width=\"633\" height=\"895\" src=\"https:\/\/apefadal.es\/wp-content\/uploads\/2026\/04\/APERTURE-A4-e1776324790188.png\" class=\"attachment-full size-full wp-post-image\" alt=\"\" \/><\/div><\/a><\/div><div class=\"gutentor-post-title-data-wrap\"><h3 class=\"gutentor-post-title\"><a href=\"https:\/\/apefadal.es\/index.php\/2026\/04\/08\/coreografia-aperture-harry-styles\/\" rel=\"bookmark\">Coreograf\u00eda Aperture -Harry Styles<\/a><\/h3><\/div><a class=\"gutentor-button gutentor-post-button\" href=\"https:\/\/apefadal.es\/index.php\/2026\/04\/08\/coreografia-aperture-harry-styles\/\"><span>Ver el V\u00eddeo<\/span><\/a><\/div><\/article><article class='gutentor-post  grid-md-4 grid-sm-4 grid-xs-12'><div class='gutentor-post-item'><div class='gutentor-post-image-box'><a class=\"gutentor-post-image-link \" href=\"https:\/\/apefadal.es\/index.php\/2026\/03\/24\/coreografia-makeba-jain\/\" rel=\"&quot;noopener\"><div class=\"gutentor-image-thumb\"><img loading=\"lazy\" decoding=\"async\" width=\"633\" height=\"895\" src=\"https:\/\/apefadal.es\/wp-content\/uploads\/2026\/03\/makeba-A4-e1774340973847.png\" class=\"attachment-full size-full wp-post-image\" alt=\"\" \/><\/div><\/a><\/div><div class=\"gutentor-post-title-data-wrap\"><h3 class=\"gutentor-post-title\"><a href=\"https:\/\/apefadal.es\/index.php\/2026\/03\/24\/coreografia-makeba-jain\/\" rel=\"bookmark\">COREOGRAF\u00cdA MAKEBA &#8211; JAIN<\/a><\/h3><\/div><a class=\"gutentor-button gutentor-post-button\" href=\"https:\/\/apefadal.es\/index.php\/2026\/03\/24\/coreografia-makeba-jain\/\"><span>Ver el V\u00eddeo<\/span><\/a><\/div><\/article><article class='gutentor-post  grid-md-4 grid-sm-4 grid-xs-12'><div class='gutentor-post-item'><div class='gutentor-post-image-box'><a class=\"gutentor-post-image-link \" href=\"https:\/\/apefadal.es\/index.php\/2025\/04\/02\/coreografia-espremedors\/\" rel=\"&quot;noopener\"><div class=\"gutentor-image-thumb\"><img loading=\"lazy\" decoding=\"async\" width=\"633\" height=\"895\" src=\"https:\/\/apefadal.es\/wp-content\/uploads\/2025\/04\/Espremedors-A4-e1743580411486.png\" class=\"attachment-full size-full wp-post-image\" alt=\"\" \/><\/div><\/a><\/div><div class=\"gutentor-post-title-data-wrap\"><h3 class=\"gutentor-post-title\"><a href=\"https:\/\/apefadal.es\/index.php\/2025\/04\/02\/coreografia-espremedors\/\" rel=\"bookmark\">Coreograf\u00eda Espremedors<\/a><\/h3><\/div><a class=\"gutentor-button gutentor-post-button\" href=\"https:\/\/apefadal.es\/index.php\/2025\/04\/02\/coreografia-espremedors\/\"><span>Ver el V\u00eddeo<\/span><\/a><\/div><\/article><article class='gutentor-post  grid-md-4 grid-sm-4 grid-xs-12'><div class='gutentor-post-item'><div class='gutentor-post-image-box'><a class=\"gutentor-post-image-link \" href=\"https:\/\/apefadal.es\/index.php\/2025\/03\/04\/coreografia-lagrimas-de-sequia\/\" rel=\"&quot;noopener\"><div class=\"gutentor-image-thumb\"><img loading=\"lazy\" decoding=\"async\" width=\"633\" height=\"896\" src=\"https:\/\/apefadal.es\/wp-content\/uploads\/2025\/03\/noticias-633-x-895-px_20250307_211237_0000-e1741435933563.png\" class=\"attachment-full size-full wp-post-image\" alt=\"\" \/><\/div><\/a><\/div><div class=\"gutentor-post-title-data-wrap\"><h3 class=\"gutentor-post-title\"><a href=\"https:\/\/apefadal.es\/index.php\/2025\/03\/04\/coreografia-lagrimas-de-sequia\/\" rel=\"bookmark\">Coreograf\u00eda L\u00e1grimas de Sequ\u00eda<\/a><\/h3><\/div><a class=\"gutentor-button gutentor-post-button\" href=\"https:\/\/apefadal.es\/index.php\/2025\/03\/04\/coreografia-lagrimas-de-sequia\/\"><span>Ver el V\u00eddeo<\/span><\/a><\/div><\/article><article class='gutentor-post  grid-md-4 grid-sm-4 grid-xs-12'><div class='gutentor-post-item'><div class='gutentor-post-image-box'><a class=\"gutentor-post-image-link \" href=\"https:\/\/apefadal.es\/index.php\/2024\/04\/03\/coreografia-yo-solo-quiero-amor-efecto-igualdad-2024\/\" rel=\"&quot;noopener\"><div class=\"gutentor-image-thumb\"><img loading=\"lazy\" decoding=\"async\" width=\"633\" height=\"893\" src=\"https:\/\/apefadal.es\/wp-content\/uploads\/2024\/04\/Imagen-destacada-solo-quiero-amor-scaled-e1712137441618.jpg\" class=\"attachment-full size-full wp-post-image\" alt=\"\" \/><\/div><\/a><\/div><div class=\"gutentor-post-title-data-wrap\"><h3 class=\"gutentor-post-title\"><a href=\"https:\/\/apefadal.es\/index.php\/2024\/04\/03\/coreografia-yo-solo-quiero-amor-efecto-igualdad-2024\/\" rel=\"bookmark\">Coreograf\u00eda &#8211; Yo solo quiero amor &#8211; #EFecto igualdad 2024<\/a><\/h3><\/div><a class=\"gutentor-button gutentor-post-button\" href=\"https:\/\/apefadal.es\/index.php\/2024\/04\/03\/coreografia-yo-solo-quiero-amor-efecto-igualdad-2024\/\"><span>Ver el V\u00eddeo<\/span><\/a><\/div><\/article><article class='gutentor-post  grid-md-4 grid-sm-4 grid-xs-12'><div class='gutentor-post-item'><div class='gutentor-post-image-box'><a class=\"gutentor-post-image-link \" href=\"https:\/\/apefadal.es\/index.php\/2024\/02\/27\/coreografia-efectoigualdad-2024-as-que-tinan-que-estar\/\" rel=\"&quot;noopener\"><div class=\"gutentor-image-thumb\"><img loading=\"lazy\" decoding=\"async\" width=\"633\" height=\"898\" src=\"https:\/\/apefadal.es\/wp-content\/uploads\/2024\/02\/Imagen-destacada-efecto-igualdad-2024-scaled-e1709033738368.jpg\" class=\"attachment-full size-full wp-post-image\" alt=\"\" \/><\/div><\/a><\/div><div class=\"gutentor-post-title-data-wrap\"><h3 class=\"gutentor-post-title\"><a href=\"https:\/\/apefadal.es\/index.php\/2024\/02\/27\/coreografia-efectoigualdad-2024-as-que-tinan-que-estar\/\" rel=\"bookmark\">Coreograf\u00eda #EFectoIgualdad 2024 &#8211; As que ti\u00f1an que estar<\/a><\/h3><\/div><a class=\"gutentor-button gutentor-post-button\" href=\"https:\/\/apefadal.es\/index.php\/2024\/02\/27\/coreografia-efectoigualdad-2024-as-que-tinan-que-estar\/\"><span>Ver el V\u00eddeo<\/span><\/a><\/div><\/article><article class='gutentor-post  grid-md-4 grid-sm-4 grid-xs-12'><div class='gutentor-post-item'><div class='gutentor-post-image-box'><a class=\"gutentor-post-image-link \" href=\"https:\/\/apefadal.es\/index.php\/2023\/03\/28\/coreografia-efectoigualdad-2023-stefania-kalush-orchestra\/\" rel=\"&quot;noopener\"><div class=\"gutentor-image-thumb\"><img loading=\"lazy\" decoding=\"async\" width=\"633\" height=\"836\" src=\"https:\/\/apefadal.es\/wp-content\/uploads\/2023\/03\/portada-stefania-e1679994805205.png\" class=\"attachment-full size-full wp-post-image\" alt=\"\" \/><\/div><\/a><\/div><div class=\"gutentor-post-title-data-wrap\"><h3 class=\"gutentor-post-title\"><a href=\"https:\/\/apefadal.es\/index.php\/2023\/03\/28\/coreografia-efectoigualdad-2023-stefania-kalush-orchestra\/\" rel=\"bookmark\">Coreograf\u00eda\u00a0#EFectoIgualdad\u00a02023 &#8211; Stefania &#8211; Kalush Orchestra<\/a><\/h3><\/div><a class=\"gutentor-button gutentor-post-button\" href=\"https:\/\/apefadal.es\/index.php\/2023\/03\/28\/coreografia-efectoigualdad-2023-stefania-kalush-orchestra\/\"><span>Ver el V\u00eddeo<\/span><\/a><\/div><\/article><article class='gutentor-post  grid-md-4 grid-sm-4 grid-xs-12'><div class='gutentor-post-item'><div class='gutentor-post-image-box'><a class=\"gutentor-post-image-link \" href=\"https:\/\/apefadal.es\/index.php\/2021\/03\/07\/efectoigualdad-2021-mujer-montana\/\" rel=\"&quot;noopener\"><div class=\"gutentor-image-thumb\"><img loading=\"lazy\" decoding=\"async\" width=\"633\" height=\"895\" src=\"https:\/\/apefadal.es\/wp-content\/uploads\/2021\/03\/poster-mujer-montana-e1615142200274.png\" class=\"attachment-full size-full wp-post-image\" alt=\"\" \/><\/div><\/a><\/div><div class=\"gutentor-post-title-data-wrap\"><h3 class=\"gutentor-post-title\"><a href=\"https:\/\/apefadal.es\/index.php\/2021\/03\/07\/efectoigualdad-2021-mujer-montana\/\" rel=\"bookmark\">EFectoIGUALDAD 2021 &#8211; Mujer Monta\u00f1a<\/a><\/h3><\/div><a class=\"gutentor-button gutentor-post-button\" href=\"https:\/\/apefadal.es\/index.php\/2021\/03\/07\/efectoigualdad-2021-mujer-montana\/\"><span>Ver el V\u00eddeo<\/span><\/a><\/div><\/article><article class='gutentor-post  grid-md-4 grid-sm-4 grid-xs-12'><div class='gutentor-post-item'><div class='gutentor-post-image-box'><a class=\"gutentor-post-image-link \" href=\"https:\/\/apefadal.es\/index.php\/2020\/05\/28\/coreografia-humano-de-chocquibtown\/\" rel=\"&quot;noopener\"><div class=\"gutentor-image-thumb\"><img loading=\"lazy\" decoding=\"async\" width=\"632\" height=\"900\" src=\"https:\/\/apefadal.es\/wp-content\/uploads\/2020\/05\/Coreo-Humano-e1590661385171.png\" class=\"attachment-full size-full wp-post-image\" alt=\"\" \/><\/div><\/a><\/div><div class=\"gutentor-post-title-data-wrap\"><h3 class=\"gutentor-post-title\"><a href=\"https:\/\/apefadal.es\/index.php\/2020\/05\/28\/coreografia-humano-de-chocquibtown\/\" rel=\"bookmark\">Coreograf\u00eda \u00abHumano\u00bb de ChocQuibTown<\/a><\/h3><\/div><a class=\"gutentor-button gutentor-post-button\" href=\"https:\/\/apefadal.es\/index.php\/2020\/05\/28\/coreografia-humano-de-chocquibtown\/\"><span>Ver el V\u00eddeo<\/span><\/a><\/div><\/article><article class='gutentor-post  grid-md-4 grid-sm-4 grid-xs-12'><div class='gutentor-post-item'><div class='gutentor-post-image-box'><a class=\"gutentor-post-image-link \" href=\"https:\/\/apefadal.es\/index.php\/2020\/04\/02\/coreografia-aloha\/\" rel=\"&quot;noopener\"><div class=\"gutentor-image-thumb\"><img loading=\"lazy\" decoding=\"async\" width=\"633\" height=\"899\" src=\"https:\/\/apefadal.es\/wp-content\/uploads\/2020\/04\/ALOHA-e1586173604537.png\" class=\"attachment-full size-full wp-post-image\" alt=\"\" \/><\/div><\/a><\/div><div class=\"gutentor-post-title-data-wrap\"><h3 class=\"gutentor-post-title\"><a href=\"https:\/\/apefadal.es\/index.php\/2020\/04\/02\/coreografia-aloha\/\" rel=\"bookmark\">Coreograf\u00eda Aloha<\/a><\/h3><\/div><a class=\"gutentor-button gutentor-post-button\" href=\"https:\/\/apefadal.es\/index.php\/2020\/04\/02\/coreografia-aloha\/\"><span>Ver el V\u00eddeo<\/span><\/a><\/div><\/article><article class='gutentor-post  grid-md-4 grid-sm-4 grid-xs-12'><div class='gutentor-post-item'><div class='gutentor-post-image-box'><a class=\"gutentor-post-image-link \" href=\"https:\/\/apefadal.es\/index.php\/2019\/02\/12\/coreografia-8-de-marzo-respect-aretha-franklin\/\" rel=\"&quot;noopener\"><div class=\"gutentor-image-thumb\"><img loading=\"lazy\" decoding=\"async\" width=\"814\" height=\"1080\" src=\"https:\/\/apefadal.es\/wp-content\/uploads\/2019\/02\/respect.jpg\" class=\"attachment-full size-full wp-post-image\" alt=\"\" \/><\/div><\/a><\/div><div class=\"gutentor-post-title-data-wrap\"><h3 class=\"gutentor-post-title\"><a href=\"https:\/\/apefadal.es\/index.php\/2019\/02\/12\/coreografia-8-de-marzo-respect-aretha-franklin\/\" rel=\"bookmark\">Coreograf\u00eda 8 de Marzo Respect &#8211; Aretha Franklin<\/a><\/h3><\/div><a class=\"gutentor-button gutentor-post-button\" href=\"https:\/\/apefadal.es\/index.php\/2019\/02\/12\/coreografia-8-de-marzo-respect-aretha-franklin\/\"><span>Ver el V\u00eddeo<\/span><\/a><\/div><\/article><article class='gutentor-post  grid-md-4 grid-sm-4 grid-xs-12'><div class='gutentor-post-item'><div class='gutentor-post-image-box'><a class=\"gutentor-post-image-link \" href=\"https:\/\/apefadal.es\/index.php\/2018\/02\/12\/coreografia-8-de-marzo-most-girls-de-hailee-steinfeld\/\" rel=\"&quot;noopener\"><div class=\"gutentor-image-thumb\"><img loading=\"lazy\" decoding=\"async\" width=\"633\" height=\"831\" src=\"https:\/\/apefadal.es\/wp-content\/uploads\/2020\/04\/haile-e1586777776795.jpg\" class=\"attachment-full size-full wp-post-image\" alt=\"\" \/><\/div><\/a><\/div><div class=\"gutentor-post-title-data-wrap\"><h3 class=\"gutentor-post-title\"><a href=\"https:\/\/apefadal.es\/index.php\/2018\/02\/12\/coreografia-8-de-marzo-most-girls-de-hailee-steinfeld\/\" rel=\"bookmark\">Coreograf\u00eda 8 de marzo &#8211; Most Girls de Hailee Steinfeld<\/a><\/h3><\/div><a class=\"gutentor-button gutentor-post-button\" href=\"https:\/\/apefadal.es\/index.php\/2018\/02\/12\/coreografia-8-de-marzo-most-girls-de-hailee-steinfeld\/\"><span>Ver el V\u00eddeo<\/span><\/a><\/div><\/article><article class='gutentor-post  grid-md-4 grid-sm-4 grid-xs-12'><div class='gutentor-post-item'><div class='gutentor-post-image-box'><a class=\"gutentor-post-image-link \" href=\"https:\/\/apefadal.es\/index.php\/2017\/04\/18\/coreografia-efecto-igualdad-soy-yo-de-bomba-estereo\/\" rel=\"&quot;noopener\"><div class=\"gutentor-image-thumb\"><img loading=\"lazy\" decoding=\"async\" width=\"633\" height=\"753\" src=\"https:\/\/apefadal.es\/wp-content\/uploads\/2020\/04\/bomba-estereo-e1586778508563.jpg\" class=\"attachment-full size-full wp-post-image\" alt=\"\" \/><\/div><\/a><\/div><div class=\"gutentor-post-title-data-wrap\"><h3 class=\"gutentor-post-title\"><a href=\"https:\/\/apefadal.es\/index.php\/2017\/04\/18\/coreografia-efecto-igualdad-soy-yo-de-bomba-estereo\/\" rel=\"bookmark\">Coreograf\u00eda EFecto Igualdad -Soy yo de Bomba Est\u00e9reo<\/a><\/h3><\/div><a class=\"gutentor-button gutentor-post-button\" href=\"https:\/\/apefadal.es\/index.php\/2017\/04\/18\/coreografia-efecto-igualdad-soy-yo-de-bomba-estereo\/\"><span>Ver el V\u00eddeo<\/span><\/a><\/div><\/article><article class='gutentor-post  grid-md-4 grid-sm-4 grid-xs-12'><div class='gutentor-post-item'><div class='gutentor-post-image-box'><a class=\"gutentor-post-image-link \" href=\"https:\/\/apefadal.es\/index.php\/2017\/02\/14\/coreografia-8-de-marzo-aint-your-mama-de-jennifer-lopez\/\" rel=\"&quot;noopener\"><div class=\"gutentor-image-thumb\"><img loading=\"lazy\" decoding=\"async\" width=\"633\" height=\"824\" src=\"https:\/\/apefadal.es\/wp-content\/uploads\/2020\/04\/JLO-e1586779134841.jpg\" class=\"attachment-full size-full wp-post-image\" alt=\"\" \/><\/div><\/a><\/div><div class=\"gutentor-post-title-data-wrap\"><h3 class=\"gutentor-post-title\"><a href=\"https:\/\/apefadal.es\/index.php\/2017\/02\/14\/coreografia-8-de-marzo-aint-your-mama-de-jennifer-lopez\/\" rel=\"bookmark\">Coreograf\u00eda 8 de marzo &#8211; Ain\u00b4t your mama de Jennifer L\u00f3pez<\/a><\/h3><\/div><a class=\"gutentor-button gutentor-post-button\" href=\"https:\/\/apefadal.es\/index.php\/2017\/02\/14\/coreografia-8-de-marzo-aint-your-mama-de-jennifer-lopez\/\"><span>Ver el V\u00eddeo<\/span><\/a><\/div><\/article><\/div><\/div><\/section>","protected":false},"excerpt":{"rendered":"","protected":false},"author":1,"featured_media":0,"parent":0,"menu_order":0,"comment_status":"closed","ping_status":"closed","template":"","meta":{"footnotes":""},"class_list":["post-244","page","type-page","status-publish","hentry"],"_links":{"self":[{"href":"https:\/\/apefadal.es\/index.php\/wp-json\/wp\/v2\/pages\/244","targetHints":{"allow":["GET"]}}],"collection":[{"href":"https:\/\/apefadal.es\/index.php\/wp-json\/wp\/v2\/pages"}],"about":[{"href":"https:\/\/apefadal.es\/index.php\/wp-json\/wp\/v2\/types\/page"}],"author":[{"embeddable":true,"href":"https:\/\/apefadal.es\/index.php\/wp-json\/wp\/v2\/users\/1"}],"replies":[{"embeddable":true,"href":"https:\/\/apefadal.es\/index.php\/wp-json\/wp\/v2\/comments?post=244"}],"version-history":[{"count":6,"href":"https:\/\/apefadal.es\/index.php\/wp-json\/wp\/v2\/pages\/244\/revisions"}],"predecessor-version":[{"id":8255,"href":"https:\/\/apefadal.es\/index.php\/wp-json\/wp\/v2\/pages\/244\/revisions\/8255"}],"wp:attachment":[{"href":"https:\/\/apefadal.es\/index.php\/wp-json\/wp\/v2\/media?parent=244"}],"curies":[{"name":"wp","href":"https:\/\/api.w.org\/{rel}","templated":true}]}}