{"id":22,"date":"2020-03-31T12:01:26","date_gmt":"2020-03-31T12:01:26","guid":{"rendered":"https:\/\/apefadal.es\/?page_id=22"},"modified":"2026-02-05T12:32:57","modified_gmt":"2026-02-05T12:32:57","slug":"contacto","status":"publish","type":"page","link":"https:\/\/apefadal.es\/index.php\/contacto\/","title":{"rendered":"Contacto"},"content":{"rendered":"\n<h3 class=\"wp-block-heading has-text-align-center\">ANTES DE PONERTE EN CONTACTO CON NOSOTRXS REVISA LAS <strong><a href=\"https:\/\/apefadal.es\/index.php\/preguntas-frecuentes\/\" target=\"_blank\" rel=\"noreferrer noopener\">PREGUNTAS FRECUENTES<\/a><\/strong>.<\/h3>\n\n\n\n<div id=\"section-ga06a27\" class=\"wp-block-gutentor-e2 section-ga06a27 gutentor-element gutentor-element-button button-align-center-desktop\"><span class=\"gutentor-button-wrap\"><a class=\"gutentor-button gutentor-block-button gutentor-icon-hide\" href=\"https:\/\/apefadal.es\/index.php\/preguntas-frecuentes\/\" target=\"_blank\" rel=\"noopener noreferrer\"><i class=\"gutentor-button-icon fas fa-book\"><\/i><span><strong>Ir a preguntas frecuentes<\/strong><\/span><\/a><\/span><\/div>\n\n\n\n<p class=\"has-text-align-center\">&#8211;&nbsp;<strong>INSCRIPCIONES<\/strong>: Rellenar el formulario de Google espec\u00edfico de la actividad en cuesti\u00f3n&nbsp; y enviar el resguardo de transferencia si procede (TODOS ser\u00e1n contestados) a &nbsp;<a rel=\"noreferrer noopener\" href=\"mailto:info@apefadal.es\" target=\"_blank\">info@apefadal.es<\/a><\/p>\n\n\n\n<p class=\"has-text-align-center\">&#8211;&nbsp;<strong>CERTIFICADOS<\/strong>: Se ruega que cualquier duda se realice por correo electr\u00f3nico (TODOS ser\u00e1n contestados).&nbsp;<a rel=\"noreferrer noopener\" href=\"mailto:certificados@apefadal.es\" target=\"_blank\">certificados@apefadal.es<\/a><\/p>\n\n\n\n<p class=\"has-text-align-center\">&#8211;&nbsp;<strong>REVISTA PEDAG\u00d3GICA ADAL Y EDITORIAL DEPORTIVA<\/strong>: Jaime Prieto Bermejo <a rel=\"noreferrer noopener\" href=\"mailto:jaime.prieto@urjc.es\" target=\"_blank\">jaime.prieto@urjc.es<\/a><\/p>\n\n\n\n<p class=\"has-text-align-center\">&#8211; <strong>COMPRA MATERIAL:<\/strong> Consulta como comprar material en <a href=\"mailto:daniel@apefadal.es\">daniel@apefadal.es<\/a><\/p>\n\n\n\n<p class=\"has-text-align-center\">&#8211; <strong>SESIONES DE FORMACI\u00d3N EN LOS CENTROS ESCOLARES:<\/strong> M\u00e1s informaci\u00f3n y reservas en <a href=\"mailto:daniel@apefadal.es\">daniel@apefadal.es<\/a><\/p>\n\n\n\n<p class=\"has-text-align-center\">&#8211; <strong>TALLERES DE DIFUSI\u00d3N DE DEPORTES ALTERNATIVOS:<\/strong> M\u00e1s informaci\u00f3n y presupuestos <a href=\"mailto:daniel@apefadal.es\">daniel@apefadal.es<\/a><\/p>\n\n\n\n<p class=\"has-text-align-center\">&#8211;&nbsp;<strong>PR\u00c9STAMO de libros y Material deportivo<\/strong>: Daniel Mart\u00ednez&nbsp;<a rel=\"noreferrer noopener\" href=\"mailto:daniel@apefadal.es\" target=\"_blank\">daniel@apefadal.es<\/a>&nbsp;Tfno. 644 448 304.<\/p>\n\n\n\n<p class=\"has-text-align-center\">&#8211;&nbsp;<strong>INFORMACI\u00d3N GENERAL<\/strong>: Consultar la web. Se ruega que cualquier duda se realice <strong>PREFERIBLEMENTE<\/strong> por correo electr\u00f3nico (TODOS ser\u00e1n contestados).<a rel=\"noreferrer noopener\" href=\"mailto:info@apefadal.es\" target=\"_blank\">info@apefadal.es<\/a>. Para consultas complementarias a todo lo expuesto en nuestra web Tfno 644 448 304 en d\u00edas lectivos escolares de 9 a 13:30 y de 15:30 a&nbsp; 20 h.&nbsp;<\/p>\n\n\n\n<p class=\"has-text-align-center\">La asociaci\u00f3n de profesorado de educaci\u00f3n f\u00edsica ADAL, mantiene la actividad asociativa seg\u00fan el calendario escolar. No estamos disponibles los fines de semana ni durante los periodos vacacionales.<\/p>\n\n\n\n<div id=\"section-g03c626\" class=\"wp-block-gutentor-e2 section-g03c626 gutentor-element gutentor-element-button button-align-center-desktop\"><span class=\"gutentor-button-wrap\"><a class=\"gutentor-button gutentor-block-button gutentor-icon-hide\" href=\"https:\/\/apefadal.es\/index.php\/preguntas-frecuentes\/\" target=\"_blank\" rel=\"noopener noreferrer\"><i class=\"gutentor-button-icon fas fa-book\"><\/i><span><strong>Ir a preguntas frecuentes<\/strong><\/span><\/a><\/span><\/div>\n\n\n\n<p><\/p>\n","protected":false},"excerpt":{"rendered":"<p>ANTES DE PONERTE EN CONTACTO CON NOSOTRXS REVISA LAS PREGUNTAS FRECUENTES. &#8211;&nbsp;INSCRIPCIONES: Rellenar el formulario de Google espec\u00edfico de la actividad en cuesti\u00f3n&nbsp; y enviar el resguardo de transferencia si procede (TODOS ser\u00e1n contestados) a &nbsp;info@apefadal.es &#8211;&nbsp;CERTIFICADOS: Se ruega que cualquier duda se realice por correo electr\u00f3nico (TODOS ser\u00e1n contestados).&nbsp;certificados@apefadal.es &#8211;&nbsp;REVISTA PEDAG\u00d3GICA ADAL Y EDITORIAL&hellip;<\/p>\n","protected":false},"author":1,"featured_media":0,"parent":0,"menu_order":0,"comment_status":"closed","ping_status":"closed","template":"","meta":{"footnotes":""},"class_list":["post-22","page","type-page","status-publish","hentry"],"_links":{"self":[{"href":"https:\/\/apefadal.es\/index.php\/wp-json\/wp\/v2\/pages\/22","targetHints":{"allow":["GET"]}}],"collection":[{"href":"https:\/\/apefadal.es\/index.php\/wp-json\/wp\/v2\/pages"}],"about":[{"href":"https:\/\/apefadal.es\/index.php\/wp-json\/wp\/v2\/types\/page"}],"author":[{"embeddable":true,"href":"https:\/\/apefadal.es\/index.php\/wp-json\/wp\/v2\/users\/1"}],"replies":[{"embeddable":true,"href":"https:\/\/apefadal.es\/index.php\/wp-json\/wp\/v2\/comments?post=22"}],"version-history":[{"count":20,"href":"https:\/\/apefadal.es\/index.php\/wp-json\/wp\/v2\/pages\/22\/revisions"}],"predecessor-version":[{"id":7997,"href":"https:\/\/apefadal.es\/index.php\/wp-json\/wp\/v2\/pages\/22\/revisions\/7997"}],"wp:attachment":[{"href":"https:\/\/apefadal.es\/index.php\/wp-json\/wp\/v2\/media?parent=22"}],"curies":[{"name":"wp","href":"https:\/\/api.w.org\/{rel}","templated":true}]}}