{"id":2172,"date":"2021-05-14T10:49:43","date_gmt":"2021-05-14T10:49:43","guid":{"rendered":"https:\/\/apefadal.es\/?page_id=2172"},"modified":"2021-05-31T09:03:42","modified_gmt":"2021-05-31T09:03:42","slug":"universidad-europea","status":"publish","type":"page","link":"https:\/\/apefadal.es\/index.php\/universidad-europea\/","title":{"rendered":"UNIVERSIDAD EUROPEA"},"content":{"rendered":"\n<div class=\"wp-block-image\"><figure class=\"aligncenter size-large\"><img loading=\"lazy\" decoding=\"async\" width=\"452\" height=\"111\" src=\"https:\/\/apefadal.es\/wp-content\/uploads\/2021\/05\/descarga.png\" alt=\"\" class=\"wp-image-2173\" srcset=\"https:\/\/apefadal.es\/wp-content\/uploads\/2021\/05\/descarga.png 452w, https:\/\/apefadal.es\/wp-content\/uploads\/2021\/05\/descarga-300x74.png 300w\" sizes=\"auto, (max-width: 452px) 100vw, 452px\" \/><\/figure><\/div>\n\n\n\n<p>La&nbsp;<strong>Asociaci\u00f3n de Profesionales de la Educaci\u00f3n F\u00edsica ADAL&nbsp;<\/strong>y la<strong>&nbsp;Universidad Europea,&nbsp;<\/strong>se complacen en informarte de que ambas entidades han decidido mantener el actual&nbsp;<strong>convenio de colaboraci\u00f3n<\/strong>.<\/p>\n\n\n\n<p>Este convenio contempla diversas&nbsp;<strong>ventajas* para las personas Asociadas y sus familiares directos&nbsp;<\/strong>en el acceso a la oferta formativa de la&nbsp;<strong>Universidad Europea:<\/strong><\/p>\n\n\n\n<ul class=\"wp-block-list\"><li>Realizar las&nbsp;<strong>pruebas de ingreso de forma gratuita.<\/strong><\/li><li><strong>10% de descuento&nbsp;<\/strong>en docencia.<\/li><li><strong>Asesoramiento personalizado.<\/strong><\/li><li><strong>Posibilidad de grupos con condiciones especiales adicionales para los colegiados y familiares directos<\/strong><\/li><\/ul>\n\n\n\n<p>*(Ventajas sujetas a las condiciones de aplicaci\u00f3n y exclusiones estipuladas en dicho convenio)<\/p>\n\n\n\n<p>Dentro de los programas que imparte la&nbsp;<strong>Universidad Europea,&nbsp;<\/strong>pensamos que pueden ser de mayor inter\u00e9s para el colectivo, por estar relacionados con la profesi\u00f3n, los programas de profesorado y deporte. Recientemente hemos lanzado la Escuela de Innovaci\u00f3n Educativa que pensamos que tambi\u00e9n puede ser de vuestro inter\u00e9s:&nbsp;<a href=\"https:\/\/innovacion-educativa.universidadeuropea.es\/\" target=\"_blank\" rel=\"noreferrer noopener\">https:\/\/innovacion-educativa.universidadeuropea.es\/<\/a><\/p>\n\n\n\n<p>No obstante, la\u00a0<strong>Universidad Europea\u00a0<\/strong>cuenta adem\u00e1s con una amplia oferta de ciclos formativos, grados y postgrados (experto, m\u00e1ster) a los que tambi\u00e9n se aplica el descuento, que abarca diferentes \u00e1reas de conocimiento (Medicina y Salud, Ingenier\u00eda, Arquitectura y Dise\u00f1o, Empresa y Tecnolog\u00eda, Derecho, Educaci\u00f3n, Ciencias, Deporte, Animaci\u00f3n y Videojuegos\u2026) y que ponemos a tu alcance y al de tus familiares.<\/p>\n\n\n\n<p>El procedimiento es el siguiente: Desde la web de la Escuela:\u00a0<a rel=\"noreferrer noopener\" href=\"https:\/\/innovacion-educativa.universidadeuropea.es\/\" target=\"_blank\">https:\/\/innovacion-educativa.universidadeuropea.es\/<\/a>\u00a0se solicita\u00a0<a rel=\"noreferrer noopener\" href=\"https:\/\/prnt.sc\/132o3lo\" target=\"_blank\">informaci\u00f3n\u00a0<\/a>\u00a0y un asesor les pedir\u00e1 la acreditaci\u00f3n de colegiatura, tras ello el asesor le indicar\u00e1 el c\u00f3digo descuento a aplicar en la web para realizar la matr\u00edcula online.<\/p>\n\n\n\n<p>Si necesitas ampliar informaci\u00f3n o resolver dudas, puedes ponerte directamente en contacto con el responsable de la Universidad Europea,&nbsp;<strong>David M\u00e1laga<\/strong>, llamando al m\u00f3vil 629 976 971, mediante el correo electr\u00f3nico&nbsp;<a href=\"mailto:fernando.trigueros@universidadeuropea.es\" target=\"_blank\" rel=\"noreferrer noopener\">david.malaga@universidadeuropea.es<\/a>,&nbsp;o en la siguiente web&nbsp;https:\/\/estudiar.universidadeuropea.es\/colectivos-profesionales.html.&nbsp;La Universidad Europea tambi\u00e9n dispone de titulaciones que se imparten en modalidad online. Puedes conocer la oferta poni\u00e9ndote en contacto con&nbsp;<strong>Mar\u00eda Jos\u00e9 Esteban<\/strong>, llamando al m\u00f3vil 683 401 481, mediante el correo&nbsp;<a href=\"mailto:mariajose.esteban@universidadeuropea.es\" target=\"_blank\" rel=\"noreferrer noopener\">mariajose.esteban@universidadeuropea.es<\/a>,&nbsp;o en la&nbsp;<a href=\"https:\/\/online.universidadeuropea.com\/ueonline-home.html?utm_source=colectivo&amp;utm_medium=email&amp;utm_content=partnership&amp;utm_term=none&amp;uecrm=7011v000000LFoYAAW&amp;utm_campaign=ue_onl_gen_nac_euro_es_none_none_esp_none\" target=\"_blank\" rel=\"noreferrer noopener\">siguiente web<\/a>.<\/p>\n","protected":false},"excerpt":{"rendered":"<p>La&nbsp;Asociaci\u00f3n de Profesionales de la Educaci\u00f3n F\u00edsica ADAL&nbsp;y la&nbsp;Universidad Europea,&nbsp;se complacen en informarte de que ambas entidades han decidido mantener el actual&nbsp;convenio de colaboraci\u00f3n. Este convenio contempla diversas&nbsp;ventajas* para las personas Asociadas y sus familiares directos&nbsp;en el acceso a la oferta formativa de la&nbsp;Universidad Europea: Realizar las&nbsp;pruebas de ingreso de forma gratuita. 10% de descuento&nbsp;en&hellip;<\/p>\n","protected":false},"author":1,"featured_media":0,"parent":0,"menu_order":0,"comment_status":"closed","ping_status":"closed","template":"","meta":{"footnotes":""},"class_list":["post-2172","page","type-page","status-publish","hentry"],"_links":{"self":[{"href":"https:\/\/apefadal.es\/index.php\/wp-json\/wp\/v2\/pages\/2172","targetHints":{"allow":["GET"]}}],"collection":[{"href":"https:\/\/apefadal.es\/index.php\/wp-json\/wp\/v2\/pages"}],"about":[{"href":"https:\/\/apefadal.es\/index.php\/wp-json\/wp\/v2\/types\/page"}],"author":[{"embeddable":true,"href":"https:\/\/apefadal.es\/index.php\/wp-json\/wp\/v2\/users\/1"}],"replies":[{"embeddable":true,"href":"https:\/\/apefadal.es\/index.php\/wp-json\/wp\/v2\/comments?post=2172"}],"version-history":[{"count":2,"href":"https:\/\/apefadal.es\/index.php\/wp-json\/wp\/v2\/pages\/2172\/revisions"}],"predecessor-version":[{"id":2200,"href":"https:\/\/apefadal.es\/index.php\/wp-json\/wp\/v2\/pages\/2172\/revisions\/2200"}],"wp:attachment":[{"href":"https:\/\/apefadal.es\/index.php\/wp-json\/wp\/v2\/media?parent=2172"}],"curies":[{"name":"wp","href":"https:\/\/api.w.org\/{rel}","templated":true}]}}