{"id":21,"date":"2020-03-31T12:01:26","date_gmt":"2020-03-31T12:01:26","guid":{"rendered":"https:\/\/apefadal.es\/?page_id=21"},"modified":"2026-02-05T12:31:11","modified_gmt":"2026-02-05T12:31:11","slug":"acerca-de","status":"publish","type":"page","link":"https:\/\/apefadal.es\/index.php\/acerca-de\/","title":{"rendered":"Equipo"},"content":{"rendered":"\n<div class=\"wp-block-cover alignfull is-light wp-duotone-094850-f9644e-1\" style=\"margin-top:0;padding-top:48px;padding-right:48px;padding-bottom:48px;padding-left:48px;min-height:1770px;aspect-ratio:unset;\"><img loading=\"lazy\" decoding=\"async\" width=\"1600\" height=\"1201\" class=\"wp-block-cover__image-background wp-image-7983 size-full\" alt=\"\" src=\"https:\/\/apefadal.es\/wp-content\/uploads\/2026\/02\/Foto-equipo-encuentros.jpg\" style=\"object-position:50% 52%\" data-object-fit=\"cover\" data-object-position=\"50% 52%\" srcset=\"https:\/\/apefadal.es\/wp-content\/uploads\/2026\/02\/Foto-equipo-encuentros.jpg 1600w, https:\/\/apefadal.es\/wp-content\/uploads\/2026\/02\/Foto-equipo-encuentros-300x225.jpg 300w, https:\/\/apefadal.es\/wp-content\/uploads\/2026\/02\/Foto-equipo-encuentros-1024x769.jpg 1024w, https:\/\/apefadal.es\/wp-content\/uploads\/2026\/02\/Foto-equipo-encuentros-768x576.jpg 768w, https:\/\/apefadal.es\/wp-content\/uploads\/2026\/02\/Foto-equipo-encuentros-1536x1153.jpg 1536w\" sizes=\"auto, (max-width: 1600px) 100vw, 1600px\" \/><span aria-hidden=\"true\" class=\"wp-block-cover__background has-background-dim-30 has-background-dim\" style=\"background-color:#9a9796\"><\/span><div class=\"wp-block-cover__inner-container is-layout-flow wp-block-cover-is-layout-flow\">\n<div class=\"wp-block-group is-content-justification-left\"><div class=\"wp-block-group__inner-container is-layout-constrained wp-container-core-group-is-layout-7206f975 wp-block-group-is-layout-constrained\"><\/div><\/div>\n\n\n\n<div id=\"section-g-5fz1uxu\" class=\"wp-block-gutentor-e1 alignfull section-g-5fz1uxu gutentor-element gutentor-element-advanced-text text-align-center-desktop\"><div class=\"gutentor-text-wrap\"><p class=\"gutentor-text\">EL EQUIPO:<\/p><\/div><\/div>\n\n\n\n<div id=\"section-g-atatpj1\" class=\"wp-block-gutentor-e1 alignfull section-g-atatpj1 gutentor-element gutentor-element-advanced-text text-align-center-desktop\"><div class=\"gutentor-text-wrap\"><p class=\"gutentor-text\">DANIEL MARCOL<br>MARIO MARCOL<br>CRISTINA BLANCO<br>PALOMA MUNILLA<br>SANTIAGO BERMEJO<br>DAVID GARC\u00cdA<br>PILAR PE\u00d1A<br>GABINO CID<br>JOSE A. DE LA ROSA<br>ANA FERN\u00c1NDEZ<\/p><\/div><\/div>\n<\/div><\/div>\n\n\n\n<h2 class=\"wp-block-heading has-text-align-center\">JUNTA DIRECTIVA:<\/h2>\n\n\n\n<p class=\"has-text-align-center\">-Presidente: Daniel Mart\u00ednez Colmenarejo<\/p>\n\n\n\n<p class=\"has-text-align-center\">-Vicepresidente: Mario Mart\u00ednez Colmenarejo<\/p>\n\n\n\n<p class=\"has-text-align-center\">-Secretaria: Cristina Blanco Ar\u00e9valo <\/p>\n\n\n\n<p class=\"has-text-align-center\">-Tesorera: M\u00aa Pilar Pe\u00f1a Yuste<\/p>\n","protected":false},"excerpt":{"rendered":"<p>JUNTA DIRECTIVA: -Presidente: Daniel Mart\u00ednez Colmenarejo -Vicepresidente: Mario Mart\u00ednez Colmenarejo -Secretaria: Cristina Blanco Ar\u00e9valo -Tesorera: M\u00aa Pilar Pe\u00f1a Yuste<\/p>\n","protected":false},"author":1,"featured_media":0,"parent":0,"menu_order":0,"comment_status":"closed","ping_status":"closed","template":"template-gutentor-full-width.php","meta":{"footnotes":""},"class_list":["post-21","page","type-page","status-publish","hentry"],"_links":{"self":[{"href":"https:\/\/apefadal.es\/index.php\/wp-json\/wp\/v2\/pages\/21","targetHints":{"allow":["GET"]}}],"collection":[{"href":"https:\/\/apefadal.es\/index.php\/wp-json\/wp\/v2\/pages"}],"about":[{"href":"https:\/\/apefadal.es\/index.php\/wp-json\/wp\/v2\/types\/page"}],"author":[{"embeddable":true,"href":"https:\/\/apefadal.es\/index.php\/wp-json\/wp\/v2\/users\/1"}],"replies":[{"embeddable":true,"href":"https:\/\/apefadal.es\/index.php\/wp-json\/wp\/v2\/comments?post=21"}],"version-history":[{"count":15,"href":"https:\/\/apefadal.es\/index.php\/wp-json\/wp\/v2\/pages\/21\/revisions"}],"predecessor-version":[{"id":7995,"href":"https:\/\/apefadal.es\/index.php\/wp-json\/wp\/v2\/pages\/21\/revisions\/7995"}],"wp:attachment":[{"href":"https:\/\/apefadal.es\/index.php\/wp-json\/wp\/v2\/media?parent=21"}],"curies":[{"name":"wp","href":"https:\/\/api.w.org\/{rel}","templated":true}]}}