{"id":174,"date":"2020-04-06T09:50:09","date_gmt":"2020-04-06T09:50:09","guid":{"rendered":"https:\/\/apefadal.es\/?page_id=174"},"modified":"2026-02-11T10:03:23","modified_gmt":"2026-02-11T10:03:23","slug":"socis","status":"publish","type":"page","link":"https:\/\/apefadal.es\/index.php\/socis\/","title":{"rendered":"As\u00f3ciate"},"content":{"rendered":"\n<section id=\"g-7d77677\" class=\"section-g-7d77677 gutentor-module gutentor-module-accordion has-gutentor-overlay\"><div class=\"grid-container\">\n<div id=\"g-pk621p0\" class=\"wp-block-gutentor-m6-item section-g-pk621p0 gutentor-module gutentor-module-accordion-item gutentor-module-accordion-active\"><div class=\"gutentor-module-accordion-panel g-a-panel-g-7d77677\"><div class=\"gm-ah-g-7d77677 gutentor-module-accordion-item-heading gutentor-module-icon-position-right\"><span class=\"gutentor-module-accordion-panel-handler\" role=\"button\"><span class=\"gutentor-module-accordion-panel-handler-label\">\u00bfPOR QU\u00c9 ASOCIARSE?<\/span><span class=\"gutentor-module-accordion-icon gutentor-module-accordion-icon-active\"><i class=\"gm-aio-g-7d77677 gutentor-module-accordion-icon-open fas fa-plus\"><\/i><i class=\"gm-aic-g-7d77677 gutentor-module-accordion-icon-close fas fa-minus\"><\/i><\/span><\/span><\/div><div class=\"gm-ab-g-7d77677 gutentor-module-accordion-body\">\n<div id=\"section-g-p8lt1zp\" class=\"wp-block-gutentor-e0 section-g-p8lt1zp gutentor-element gutentor-element-advanced-text\"><div class=\"gutentor-text-wrap\"><p class=\"gutentor-text\"><strong>&#8211; Para hacer posible que la asociaci\u00f3n desarrolle sus objetivos<\/strong>.<br>&#8211; <strong>Estar al d\u00eda de TODA la informaci\u00f3n y actividades de la Asociaci\u00f3n.<br>&#8211; Participar en las reuniones, con voz y voto.<\/strong><br><strong>&#8211; Acceder de forma gratuita a la actividad con mejor valoraci\u00f3n de nuestro plan de formaci\u00f3n.<br>&#8211; Como persona asociada podr\u00e1s participar en las actividades de formaci\u00f3n como nueva socia hasta que se te pase el cobro de recibo por domiciliaci\u00f3n bancaria, que se pasar\u00e1 en julio,  a partir de entonces podr\u00e1s participar en las actividades de formaci\u00f3n como asociada.<br>&#8211; En cada curso se realizar\u00e1 una reserva de la mitad de plazas para asociados y la otra mitad para nuevas asociados y no asociadas. Esta reserva se realiza hasta fin de plazas totales de la actividad, por lo que un curso se puede llenar de personas no socias o nuevas socias excluyendo a las socias. <br>&#8211; Las subvenciones de los cursos repercutir\u00e1n preferentemente en las cuotas de los socios y socias, siempre que se cubran los gastos presupuestados de la actividad. <br>&#8211; Todo el profesorado asociado tiene derecho a participar en un grupo de trabajo (oficialmente seminarios) sin cuota de inscripci\u00f3n.<\/strong><br><\/p><\/div><\/div>\n<\/div><\/div><\/div>\n\n\n\n<div id=\"g-kc1q75k\" class=\"wp-block-gutentor-m6-item section-g-kc1q75k gutentor-module gutentor-module-accordion-item\"><div class=\"gutentor-module-accordion-panel g-a-panel-g-7d77677\"><div class=\"gm-ah-g-7d77677 gutentor-module-accordion-item-heading gutentor-module-icon-position-right\"><span class=\"gutentor-module-accordion-panel-handler\" role=\"button\"><span class=\"gutentor-module-accordion-panel-handler-label\">OBJETIVOS DE LA ASOCIACI\u00d3N<\/span><span class=\"gutentor-module-accordion-icon\"><i class=\"gm-aio-g-7d77677 gutentor-module-accordion-icon-open fas fa-plus\"><\/i><i class=\"gm-aic-g-7d77677 gutentor-module-accordion-icon-close fas fa-minus\"><\/i><\/span><\/span><\/div><div class=\"gm-ab-g-7d77677 gutentor-module-accordion-body\">\n<div id=\"section-g-36496y1\" class=\"wp-block-gutentor-e0 section-g-36496y1 gutentor-element gutentor-element-advanced-text\"><div class=\"gutentor-text-wrap\"><p class=\"gutentor-text\">La Asociaci\u00f3n tiene como fines:<br>a) Ampliar la formaci\u00f3n del profesorado de Educaci\u00f3n F\u00edsica, as\u00ed como ofrecer recursos y formaci\u00f3n al profesorado en general.<br>b) Estudiar, analizar y difundir las distintas actividades l\u00fadicas alternativas o no convencionales que van apareciendo.<br>c) Fomentar e investigar la incidencia de los Juegos y Deportes Alternativos como estrategia para corregir estereotipos machistas y discriminatorios en la Educaci\u00f3n F\u00edsica.<br>d) Investigar c\u00f3mo fomentar la participaci\u00f3n l\u00fadica de todo el alumnado y sobre todo de las chicas.<br>e) Cambiar ciertas actitudes y t\u00f3picos lamentables, que tanto en el aula, como en el terreno de juego o la calle, hacen que la Igualdad de Oportunidades no sea la misma para todas las personas.<br>f) Analizar la aplicaci\u00f3n y utilidad de las Gu\u00edas y documentos para una Educaci\u00f3n F\u00edsica no machista o discriminatoria.<br>g) Investigar los h\u00e1bitos adquiridos por el alumnado con la pr\u00e1ctica de Juegos y Deportes Alternativos y su repercusi\u00f3n en general.<br>h) Investigar a cerca de qu\u00e9 modelos deportivos no estereotipados se pueden proporcionar al alumnado.<br>i) Crear materiales did\u00e1cticos sobre las actividades motrices objeto de nuestras investigaciones.<br>j) Ampliar el abanico de posibilidades del alumnado para utilizar su Ocio y Tiempo Libre con la actividad l\u00fadico deportiva m\u00e1s acorde a sus intereses y necesidades.<br>k) Continuar con la profundizaci\u00f3n en la Coeducaci\u00f3n F\u00edsica a trav\u00e9s de la aplicaci\u00f3n y difusi\u00f3n de nuestro dec\u00e1logo de Efecto Igualdad<br>l) Recopilar y clasificar distintos Juegos y deportes Populares, Tradicionales y Alternativos.<br>m) Organizar los Encuentros L\u00fadicos-deportivos por la Igualdad y la Interculturalidad (si se cuenta con el apoyo necesario).<br>n) Intercambiar experiencias entre el profesorado a trav\u00e9s de actividades de formaci\u00f3n y convivencia.<br>o) Crear un ambiente festivo-convivencial-l\u00fadico entre todas las personas participantes en los encuentros y actividades. Siendo secundario el resultado final de cada partido, entendiendo la oposici\u00f3n como una caracter\u00edstica secundaria del juego y no como una actitud frente a los\/as dem\u00e1s.<br>p) Seguir desarrollando y adaptando nuestro \u201c\u00c1rea de Juventud\u201d. Cuyo objeto es conectar los proyectos del \u00e1mbito formal con el \u00e1mbito no formal:  Actividades de ocio y tiempo libre infantil y juvenil; Actividades encaminadas a la formaci\u00f3n y\/o an\u00e1lisis de la realidad del entorno. Actividades de fomento e impulso de la educaci\u00f3n en valores como la solidaridad, paz, integraci\u00f3n, salud, coeducaci\u00f3n, etc. Actividades de ocio y tiempo libre alternativas al ocio de consumo. Actividades que promocionen el ocio familiar activo a trav\u00e9s de modalidades l\u00fadicas alternativas.<br>q) Seguir desarrollando y adaptando nuestro \u201c\u00c1rea de Mujer e Igualdad\u201d, cuya finalidad es la b\u00fasqueda de la equidad a trav\u00e9s de la promoci\u00f3n de un ocio activo alternativo para todas las personas desde una perspectiva feminista.<\/p><\/div><\/div>\n<\/div><\/div><\/div>\n\n\n\n<div id=\"g-n9195g0\" class=\"wp-block-gutentor-m6-item section-g-n9195g0 gutentor-module gutentor-module-accordion-item\"><div class=\"gutentor-module-accordion-panel g-a-panel-g-7d77677\"><div class=\"gm-ah-g-7d77677 gutentor-module-accordion-item-heading gutentor-module-icon-position-right\"><span class=\"gutentor-module-accordion-panel-handler\" role=\"button\"><span class=\"gutentor-module-accordion-panel-handler-label\">\u00bfC\u00d3MO ASOCIARSE?<\/span><span class=\"gutentor-module-accordion-icon\"><i class=\"gm-aio-g-7d77677 gutentor-module-accordion-icon-open fas fa-plus\"><\/i><i class=\"gm-aic-g-7d77677 gutentor-module-accordion-icon-close fas fa-minus\"><\/i><\/span><\/span><\/div><div class=\"gm-ab-g-7d77677 gutentor-module-accordion-body\">\n<div id=\"section-g-1sn1bmy\" class=\"wp-block-gutentor-e0 section-g-1sn1bmy gutentor-element gutentor-element-advanced-text\"><div class=\"gutentor-text-wrap\"><p class=\"gutentor-text\"><strong>En solo dos sencillos pasos te dar\u00e1s de alta en la Asociaci\u00f3n:<\/strong><br><strong>1) Tienes que  rellenar el <a href=\"https:\/\/forms.gle\/2NcBuSdenwxQYf1T7\" target=\"_blank\" rel=\"noreferrer noopener\">FORMULARIO DE ALTA<\/a> de la Asociaci\u00f3n.  <br>2) Enviarnos el resguardo de la transferencia de los 15,02\u20ac del ALTA.&nbsp;Asociaci\u00f3n de Profesorado \u201cADAL\u201d C\u00f3digo de la cuenta de la Caixa: ES08 2100 1139 4313 0024 5485<\/strong>.<br><br><strong>Desde el momento en que recibimos la transferencia, hasta que pasemos el primer recibo anual de 15,02\u20ac  (entre julio y septiembre) ser\u00e1s Nuev@ Soci@. Una vez pasado el primer recibo pasar\u00e1s a ser SOCI@.<\/strong><br><br><strong>IMPORTANTE: Si cambias de cuenta no te olvides de notificarnos el nuevo n\u00famero a&nbsp;<\/strong><a href=\"mailto:info@apefadal.es\" target=\"_blank\" rel=\"noreferrer noopener\">info@apefadal.es<\/a><strong>&nbsp;puesto que por cada recibo devuelto el banco nos cobra comisi\u00f3n.<\/strong><\/p><\/div><\/div>\n\n\n\n<div id=\"section-g-7mtrtg9\" class=\"wp-block-gutentor-e2 section-g-7mtrtg9 gutentor-element gutentor-element-button\"><span class=\"gutentor-button-wrap\"><a class=\"gutentor-button gutentor-block-button gutentor-icon-hide\" href=\"https:\/\/forms.gle\/2NcBuSdenwxQYf1T7\"><i class=\"gutentor-button-icon fas fa-book\"><\/i><span><strong>FORMULARIO DE ALTA<\/strong><\/span><\/a><\/span><\/div>\n<\/div><\/div><\/div>\n\n\n\n<div id=\"g-uhbiohi\" class=\"wp-block-gutentor-m6-item section-g-uhbiohi gutentor-module gutentor-module-accordion-item\"><div class=\"gutentor-module-accordion-panel g-a-panel-g-7d77677\"><div class=\"gm-ah-g-7d77677 gutentor-module-accordion-item-heading gutentor-module-icon-position-right\"><span class=\"gutentor-module-accordion-panel-handler\" role=\"button\"><span class=\"gutentor-module-accordion-panel-handler-label\">NEWSLETTER<\/span><span class=\"gutentor-module-accordion-icon\"><i class=\"gm-aio-g-7d77677 gutentor-module-accordion-icon-open fas fa-plus\"><\/i><i class=\"gm-aic-g-7d77677 gutentor-module-accordion-icon-close fas fa-minus\"><\/i><\/span><\/span><\/div><div class=\"gm-ab-g-7d77677 gutentor-module-accordion-body\">\n<div id=\"section-g-7pxv37x\" class=\"wp-block-gutentor-e0 section-g-7pxv37x gutentor-element gutentor-element-advanced-text\"><div class=\"gutentor-text-wrap\"><p class=\"gutentor-text\"><strong>Estar al corriente de todas nuestras actividades es muy sencillo y es gratuito. Tambi\u00e9n lo es dejar de recibir nuestro bolet\u00edn pinchando en baja en cualquier bolet\u00edn que te enviemos.<\/strong><\/p><\/div><\/div>\n\n\n\n<div id=\"section-g-pp7lll9\" class=\"wp-block-gutentor-e2 section-g-pp7lll9 gutentor-element gutentor-element-button\"><span class=\"gutentor-button-wrap\"><a class=\"gutentor-button gutentor-block-button gutentor-icon-hide\" href=\"#\"><i class=\"gutentor-button-icon fas fa-book\"><\/i><span><strong>MANTENER LA CONEXI\u00d3N<\/strong><\/span><\/a><\/span><\/div>\n<\/div><\/div><\/div>\n\n\n\n<div id=\"g-ieeeuse\" class=\"wp-block-gutentor-m6-item section-g-ieeeuse gutentor-module gutentor-module-accordion-item\"><div class=\"gutentor-module-accordion-panel g-a-panel-g-7d77677\"><div class=\"gm-ah-g-7d77677 gutentor-module-accordion-item-heading gutentor-module-icon-position-right\"><span class=\"gutentor-module-accordion-panel-handler\" role=\"button\"><span class=\"gutentor-module-accordion-panel-handler-label\">\u00bfC\u00d3MO DARSE DE BAJA?<\/span><span class=\"gutentor-module-accordion-icon\"><i class=\"gm-aio-g-7d77677 gutentor-module-accordion-icon-open fas fa-plus\"><\/i><i class=\"gm-aic-g-7d77677 gutentor-module-accordion-icon-close fas fa-minus\"><\/i><\/span><\/span><\/div><div class=\"gm-ab-g-7d77677 gutentor-module-accordion-body\">\n<div id=\"section-g-ilix40k\" class=\"wp-block-gutentor-e0 section-g-ilix40k gutentor-element gutentor-element-advanced-text\"><div class=\"gutentor-text-wrap\"><p class=\"gutentor-text\"><strong>Para darse de baja tan solo tienes que notificarnos a&nbsp;<a href=\"mailto:info@apefadal.es\" target=\"_blank\" rel=\"noreferrer noopener\">info@apefadal.es<\/a>&nbsp;que no te pasemos el siguiente recibo (antes del verano). Este sencillo tr\u00e1mite nos ahorra dinero puesto que el banco nos cobra las devoluciones de recibos.<\/strong><\/p><\/div><\/div>\n<\/div><\/div><\/div>\n<\/div><\/section>\n","protected":false},"excerpt":{"rendered":"","protected":false},"author":1,"featured_media":0,"parent":0,"menu_order":0,"comment_status":"closed","ping_status":"closed","template":"","meta":{"footnotes":""},"class_list":["post-174","page","type-page","status-publish","hentry"],"_links":{"self":[{"href":"https:\/\/apefadal.es\/index.php\/wp-json\/wp\/v2\/pages\/174","targetHints":{"allow":["GET"]}}],"collection":[{"href":"https:\/\/apefadal.es\/index.php\/wp-json\/wp\/v2\/pages"}],"about":[{"href":"https:\/\/apefadal.es\/index.php\/wp-json\/wp\/v2\/types\/page"}],"author":[{"embeddable":true,"href":"https:\/\/apefadal.es\/index.php\/wp-json\/wp\/v2\/users\/1"}],"replies":[{"embeddable":true,"href":"https:\/\/apefadal.es\/index.php\/wp-json\/wp\/v2\/comments?post=174"}],"version-history":[{"count":29,"href":"https:\/\/apefadal.es\/index.php\/wp-json\/wp\/v2\/pages\/174\/revisions"}],"predecessor-version":[{"id":8162,"href":"https:\/\/apefadal.es\/index.php\/wp-json\/wp\/v2\/pages\/174\/revisions\/8162"}],"wp:attachment":[{"href":"https:\/\/apefadal.es\/index.php\/wp-json\/wp\/v2\/media?parent=174"}],"curies":[{"name":"wp","href":"https:\/\/api.w.org\/{rel}","templated":true}]}}