{"id":131,"date":"2020-04-02T09:39:00","date_gmt":"2020-04-02T09:39:00","guid":{"rendered":"https:\/\/apefadal.es\/?page_id=131"},"modified":"2025-06-03T07:29:34","modified_gmt":"2025-06-03T07:29:34","slug":"normas-cursos","status":"publish","type":"page","link":"https:\/\/apefadal.es\/index.php\/normas-cursos\/","title":{"rendered":"Normativa"},"content":{"rendered":"\n<p><strong>1.-LA INSCRIPCI\u00d3N: Se considerar\u00e1 completa cuando:<\/strong><\/p>\n\n\n\n<p>           a) Se rellene el formulario de inscripci\u00f3n de google espec\u00edfico del cada curso. En importante utilizar un email de contacto que consultes a diario.<\/p>\n\n\n\n<p>           b) Recibamos el resguardo de la transferencia en info@apefadal.es (si el curso tiene cuota de inscripci\u00f3n) Asociaci\u00f3n de profesorado \u201cADAL\u201d C\u00f3digo de la cuenta Caixabank: ES08 2100 1139 4313 0024 5485.&nbsp;&nbsp;<\/p>\n\n\n\n<p>           c) Llegue el movimiento bancario a nuestra cuenta de ADAL<\/p>\n\n\n\n<p><strong>2.-L@s&nbsp;Nuevos soci@s.&nbsp;Deben rellenar el formulario de inscripci\u00f3n en la Asociaci\u00f3n con todos los datos rellenos, incluido los bancarios y enviar el resguardo de la transferencia de la cuota anual, 15\u00b402 \u20ac.&nbsp;Ingresado JUNTO a la cuota del curso si el curso no es gratuito.<\/strong><\/p>\n\n\n\n<p><strong>3.-La inscripci\u00f3n que se pague en efectivo en CAIXABANK tienen un&nbsp;recargo de 5 \u20acuros&nbsp;por gastos bancarios, que debe sumarlo al pago correspondiente (las transferencias no tienen recargo).<\/strong><\/p>\n\n\n\n<p><strong>4.- El c\u00f3digo de la actividad es el n\u00ba de curso y coincide con los c\u00e9ntimos de la cuota de inscripci\u00f3n.<\/strong><\/p>\n\n\n\n<p><strong>5.-Todas las cuotas de inscripci\u00f3n tienen un recargo m\u00ednimo de 10 \u20acuros desde 10 d\u00edas antes de empezar la actividad.<\/strong><\/p>\n\n\n\n<p><strong>6.-Una vez se comunique en las Noticias de la web, la realizaci\u00f3n de la actividad de formaci\u00f3n, NO se devolver\u00e1 la cuota en el caso que no poder participar en la misma.<\/strong><\/p>\n\n\n\n<p><strong>7.-MUY IMPORTANTE: Consultar los COMUNICADOS de nuestra web&nbsp;<a href=\"http:\/\/www.apefadal.org\/\">www.apefadal.es<\/a>&nbsp;3 \u00f3 2 d\u00edas antes de empezar el curso (para ver si est\u00e1s admitid@, confirmar plaza o hacer lo que diga referente a este curso).&nbsp;Consulta tu correo electr\u00f3nico.&nbsp;Plazas limitadas.<\/strong><\/p>\n\n\n\n<p><strong>8.-Desarrollo de las actividades de formaci\u00f3n seg\u00fan la normativa que regula la FORMACI\u00d3N PERMANENTE DEL PROFESORADO en a\u00f1os naturales. <\/strong><\/p>\n\n\n\n<p><strong>9.-Actualmente los certificados de nuestras actividades de formaci\u00f3n&nbsp;podr\u00e1n hacerse valer en cuantas convocatorias, concursos o actos administrativos los consideren como requisitos o m\u00e9ritos en sus bases.<\/strong><\/p>\n\n\n\n<p><strong>10.-En las actividades de formaci\u00f3n subvencionadas tienen preferencia los&nbsp;soci@s&nbsp;y nuevos&nbsp;soci@s.<\/strong><\/p>\n\n\n\n<p><strong>11.-En las actividades de formaci\u00f3n gratuitas los participantes que no hagan la actividad&nbsp; y que no avisen antes del comunicado que se coloca en nuestra web, pasar\u00edan al final de la reserva en la pr\u00f3xima actividad gratuita que se inscriba, pudiendo participar si quedan plazas.<\/strong><\/p>\n\n\n\n<p><strong>12.-&nbsp;De cada actividad de formaci\u00f3n habr\u00e1 una reserva del 50 % para Soci@s;&nbsp;30 % para Nuev@s Soci@s&nbsp;&nbsp;20 % para No soci@s.&nbsp;Las plazas libres de&nbsp;NO Soci@spasan a&nbsp;Nuev@s Soci@s, la de&nbsp;Nuev@s Soci@s&nbsp;pasan a&nbsp;Soci@s&nbsp;y la de&nbsp;Soci@spasan a&nbsp;NO Soci@s.<\/strong><\/p>\n\n\n\n<p><strong>13.-La actividad de formaci\u00f3n con m\u00e1s aceptaci\u00f3n en el formulario de valoraci\u00f3n del plan de formaci\u00f3n, tendr\u00e1 la cuota de soci@ subvencionada (las cuotas de Nuev@s Soci@s y No Soci@s no se ver\u00e1n afectadas).<\/strong><\/p>\n\n\n\n<p><strong>14.- En las actividades de formaci\u00f3n gratuitas las personas interesadas en obtener el certificado oficial de la actividad, abonar\u00e1n la siguiente cantidad<\/strong>: <strong>Personas Asociadas: Gratis, nuevas socias: 15\u20ac y no socias 30\u20ac<\/strong><br><strong>Recordad enviar el recibo de la transferencia a info@apefadal.es concretando el nombre de la actividad y fecha de realizaci\u00f3n.<\/strong><\/p>\n\n\n\n<p><strong>15.- En las actividades de formaci\u00f3n con reserva de alg\u00fan servicio externo, como hoteles o escuelas con monitores espec\u00edficos, las cancelaciones POR CUALQUIER MOTIVO tendr\u00e1n un recargo de:<\/strong><br>\u2013 Sin recargo hasta 10 d\u00edas antes del comienzo de actividad (en caso de actividades de formaci\u00f3n realizadas fuera de Madrid en fin de semana el viernes es el comienzo de la actividad)<br>\u2013 Entre 9 y 5 d\u00edas antes del comienzo del curso, recargo del\u00a0<strong>20 % de la cuota total<\/strong><br>\u2013 Menos de 4 d\u00edas recargo del\u00a0<strong>50 % de la cuota total<\/strong>.<\/p>\n\n\n\n<p><\/p>\n\n\n\n<p><\/p>\n\n\n\n<div id=\"section-g87eee2\" class=\"wp-block-gutentor-e2 section-g87eee2 gutentor-element gutentor-element-button button-align-center-desktop\"><span class=\"gutentor-button-wrap\"><a class=\"gutentor-button gutentor-block-button gutentor-icon-hide\" href=\"https:\/\/apefadal.es\/index.php\/certificados\/\"><i class=\"gutentor-button-icon fas fa-book\"><\/i><span>Informaci\u00f3n sobre Certificados<\/span><\/a><\/span><\/div>\n","protected":false},"excerpt":{"rendered":"<p>1.-LA INSCRIPCI\u00d3N: Se considerar\u00e1 completa cuando: a) Se rellene el formulario de inscripci\u00f3n de google espec\u00edfico del cada curso. En importante utilizar un email de contacto que consultes a diario. b) Recibamos el resguardo de la transferencia en info@apefadal.es (si el curso tiene cuota de inscripci\u00f3n) Asociaci\u00f3n de profesorado \u201cADAL\u201d C\u00f3digo de la cuenta Caixabank:&hellip;<\/p>\n","protected":false},"author":1,"featured_media":0,"parent":0,"menu_order":0,"comment_status":"closed","ping_status":"closed","template":"","meta":{"footnotes":""},"class_list":["post-131","page","type-page","status-publish","hentry"],"_links":{"self":[{"href":"https:\/\/apefadal.es\/index.php\/wp-json\/wp\/v2\/pages\/131","targetHints":{"allow":["GET"]}}],"collection":[{"href":"https:\/\/apefadal.es\/index.php\/wp-json\/wp\/v2\/pages"}],"about":[{"href":"https:\/\/apefadal.es\/index.php\/wp-json\/wp\/v2\/types\/page"}],"author":[{"embeddable":true,"href":"https:\/\/apefadal.es\/index.php\/wp-json\/wp\/v2\/users\/1"}],"replies":[{"embeddable":true,"href":"https:\/\/apefadal.es\/index.php\/wp-json\/wp\/v2\/comments?post=131"}],"version-history":[{"count":14,"href":"https:\/\/apefadal.es\/index.php\/wp-json\/wp\/v2\/pages\/131\/revisions"}],"predecessor-version":[{"id":6506,"href":"https:\/\/apefadal.es\/index.php\/wp-json\/wp\/v2\/pages\/131\/revisions\/6506"}],"wp:attachment":[{"href":"https:\/\/apefadal.es\/index.php\/wp-json\/wp\/v2\/media?parent=131"}],"curies":[{"name":"wp","href":"https:\/\/api.w.org\/{rel}","templated":true}]}}